{"id":15,"date":"2014-11-06T00:00:00","date_gmt":"2014-11-06T02:00:00","guid":{"rendered":"https:\/\/www3.unicentro.br\/dircont\/informativodicon\/"},"modified":"2022-09-15T14:51:11","modified_gmt":"2022-09-15T17:51:11","slug":"informativodicon","status":"publish","type":"page","link":"https:\/\/www3.unicentro.br\/dircont\/informativodicon\/","title":{"rendered":"Informativos DIRCONT"},"content":{"rendered":"<p><a href=\"https:\/\/www3.unicentro.br\/dircont\/wp-content\/uploads\/sites\/101\/2022\/09\/CADIN-ESTADUAL.pdf\">CADIN ESTADUAL<\/a><\/p>\n<p><a href=\"https:\/\/www3.unicentro.br\/dircont\/wp-content\/uploads\/sites\/101\/2022\/05\/DISPENSA-DA-RETENCAO-DE-INSS.pdf\">DISPENSA DA RETEN\u00c7\u00c3O DE INSS<\/a><\/p>\n<p><a href=\"https:\/\/www3.unicentro.br\/dircont\/wp-content\/uploads\/sites\/101\/2022\/09\/Dispensa-de-Retencao-de-IR-PIS-e-Cofins-empresas-optantes-pelo-Simples-Nacional.pdf\">Dispensa de Reten\u00e7\u00e3o de IR, PIS e Cofins &#8211; empresas optantes pelo Simples Nacional<\/a><\/p>\n<p><a href=\"https:\/\/www3.unicentro.br\/dircont\/wp-content\/uploads\/sites\/101\/2022\/09\/Emissao-de-Nfs-escrita-de-empresa-MEI-do-Municipio-de-Curitiba.pdf\">Emiss\u00e3o de Nfs escrita de empresa MEI do Munic\u00edpio de Curitiba<\/a><\/p>\n<p><a href=\"https:\/\/www3.unicentro.br\/dircont\/wp-content\/uploads\/sites\/101\/2022\/09\/IMPOSTOS-SOBRE-SERVICOS-DE-TAXI.pdf\">IMPOSTOS SOBRE SERVI\u00c7OS DE TAXI<\/a><\/p>\n<p><a href=\"https:\/\/www3.unicentro.br\/dircont\/wp-content\/uploads\/sites\/101\/2022\/09\/INFORMATIVO-ISS-E-INSS-SERVICOS-COM-USO-DE-MATERIAIS.pdf\">INFORMATIVO ISS E INSS SERVI\u00c7OS COM USO DE MATERIAIS<\/a><\/p>\n<p><a href=\"https:\/\/www3.unicentro.br\/dircont\/wp-content\/uploads\/sites\/101\/2022\/09\/IRPJ-e-PIS-COFINS-CSLL-e-INSS-sobre-Construcoes-ou-empreitada-e-Servicos-de-Limpeza-Conservacao-Seguranca-Vigilancia-e-Locacao-de-mao-de-obra.pdf\">IRPJ e PIS COFINS CSLL e INSS sobre Constru\u00e7\u00f5es ou empreitada e Servi\u00e7os de Limpeza, Conserva\u00e7\u00e3o, Seguran\u00e7a, Vigil\u00e2ncia e Loca\u00e7\u00e3o de m\u00e3o de obra<\/a><\/p>\n<p><a href=\"https:\/\/www3.unicentro.br\/dircont\/wp-content\/uploads\/sites\/101\/2022\/09\/IRRF-PIS-COFINS-CSLL-de-empresas-de-Divulgacao-e-Propaganda.pdf\">IRRF, PIS COFINS CSLL de empresas de Divulga\u00e7\u00e3o e Propaganda<\/a><\/p>\n<p><a href=\"https:\/\/www3.unicentro.br\/dircont\/wp-content\/uploads\/sites\/101\/2022\/09\/IRRF.pdf\">IRRF<\/a><\/p>\n<p><a href=\"https:\/\/www3.unicentro.br\/dircont\/wp-content\/uploads\/sites\/101\/2022\/09\/ISS-Lei-Compl-Fed-n-116-03-Atualizada.pdf\">ISS Lei Compl Fed n 116-03 Atualizada<\/a><\/p>\n<p><a href=\"https:\/\/www3.unicentro.br\/dircont\/wp-content\/uploads\/sites\/101\/2022\/09\/LOCACAO-DE-BENS.pdf\">LOCA\u00c7\u00c3O DE BENS<\/a><\/p>\n<p><a href=\"https:\/\/www3.unicentro.br\/dircont\/wp-content\/uploads\/sites\/101\/2022\/09\/LOCACAO-DE-VEICULOS-SEM-MAO-DE-OBRA.pdf\">LOCA\u00c7\u00c3O DE VE\u00cdCULOS SEM M\u00c3O DE OBRA<\/a><\/p>\n<p><a href=\"https:\/\/www3.unicentro.br\/dircont\/wp-content\/uploads\/sites\/101\/2022\/09\/Obrigatoriedade-dos-percentuais-dosTributos-nas-NFs-Lei-12741-12-e-Dec-8264-14.pdf\">Obrigatoriedade dos percentuais dos Tributos nas NFs &#8211; Lei 12741-12 e Dec 8264-14<\/a><\/p>\n<p><a href=\"https:\/\/www3.unicentro.br\/dircont\/wp-content\/uploads\/sites\/101\/2022\/09\/PASEP-LEI-9715-1998.pdf\">PASEP LEI 9715-1998<\/a><\/p>\n<p><a href=\"https:\/\/www3.unicentro.br\/dircont\/wp-content\/uploads\/sites\/101\/2022\/09\/Retencao-e-recolhimento-do-PISCOFINSCSLL.pdf\">Reten\u00e7\u00e3o e recolhimento do PISCOFINSCSLL<\/a><\/p>\n<p><a href=\"https:\/\/www3.unicentro.br\/dircont\/wp-content\/uploads\/sites\/101\/2022\/09\/SERVICOS-DE-FRETAMENTO-RODOVIARIO-EVENTUAL.pdf\">SERVI\u00c7OS DE FRETAMENTO RODOVI\u00c1RIO &#8211; EVENTUAL<\/a><\/p>\n<p><a href=\"https:\/\/www3.unicentro.br\/dircont\/wp-content\/uploads\/sites\/101\/2022\/09\/Servicos-sujeitos-a-retencao-ou-dispensa-de-INSS-nas-NFs.pdf\">Servi\u00e7os sujeitos a reten\u00e7\u00e3o ou dispensa de INSS nas NFs<\/a><\/p>\n","protected":false},"excerpt":{"rendered":"<p>CADIN ESTADUAL DISPENSA DA RETEN\u00c7\u00c3O DE INSS Dispensa de Reten\u00e7\u00e3o de IR, PIS e Cofins &#8211; empresas optantes pelo Simples Nacional Emiss\u00e3o de Nfs escrita de empresa MEI do Munic\u00edpio de Curitiba IMPOSTOS SOBRE SERVI\u00c7OS DE TAXI INFORMATIVO ISS E INSS SERVI\u00c7OS COM USO DE MATERIAIS IRPJ e PIS COFINS CSLL e INSS sobre Constru\u00e7\u00f5es [&hellip;]<\/p>\n","protected":false},"author":3,"featured_media":0,"parent":0,"menu_order":0,"comment_status":"closed","ping_status":"closed","template":"","meta":{"_exactmetrics_skip_tracking":false,"_exactmetrics_sitenote_active":false,"_exactmetrics_sitenote_note":"","_exactmetrics_sitenote_category":0,"footnotes":"","_links_to":"","_links_to_target":""},"class_list":["post-15","page","type-page","status-publish","hentry"],"_links":{"self":[{"href":"https:\/\/www3.unicentro.br\/dircont\/wp-json\/wp\/v2\/pages\/15","targetHints":{"allow":["GET"]}}],"collection":[{"href":"https:\/\/www3.unicentro.br\/dircont\/wp-json\/wp\/v2\/pages"}],"about":[{"href":"https:\/\/www3.unicentro.br\/dircont\/wp-json\/wp\/v2\/types\/page"}],"author":[{"embeddable":true,"href":"https:\/\/www3.unicentro.br\/dircont\/wp-json\/wp\/v2\/users\/3"}],"replies":[{"embeddable":true,"href":"https:\/\/www3.unicentro.br\/dircont\/wp-json\/wp\/v2\/comments?post=15"}],"version-history":[{"count":0,"href":"https:\/\/www3.unicentro.br\/dircont\/wp-json\/wp\/v2\/pages\/15\/revisions"}],"wp:attachment":[{"href":"https:\/\/www3.unicentro.br\/dircont\/wp-json\/wp\/v2\/media?parent=15"}],"curies":[{"name":"wp","href":"https:\/\/api.w.org\/{rel}","templated":true}]}}