{"id":134,"date":"2021-10-29T10:53:12","date_gmt":"2021-10-29T13:53:12","guid":{"rendered":"https:\/\/www3.unicentro.br\/dircont\/?page_id=134"},"modified":"2021-11-10T16:59:37","modified_gmt":"2021-11-10T19:59:37","slug":"despesas-exercicio-2020","status":"publish","type":"page","link":"https:\/\/www3.unicentro.br\/dircont\/prestando-contas\/despesas\/despesas-exercicio-2020\/","title":{"rendered":"DESPESAS \u00d3RG\u00c3O 4533 EXERC\u00cdCIO 2020"},"content":{"rendered":"<p>Os dados constantes da tabela referem-se as despesas do exerc\u00edcio de 2020, extra\u00eddas do Sistema NOVO SIAF e homologados pela Diretoria de Contabilidade do Estado DCG\/SEFA.<\/p>\n<p>FONTE: site transparencia.pr.gov.br<\/p>\n<p><span style=\"color: #666666\"><span style=\"font-family: Arial, sans-serif\"><span style=\"font-size: medium\">Para realizar a pesquisa do m\u00f3dulo\u00a0<\/span><\/span><\/span><strong><span style=\"color: #666666\"><span style=\"font-family: Arial, sans-serif\"><span style=\"font-size: medium\">Consulta por Credor<\/span><\/span><\/span><\/strong><span style=\"color: #666666\"><span style=\"font-family: Arial, sans-serif\">\u00a0<\/span><\/span><span style=\"color: #666666\"><span style=\"font-family: Arial, sans-serif\"><span style=\"font-size: medium\">atualizada, baixe a planilha aqui<\/span><\/span><\/span><\/p>\n<p><span style=\"color: #666666\"><span style=\"font-family: Arial, sans-serif\"><span style=\"font-size: medium\"><a href=\"https:\/\/www3.unicentro.br\/dircont\/wp-content\/uploads\/sites\/101\/2021\/11\/PAGAMENTOS-EFETUADOS-EM-2020-ORGAO-4533-UNICENTRO-1.ods\">PAGAMENTOS EFETUADOS EM 2020 \u00d3RG\u00c3O 4533 UNICENTRO<\/a><\/span><\/span><\/span><\/p>\n<p>&nbsp;<\/p>\n<p><span style=\"color: #666666\"><span style=\"font-family: Arial, sans-serif\"><span style=\"font-size: medium\">Para realizar a pesquisa do m\u00f3dulo\u00a0<\/span><\/span><\/span><strong><span style=\"color: #666666\"><span style=\"font-family: Arial, sans-serif\"><span style=\"font-size: medium\"><b>Consulta por Credor<\/b><\/span><\/span><\/span><\/strong><span style=\"color: #666666\"><span style=\"font-family: Arial, sans-serif\"><span style=\"font-size: medium\">\u00a0de maneira mais detalhada atualizada, baixe a planilha aqui.<\/span><\/span><\/span><\/p>\n<p><span style=\"color: #666666\"><span style=\"font-family: Arial, sans-serif\"><span style=\"font-size: medium\"><a href=\"https:\/\/www3.unicentro.br\/dircont\/wp-content\/uploads\/sites\/101\/2021\/11\/Pagamentos-Janeiro-2020.ods\">Pagamentos Janeiro 2020<\/a><\/span><\/span><\/span><\/p>\n<p><span style=\"color: #666666\"><span style=\"font-family: Arial, sans-serif\"><span style=\"font-size: medium\"><a href=\"https:\/\/www3.unicentro.br\/dircont\/wp-content\/uploads\/sites\/101\/2021\/11\/Pagamentos-Fevereiro-2020.ods\">Pagamentos Fevereiro 2020<\/a><\/span><\/span><\/span><\/p>\n<p><span style=\"color: #666666\"><span style=\"font-family: Arial, sans-serif\"><span style=\"font-size: medium\"><a href=\"https:\/\/www3.unicentro.br\/dircont\/wp-content\/uploads\/sites\/101\/2021\/11\/Pagamentos-Marco-2020.ods\">Pagamentos Mar\u00e7o 2020<\/a><\/span><\/span><\/span><\/p>\n<p><span style=\"color: #666666\"><span style=\"font-family: Arial, sans-serif\"><span style=\"font-size: medium\"><a href=\"https:\/\/www3.unicentro.br\/dircont\/wp-content\/uploads\/sites\/101\/2021\/11\/Pagamentos-Abril-2020.ods\">Pagamentos Abril 2020<\/a><\/span><\/span><\/span><\/p>\n<p><span style=\"color: #666666\"><span style=\"font-family: Arial, sans-serif\"><span style=\"font-size: medium\"><a href=\"https:\/\/www3.unicentro.br\/dircont\/wp-content\/uploads\/sites\/101\/2021\/11\/Pagamentos-Maio-2020.ods\">Pagamentos Maio 2020<\/a><\/span><\/span><\/span><\/p>\n<p><span style=\"color: #666666\"><span style=\"font-family: Arial, sans-serif\"><span style=\"font-size: medium\"><a href=\"https:\/\/www3.unicentro.br\/dircont\/wp-content\/uploads\/sites\/101\/2021\/11\/Pagamentos-Junho-2020.ods\">Pagamentos Junho 2020<\/a><\/span><\/span><\/span><\/p>\n<p><span style=\"color: #666666\"><span style=\"font-family: Arial, sans-serif\"><span style=\"font-size: medium\"><a href=\"https:\/\/www3.unicentro.br\/dircont\/wp-content\/uploads\/sites\/101\/2021\/11\/Pagamentos-Julho-2020-1.ods\">Pagamentos Julho 2020<\/a><\/span><\/span><\/span><\/p>\n<p><span style=\"color: #666666\"><span style=\"font-family: Arial, sans-serif\"><span style=\"font-size: medium\"><a href=\"https:\/\/www3.unicentro.br\/dircont\/wp-content\/uploads\/sites\/101\/2021\/11\/Pagamentos-Agosto-2020.ods\">Pagamentos Agosto 2020<\/a><\/span><\/span><\/span><\/p>\n<p><span style=\"color: #666666\"><span style=\"font-family: Arial, sans-serif\"><span style=\"font-size: medium\"><a href=\"https:\/\/www3.unicentro.br\/dircont\/wp-content\/uploads\/sites\/101\/2021\/11\/Pagamentos-Setembro-2020.ods\">Pagamentos Setembro 2020<\/a><\/span><\/span><\/span><\/p>\n<p><span style=\"color: #666666\"><span style=\"font-family: Arial, sans-serif\"><span style=\"font-size: medium\"><a href=\"https:\/\/www3.unicentro.br\/dircont\/wp-content\/uploads\/sites\/101\/2021\/11\/Pagamentos-Outubro-2020.ods\">Pagamentos Outubro 2020<\/a><\/span><\/span><\/span><\/p>\n<p><span style=\"color: #666666\"><span style=\"font-family: Arial, sans-serif\"><span style=\"font-size: medium\"><a href=\"https:\/\/www3.unicentro.br\/dircont\/wp-content\/uploads\/sites\/101\/2021\/11\/Pagamentos-Novembro-2020.ods\">Pagamentos Novembro 2020<\/a><\/span><\/span><\/span><\/p>\n<p><span style=\"color: #666666\"><span style=\"font-family: Arial, sans-serif\"><span style=\"font-size: medium\"><a href=\"https:\/\/www3.unicentro.br\/dircont\/wp-content\/uploads\/sites\/101\/2021\/11\/Pagamentos-Dezembro-2020.ods\">Pagamentos Dezembro 2020<\/a><\/span><\/span><\/span><\/p>\n<p>&nbsp;<\/p>\n<p><span style=\"color: #666666\"><span style=\"font-family: Arial, sans-serif\"><span style=\"font-size: medium\">Para realizar a pesquisa do m\u00f3dulo\u00a0<\/span><\/span><\/span><strong><span style=\"color: #666666\"><span style=\"font-family: Arial, sans-serif\"><span style=\"font-size: medium\"><b>Consulta Detalhada<\/b><\/span><\/span><\/span><\/strong><span style=\"color: #666666\"><span style=\"font-family: Arial, sans-serif\"><span style=\"font-size: medium\">\u00a0atualizada, baixe a planilha aqui.<\/span><\/span><\/span><\/p>\n<p><span style=\"color: #666666\"><span style=\"font-family: Arial, sans-serif\"><span style=\"font-size: medium\"><a href=\"https:\/\/www3.unicentro.br\/dircont\/wp-content\/uploads\/sites\/101\/2021\/11\/CONSULTA-DETALHADA-JANEIRO-A-DEZEMBRO-ORGAO-4533.ods\">CONSULTA DETALHADA -JANEIRO A DEZEMBRO ORGAO 4533<\/a><\/span><\/span><\/span><\/p>\n<p>&nbsp;<\/p>\n","protected":false},"excerpt":{"rendered":"<p>Os dados constantes da tabela referem-se as despesas do exerc\u00edcio de 2020, extra\u00eddas do Sistema NOVO SIAF e homologados pela Diretoria de Contabilidade do Estado DCG\/SEFA. FONTE: site transparencia.pr.gov.br Para realizar a pesquisa do m\u00f3dulo\u00a0Consulta por Credor\u00a0atualizada, baixe a planilha aqui PAGAMENTOS EFETUADOS EM 2020 \u00d3RG\u00c3O 4533 UNICENTRO &nbsp; Para realizar a pesquisa do m\u00f3dulo\u00a0Consulta [&hellip;]<\/p>\n","protected":false},"author":335,"featured_media":0,"parent":271,"menu_order":0,"comment_status":"closed","ping_status":"closed","template":"","meta":{"_exactmetrics_skip_tracking":false,"_exactmetrics_sitenote_active":false,"_exactmetrics_sitenote_note":"","_exactmetrics_sitenote_category":0,"footnotes":"","_links_to":"","_links_to_target":""},"class_list":["post-134","page","type-page","status-publish","hentry"],"_links":{"self":[{"href":"https:\/\/www3.unicentro.br\/dircont\/wp-json\/wp\/v2\/pages\/134","targetHints":{"allow":["GET"]}}],"collection":[{"href":"https:\/\/www3.unicentro.br\/dircont\/wp-json\/wp\/v2\/pages"}],"about":[{"href":"https:\/\/www3.unicentro.br\/dircont\/wp-json\/wp\/v2\/types\/page"}],"author":[{"embeddable":true,"href":"https:\/\/www3.unicentro.br\/dircont\/wp-json\/wp\/v2\/users\/335"}],"replies":[{"embeddable":true,"href":"https:\/\/www3.unicentro.br\/dircont\/wp-json\/wp\/v2\/comments?post=134"}],"version-history":[{"count":0,"href":"https:\/\/www3.unicentro.br\/dircont\/wp-json\/wp\/v2\/pages\/134\/revisions"}],"up":[{"embeddable":true,"href":"https:\/\/www3.unicentro.br\/dircont\/wp-json\/wp\/v2\/pages\/271"}],"wp:attachment":[{"href":"https:\/\/www3.unicentro.br\/dircont\/wp-json\/wp\/v2\/media?parent=134"}],"curies":[{"name":"wp","href":"https:\/\/api.w.org\/{rel}","templated":true}]}}