{"id":13,"date":"2014-11-06T00:00:00","date_gmt":"2014-11-06T02:00:00","guid":{"rendered":"https:\/\/www3.unicentro.br\/dircont\/missao-visao-e-valores\/"},"modified":"2014-11-06T00:00:00","modified_gmt":"2014-11-06T02:00:00","slug":"missao-visao-e-valores","status":"publish","type":"page","link":"https:\/\/www3.unicentro.br\/dircont\/missao-visao-e-valores\/","title":{"rendered":"Miss\u00e3o, vis\u00e3o e valores"},"content":{"rendered":"<p><strong>Miss\u00e3o:<\/strong> Realizar o controle e evidencia\u00e7\u00e3o dos atos e fatos administrativos na Unicentro, bem como, apurar resultados levando em conta as normas, os princ\u00edpios da administra\u00e7\u00e3o p\u00fablica e os princ\u00edpios de contabilidade.<\/p>\n<hr \/>\n<p><strong>Vis\u00e3o:\u00a0<\/strong>Ser reconhecido pela excel\u00eancia em servi\u00e7os cont\u00e1beis pautados na legalidade, \u00e9tica e responsabilidade.<\/p>\n<hr \/>\n<p><strong>Valores:\u00a0<\/strong><\/p>\n<ul>\n<li>Integridade<\/li>\n<li>Comprometimento<\/li>\n<li>Valoriza\u00e7\u00e3o Humana<\/li>\n<li>\u00c9tica<\/li>\n<li>Inova\u00e7\u00e3o<\/li>\n<\/ul>\n","protected":false},"excerpt":{"rendered":"<p>Miss\u00e3o: Realizar o controle e evidencia\u00e7\u00e3o dos atos e fatos administrativos na Unicentro, bem como, apurar resultados levando em conta as normas, os princ\u00edpios da administra\u00e7\u00e3o p\u00fablica e os princ\u00edpios de contabilidade. Vis\u00e3o:\u00a0Ser reconhecido pela excel\u00eancia em servi\u00e7os cont\u00e1beis pautados na legalidade, \u00e9tica e responsabilidade. Valores:\u00a0 Integridade Comprometimento Valoriza\u00e7\u00e3o Humana \u00c9tica Inova\u00e7\u00e3o<\/p>\n","protected":false},"author":3,"featured_media":0,"parent":0,"menu_order":0,"comment_status":"closed","ping_status":"closed","template":"","meta":{"_exactmetrics_skip_tracking":false,"_exactmetrics_sitenote_active":false,"_exactmetrics_sitenote_note":"","_exactmetrics_sitenote_category":0,"footnotes":"","_links_to":"","_links_to_target":""},"class_list":["post-13","page","type-page","status-publish","hentry"],"_links":{"self":[{"href":"https:\/\/www3.unicentro.br\/dircont\/wp-json\/wp\/v2\/pages\/13","targetHints":{"allow":["GET"]}}],"collection":[{"href":"https:\/\/www3.unicentro.br\/dircont\/wp-json\/wp\/v2\/pages"}],"about":[{"href":"https:\/\/www3.unicentro.br\/dircont\/wp-json\/wp\/v2\/types\/page"}],"author":[{"embeddable":true,"href":"https:\/\/www3.unicentro.br\/dircont\/wp-json\/wp\/v2\/users\/3"}],"replies":[{"embeddable":true,"href":"https:\/\/www3.unicentro.br\/dircont\/wp-json\/wp\/v2\/comments?post=13"}],"version-history":[{"count":0,"href":"https:\/\/www3.unicentro.br\/dircont\/wp-json\/wp\/v2\/pages\/13\/revisions"}],"wp:attachment":[{"href":"https:\/\/www3.unicentro.br\/dircont\/wp-json\/wp\/v2\/media?parent=13"}],"curies":[{"name":"wp","href":"https:\/\/api.w.org\/{rel}","templated":true}]}}