{"id":129,"date":"2021-10-29T10:41:04","date_gmt":"2021-10-29T13:41:04","guid":{"rendered":"https:\/\/www3.unicentro.br\/dircont\/?page_id=129"},"modified":"2021-11-09T17:27:30","modified_gmt":"2021-11-09T20:27:30","slug":"despesas-exercicio-2019","status":"publish","type":"page","link":"https:\/\/www3.unicentro.br\/dircont\/prestando-contas\/despesas\/despesas-exercicio-2019\/","title":{"rendered":"DESPESAS  \u00d3RG\u00c3O 4533 EXERC\u00cdCIO 2019"},"content":{"rendered":"<p>Os dados constantes da tabela referem-se as despesas do exerc\u00edcio de 2019, extra\u00eddas do Sistema NOVO SIAF e homologados pela Diretoria de Contabilidade do Estado DCG\/SEFA.<\/p>\n<p>FONTE: site transparencia.pr.gov.br<\/p>\n<p><a href=\"https:\/\/www3.unicentro.br\/dircont\/wp-content\/uploads\/sites\/101\/2021\/11\/PAGAMENTOS-EFETUADOS-EM-2019-ORGAO-4533.ods\">PAGAMENTOS EFETUADOS EM 2019 ORGAO 4533<\/a><\/p>\n","protected":false},"excerpt":{"rendered":"<p>Os dados constantes da tabela referem-se as despesas do exerc\u00edcio de 2019, extra\u00eddas do Sistema NOVO SIAF e homologados pela Diretoria de Contabilidade do Estado DCG\/SEFA. FONTE: site transparencia.pr.gov.br PAGAMENTOS EFETUADOS EM 2019 ORGAO 4533<\/p>\n","protected":false},"author":335,"featured_media":0,"parent":271,"menu_order":0,"comment_status":"closed","ping_status":"closed","template":"","meta":{"_exactmetrics_skip_tracking":false,"_exactmetrics_sitenote_active":false,"_exactmetrics_sitenote_note":"","_exactmetrics_sitenote_category":0,"footnotes":"","_links_to":"","_links_to_target":""},"class_list":["post-129","page","type-page","status-publish","hentry"],"_links":{"self":[{"href":"https:\/\/www3.unicentro.br\/dircont\/wp-json\/wp\/v2\/pages\/129","targetHints":{"allow":["GET"]}}],"collection":[{"href":"https:\/\/www3.unicentro.br\/dircont\/wp-json\/wp\/v2\/pages"}],"about":[{"href":"https:\/\/www3.unicentro.br\/dircont\/wp-json\/wp\/v2\/types\/page"}],"author":[{"embeddable":true,"href":"https:\/\/www3.unicentro.br\/dircont\/wp-json\/wp\/v2\/users\/335"}],"replies":[{"embeddable":true,"href":"https:\/\/www3.unicentro.br\/dircont\/wp-json\/wp\/v2\/comments?post=129"}],"version-history":[{"count":0,"href":"https:\/\/www3.unicentro.br\/dircont\/wp-json\/wp\/v2\/pages\/129\/revisions"}],"up":[{"embeddable":true,"href":"https:\/\/www3.unicentro.br\/dircont\/wp-json\/wp\/v2\/pages\/271"}],"wp:attachment":[{"href":"https:\/\/www3.unicentro.br\/dircont\/wp-json\/wp\/v2\/media?parent=129"}],"curies":[{"name":"wp","href":"https:\/\/api.w.org\/{rel}","templated":true}]}}