{"id":114,"date":"2021-10-20T11:21:37","date_gmt":"2021-10-20T14:21:37","guid":{"rendered":"https:\/\/www3.unicentro.br\/dircont\/?page_id=114"},"modified":"2025-08-14T14:15:56","modified_gmt":"2025-08-14T17:15:56","slug":"prestacao-de-contas","status":"publish","type":"page","link":"https:\/\/www3.unicentro.br\/dircont\/prestando-contas\/prestacao-de-contas\/","title":{"rendered":"Presta\u00e7\u00e3o de Contas"},"content":{"rendered":"<div class=\"wpb-content-wrapper\"><p>[vc_row][vc_column][vc_column_text css=&#8221;&#8221;]<\/p>\n<ul>\n<li><a href=\"https:\/\/drive.google.com\/file\/d\/1vqRIAzgomf3Z2eNMJML-yO16xqt_VcfP\/view?usp=sharing\">PRESTA\u00c7\u00c3O DE CONTAS 2024 E ACORD\u00c3O<\/a><\/li>\n<li><a href=\"https:\/\/drive.google.com\/file\/d\/19GSxpo1yJrhDTonlcTRcErv6Sji9CBgu\/view?usp=sharing\">PRESTA\u00c7\u00c3O DE CONTAS 2023 E ACORD\u00c3O<\/a><\/li>\n<li><a href=\"https:\/\/drive.google.com\/file\/d\/1uimqeAtDEzp5Em3KBViMUIsakd884_--\/view?usp=share_link\">PRESTA\u00c7\u00c3O DE CONTAS 2022 \u00d3RGAO 4533 UNICENTRO<\/a><\/li>\n<li><a href=\"https:\/\/drive.google.com\/file\/d\/1h-xnXad_nK_fPw1lGx_pIf8m0YLnjutx\/view?usp=sharing\">AC\u00d3RD\u00c3O N\u00ba 2097\/23 APROVA PREST CTAS 2022<\/a><\/li>\n<li><a href=\"https:\/\/www3.unicentro.br\/dircont\/wp-content\/uploads\/sites\/101\/2022\/05\/PRESTACAO-DE-CONTAS-DO-EXERCICIO-DE-2021-ORGAO-4533-UNICENTRO.pdf\">PRESTA\u00c7\u00c3O DE CONTAS DO EXERC\u00cdCIO DE 2021-\u00d3RGAO 4533 UNICENTRO<\/a><\/li>\n<li><a href=\"https:\/\/www3.unicentro.br\/dircont\/wp-content\/uploads\/sites\/101\/2021\/10\/PREST-CTAS-DO-EXERCICIO-DE-2020-ORGAO-4533-UNICENTRO.pdf\">PRESTA\u00c7\u00c3O DE CONTAS DO EXERCICIO DE 2020-ORG\u00c3O 4533 UNICENTRO<\/a><\/li>\n<li><a href=\"https:\/\/drive.google.com\/file\/d\/1GFNblTyy_BQTjzZ56jR2BsaMrIBTIN1f\/view?usp=sharing\">PRESTA\u00c7\u00c3O DE CONTAS DO EXERCICIO DE 2019-ORG\u00c3O 4533 UNICENTRO<\/a><\/li>\n<li><a href=\"https:\/\/drive.google.com\/file\/d\/1aopsX8K87YaoUXXXUJ7AcDR1Q4oukboe\/view?usp=sharing\">PRESTA\u00c7\u00c3O DE CONTAS DO EXERCICIO DE 2018-ORG\u00c3O 4533 UNICENTRO<\/a><\/li>\n<li><a href=\"https:\/\/drive.google.com\/file\/d\/11eCtkVI17ILgLX54YBZIlR3G7lHqXVxe\/view?usp=sharing\">AC\u00d3RD\u00c3O N\u00ba 1798-2022 APROVA PREST CTAS 2021<\/a><\/li>\n<li><a href=\"https:\/\/www3.unicentro.br\/dircont\/wp-content\/uploads\/sites\/101\/2022\/03\/ACORDAO-No-3475-Aprova-prest-Ctas-2020.pdf\">AC\u00d3RD\u00c3O N\u00ba 3475- APROVA PREST CTAS 2020<\/a><\/li>\n<li><a href=\"https:\/\/www3.unicentro.br\/dircont\/wp-content\/uploads\/sites\/101\/2022\/03\/Acordao-3234-21-PREST-CTAS-2019.pdf\">Acordao 3234-21 APROVA PREST CTAS 2019<\/a><\/li>\n<li><a href=\"https:\/\/www3.unicentro.br\/dircont\/wp-content\/uploads\/sites\/101\/2021\/10\/ACORDAO-4047-19-APROVA-PREST-CTAS-2018.pdf\">ACORDAO 4047-19 APROVA PREST CTAS 2018<\/a><\/li>\n<\/ul>\n<p>[\/vc_column_text][\/vc_column][\/vc_row]<\/p>\n<\/div>","protected":false},"excerpt":{"rendered":"<p>[vc_row][vc_column][vc_column_text css=&#8221;&#8221;] PRESTA\u00c7\u00c3O DE CONTAS 2024 E ACORD\u00c3O PRESTA\u00c7\u00c3O DE CONTAS 2023 E ACORD\u00c3O PRESTA\u00c7\u00c3O DE CONTAS 2022 \u00d3RGAO 4533 UNICENTRO AC\u00d3RD\u00c3O N\u00ba 2097\/23 APROVA PREST CTAS 2022 PRESTA\u00c7\u00c3O DE CONTAS DO EXERC\u00cdCIO DE 2021-\u00d3RGAO 4533 UNICENTRO PRESTA\u00c7\u00c3O DE CONTAS DO EXERCICIO DE 2020-ORG\u00c3O 4533 UNICENTRO PRESTA\u00c7\u00c3O DE CONTAS DO EXERCICIO DE 2019-ORG\u00c3O 4533 UNICENTRO [&hellip;]<\/p>\n","protected":false},"author":335,"featured_media":0,"parent":277,"menu_order":0,"comment_status":"closed","ping_status":"closed","template":"","meta":{"_exactmetrics_skip_tracking":false,"_exactmetrics_sitenote_active":false,"_exactmetrics_sitenote_note":"","_exactmetrics_sitenote_category":0,"footnotes":"","_links_to":"","_links_to_target":""},"class_list":["post-114","page","type-page","status-publish","hentry"],"_links":{"self":[{"href":"https:\/\/www3.unicentro.br\/dircont\/wp-json\/wp\/v2\/pages\/114","targetHints":{"allow":["GET"]}}],"collection":[{"href":"https:\/\/www3.unicentro.br\/dircont\/wp-json\/wp\/v2\/pages"}],"about":[{"href":"https:\/\/www3.unicentro.br\/dircont\/wp-json\/wp\/v2\/types\/page"}],"author":[{"embeddable":true,"href":"https:\/\/www3.unicentro.br\/dircont\/wp-json\/wp\/v2\/users\/335"}],"replies":[{"embeddable":true,"href":"https:\/\/www3.unicentro.br\/dircont\/wp-json\/wp\/v2\/comments?post=114"}],"version-history":[{"count":2,"href":"https:\/\/www3.unicentro.br\/dircont\/wp-json\/wp\/v2\/pages\/114\/revisions"}],"predecessor-version":[{"id":1191,"href":"https:\/\/www3.unicentro.br\/dircont\/wp-json\/wp\/v2\/pages\/114\/revisions\/1191"}],"up":[{"embeddable":true,"href":"https:\/\/www3.unicentro.br\/dircont\/wp-json\/wp\/v2\/pages\/277"}],"wp:attachment":[{"href":"https:\/\/www3.unicentro.br\/dircont\/wp-json\/wp\/v2\/media?parent=114"}],"curies":[{"name":"wp","href":"https:\/\/api.w.org\/{rel}","templated":true}]}}