{"id":38,"date":"2020-02-18T15:51:23","date_gmt":"2020-02-18T18:51:23","guid":{"rendered":"https:\/\/www3.unicentro.br\/dircom\/?page_id=38"},"modified":"2020-04-07T16:06:57","modified_gmt":"2020-04-07T19:06:57","slug":"formularios","status":"publish","type":"page","link":"https:\/\/www3.unicentro.br\/dircom\/formularios\/","title":{"rendered":"Formul\u00e1rios de Compra"},"content":{"rendered":"<div class=\"wpb-content-wrapper\"><p>[vc_row][vc_column][vc_column_text]<div id='wpcp-91b3cebe2d026e5f46f3286d12e31564' class='wpcp-container'><div id='UseyourDrive' class=' files  wpcp-has-scroll-to-top' data-module-id='wpcp-91b3cebe2d026e5f46f3286d12e31564' style='display:none'><noscript><div class='UseyourDrive-nojsmessage'>Para visualizar este conte\u00fado, voc\u00ea precisa ter o JavaScript habilitado em seu navegador.<br\/><a href='http:\/\/www.enable-javascript.com\/' target='_blank'>Para fazer isso, siga estas instru\u00e7\u00f5es<\/a>.<\/div><\/noscript><div class='wpcp-module UseyourDrive files jsdisabled wpcp-list-view'  id='UseyourDrive-91b3cebe2d026e5f46f3286d12e31564' data-token='91b3cebe2d026e5f46f3286d12e31564' data-account-id='116310432858588961205' data-id='' data-org-id='' data-path='bnVsbA==' data-org-path='bnVsbA==' data-source='d5f4d4263e0ee3227538ec88d50ec797' data-sort='name:asc' data-list='files' data-query='' data-popout='0' data-lightboxnav='1' data-lightboxthumbs='1' data-layout='list' data-action='0'  ><div class=\"wpcp-browser-container wpcp-browser-tree--init wpcp-no-tree wpcp-browser--init\" style=\"width:100%;max-width:100%;\">\r\n    <div class=\"wpcp-browser-container-tree\" data-show-tree='0'>\r\n        <div class=\"wpcp-container-overlay\"><\/div>\r\n        <div class=\"nav-header\">\r\n            <a class=\"nav-tree-toggle entry-info-button\" tabindex=\"0\" title=\"Exibir \u00e1rvore de pastas\">\r\n                <i class=\"eva eva-arrowhead-left-outline\"><\/i>\r\n            <\/a>\r\n        <\/div>\r\n        <div class=\"wpcp-browser-tree\"><\/div>\r\n    <\/div>\r\n    <div class=\"wpcp-browser-container-content\">\r\n                <div class=\"nav-header nav-header-has-breadcrumb\">            <a class=\"nav-tree-toggle entry-info-button\" tabindex=\"0\" title=\"Exibir \u00e1rvore de pastas\">\r\n                <i class=\"eva eva-arrowhead-left-outline\"><\/i>\r\n            <\/a>\r\n            <a class=\"nav-home entry-info-button\" title=\"Volte para a pasta inicial\" tabindex=\"0\">\r\n                <i class=\"eva eva-home-outline\"><\/i>\r\n            <\/a>\r\n            <div class=\"nav-title\">Carregando...<\/div>\r\n                        <a class=\"nav-search entry-info-button\" tabindex=\"0\">\r\n                <i class=\"eva eva-search\"><\/i>\r\n            <\/a>\r\n\r\n            <div class=\"tippy-content-holder search-wrapper\">\r\n                <a class=\"search-icon search-submit\" href=\"javascript:;\"><i class=\"eva eva-search\"><\/i><\/a>\r\n                <input class=\"search-input\" name=\"q\" type=\"search\" autocomplete=\"off\" size=\"40\" aria-label=\"Pesquisar\" placeholder=\"Procurar arquivos\" \/>\r\n                <a class=\"search-remove\" href=\"javascript:;\" title=\"Limpar\"><i class=\"eva eva-close\"><\/i><\/a>\r\n            <\/div>\r\n            \r\n            <a class=\"nav-sort entry-info-button\" title=\"Op\u00e7\u00f5es de classifica\u00e7\u00e3o\">\r\n                <i class=\"eva eva-options\"><\/i>\r\n            <\/a>\r\n            <div class=\"tippy-content-holder sort-div\">\r\n                <ul class='nav-sorting-list'>\r\n                    <li><a class=\"nav-sorting-field nav-name sort-selected\" data-field=\"name\" title=\"Nome\">\r\n                            Nome                        <\/a>\r\n                    <\/li>\r\n                    <li><a class=\"nav-sorting-field nav-size \" data-field=\"size\" title=\"Tamanho\">\r\n                            Tamanho                        <\/a>\r\n                    <\/li>\r\n                    <li><a class=\"nav-sorting-field nav-modified \" data-field=\"modified\" title=\"Modificado\">\r\n                            Modificado                        <\/a>\r\n                    <\/li>\r\n                    <li><a class=\"nav-sorting-field nav-created \" data-field=\"created\" title=\"Data de cria\u00e7\u00e3o\">\r\n                            Data de cria\u00e7\u00e3o                        <\/a>\r\n                    <\/li>\r\n                    <li class=\"list-separator\">&nbsp;<\/li>\r\n                    <li><a class=\"nav-sorting-order nav-asc sort-selected\" data-order=\"asc\" title=\"Ascendente\">\r\n                            Ascendente                        <\/a>\r\n                    <\/li>\r\n                    <li><a class=\"nav-sorting-order nav-desc \" data-order=\"desc\" title=\"Descendente\">\r\n                            Descendente                        <\/a>\r\n                    <\/li>\r\n                <\/ul>\r\n            <\/div>\r\n\r\n            <a class=\"nav-gear entry-info-button\" title=\"Mais a\u00e7\u00f5es\">\r\n                <i class=\"eva eva-more-vertical-outline\"><\/i>\r\n            <\/a>\r\n            <div class=\"tippy-content-holder gear-div\" data-token=\"91b3cebe2d026e5f46f3286d12e31564\">\r\n                <ul data-id=\"91b3cebe2d026e5f46f3286d12e31564\">\r\n\r\n                                        <li><a class='select-all' title='\" Selecionar todos\"'><i class='eva eva-radio-button-on eva-lg'><\/i>Selecionar todos<\/a><\/li>\r\n                    <li style=\"display:none\"><a class='deselect-all' title='\" Desmarcar todos\"'><i class='eva eva-radio-button-off eva-lg'><\/i>Desmarcar todos<\/a><\/li>\r\n                                        <li><a class=\"all-files-to-zip\" download><i class='eva eva-download eva-lg'><\/i>Baixar todos arquivos<\/a><\/li>\r\n                    <li><a class=\"selected-files-to-zip\" download><i class='eva eva-download eva-lg'><\/i>Baixar arquivos selecionados<\/a><\/li>\r\n                    <li class='list-separator'><\/li>                    <li style=\"display: none\"><a class=\"nav-layout nav-layout-grid\" title=\"Ver em grade\">\r\n                            <i class=\"eva eva-grid-outline eva-lg\"><\/i>Ver em grade                        <\/a>\r\n                    <\/li>\r\n                    <li><a class=\"nav-layout nav-layout-list\" title=\"Ver em lista\">\r\n                            <i class=\"eva eva-list-outline eva-lg\"><\/i>Ver em lista                        <\/a>\r\n                    <\/li>\r\n                                        <li class='gear-menu-no-options' style=\"display: none\"><a><i class='eva eva-info-outline eva-lg'><\/i>Sem op\u00e7\u00f5es...<\/a><\/li>\r\n                <\/ul>\r\n            <\/div>\r\n                        <a class=\"nav-refresh entry-info-button\" title=\"Atualizar\">\r\n                <i class=\"eva eva-sync\"><\/i>\r\n            <\/a>\r\n                    <\/div>        <div class=\"wpcp-container-content\">\r\n            <div class=\"loading initialize\">                <svg class=\"loader-spinner\" viewBox=\"25 25 50 50\">\r\n                    <circle class=\"path\" cx=\"50\" cy=\"50\" r=\"20\" fill=\"none\" stroke-width=\"3\" stroke-miterlimit=\"10\"><\/circle>\r\n                <\/svg>\r\n                            <\/div>\r\n            <div class=\"ajax-filelist\">\r\n                <div class='files'>\r\n                    <div class=\"folders-container\"><div class=\"entry folder skeleton-entry\">\r\n    <div class=\"entry_block\">\r\n                <div class=\"entry-info\">\r\n            <div class=\"entry-info-icon skeleton skeleton-icon\"><\/div>\r\n            <div class=\"entry-info-name\"><span class=\"skeleton skeleton-text\"><\/span><\/div>\r\n                    <\/div>\r\n    <\/div>\r\n<\/div>\r\n<div class=\"entry folder skeleton-entry\">\r\n    <div class=\"entry_block\">\r\n                <div class=\"entry-info\">\r\n            <div class=\"entry-info-icon skeleton skeleton-icon\"><\/div>\r\n            <div class=\"entry-info-name\"><span class=\"skeleton skeleton-text\"><\/span><\/div>\r\n                    <\/div>\r\n    <\/div>\r\n<\/div>\r\n<div class=\"entry folder skeleton-entry\">\r\n    <div class=\"entry_block\">\r\n                <div class=\"entry-info\">\r\n            <div class=\"entry-info-icon skeleton skeleton-icon\"><\/div>\r\n            <div class=\"entry-info-name\"><span class=\"skeleton skeleton-text\"><\/span><\/div>\r\n                    <\/div>\r\n    <\/div>\r\n<\/div>\r\n<\/div>\r\n                    <div class=\"files-container\"><div class=\"entry file skeleton-entry\">\r\n    <div class=\"entry_block\">\r\n         <div class=\"entry_thumbnail skeleton skeleton-img\"><\/div>        <div class=\"entry-info\">\r\n            <div class=\"entry-info-icon skeleton skeleton-icon\"><\/div>\r\n            <div class=\"entry-info-name\"><span class=\"skeleton skeleton-text\"><\/span><\/div>\r\n                        <div class=\"entry-info-modified-date skeleton skeleton-text-small\"><\/div>\r\n            <div class=\"entry-info-size skeleton skeleton-text-small\"><\/div>\r\n                    <\/div>\r\n    <\/div>\r\n<\/div>\r\n<div class=\"entry file skeleton-entry\">\r\n    <div class=\"entry_block\">\r\n         <div class=\"entry_thumbnail skeleton skeleton-img\"><\/div>        <div class=\"entry-info\">\r\n            <div class=\"entry-info-icon skeleton skeleton-icon\"><\/div>\r\n            <div class=\"entry-info-name\"><span class=\"skeleton skeleton-text\"><\/span><\/div>\r\n                        <div class=\"entry-info-modified-date skeleton skeleton-text-small\"><\/div>\r\n            <div class=\"entry-info-size skeleton skeleton-text-small\"><\/div>\r\n                    <\/div>\r\n    <\/div>\r\n<\/div>\r\n<div class=\"entry file skeleton-entry\">\r\n    <div class=\"entry_block\">\r\n         <div class=\"entry_thumbnail skeleton skeleton-img\"><\/div>        <div class=\"entry-info\">\r\n            <div class=\"entry-info-icon skeleton skeleton-icon\"><\/div>\r\n            <div class=\"entry-info-name\"><span class=\"skeleton skeleton-text\"><\/span><\/div>\r\n                        <div class=\"entry-info-modified-date skeleton skeleton-text-small\"><\/div>\r\n            <div class=\"entry-info-size skeleton skeleton-text-small\"><\/div>\r\n                    <\/div>\r\n    <\/div>\r\n<\/div>\r\n<div class=\"entry file skeleton-entry\">\r\n    <div class=\"entry_block\">\r\n         <div class=\"entry_thumbnail skeleton skeleton-img\"><\/div>        <div class=\"entry-info\">\r\n            <div class=\"entry-info-icon skeleton skeleton-icon\"><\/div>\r\n            <div class=\"entry-info-name\"><span class=\"skeleton skeleton-text\"><\/span><\/div>\r\n                        <div class=\"entry-info-modified-date skeleton skeleton-text-small\"><\/div>\r\n            <div class=\"entry-info-size skeleton skeleton-text-small\"><\/div>\r\n                    <\/div>\r\n    <\/div>\r\n<\/div>\r\n<div class=\"entry file skeleton-entry\">\r\n    <div class=\"entry_block\">\r\n         <div class=\"entry_thumbnail skeleton skeleton-img\"><\/div>        <div class=\"entry-info\">\r\n            <div class=\"entry-info-icon skeleton skeleton-icon\"><\/div>\r\n            <div class=\"entry-info-name\"><span class=\"skeleton skeleton-text\"><\/span><\/div>\r\n                        <div class=\"entry-info-modified-date skeleton skeleton-text-small\"><\/div>\r\n            <div class=\"entry-info-size skeleton skeleton-text-small\"><\/div>\r\n                    <\/div>\r\n    <\/div>\r\n<\/div>\r\n<\/div>\r\n                <\/div>\r\n            <\/div>\r\n            <div class=\"scroll-to-top\">\r\n                <button class=\"scroll-to-top-action button button-round-icon secondary button-round-icon-lg button-shadow-3\" type=\"button\" title=\"Rolar para o Topo\" aria-expanded=\"false\"><i class=\"eva eva-arrow-upward-outline eva-2x\"><\/i><\/button>\r\n                            <\/div>\r\n            <div class=\"wpcp-browser-container-info\">\r\n                <div class=\"wpcp-container-overlay\"><\/div>\r\n                <div class=\"wpcp-info-content\">\r\n                    <div class=\"wpcp-info-close entry-info-button\">\r\n                        <i class=\"eva eva-close eva-lg\" aria-hidden=\"true\"><\/i>\r\n                    <\/div>\r\n                    <div class=\"wpcp-info-thumbnail\"><\/div>\r\n                    <div class=\"wpcp-info-list\"><\/div>\r\n                <\/div>\r\n            <\/div>\r\n        <\/div>\r\n    <\/div>\r\n<\/div><\/div><\/div><div class='wpcp-module-script'><script type='text\/javascript'>if (typeof(jQuery) !== 'undefined' && typeof(jQuery.cp) !== 'undefined' && typeof(jQuery.cp.UseyourDrive) === 'function') { jQuery('#UseyourDrive-91b3cebe2d026e5f46f3286d12e31564').UseyourDrive(UseyourDrive_vars); };<\/script><\/div><\/div>\n<p>[\/vc_column_text][\/vc_column][\/vc_row][vc_row disable_element=&#8221;yes&#8221; u_row_style=&#8221;0&#8243; u_row_paralax=&#8221;0&#8243; u_row_scheme=&#8221;0&#8243;][vc_column][vc_tta_accordion style=&#8221;flat&#8221; shape=&#8221;square&#8221; spacing=&#8221;2&#8243; active_section=&#8221;10&#8243; collapsible_all=&#8221;true&#8221;][vc_tta_section title=&#8221;Recursos pr\u00f3prios &#8211; Unicentro&#8221; tab_id=&#8221;1582051781881-ffe1e943-7e8f&#8221;][vc_column_text]<\/p>\n<ul>\n<li><a href=\"https:\/\/www2.unicentro.br\/dircom\/files\/2014\/04\/Solicita%C3%A7%C3%A3o-de-compra-DIRCOM.doc?x52671\">Solicita\u00e7\u00e3o de compra<\/a><\/li>\n<li><a href=\"https:\/\/www2.unicentro.br\/dircom\/files\/2014\/04\/Solicita%C3%A7%C3%A3o-de-passagem-DIRCOM.doc?x52671\">Solicita\u00e7\u00e3o de passagem a\u00e9rea e\/ou terrestre<\/a><\/li>\n<li><a href=\"https:\/\/www2.unicentro.br\/dircom\/files\/2014\/04\/Solicita%C3%A7%C3%A3o-de-servi%C3%A7os-DIRCOM.doc?x52671\">Solicita\u00e7\u00e3o de servi\u00e7os<\/a><\/li>\n<li><a href=\"https:\/\/www2.unicentro.br\/dircom\/files\/2014\/04\/Solicita%C3%A7%C3%A3o-de-manuten%C3%A7%C3%A3o-de-equipamentos-DIRCOM.doc?x52671\">Solicita\u00e7\u00e3o de manuten\u00e7\u00e3o de equipamentos<\/a><\/li>\n<\/ul>\n<p>[\/vc_column_text][\/vc_tta_section][vc_tta_section title=&#8221;Recursos oriundos de conv\u00eanios&#8221; tab_id=&#8221;1582051781896-9236ce63-c83b&#8221;][vc_column_text]<\/p>\n<ul>\n<li><a href=\"https:\/\/www2.unicentro.br\/dircom\/files\/2014\/04\/Solicita%C3%A7%C3%A3o-de-compra-CONV%C3%8ANIOS.doc?x52671\">Solicita\u00e7\u00e3o de compra<\/a><\/li>\n<li><a href=\"https:\/\/www2.unicentro.br\/dircom\/files\/2014\/04\/Solicita%C3%A7%C3%A3o-de-passagem-CONV%C3%8ANIOS.doc?x52671\">Solicita\u00e7\u00e3o de passagem a\u00e9rea e\/ou terrestre<\/a><\/li>\n<li><a href=\"https:\/\/www2.unicentro.br\/dircom\/files\/2014\/04\/Solicita%C3%A7%C3%A3o-de-servi%C3%A7os-CONV%C3%8ANIOS.doc?x52671\">Solicita\u00e7\u00e3o de servi\u00e7os<\/a><\/li>\n<\/ul>\n<p>[\/vc_column_text][\/vc_tta_section][vc_tta_section title=&#8221;Contratos&#8221; tab_id=&#8221;1582051836303-d160bcc6-be64&#8243;][vc_column_text]<\/p>\n<ul>\n<li><a href=\"https:\/\/www2.unicentro.br\/dircom\/files\/2014\/04\/Solicita%C3%A7%C3%A3o-de-prorroga%C3%A7%C3%A3o-altera%C3%A7%C3%A3o-contrato.doc?x52671\">Solicita\u00e7\u00e3o de prorroga\u00e7\u00e3o\/Altera\u00e7\u00e3o de contrato<\/a><\/li>\n<\/ul>\n<p>[\/vc_column_text][\/vc_tta_section][\/vc_tta_accordion][\/vc_column][\/vc_row]<\/p>\n<\/div>","protected":false},"excerpt":{"rendered":"<p>[vc_row][vc_column][vc_column_text] [\/vc_column_text][\/vc_column][\/vc_row][vc_row disable_element=&#8221;yes&#8221; u_row_style=&#8221;0&#8243; u_row_paralax=&#8221;0&#8243; u_row_scheme=&#8221;0&#8243;][vc_column][vc_tta_accordion style=&#8221;flat&#8221; shape=&#8221;square&#8221; spacing=&#8221;2&#8243; active_section=&#8221;10&#8243; collapsible_all=&#8221;true&#8221;][vc_tta_section title=&#8221;Recursos pr\u00f3prios &#8211; Unicentro&#8221; tab_id=&#8221;1582051781881-ffe1e943-7e8f&#8221;][vc_column_text] Solicita\u00e7\u00e3o de compra Solicita\u00e7\u00e3o de passagem a\u00e9rea e\/ou terrestre Solicita\u00e7\u00e3o de servi\u00e7os Solicita\u00e7\u00e3o de manuten\u00e7\u00e3o de equipamentos [\/vc_column_text][\/vc_tta_section][vc_tta_section title=&#8221;Recursos oriundos de conv\u00eanios&#8221; tab_id=&#8221;1582051781896-9236ce63-c83b&#8221;][vc_column_text] Solicita\u00e7\u00e3o de compra Solicita\u00e7\u00e3o de passagem a\u00e9rea e\/ou terrestre Solicita\u00e7\u00e3o de servi\u00e7os [\/vc_column_text][\/vc_tta_section][vc_tta_section title=&#8221;Contratos&#8221; tab_id=&#8221;1582051836303-d160bcc6-be64&#8243;][vc_column_text] Solicita\u00e7\u00e3o [&hellip;]<\/p>\n","protected":false},"author":3,"featured_media":0,"parent":0,"menu_order":0,"comment_status":"closed","ping_status":"closed","template":"","meta":{"_exactmetrics_skip_tracking":false,"_exactmetrics_sitenote_active":false,"_exactmetrics_sitenote_note":"","_exactmetrics_sitenote_category":0,"footnotes":"","_links_to":"","_links_to_target":""},"class_list":["post-38","page","type-page","status-publish","hentry"],"_links":{"self":[{"href":"https:\/\/www3.unicentro.br\/dircom\/wp-json\/wp\/v2\/pages\/38","targetHints":{"allow":["GET"]}}],"collection":[{"href":"https:\/\/www3.unicentro.br\/dircom\/wp-json\/wp\/v2\/pages"}],"about":[{"href":"https:\/\/www3.unicentro.br\/dircom\/wp-json\/wp\/v2\/types\/page"}],"author":[{"embeddable":true,"href":"https:\/\/www3.unicentro.br\/dircom\/wp-json\/wp\/v2\/users\/3"}],"replies":[{"embeddable":true,"href":"https:\/\/www3.unicentro.br\/dircom\/wp-json\/wp\/v2\/comments?post=38"}],"version-history":[{"count":0,"href":"https:\/\/www3.unicentro.br\/dircom\/wp-json\/wp\/v2\/pages\/38\/revisions"}],"wp:attachment":[{"href":"https:\/\/www3.unicentro.br\/dircom\/wp-json\/wp\/v2\/media?parent=38"}],"curies":[{"name":"wp","href":"https:\/\/api.w.org\/{rel}","templated":true}]}}