{"id":18,"date":"2020-02-18T15:39:47","date_gmt":"2020-02-18T18:39:47","guid":{"rendered":"https:\/\/www3.unicentro.br\/dircom\/?page_id=18"},"modified":"2022-07-11T16:42:49","modified_gmt":"2022-07-11T19:42:49","slug":"equipe-e-contatos","status":"publish","type":"page","link":"https:\/\/www3.unicentro.br\/dircom\/equipe-e-contatos\/","title":{"rendered":"Equipe e Contatos"},"content":{"rendered":"<p><strong>Cristiane Hiert<\/strong><br \/>\nE-mail: <a href=\"mailto:chiert@unicentro.br\"><em>chiert@unicentro.br<\/em><\/a><br \/>\nFone: (42) 3621-1322<br \/>\n<strong>Diretora de Compras e Materiais<\/strong><\/p>\n<hr \/>\n<p><strong>Leila Delamura<\/strong><br \/>\nE-mail: <a href=\"mailto:entregas.unicentro@gmail.com\"><em>entregas.unicentro@gmail.com<\/em><\/a><br \/>\nFone: (42) 3621-1040<br \/>\n<strong>Controle de Entregas<\/strong><\/p>\n<hr \/>\n<p><strong>Pedro Wilson Stanoga<\/strong><br \/>\nE-mail: <a href=\"mailto:pedrostanoga@unicentro.br\"><em>pedrostanoga@unicentro.br<\/em><\/a><br \/>\nFone: (42) 3621-1040<br \/>\n<strong>Estagi\u00e1rio &#8211; Controle de Entregas<\/strong><\/p>\n<hr \/>\n<p><strong>Luana Lemes<\/strong><br \/>\nE-mail: <a href=\"mailto:luanalemes@unicentro.br\"><em>luanalemes@unicentro.br<\/em><\/a><br \/>\nFone: (42) 3621-1040<br \/>\n<strong>Estagi\u00e1ria &#8211; Controle de Entregas<\/strong><\/p>\n<hr \/>\n<p><strong>Bruno Rafael dos Anjos<\/strong><br \/>\nE-mail: <a href=\"mailto:brunodosanjos@unicentro.br\"><em>brunodosanjos@unicentro.br<\/em><\/a><br \/>\nFone: (42) 3621-1040<br \/>\n<strong>Estagi\u00e1rio &#8211; Controle de Entregas<\/strong><\/p>\n<hr \/>\n<p><strong>C\u00edcero Jos\u00e9 Juliani<\/strong><br \/>\nE-mail: <a href=\"mailto:cicero@unicentro.br\"><em>cicero@unicentro.br<\/em><\/a><br \/>\nFone: (42) 3621-1208<br \/>\n<strong>Chefe da Divis\u00e3o de Compras<\/strong><\/p>\n<hr \/>\n<p><strong>Nelson Marcelo da Luz<\/strong><br \/>\nE-mail: <a href=\"mailto:edital.unicentro@gmail.com\"><em>edital.unicentro@gmail.com<\/em><\/a><br \/>\nFone: (42) 3621-1909<br \/>\n<strong>Chefe de Licita\u00e7\u00f5es<\/strong><\/p>\n<hr \/>\n<p><strong>Joanito Kaminski<\/strong><br \/>\nE-mail: <a href=\"mailto:joanito@unicentro.br\"><em>joanito@unicentro.br<\/em><\/a><br \/>\nFone: (42) 3621-1041<br \/>\n<strong>Preg\u00e3o Eletr\u00f4nico\/ Licita\u00e7\u00e3o<\/strong><\/p>\n<hr \/>\n<p><strong>Ant\u00f4nio Carlos Pires de Lima<\/strong><br \/>\nE-mail: <a href=\"mailto:edital.unicentro@gmail.com\"><em>edital.unicentro@gmail.com<\/em><\/a><br \/>\nFone: (42) 3621-1041<br \/>\n<strong>Divis\u00e3o de Licita\u00e7\u00f5es\/Licita\u00e7\u00e3o<\/strong><\/p>\n<hr \/>\n<p><strong>Bianca Lepcke<\/strong><br \/>\nE-mail: edital.unicentro@gmail.com<br \/>\nFone: (42) 3621-1312<br \/>\n<strong>Estagi\u00e1ria &#8211; Setor de Licita\u00e7\u00f5es<\/strong><\/p>\n<hr \/>\n<p><strong>Pedro Henrique Ferst de R\u00e9<\/strong><br \/>\nE-mail: <em><a href=\"mailto:pedrohenrique@unicentro.br\">pedrohenrique@unicentro.br<\/a><\/em><br \/>\nFone: (42) 3621-1310<br \/>\n<strong>Coordenador de Contratos<\/strong><\/p>\n<hr \/>\n<p><strong>Fl\u00e1via Antunes da Costa<\/strong><br \/>\nE-mail: <em><a href=\"mailto:flaviaantunes@unicentro.br\">flaviaantunes@unicentro.br<\/a><\/em><br \/>\nFone: (42) 3621-1347<br \/>\n<strong>Coordenadora de Apoio \u00e0 Divis\u00e3o de Registro de Pre\u00e7os<\/strong><\/p>\n<hr \/>\n<p><strong>Julia de Mattos Furlan<\/strong><br \/>\nE-mail: <em><a href=\"mailto:juliafurlan@unicentro.br\">juliafurlan@unicentro.br<\/a><\/em><br \/>\nFone: (42) 3621-1205<br \/>\n<strong>Estagi\u00e1ria &#8211; Setor de Cota\u00e7\u00e3o e Registro de Pre\u00e7os<\/strong><\/p>\n","protected":false},"excerpt":{"rendered":"<p>Cristiane Hiert E-mail: chiert@unicentro.br Fone: (42) 3621-1322 Diretora de Compras e Materiais Leila Delamura E-mail: entregas.unicentro@gmail.com Fone: (42) 3621-1040 Controle de Entregas Pedro Wilson Stanoga E-mail: pedrostanoga@unicentro.br Fone: (42) 3621-1040 Estagi\u00e1rio &#8211; Controle de Entregas Luana Lemes E-mail: luanalemes@unicentro.br Fone: (42) 3621-1040 Estagi\u00e1ria &#8211; Controle de Entregas Bruno Rafael dos Anjos E-mail: brunodosanjos@unicentro.br Fone: (42) [&hellip;]<\/p>\n","protected":false},"author":3,"featured_media":0,"parent":0,"menu_order":0,"comment_status":"closed","ping_status":"closed","template":"","meta":{"_exactmetrics_skip_tracking":false,"_exactmetrics_sitenote_active":false,"_exactmetrics_sitenote_note":"","_exactmetrics_sitenote_category":0,"footnotes":"","_links_to":"","_links_to_target":""},"class_list":["post-18","page","type-page","status-publish","hentry"],"_links":{"self":[{"href":"https:\/\/www3.unicentro.br\/dircom\/wp-json\/wp\/v2\/pages\/18","targetHints":{"allow":["GET"]}}],"collection":[{"href":"https:\/\/www3.unicentro.br\/dircom\/wp-json\/wp\/v2\/pages"}],"about":[{"href":"https:\/\/www3.unicentro.br\/dircom\/wp-json\/wp\/v2\/types\/page"}],"author":[{"embeddable":true,"href":"https:\/\/www3.unicentro.br\/dircom\/wp-json\/wp\/v2\/users\/3"}],"replies":[{"embeddable":true,"href":"https:\/\/www3.unicentro.br\/dircom\/wp-json\/wp\/v2\/comments?post=18"}],"version-history":[{"count":0,"href":"https:\/\/www3.unicentro.br\/dircom\/wp-json\/wp\/v2\/pages\/18\/revisions"}],"wp:attachment":[{"href":"https:\/\/www3.unicentro.br\/dircom\/wp-json\/wp\/v2\/media?parent=18"}],"curies":[{"name":"wp","href":"https:\/\/api.w.org\/{rel}","templated":true}]}}