{"id":329,"date":"2023-05-04T09:18:36","date_gmt":"2023-05-04T12:18:36","guid":{"rendered":"https:\/\/www3.unicentro.br\/dirc\/?page_id=329"},"modified":"2023-05-04T14:09:03","modified_gmt":"2023-05-04T17:09:03","slug":"proximas","status":"publish","type":"page","link":"https:\/\/www3.unicentro.br\/dirc\/agenda-cultural\/proximas\/","title":{"rendered":"Pr\u00f3ximas"},"content":{"rendered":"<div class=\"wpb-content-wrapper\"><p>[vc_row][vc_column]<script>if(typeof(ultimate_layouts_ajax_url)==\"undefined\"){var ultimate_layouts_ajax_url=[]};ultimate_layouts_ajax_url[\"ul99626\"]=\"https:\/\/www3.unicentro.br\/dirc\/wp-admin\/admin-ajax.php\";if(typeof(ultimate_layouts_query_params)==\"undefined\"){var ultimate_layouts_query_params=[]};ultimate_layouts_query_params[\"ul99626\"]={\"post_types\":\"post\",\"i_attachment\":\"\",\"taxonomies\":\"category\",\"multi_post_types\":\"\",\"multi_taxonomies\":\"\",\"query_types\":\"0\",\"i_taxonomies\":\"6\",\"e_taxonomies\":\"\",\"i_ids\":\"\",\"cq_operator\":\"0\",\"e_ids\":\"\",\"query_author\":\"\",\"query_offset\":\"\",\"query_include_children\":\"1\",\"today_post\":\"0\",\"datetime_meta\":\"\",\"woo_query\":\"0\",\"post_count\":50,\"posts_per_page\":10,\"d_i_filter\":\"\"};if(typeof(ultimate_layouts_filter)==\"undefined\"){var ultimate_layouts_filter=[]};ultimate_layouts_filter[\"ul99626\"]=\"\";if(typeof(ultimate_layouts_order)==\"undefined\"){var ultimate_layouts_order=[]};ultimate_layouts_order[\"ul99626\"]=\"DESC\";if(typeof(ultimate_layouts_orderby)==\"undefined\"){var ultimate_layouts_orderby=[]};ultimate_layouts_orderby[\"ul99626\"]=\"date\";if(typeof(ultimate_layouts_sub_opt_query)==\"undefined\"){var ultimate_layouts_sub_opt_query=[]};ultimate_layouts_sub_opt_query[\"ul99626\"]={\"meta_key_query\":\"\",\"paged\":1,\"first_query\":\"on\",\"total_pages\":1,\"items_last_page\":0};if(typeof(ultimate_layouts_options)==\"undefined\"){var ultimate_layouts_options=[]};ultimate_layouts_options[\"ul99626\"]={\"layout_style\":\"0\",\"button_gallery_name\":\"Gallery\",\"grid_style\":\"7\",\"list_style\":\"0\",\"carousel_t_style\":\"0\",\"carousel_f_style\":\"0\",\"creative_style\":\"0\",\"timeline_style\":\"0\",\"block_content_style\":\"0\",\"sync_slider_style\":\"0\",\"grid_masonry\":\"0\",\"show_arrows\":\"1\",\"arrows_outside\":\"0\",\"show_dots\":\"1\",\"infinite\":\"1\",\"autoplay\":\"1\",\"autoplayspeed\":5000,\"scrollperpage\":\"1\",\"speed\":500,\"centermode\":\"0\",\"sync_slider_height_d\":\"\",\"sync_slider_height_t\":\"\",\"sync_slider_height_m\":\"\",\"sync_slider_width_d\":\"\",\"sync_slider_width_t\":\"\",\"sync_slider_width_m\":\"\",\"show_elements\":\"0\",\"av_content\":\"0\",\"cc_mobile\":\"1\",\"cc_portrait_tablet\":\"1\",\"cc_landscape_tablet\":\"2\",\"cc_small_desktop\":\"3\",\"cc_medium_desktop\":\"3\",\"cc_large_desktop\":\"3\",\"cc_extra_large_desktop\":\"3\",\"image_size\":\"medium_large\",\"image_size_s\":\"thumbnail\",\"s_image\":\"1\",\"s_image_link\":\"0\",\"s_image_link_target\":\"0\",\"s_icon_lightbox_video\":\"0\",\"video_url_meta\":\"0\",\"video_url_meta_key\":\"\",\"s_icon_lightbox_image\":\"1\",\"s_icon_link\":\"1\",\"s_icon_link_target\":\"0\",\"s_image_hover_effect\":\"4\",\"s_overlay_hover_effect\":\"ultimate-layouts-hover-css-fade\",\"s_overlay_settings\":\"0\",\"s_overlay_color\":\"rgba(48,48,48,0.75)\",\"s_image_post_format\":\"0\",\"s_image_post_format_pos\":\"ul-bottom-right\",\"s_image_avatar\":\"0\",\"s_title\":\"1\",\"s_title_limit\":\"0\",\"s_title_link\":\"1\",\"s_title_link_target\":\"0\",\"s_excerpt\":\"1\",\"s_excerpt_rbtn\":\"0\",\"s_excerpt_f\":\"get_the_excerpt\",\"s_excerpt_sc\":\"1\",\"s_excerpt_sh\":\"1\",\"s_excerpt_length\":0,\"s_categories\":\"1\",\"s_s_categories\":\"0\",\"s_s_categories_parent\":\"0\",\"ex_items_taxonomies\":\"\",\"s_c_categories\":\"0\",\"s_ct_categories\":\"\",\"s_cb_categories\":\"\",\"s_categories_target\":\"0\",\"s_metas_o\":\"0\",\"s_metas_o_author\":\"1\",\"s_metas_o_author_avatar\":\"0\",\"s_metas_o_time\":\"1\",\"time_format\":\"F j, Y\",\"s_metas_o_comment\":\"1\",\"s_metas_o_like\":\"0\",\"s_metas_o_share\":\"0\",\"custom_meta_o\":\"\",\"s_metas_t\":\"1\",\"s_metas_t_author\":\"0\",\"s_metas_t_author_avatar\":\"0\",\"s_metas_t_time\":\"0\",\"time_format_t\":\"F j, Y\",\"s_metas_t_comment\":\"0\",\"s_metas_t_like\":\"1\",\"s_metas_t_share\":\"1\",\"custom_meta_t\":\"\",\"s_metas_t_readmore\":\"1\",\"s_metas_t_readmore_link_target\":\"0\",\"share_text\":\"Compartilhe\",\"read_more_text\":\"Leia mais\",\"before_author_text\":\"\",\"pagination\":\"3\",\"loadmore_text\":\"\",\"prev_text\":\"\",\"next_text\":\"\",\"animate\":\"default\",\"lazyload\":\"1\",\"lazyload_p\":\"\",\"geodirectory_rating\":\"0\",\"quick_view\":\"1\",\"quick_view_mode\":\"0\",\"extra_class\":\"\",\"rnd_id\":\"ul99626\",\"s_title_small\":\"1\",\"s_title_limit_small\":\"0\",\"s_title_link_small\":\"1\",\"s_title_link_target_small\":\"0\",\"s_categories_small\":\"1\",\"s_s_categories_small\":\"0\",\"s_s_categories_parent_small\":\"0\",\"ex_items_taxonomies_small\":\"\",\"s_c_categories_small\":\"0\",\"s_ct_categories_small\":\"\",\"s_cb_categories_small\":\"\",\"s_categories_target_small\":\"0\",\"s_metas_o_small\":\"1\",\"s_metas_o_author_small\":\"1\",\"s_metas_o_author_avatar_small\":\"0\",\"s_metas_o_time_small\":\"1\",\"time_format_small\":\"F j, Y\",\"s_metas_o_comment_small\":\"1\",\"s_metas_o_like_small\":\"0\",\"s_metas_o_share_small\":\"0\",\"custom_meta_o_small\":\"\",\"woo_show_price\":\"0\",\"woo_show_rating\":\"0\",\"woo_show_cart\":\"0\",\"qv_s_title\":\"1\",\"qv_s_categories\":\"1\",\"qv_s_s_categories\":\"0\",\"qv_s_s_categories_parent\":\"0\",\"qv_ex_items_taxonomies\":\"\",\"qv_s_c_categories\":\"0\",\"qv_s_ct_categories\":\"\",\"qv_s_cb_categories\":\"\",\"qv_s_categories_target\":\"0\",\"qv_s_metas_o\":\"1\",\"qv_s_metas_o_author\":\"1\",\"qv_s_metas_o_author_avatar\":\"0\",\"qv_s_metas_o_time\":\"1\",\"qv_time_format\":\"F j, Y\",\"qv_s_metas_o_comment\":\"1\",\"qv_s_metas_o_like\":\"1\",\"qv_custom_meta_o\":\"\",\"qv_show_content\":\"1\",\"qv_content_stripsc\":\"0\",\"qv_show_share\":\"1\",\"qv_woo_show_rating\":\"1\",\"qv_s_featured_image\":\"1\",\"goo_ads_client\":\"\",\"goo_ads_id\":\"\",\"goo_ads_offset\":\"1\",\"css_class\":\"\"};<\/script><div id=\"ul99626\" class=\"ultimate-layouts-container ul-filter-gridlist-normal ultimate-layouts-wrapper-control   \"><div class=\"\r\n\t\t\t\t\t\t\t\t\t\t\t\tultimate-layouts-listing-wrap\t\t\t\t\t\t\t\t\t\t\t\t\r\n\t\t\t\t\t\t\t\t\t\t\t\tultimate-layouts-listing-grid-8\r\n\t\t\t\t\t\t\t\t\t\t\t\t ultimate-layouts-picture-no-link ultimate-layouts-effect-4\r\n\t\t\t\t\t\t\t\t\t\t\t\tultimate-layouts-effect-icon\t\t\t\t\t\t\t\t\t\t\t\t\r\n\t\t\t\t\t\t\t\t\t\t\t\t ultimate-layouts-col-1 ultimate-layouts-col-pt-1 ultimate-layouts-col-lt-2 ultimate-layouts-col-sm-3 ultimate-layouts-col-md-3 ultimate-layouts-col-lg-3 ultimate-layouts-col-el-3\r\n\t\t\t\t\t\t\t\t\t\t\t\"><!--post item--> \r\n<article class=\"ultimate-layouts-item hentry\">\r\n    <!--entry content-->\r\n    <div class=\"ultimate-layouts-entry-wrapper entry-content\">    \r\n        <!--picture-->\r\n                    <div class=\"ultimate-layouts-picture\">               \r\n                <div class=\"ultimate-layouts-picture-wrap ultimate-layouts-get-pic\">\r\n                    <a  data-post-id=\"1787\" href=\"https:\/\/www3.unicentro.br\/dirc\/2026\/03\/27\/1787\/\" title=\"\"   class=\"ultimate-layouts-picture-link\"><img decoding=\"async\" class=\"ultimate-layouts-img  ul-lazysizes-effect ul-lazysizes-load\" src=\"https:\/\/www3.unicentro.br\/dirc\/wp-content\/plugins\/ultimate-layouts-vc\/assets\/front-end\/images\/placeholder.png\" data-src=\"https:\/\/www3.unicentro.br\/dirc\/wp-content\/uploads\/sites\/83\/2026\/03\/WhatsApp-Image-2026-03-24-at-17.18.06-768x960.jpeg\" data-srcset=\"https:\/\/www3.unicentro.br\/dirc\/wp-content\/uploads\/sites\/83\/2026\/03\/WhatsApp-Image-2026-03-24-at-17.18.06-768x960.jpeg 768w, https:\/\/www3.unicentro.br\/dirc\/wp-content\/uploads\/sites\/83\/2026\/03\/WhatsApp-Image-2026-03-24-at-17.18.06-240x300.jpeg 240w, https:\/\/www3.unicentro.br\/dirc\/wp-content\/uploads\/sites\/83\/2026\/03\/WhatsApp-Image-2026-03-24-at-17.18.06-819x1024.jpeg 819w, https:\/\/www3.unicentro.br\/dirc\/wp-content\/uploads\/sites\/83\/2026\/03\/WhatsApp-Image-2026-03-24-at-17.18.06-205x256.jpeg 205w, https:\/\/www3.unicentro.br\/dirc\/wp-content\/uploads\/sites\/83\/2026\/03\/WhatsApp-Image-2026-03-24-at-17.18.06-e1774615131815.jpeg 480w, https:\/\/www3.unicentro.br\/dirc\/wp-content\/uploads\/sites\/83\/2026\/03\/WhatsApp-Image-2026-03-24-at-17.18.06-255x319.jpeg 255w\" data-sizes=\"(max-width: 768px) 100vw, 768px\" alt=\"WhatsApp Image 2026-03-24 at 17.18.06\"\/><span class=\"ul-placeholder-bg\" style=\"padding-top:125%\"><\/span><\/a>                \r\n                    <div class=\"ultimate-layouts-overlay  ultimate-layouts-hover-css-fade\"><div style=\"background-color:rgba(48,48,48,0.75) !important;\"><\/div><\/div>                    <div class=\"ultimate-layouts-control-pop \"><span data-type=\"image\" \r\n\t\t\t\t\t\t\t\t\t\tdata-source=\"https:\/\/www3.unicentro.br\/dirc\/wp-content\/uploads\/sites\/83\/2026\/03\/WhatsApp-Image-2026-03-24-at-17.18.06-e1774615131815.jpeg\" \r\n\t\t\t\t\t\t\t\t\t\tdata-caption=\"\" \r\n\t\t\t\t\t\t\t\t\t\tclass=\"ultimate-layouts-icon-lightbox ultimate-layouts-control-lightbox-oc\"\r\n\t\t\t\t\t\t\t\t\t  ><span><span><\/span><span><\/span><\/span><\/span><a data-open-post=\"ultimate-layouts-quick-view\" data-post-id=\"1787\" href=\"javascript:;\" title=\"\"  class=\"ultimate-layouts-icon-link\"><i class=\"fa fa-link\"><\/i><i class=\"fa fa-chain-broken\"><\/i><\/a><\/div>                <\/div>                            \r\n            <\/div>\r\n                <!--picture-->        \r\n        <!--content-->\r\n        <div class=\"ultimate-layouts-content entry\">            \r\n            <div class=\"ultimate-layouts-categories absolute-item \"><a href=\"https:\/\/www3.unicentro.br\/dirc\/category\/agenda-cultural\/\" title=\"Agenda Cultural\"   class=\"ul-taxonomy category agenda-cultural\">Agenda Cultural<\/a><a href=\"https:\/\/www3.unicentro.br\/dirc\/category\/noticias\/\" title=\"Not\u00edcias\"   class=\"ul-taxonomy category noticias\">Not\u00edcias<\/a><a href=\"https:\/\/www3.unicentro.br\/dirc\/category\/agenda-cultural\/proximas\/\" title=\"Pr\u00f3ximas\"   class=\"ul-taxonomy category proximas\">Pr\u00f3ximas<\/a><\/div>        \r\n            <h3 class=\"ultimate-layouts-title entry-title  \"><a  data-post-id=\"1787\" href=\"https:\/\/www3.unicentro.br\/dirc\/2026\/03\/27\/1787\/\" title=\"\"   class=\"ultimate-layouts-title-link\"><\/a><\/h3>             \r\n              \r\n                      \r\n            <div class=\"ultimate-layouts-excerpt \">A exposi\u00e7\u00e3o \u201cO Espa\u00e7o Entre\u201d apresenta a realidade cotidiana das cidades focada nos detalhes que fazem o ser humano integrar a vida. Com fotografias compostas por todo o extraordin\u00e1rio comum, o autor, Alysson Mazzochin, convida voc\u00ea a enxergar o mundo por um olhar singular, mas completamente fant\u00e1stico. Alysson \u00e9 artista visual e realizador audiovisual. Sua [&hellip;]<\/div>                                                     \r\n            <div class=\"ultimate-layouts-metas-st2 posted-on \"><div class=\"ultimate-layouts-metas-wrap\"><div class=\"flt-left\" data-action=\"share\"><a href=\"javascript:;\" title=\"Compartilhe\" class=\"ultimate-layouts-social-share-btn\"><i class=\"fa fa-share-alt\" aria-hidden=\"true\"><\/i> <span>Compartilhe<\/span><\/a><div class=\"ultimate-layouts-social-share\"><div class=\"ultimate-layouts-share-item ul-facebook\"><a title=\"Share on Facebook\" href=\"javascript:;\" target=\"_blank\" rel=\"nofollow\" onclick=\"window.open('https:\/\/www.facebook.com\/sharer\/sharer.php?u=https%3A%2F%2Fwww3.unicentro.br%2Fdirc%2F2026%2F03%2F27%2F1787%2F','facebook-share-dialog','width=600,height=400');return false;\"><i class=\"fa fa-facebook\"><\/i><\/a><\/div><div class=\"ultimate-layouts-share-item ul-twitter\"><a title=\"Share on Twitter\" href=\"javascript:;\" target=\"_blank\" rel=\"nofollow\" onclick=\"window.open('http:\/\/twitter.com\/share?text=&amp;url=https%3A%2F%2Fwww3.unicentro.br%2Fdirc%2F2026%2F03%2F27%2F1787%2F','twitter-share-dialog','width=600,height=400');return false;\"><i class=\"fa fa-twitter\"><\/i><\/a><\/div><div class=\"ultimate-layouts-share-item ul-google\"><a title=\"Share on Google Plus\" href=\"javascript:;\" target=\"_blank\" rel=\"nofollow\" onclick=\"window.open('https:\/\/plus.google.com\/share?url=https%3A%2F%2Fwww3.unicentro.br%2Fdirc%2F2026%2F03%2F27%2F1787%2F','googleplus-share-dialog','width=600,height=400');return false;\"><i class=\"fa fa-google-plus\"><\/i><\/a><\/div><div class=\"ultimate-layouts-share-item ul-linkedin\"><a title=\"Share on LinkedIn\" href=\"javascript:;\" target=\"_blank\" rel=\"nofollow\" onclick=\"window.open('http:\/\/www.linkedin.com\/shareArticle?mini=true&amp;url=https%3A%2F%2Fwww3.unicentro.br%2Fdirc%2F2026%2F03%2F27%2F1787%2F&amp;title=&amp;source=Diretoria+de+Cultura','linkedin-share-dialog','width=600,height=400');return false;\"><i class=\"fa fa-linkedin\"><\/i><\/a><\/div><div class=\"ultimate-layouts-share-item ul-tumblr\"><a title=\"Share on Tumblr\" href=\"javascript:;\" target=\"_blank\" rel=\"nofollow\" onclick=\"window.open('http:\/\/www.tumblr.com\/share\/link?url=https%3A%2F%2Fwww3.unicentro.br%2Fdirc%2F2026%2F03%2F27%2F1787%2F&amp;name=','tumblr-share-dialog','width=600,height=400');return false;\"><i class=\"fa fa-tumblr\"><\/i><\/a><\/div><div class=\"ultimate-layouts-share-item ul-pinterest\"><a title=\"Pin this\" href=\"javascript:;\" target=\"_blank\" rel=\"nofollow\" onclick=\"window.open('\/\/pinterest.com\/pin\/create\/button\/?url=https%3A%2F%2Fwww3.unicentro.br%2Fdirc%2F2026%2F03%2F27%2F1787%2F&amp;media=https%3A%2F%2Fwww3.unicentro.br%2Fdirc%2Fwp-content%2Fuploads%2Fsites%2F83%2F2026%2F03%2FWhatsApp-Image-2026-03-24-at-17.18.06-e1774615131815.jpeg&amp;description=','pin-share-dialog','width=600,height=400');return false;\"><i class=\"fa fa-pinterest\"><\/i><\/a><\/div><div class=\"ultimate-layouts-share-item ul-vk\"><a title=\"Share on VK\" href=\"javascript:;\" target=\"_blank\" rel=\"nofollow\" onclick=\"window.open('\/\/vkontakte.ru\/share.php?url=https%3A%2F%2Fwww3.unicentro.br%2Fdirc%2F2026%2F03%2F27%2F1787%2F','vk-share-dialog','width=600,height=400');return false;\"><i class=\"fa fa-vk\"><\/i><\/a><\/div><div class=\"ultimate-layouts-share-item ul-email\"><a title=\"Email this\" href=\"mailto:?subject=&amp;body=https%3A%2F%2Fwww3.unicentro.br%2Fdirc%2F2026%2F03%2F27%2F1787%2F\"><i class=\"fa fa-envelope\"><\/i><\/a><\/div><\/div><\/div><div class=\"flt-right\">\r\n\t\t\t\t\t\t\t\t\t\t<a  data-post-id=\"1787\" href=\"https:\/\/www3.unicentro.br\/dirc\/2026\/03\/27\/1787\/\" title=\"\"   class=\"ultimate-layouts-readmore-link\">\r\n\t\t\t\t\t\t\t\t\t\t\t<span>Leia mais<\/span>\r\n\t\t\t\t\t\t\t\t\t\t\t<i class=\"fa fa-angle-double-right ul-readmore-icon\" aria-hidden=\"true\"><\/i>\r\n\t\t\t\t\t\t\t\t\t\t<\/a>\r\n\t\t\t\t\t\t\t\t\t  <\/div><\/div><\/div>            \r\n        <\/div><!--content-->               \r\n    <\/div><!--entry content-->            \r\n<\/article><!--post item--><\/div><\/div>[\/vc_column][\/vc_row]<\/p>\n<\/div>","protected":false},"excerpt":{"rendered":"<p>[vc_row][vc_column][\/vc_column][\/vc_row]<\/p>\n","protected":false},"author":3,"featured_media":0,"parent":19,"menu_order":0,"comment_status":"closed","ping_status":"closed","template":"","meta":{"_exactmetrics_skip_tracking":false,"_exactmetrics_sitenote_active":false,"_exactmetrics_sitenote_note":"","_exactmetrics_sitenote_category":0,"footnotes":"","_links_to":"","_links_to_target":""},"class_list":["post-329","page","type-page","status-publish","hentry"],"publishpress_future_action":{"enabled":false,"date":"2026-04-10 14:40:23","action":"change-status","newStatus":"draft","terms":[],"taxonomy":"","extraData":[]},"publishpress_future_workflow_manual_trigger":{"enabledWorkflows":[]},"_links":{"self":[{"href":"https:\/\/www3.unicentro.br\/dirc\/wp-json\/wp\/v2\/pages\/329","targetHints":{"allow":["GET"]}}],"collection":[{"href":"https:\/\/www3.unicentro.br\/dirc\/wp-json\/wp\/v2\/pages"}],"about":[{"href":"https:\/\/www3.unicentro.br\/dirc\/wp-json\/wp\/v2\/types\/page"}],"author":[{"embeddable":true,"href":"https:\/\/www3.unicentro.br\/dirc\/wp-json\/wp\/v2\/users\/3"}],"replies":[{"embeddable":true,"href":"https:\/\/www3.unicentro.br\/dirc\/wp-json\/wp\/v2\/comments?post=329"}],"version-history":[{"count":0,"href":"https:\/\/www3.unicentro.br\/dirc\/wp-json\/wp\/v2\/pages\/329\/revisions"}],"up":[{"embeddable":true,"href":"https:\/\/www3.unicentro.br\/dirc\/wp-json\/wp\/v2\/pages\/19"}],"wp:attachment":[{"href":"https:\/\/www3.unicentro.br\/dirc\/wp-json\/wp\/v2\/media?parent=329"}],"curies":[{"name":"wp","href":"https:\/\/api.w.org\/{rel}","templated":true}]}}