{"id":29,"date":"2020-04-14T17:32:50","date_gmt":"2020-04-14T20:32:50","guid":{"rendered":"https:\/\/www3.unicentro.br\/dirc\/?page_id=29"},"modified":"2023-05-16T15:43:41","modified_gmt":"2023-05-16T18:43:41","slug":"fale-conosco","status":"publish","type":"page","link":"https:\/\/www3.unicentro.br\/dirc\/fale-conosco\/","title":{"rendered":"Fale Conosco"},"content":{"rendered":"<p style=\"text-align: center\"><span style=\"font-size: 14pt;color: #000000;font-family: georgia, palatino, serif\"><strong>Entre em contato conosco e\u00a0<\/strong><\/span><span style=\"font-size: 14pt;color: #000000;font-family: georgia, palatino, serif\"><strong>f<\/strong><b>ique por dentro das atividades culturais de cada Campus!<\/b><\/span><\/p>\n<p>&nbsp;<\/p>\n<p style=\"text-align: center\"><span style=\"font-size: 14pt;color: #000000;font-family: georgia, palatino, serif\"><b>Diretoria de Cultura &#8211; C\u00e2mpus Santa Cruz\u00a0<\/b><\/span><\/p>\n<table style=\"border-collapse: collapse;width: 100%;height: 180px\">\n<tbody>\n<tr style=\"height: 28px\">\n<td style=\"width: 100%;height: 28px;text-align: center\"><span style=\"font-family: georgia, palatino, serif;font-size: 14pt;color: #000000\"><a style=\"color: #000000\" href=\"mailto:dirc@unicentro.br\">dirc@unicentro.br<\/a><\/span><\/td>\n<\/tr>\n<tr style=\"height: 28px\">\n<td style=\"width: 100%;height: 28px;text-align: center\">\n<div class=\"wp-block-image\">\n<div class=\"wp-block-image\">\u00a0 \u00a0<span style=\"color: #000000;font-family: georgia, palatino, serif;font-size: 14pt\">(42) 3621-1016 | 3621-1059<\/span><\/div>\n<\/div>\n<\/td>\n<\/tr>\n<tr style=\"height: 28px\">\n<td style=\"width: 100%;text-align: center;height: 28px\">\n<div class=\"wp-block-image\">\u00a0 \u00a0<a href=\"https:\/\/api.whatsapp.com\/send\/?phone=%2B5542998329957&amp;text&amp;type=phone_number&amp;app_absent=0\"><span style=\"font-family: georgia, palatino, serif;font-size: 14pt;color: #000000\">(42) 99832-9957<\/span><\/a><\/div>\n<\/td>\n<\/tr>\n<tr style=\"height: 24px\">\n<td style=\"width: 100%;height: 24px;text-align: center\">\n<div class=\"wp-block-image\"><span style=\"font-family: georgia, palatino, serif;font-size: 14pt;color: #000000\">\u00a0 <a style=\"color: #000000\" href=\"https:\/\/www.instagram.com\/_dirc\/\">@_dirc<\/a><\/span><\/div>\n<\/td>\n<\/tr>\n<tr style=\"height: 24px\">\n<td style=\"width: 100%;height: 24px;text-align: center\">\n<div class=\"wp-block-image\"><span style=\"color: #000000\">\u00a0<u style=\"font-family: georgia, palatino, serif;font-size: 14pt\"><a style=\"color: #000000\" href=\"https:\/\/www.facebook.com\/dirc.unicentro\/\">@dirc.unicentro<\/a><\/u><\/span><\/div>\n<\/td>\n<\/tr>\n<\/tbody>\n<\/table>\n<p>&nbsp;<\/p>\n<p>&nbsp;<\/p>\n<p style=\"text-align: center\"><span style=\"font-size: 14pt;color: #000000;font-family: georgia, palatino, serif\"><b>Diretoria de Promo\u00e7\u00e3o Cultural (Diproc) &#8211; C\u00e2mpus Irati<\/b><\/span><\/p>\n<table style=\"border-collapse: collapse;width: 100%;height: 75px\">\n<tbody>\n<tr style=\"height: 28px\">\n<td style=\"width: 100%;height: 28px;text-align: center\"><span style=\"color: #000000;font-size: 14pt\"><a style=\"color: #000000\" href=\"https:\/\/www.instagram.com\/diproc_irati\/\">@diproc_irati<\/a><\/span><\/td>\n<\/tr>\n<tr style=\"height: 47px\">\n<td style=\"width: 100%;text-align: center;height: 47px\"><span style=\"color: #000000;font-size: 14pt\"><a style=\"color: #000000\" href=\"https:\/\/www.facebook.com\/diproc.irati.5\/\">@Diproc.irati<\/a><\/span><\/td>\n<\/tr>\n<\/tbody>\n<\/table>\n<p>&nbsp;<\/p>\n","protected":false},"excerpt":{"rendered":"<p>Entre em contato conosco e\u00a0fique por dentro das atividades culturais de cada Campus! &nbsp; Diretoria de Cultura &#8211; C\u00e2mpus Santa Cruz\u00a0 dirc@unicentro.br \u00a0 \u00a0(42) 3621-1016 | 3621-1059 \u00a0 \u00a0(42) 99832-9957 \u00a0 @_dirc \u00a0@dirc.unicentro &nbsp; &nbsp; Diretoria de Promo\u00e7\u00e3o Cultural (Diproc) &#8211; C\u00e2mpus Irati @diproc_irati @Diproc.irati &nbsp;<\/p>\n","protected":false},"author":3,"featured_media":0,"parent":0,"menu_order":0,"comment_status":"closed","ping_status":"closed","template":"","meta":{"_exactmetrics_skip_tracking":false,"_exactmetrics_sitenote_active":false,"_exactmetrics_sitenote_note":"","_exactmetrics_sitenote_category":0,"footnotes":"","_links_to":"","_links_to_target":""},"class_list":["post-29","page","type-page","status-publish","hentry"],"publishpress_future_action":{"enabled":false,"date":"2026-04-10 14:37:08","action":"change-status","newStatus":"draft","terms":[],"taxonomy":"","extraData":[]},"publishpress_future_workflow_manual_trigger":{"enabledWorkflows":[]},"_links":{"self":[{"href":"https:\/\/www3.unicentro.br\/dirc\/wp-json\/wp\/v2\/pages\/29","targetHints":{"allow":["GET"]}}],"collection":[{"href":"https:\/\/www3.unicentro.br\/dirc\/wp-json\/wp\/v2\/pages"}],"about":[{"href":"https:\/\/www3.unicentro.br\/dirc\/wp-json\/wp\/v2\/types\/page"}],"author":[{"embeddable":true,"href":"https:\/\/www3.unicentro.br\/dirc\/wp-json\/wp\/v2\/users\/3"}],"replies":[{"embeddable":true,"href":"https:\/\/www3.unicentro.br\/dirc\/wp-json\/wp\/v2\/comments?post=29"}],"version-history":[{"count":0,"href":"https:\/\/www3.unicentro.br\/dirc\/wp-json\/wp\/v2\/pages\/29\/revisions"}],"wp:attachment":[{"href":"https:\/\/www3.unicentro.br\/dirc\/wp-json\/wp\/v2\/media?parent=29"}],"curies":[{"name":"wp","href":"https:\/\/api.w.org\/{rel}","templated":true}]}}