{"id":23,"date":"2014-09-15T00:00:00","date_gmt":"2014-09-15T03:00:00","guid":{"rendered":"https:\/\/www3.unicentro.br\/detur\/legislacao\/"},"modified":"2014-09-15T00:00:00","modified_gmt":"2014-09-15T03:00:00","slug":"legislacao","status":"publish","type":"page","link":"https:\/\/www3.unicentro.br\/detur\/legislacao\/","title":{"rendered":"Legisla\u00e7\u00e3o"},"content":{"rendered":"<p>Regulamento de Trabalho de Conclus\u00e3o de Curso:<\/p>\n<p><span style=\"color: #000000\"><a href=\"http:\/\/www2.unicentro.br\/detur\/files\/2014\/09\/Reg.-TCC-Turismo.pdf\">RESOLU\u00c7\u00c3O N\u00ba 012\/2007 \u2013 CONSET\/SESA\/I\/UNICENTRO<\/a><\/span><\/p>\n<p>&nbsp;<\/p>\n<p><span style=\"color: #000000\">Regulamento de Est\u00e1gio Supervisionado:<\/span><\/p>\n<p><span style=\"color: #000000\"><a href=\"http:\/\/www2.unicentro.br\/detur\/files\/2014\/09\/Reg.-Estagio-Turismo.pdf\">RESOLU\u00c7\u00c3O N\u00ba 211\/2005-CEPE\/UNICENTRO<\/a><\/span><\/p>\n<p>&nbsp;<\/p>\n<p><span style=\"color: #000000\">Regulamento de Horas Complementares:<\/span><\/p>\n<p><a href=\"http:\/\/www2.unicentro.br\/detur\/files\/2014\/09\/Regulamento-atividades-complementares.pdf\">REGULAMENTO DE ATIVIDADES COMPLEMENTARES<\/a><\/p>\n","protected":false},"excerpt":{"rendered":"<p>Regulamento de Trabalho de Conclus\u00e3o de Curso: RESOLU\u00c7\u00c3O N\u00ba 012\/2007 \u2013 CONSET\/SESA\/I\/UNICENTRO &nbsp; Regulamento de Est\u00e1gio Supervisionado: RESOLU\u00c7\u00c3O N\u00ba 211\/2005-CEPE\/UNICENTRO &nbsp; Regulamento de Horas Complementares: REGULAMENTO DE ATIVIDADES COMPLEMENTARES<\/p>\n","protected":false},"author":3,"featured_media":0,"parent":0,"menu_order":0,"comment_status":"closed","ping_status":"closed","template":"","meta":{"_exactmetrics_skip_tracking":false,"_exactmetrics_sitenote_active":false,"_exactmetrics_sitenote_note":"","_exactmetrics_sitenote_category":0,"footnotes":"","_links_to":"","_links_to_target":""},"class_list":["post-23","page","type-page","status-publish","hentry"],"_links":{"self":[{"href":"https:\/\/www3.unicentro.br\/detur\/wp-json\/wp\/v2\/pages\/23","targetHints":{"allow":["GET"]}}],"collection":[{"href":"https:\/\/www3.unicentro.br\/detur\/wp-json\/wp\/v2\/pages"}],"about":[{"href":"https:\/\/www3.unicentro.br\/detur\/wp-json\/wp\/v2\/types\/page"}],"author":[{"embeddable":true,"href":"https:\/\/www3.unicentro.br\/detur\/wp-json\/wp\/v2\/users\/3"}],"replies":[{"embeddable":true,"href":"https:\/\/www3.unicentro.br\/detur\/wp-json\/wp\/v2\/comments?post=23"}],"version-history":[{"count":0,"href":"https:\/\/www3.unicentro.br\/detur\/wp-json\/wp\/v2\/pages\/23\/revisions"}],"wp:attachment":[{"href":"https:\/\/www3.unicentro.br\/detur\/wp-json\/wp\/v2\/media?parent=23"}],"curies":[{"name":"wp","href":"https:\/\/api.w.org\/{rel}","templated":true}]}}