{"id":42,"date":"2016-10-07T00:00:00","date_gmt":"2016-10-07T03:00:00","guid":{"rendered":"https:\/\/www3.unicentro.br\/desec\/normas-academicas\/"},"modified":"2016-10-07T00:00:00","modified_gmt":"2016-10-07T03:00:00","slug":"normas-academicas","status":"publish","type":"page","link":"https:\/\/www3.unicentro.br\/desec\/normas-academicas\/","title":{"rendered":"Normas Acad\u00eamicas"},"content":{"rendered":"<p>Aprova o Regulamento das Normas Acad\u00eamicas para os Cursos de Gradua\u00e7\u00e3o Presenciais, da UNICENTRO.<\/p>\n<p>&nbsp;<\/p>\n<p><a href=\"http:\/\/www2.unicentro.br\/desec\/files\/2016\/10\/RESOLU\u00c7\u00c3O-N\u00ba-32-CEPEUNICENTRO-DE-5-DE-NOVEMBRO-DE-2012.pdf\">resoluc<\/a><a href=\"http:\/\/www2.unicentro.br\/desec\/files\/2016\/10\/RESOLU\u00c7\u00c3O-N\u00ba-32-CEPEUNICENTRO-DE-5-DE-NOVEMBRO-DE-2012.pdf\" target=\"_blank\">ao-no-32-cepeunicentro-de-5-de-novembro-de-2012<\/a><\/p>\n","protected":false},"excerpt":{"rendered":"<p>Aprova o Regulamento das Normas Acad\u00eamicas para os Cursos de Gradua\u00e7\u00e3o Presenciais, da UNICENTRO. &nbsp; resolucao-no-32-cepeunicentro-de-5-de-novembro-de-2012<\/p>\n","protected":false},"author":3,"featured_media":0,"parent":0,"menu_order":0,"comment_status":"closed","ping_status":"closed","template":"","meta":{"_exactmetrics_skip_tracking":false,"_exactmetrics_sitenote_active":false,"_exactmetrics_sitenote_note":"","_exactmetrics_sitenote_category":0,"footnotes":"","_links_to":"","_links_to_target":""},"class_list":["post-42","page","type-page","status-publish","hentry"],"_links":{"self":[{"href":"https:\/\/www3.unicentro.br\/desec\/wp-json\/wp\/v2\/pages\/42","targetHints":{"allow":["GET"]}}],"collection":[{"href":"https:\/\/www3.unicentro.br\/desec\/wp-json\/wp\/v2\/pages"}],"about":[{"href":"https:\/\/www3.unicentro.br\/desec\/wp-json\/wp\/v2\/types\/page"}],"author":[{"embeddable":true,"href":"https:\/\/www3.unicentro.br\/desec\/wp-json\/wp\/v2\/users\/3"}],"replies":[{"embeddable":true,"href":"https:\/\/www3.unicentro.br\/desec\/wp-json\/wp\/v2\/comments?post=42"}],"version-history":[{"count":0,"href":"https:\/\/www3.unicentro.br\/desec\/wp-json\/wp\/v2\/pages\/42\/revisions"}],"wp:attachment":[{"href":"https:\/\/www3.unicentro.br\/desec\/wp-json\/wp\/v2\/media?parent=42"}],"curies":[{"name":"wp","href":"https:\/\/api.w.org\/{rel}","templated":true}]}}