{"id":35,"date":"2016-10-07T00:00:00","date_gmt":"2016-10-07T03:00:00","guid":{"rendered":"https:\/\/www3.unicentro.br\/desec\/grade-curricular\/"},"modified":"2016-10-07T00:00:00","modified_gmt":"2016-10-07T03:00:00","slug":"grade-curricular","status":"publish","type":"page","link":"https:\/\/www3.unicentro.br\/desec\/grade-curricular\/","title":{"rendered":"Grade Curricular"},"content":{"rendered":"<p><span style=\"font-family: arial, helvetica, sans-serif;font-size: 14pt\">Curr\u00edculo pleno do curso, com a nomenclatura das disciplinas, divididas por s\u00e9rie e carga hor\u00e1ria.<\/span><\/p>\n<p><a href=\"http:\/\/www2.unicentro.br\/desec\/files\/2016\/10\/Secretariado-Executivo-Grade-curricular.pdf\" target=\"_blank\">Secretariado-Executivo-Grade curricular<\/a><\/p>\n<p>&nbsp;<\/p>\n<p>&nbsp;<\/p>\n<p><span style=\"font-family: arial, helvetica, sans-serif;font-size: 14pt\">Ementas das disciplinas ofertadas pelo Curso de Secretariado Executivo. (Curr\u00edculo iniciado em 2015)<\/span><\/p>\n<p>&nbsp;<\/p>\n<p><a href=\"http:\/\/www2.unicentro.br\/desec\/files\/2016\/10\/SECRETARIADO-EXECUTIVO-2015-EMENTA-DAS-DISCIPLINAS.pdf\" target=\"_blank\">SECRETARIADO-EXECUTIVO-2015 &#8211; EMENTA DAS DISCIPLINAS<\/a><\/p>\n<p>&nbsp;<\/p>\n","protected":false},"excerpt":{"rendered":"<p>Curr\u00edculo pleno do curso, com a nomenclatura das disciplinas, divididas por s\u00e9rie e carga hor\u00e1ria. Secretariado-Executivo-Grade curricular &nbsp; &nbsp; Ementas das disciplinas ofertadas pelo Curso de Secretariado Executivo. (Curr\u00edculo iniciado em 2015) &nbsp; SECRETARIADO-EXECUTIVO-2015 &#8211; EMENTA DAS DISCIPLINAS &nbsp;<\/p>\n","protected":false},"author":3,"featured_media":0,"parent":0,"menu_order":0,"comment_status":"closed","ping_status":"closed","template":"","meta":{"_exactmetrics_skip_tracking":false,"_exactmetrics_sitenote_active":false,"_exactmetrics_sitenote_note":"","_exactmetrics_sitenote_category":0,"footnotes":"","_links_to":"","_links_to_target":""},"class_list":["post-35","page","type-page","status-publish","hentry"],"_links":{"self":[{"href":"https:\/\/www3.unicentro.br\/desec\/wp-json\/wp\/v2\/pages\/35","targetHints":{"allow":["GET"]}}],"collection":[{"href":"https:\/\/www3.unicentro.br\/desec\/wp-json\/wp\/v2\/pages"}],"about":[{"href":"https:\/\/www3.unicentro.br\/desec\/wp-json\/wp\/v2\/types\/page"}],"author":[{"embeddable":true,"href":"https:\/\/www3.unicentro.br\/desec\/wp-json\/wp\/v2\/users\/3"}],"replies":[{"embeddable":true,"href":"https:\/\/www3.unicentro.br\/desec\/wp-json\/wp\/v2\/comments?post=35"}],"version-history":[{"count":0,"href":"https:\/\/www3.unicentro.br\/desec\/wp-json\/wp\/v2\/pages\/35\/revisions"}],"wp:attachment":[{"href":"https:\/\/www3.unicentro.br\/desec\/wp-json\/wp\/v2\/media?parent=35"}],"curies":[{"name":"wp","href":"https:\/\/api.w.org\/{rel}","templated":true}]}}