{"id":25,"date":"2016-10-07T00:00:00","date_gmt":"2016-10-07T03:00:00","guid":{"rendered":"https:\/\/www3.unicentro.br\/desec\/docentes\/"},"modified":"2021-12-06T15:21:39","modified_gmt":"2021-12-06T18:21:39","slug":"docentes","status":"publish","type":"page","link":"https:\/\/www3.unicentro.br\/desec\/docentes\/","title":{"rendered":"Docentes"},"content":{"rendered":"<table style=\"height: 4277px;width: 73.5782%\" width=\"614\">\n<tbody>\n<tr>\n<td style=\"width: 16.8576%\" width=\"94\">\u00a0<img loading=\"lazy\" decoding=\"async\" class=\"aligncenter wp-image-100\" src=\"http:\/\/www2.unicentro.br\/desec\/files\/2016\/10\/CARLA-MARLANA-ROCHA.jpg\" width=\"112\" height=\"147\" \/><\/td>\n<td style=\"width: 81.8331%\" width=\"472\">CARLA MARLANA ROCHA<\/p>\n<p class=\"resumo\">Graduada em Secretariado Executivo pela Universidade Estadual do Centro-Oeste &#8211; UNICENTRO-PR. Graduada em Direito pela Faculdade Guarapuava. Especialista em Direito Constitucional pela Universidade Anhanguera &#8211; UNIDERP. Mestre em Administra\u00e7\u00e3o, \u00e1rea de concentra\u00e7\u00e3o Estrat\u00e9gia, Inova\u00e7\u00e3o e Tecnologia, na Universidade Estadual do Centro-Oeste.Doutoranda em Educa\u00e7\u00e3o, linha Processos Psicol\u00f3gicos em Contextos Educacionais, na Universidade Federal do Paran\u00e1 (UFPR). Pesquisadora na \u00e1rea de estudos interdisciplinares nas Ci\u00eancias Sociais Aplicadas Professora na Universidade Estadual do Centro Oeste &#8211; UNICENTRO.<\/p>\n<p><a href=\"http:\/\/buscatextual.cnpq.br\/buscatextual\/visualizacv.do?id=K4462160T1\" target=\"_blank\" rel=\"noopener noreferrer\">Curr\u00edculo Lattes<\/a><\/td>\n<\/tr>\n<tr>\n<td style=\"width: 16.8576%\" width=\"94\">\u00a0<img loading=\"lazy\" decoding=\"async\" class=\"aligncenter wp-image-104\" src=\"http:\/\/www2.unicentro.br\/desec\/files\/2016\/10\/CARLA-Santos-225x300.jpg\" width=\"110\" height=\"147\" \/><\/td>\n<td style=\"width: 81.8331%\" width=\"472\">CARLA SANTOS<\/p>\n<p>Mestre em Administra\u00e7\u00e3o &#8211; UNICENTRO &#8211; Linha de pesquisa em Estrat\u00e9gia (2019). Especialista em Doc\u00eancia no Ensino Superior &#8211; UNICESUMAR (2016). Bacharel em Secretariado Executivo pela Universidade Estadual do Centro-Oeste (2011). Docente colaboradora do Departamento de Secretariado Executivo (DESEC) na Universidade Estadual do Centro Oeste do Paran\u00e1 &#8211; UNICENTRO. Integrante do grupo de pesquisa Gest\u00e3o do Conhecimento nas Ci\u00eancias Sociais Aplicadas (pesquisadora) na linha de pesquisa de Gest\u00e3o do Conhecimento em Secretariado Executivo. (2015) Experi\u00eancia no setor privado na \u00e1rea de Assessoria e Secretariado, com \u00eanfase em Assessoria Secretarial e Administrativa.<\/p>\n<p><a href=\"http:\/\/buscatextual.cnpq.br\/buscatextual\/visualizacv.do?id=K4318514P0\" target=\"_blank\" rel=\"noopener noreferrer\">Curr\u00edculo Lattes<\/a><\/td>\n<\/tr>\n<tr>\n<td style=\"width: 16.8576%\" width=\"94\">\u00a0<img loading=\"lazy\" decoding=\"async\" class=\"alignnone size-full wp-image-111\" src=\"http:\/\/www2.unicentro.br\/desec\/files\/2016\/10\/CARLOS.jpg\" alt=\"\" width=\"138\" height=\"147\" \/><\/td>\n<td style=\"width: 81.8331%\" width=\"472\">CARLOS ROBERTO ALVES<\/p>\n<p class=\"resumo\">Gradua\u00e7\u00e3o em engenharia qu\u00edmica pela Universidade Estadual de Campinas (1990), gradua\u00e7\u00e3o em bacharelado em administra\u00e7\u00e3o de empresas pela Universidade Estadual do Centro-Oeste (2002), mestrado em Engenharia Qu\u00edmica pela Universidade Estadual de Campinas (1996) e doutorado em Engenharia Florestal pela Universidade Federal do Paran\u00e1 (2003). No ano de 2009 concluiu o curso de MBA executivo em Administra\u00e7\u00e3o de empresas na FGV com \u00eanfase em finan\u00e7as. Trabalhou no per\u00edodo de 1991 a 2008 como gerente de controle de qualidade e tamb\u00e9m como gerente de pesquisa e desenvolvimento na \u00e1rea de produ\u00e7\u00e3o de resinas fen\u00f3licas e de compensados. A partir de 2005, iniciou a carreira na \u00e1rea da doc\u00eancia no per\u00edodo noturno, conciliando com a profiss\u00e3o de Engenheiro Qu\u00edmico. Foi professor da Faculdade Campo Real, de Guarapuava, no per\u00edodo de 2005 a 2010, na \u00e1rea de Administra\u00e7\u00e3o de Empresas. Do ano de 2009 a 2012, foi professor da Faculdade Guarapuava, onde lecionou nos cursos de Administra\u00e7\u00e3o de Empresas, Ci\u00eancias Ambientais, Engenharia El\u00e9trica e Engenharia Civil. No per\u00edodo de Fevereiro de 2010 a Outubro de 2013 foi professor do Curso de Administra\u00e7\u00e3o de Empresas da Universidade do Centro Oeste do Paran\u00e1, Unicentro. Em 03\/10\/2013 tomou posse como Professor de Ensino Superior da Carreira do Magist\u00e9rio P\u00fablico do Ensino Superior do Paran\u00e1, do Departamento de Secretariado Executivo, vinculado ao Setor de Ci\u00eancias Sociais Aplicadas da Unicentro. Em 06\/03\/2014 foi designado Coordenador do Curso de Secretariado Executivo do Campus Avan\u00e7ado da Unicentro no Munic\u00edpio de Laranjeiras do Sul\/PR. Respons\u00e1vel pela Dire\u00e7\u00e3o da Biblioteca da Universidade Estadual da Unicentro do Campus Santa Cruz no per\u00edodo de 2014 a 2017. Coordenador de Tutoria do Curso de Especializa\u00e7\u00e3o em Gest\u00e3o da Informa\u00e7\u00e3o e do Conhecimento no ano de 2015 do Curso da UAB oferecido pela UNICENTRO. Em 2017 assumiu a Chefia do Departamento do Curso de Secretariado Executivo da UNICENTRO.<\/p>\n<p class=\"resumo\"><a href=\"http:\/\/buscatextual.cnpq.br\/buscatextual\/visualizacv.do?id=K4782414P4\" target=\"_blank\" rel=\"noopener noreferrer\">Curr\u00edculo Lattes<\/a><\/p>\n<\/td>\n<\/tr>\n<tr>\n<td style=\"width: 16.8576%\" width=\"94\">\u00a0<img loading=\"lazy\" decoding=\"async\" class=\"aligncenter wp-image-93 size-thumbnail\" src=\"https:\/\/www3.unicentro.br\/desec\/wp-content\/uploads\/sites\/69\/2019\/07\/11218875_1633250623616792_6890001213237640513_n-150x150.jpg\" alt=\"\" width=\"150\" height=\"150\" srcset=\"https:\/\/www3.unicentro.br\/desec\/wp-content\/uploads\/sites\/69\/2019\/07\/11218875_1633250623616792_6890001213237640513_n-150x150.jpg 150w, https:\/\/www3.unicentro.br\/desec\/wp-content\/uploads\/sites\/69\/2019\/07\/11218875_1633250623616792_6890001213237640513_n-300x300.jpg 300w, https:\/\/www3.unicentro.br\/desec\/wp-content\/uploads\/sites\/69\/2019\/07\/11218875_1633250623616792_6890001213237640513_n-768x768.jpg 768w, https:\/\/www3.unicentro.br\/desec\/wp-content\/uploads\/sites\/69\/2019\/07\/11218875_1633250623616792_6890001213237640513_n-50x50.jpg 50w, https:\/\/www3.unicentro.br\/desec\/wp-content\/uploads\/sites\/69\/2019\/07\/11218875_1633250623616792_6890001213237640513_n-80x80.jpg 80w, https:\/\/www3.unicentro.br\/desec\/wp-content\/uploads\/sites\/69\/2019\/07\/11218875_1633250623616792_6890001213237640513_n-263x263.jpg 263w, https:\/\/www3.unicentro.br\/desec\/wp-content\/uploads\/sites\/69\/2019\/07\/11218875_1633250623616792_6890001213237640513_n-100x100.jpg 100w, https:\/\/www3.unicentro.br\/desec\/wp-content\/uploads\/sites\/69\/2019\/07\/11218875_1633250623616792_6890001213237640513_n-526x526.jpg 526w, https:\/\/www3.unicentro.br\/desec\/wp-content\/uploads\/sites\/69\/2019\/07\/11218875_1633250623616792_6890001213237640513_n-255x255.jpg 255w, https:\/\/www3.unicentro.br\/desec\/wp-content\/uploads\/sites\/69\/2019\/07\/11218875_1633250623616792_6890001213237640513_n.jpg 960w\" sizes=\"auto, (max-width: 150px) 100vw, 150px\" \/><\/td>\n<td style=\"width: 81.8331%\" width=\"472\">CAROLINE MONTEIRO<\/p>\n<p style=\"text-align: left\">Mestre em Administra\u00e7\u00e3o n\u00edvel Profissional pela Unicentro (2016). Possui MBA em Gest\u00e3o Empresarial pelo Centro de Ensino Superior de Maring\u00e1 (2012). Graduada em Secretariado Executivo pela Unicentro (2009). Professora Colaboradora na Unicentro, vinculada ao Departamento de Secretariado Executivo &#8211; Desec. Tutora \u00e0 dist\u00e2ncia no curso de Especializa\u00e7\u00e3o em Gest\u00e3o da Informa\u00e7\u00e3o e o Conhecimento pela Universidade Aberta do Brasil (UAB). Integrante dos grupos de pesquisa: Gest\u00e3o do Conhecimento nas Ci\u00eancias Sociais Aplicadas (pesquisadora) e Gest\u00e3o Escolar: Enfoques Interdisciplinares. Possui experi\u00eancia na \u00e1rea administrativa, com foco em Secretariado Executivo: assessoria, atendimento a clientes, planejamento e organiza\u00e7\u00e3o de eventos, reda\u00e7\u00e3o t\u00e9cnica e atividades de rotina administrativa e financeira.<\/p>\n<p style=\"text-align: left\"><a href=\"http:\/\/buscatextual.cnpq.br\/buscatextual\/visualizacv.do?id=K4633626H2\" target=\"_blank\" rel=\"noopener noreferrer\">Curr\u00edculo Lattes<\/a><\/p>\n<\/td>\n<\/tr>\n<tr>\n<td style=\"width: 16.8576%\" width=\"94\">\u00a0<img loading=\"lazy\" decoding=\"async\" class=\"aligncenter wp-image-95 size-thumbnail\" src=\"https:\/\/www3.unicentro.br\/desec\/wp-content\/uploads\/sites\/69\/2019\/07\/DANIELA-DO-AMARAL-OLIVEIRA-GARDIN-150x150.jpg\" alt=\"\" width=\"150\" height=\"150\" srcset=\"https:\/\/www3.unicentro.br\/desec\/wp-content\/uploads\/sites\/69\/2019\/07\/DANIELA-DO-AMARAL-OLIVEIRA-GARDIN-150x150.jpg 150w, https:\/\/www3.unicentro.br\/desec\/wp-content\/uploads\/sites\/69\/2019\/07\/DANIELA-DO-AMARAL-OLIVEIRA-GARDIN-50x50.jpg 50w, https:\/\/www3.unicentro.br\/desec\/wp-content\/uploads\/sites\/69\/2019\/07\/DANIELA-DO-AMARAL-OLIVEIRA-GARDIN-80x80.jpg 80w, https:\/\/www3.unicentro.br\/desec\/wp-content\/uploads\/sites\/69\/2019\/07\/DANIELA-DO-AMARAL-OLIVEIRA-GARDIN-263x263.jpg 263w, https:\/\/www3.unicentro.br\/desec\/wp-content\/uploads\/sites\/69\/2019\/07\/DANIELA-DO-AMARAL-OLIVEIRA-GARDIN-100x100.jpg 100w, https:\/\/www3.unicentro.br\/desec\/wp-content\/uploads\/sites\/69\/2019\/07\/DANIELA-DO-AMARAL-OLIVEIRA-GARDIN-526x526.jpg 526w\" sizes=\"auto, (max-width: 150px) 100vw, 150px\" \/><\/td>\n<td style=\"width: 81.8331%\" width=\"472\">\u00a0DANIELA DO AMARAL OLIVEIRA GARDIN<\/p>\n<p>Doutoranda em Ci\u00eancia da Informa\u00e7\u00e3o no Programa de P\u00f3s-Gradua\u00e7\u00e3o em Ci\u00eancia da Informa\u00e7\u00e3o da Universidade Estadual de Londrina (\u00c1rea de Concentra\u00e7\u00e3o Organiza\u00e7\u00e3o, Acesso e Apropria\u00e7\u00e3o da Informa\u00e7\u00e3o e do Conhecimento; Linha de Pesquisa Compartilhamento da Informa\u00e7\u00e3o e do Conhecimento). Professora do Departamento de Secretariado Executivo da Universidade Estadual do Centro-Oeste, Unicentro. Mestre em Gest\u00e3o da Informa\u00e7\u00e3o (Profissional &#8211; 2011) pela Universidade Estadual de Londrina (UEL). Bacharel em Secretariado Executivo (2004) e em Ci\u00eancias Cont\u00e1beis (1998); P\u00f3s-Graduada (Lato Sensu) em Gest\u00e3o Executiva e Assessoria Empresarial (2011) e em Doc\u00eancia para o Ensino Superior (2006), todos pela Unicentro. Vice-l\u00edder do Grupo de Pesquisa Gest\u00e3o do Conhecimento nas Ci\u00eancias Sociais Aplicadas no Diret\u00f3rio do CNPq.<\/p>\n<p><a href=\"http:\/\/buscatextual.cnpq.br\/buscatextual\/visualizacv.do?id=K4247657H0\" target=\"_blank\" rel=\"noopener noreferrer\">Curr\u00edculo Lattes<\/a><\/td>\n<\/tr>\n<tr>\n<td style=\"width: 16.8576%\" width=\"94\"><img loading=\"lazy\" decoding=\"async\" class=\"aligncenter wp-image-98\" src=\"http:\/\/www2.unicentro.br\/desec\/files\/2016\/10\/D\u00c9RIS-WARMUTH.jpg\" width=\"112\" height=\"148\" \/><\/td>\n<td style=\"width: 81.8331%\" width=\"472\">D\u00c9RIS WARMUTH<\/p>\n<p>Possui gradua\u00e7\u00e3o em Letras Espanhol &#8211; Faculdades Campo Real (2004), especializa\u00e7\u00e3o em Forma\u00e7\u00e3o de Professores para Doc\u00eancia no Ensino Superior (UNICENTRO &#8211; 2008). Professora de espanhol no curso de Secretariado Executivo da Universidade Estadual do Centro Oeste &#8211; UNICENTRO desde 2006. Mestranda em Educa\u00e7\u00e3o na Universidade da Empresa &#8211; UDE (Montevideo\/Uruguay).<\/p>\n<p><a href=\"http:\/\/buscatextual.cnpq.br\/buscatextual\/visualizacv.do?id=K4209195Z9\" target=\"_blank\" rel=\"noopener noreferrer\">Curr\u00edculo Lattes<\/a><\/td>\n<\/tr>\n<tr>\n<td style=\"width: 16.8576%\" width=\"94\"><\/td>\n<td style=\"width: 81.8331%\" width=\"472\"><\/td>\n<\/tr>\n<tr>\n<td style=\"width: 16.8576%\" width=\"94\">\u00a0<img loading=\"lazy\" decoding=\"async\" class=\"aligncenter wp-image-112\" src=\"http:\/\/www2.unicentro.br\/desec\/files\/2016\/10\/JULIANE-SACHSER-ANGNES.jpg\" width=\"112\" height=\"148\" \/><\/td>\n<td style=\"width: 81.8331%\" width=\"472\">JULIANE SACHSER ANGNES<\/p>\n<p>Graduada em Secretariado Executivo Bil\u00edngue pela Universidade Estadual do Oeste do Paran\u00e1 (UNIOESTE). Tamb\u00e9m graduada em Letras &#8211; Portugu\u00eas\/Ingl\u00eas pela Universidade Estadual do Oeste do Paran\u00e1 (UNIOESTE). Especialista em Lingu\u00edstica Aplicada pela Universidade Estadual do Oeste do Paran\u00e1 (UNIOESTE). Mestre em Letras &#8211; Linguagem e Sociedade pela Universidade Estadual do Oeste do Paran\u00e1 (UNIOESTE). Doutora em Educa\u00e7\u00e3o pela Universidade Federal do Paran\u00e1 (UFPR), linha de Cogni\u00e7\u00e3o, Desenvolvimento Humano e Aprendizagem. Realizou est\u00e1gio p\u00f3s-doutoral no Programa de P\u00f3s-Gradua\u00e7\u00e3o em Administra\u00e7\u00e3o da Universidade Estadual de Maring\u00e1 (UEM) no Grupo de Pesquisas em Estudos Organizacionais. \u00c9 professora da Universidade Estadual do Centro-Oeste (UNICENTRO) vinculada ao Departamento de Secretariado Executivo e ao Programa de P\u00f3s-Gradua\u00e7\u00e3o em Administra\u00e7\u00e3o (Mestrado Profissional). Tem experi\u00eancia na doc\u00eancia e pesquisa nas \u00e1reas de Educa\u00e7\u00e3o e Administra\u00e7\u00e3o, atuando principalmente nas seguintes \u00e1reas tem\u00e1ticas: comunica\u00e7\u00e3o organizacional; redes solid\u00e1rias; economia do bem-estar social; gest\u00e3o escolar; planejamento e organiza\u00e7\u00e3o de eventos; cerimonial e protocolo; etiqueta social e comportamental; reda\u00e7\u00e3o t\u00e9cnica oficial e empresarial; responsabilidade social; pesquisa qualitativa em Ci\u00eancias Sociais Aplicadas. \u00c9 Revisora T\u00e9cnica de Linguagem da Revista Capital Cient\u00edfico &#8211; Eletr\u00f4nica (RCCe). L\u00edder do Grupo de Pesquisas em Gest\u00e3o do Conhecimento da Universidade Estadual do Centro-Oeste do Paran\u00e1. \u00c9 l\u00edder do grupo de pesquisa em Gest\u00e3o do Conhecimento.<\/p>\n<p><a href=\"http:\/\/buscatextual.cnpq.br\/buscatextual\/visualizacv.do?id=K4751810E2\" target=\"_blank\" rel=\"noopener noreferrer\">Curr\u00edculo Lattes<\/a><\/td>\n<\/tr>\n<tr>\n<td style=\"width: 16.8576%\" width=\"94\"><img loading=\"lazy\" decoding=\"async\" class=\"aligncenter wp-image-162\" src=\"http:\/\/www2.unicentro.br\/desec\/files\/2016\/10\/KATIANE-CROTTI-225x300.jpg\" width=\"112\" height=\"149\" \/><\/td>\n<td style=\"width: 81.8331%\" width=\"472\">KATIANE CROTTI<\/p>\n<p>Mestre em Administra\u00e7\u00e3o pela Universidade Estadual do Centro &#8211; Oeste &#8211; UNICENTRO. Especializa\u00e7\u00e3o em Gest\u00e3o Executiva e Assessoria Empresarial. Bacharel em Secretariado Executivo (2008) pela Universidade Estadual do Centro-Oeste, UNICENTRO em Guarapuava &#8211; PR. Atua\u00e7\u00e3o como docente no curso de Secretariado Executivo da UNICENTRO desde abril de 2011. Atua\u00e7\u00e3o como Analista de Gest\u00e3o de Pessoas S\u00eanior na Ibema Cia Brasileira de Papel desde abril de 2010. Temas de interesse: assessoria executiva, ensino de secretariado, ecoinova\u00e7\u00e3o e inova\u00e7\u00e3o.<\/p>\n<p><a href=\"http:\/\/buscatextual.cnpq.br\/buscatextual\/visualizacv.do?id=K4356323Y1\" target=\"_blank\" rel=\"noopener noreferrer\">Curr\u00edculo Lattes<\/a><\/td>\n<\/tr>\n<tr>\n<td style=\"width: 16.8576%\" width=\"94\">\u00a0<img loading=\"lazy\" decoding=\"async\" class=\"aligncenter wp-image-113\" src=\"http:\/\/www2.unicentro.br\/desec\/files\/2016\/10\/LUCIANE-FONTANA-MATOSO.jpg\" width=\"112\" height=\"148\" \/><\/td>\n<td style=\"width: 81.8331%\" width=\"472\">LUCIANE FONTANA MATOSO SILVA<\/p>\n<p>Possui Mestrado Profissional em Administra\u00e7\u00e3o, linha de pesquisa Estrat\u00e9gia, Inova\u00e7\u00e3o e Tecnologia, na Universidade Estadual do Centro-Oeste. Possui especializa\u00e7\u00e3o em Administra\u00e7\u00e3o, Orienta\u00e7\u00e3o e Supervis\u00e3o Educacional pelo ESAP e gradua\u00e7\u00e3o em Secretariado Executivo pela Universidade Estadual do Centro-Oeste. Atualmente \u00e9 Professora Colaboradora no Curso de Secretariado Executivo na Universidade Estadual do Centro-Oeste, vinculada ao Departamento de Secretariado Executivo &#8211; DESEC. \u00c1reas de Interesse: Educa\u00e7\u00e3o, Inova\u00e7\u00e3o Tecnol\u00f3gica, Gest\u00e3o do Ensino Superior e Secretariado Executivo.<\/p>\n<p><a href=\"http:\/\/buscatextual.cnpq.br\/buscatextual\/visualizacv.do?id=K4258065U8\" target=\"_blank\" rel=\"noopener noreferrer\">Curr\u00edculo Lattes<\/a><\/td>\n<\/tr>\n<tr>\n<td style=\"width: 16.8576%\" width=\"94\"><\/td>\n<td style=\"width: 81.8331%\" width=\"472\"><span style=\"font-size: 12pt\">M\u00c1BIA CAMARGO<\/span><\/p>\n<p>Doutoranda no Programa Interdisciplinar de Lingu\u00edstica Aplicada da UFRJ. Mestre em Linguagem, Identidade e Subjetividade pela Universidade Estadual de Ponta Grossa (2012). Bacharel em Secretariado Executivo pela UNICENTRO (2008). \u00c9 professora Assistente A do Departamento de Secretariado Executivo da UNICENTRO. Tamb\u00e9m \u00e9 discente no curso de Letras Ingl\u00eas e Literaturas de L\u00ecngua Inglesa na mesma institui\u00e7\u00e3o. Interesse de pesquisa em Teorias Queer e Lingu\u00edstica Queer, Subjetividades, Sexualidade, Rela\u00e7\u00f5es \u00e9tnico-raciais, Anarquismo e Veganismo.<\/p>\n<p><a href=\"http:\/\/buscatextual.cnpq.br\/buscatextual\/visualizacv.do?id=K4421417E1\" target=\"_blank\" rel=\"noopener noreferrer\">Curr\u00edculo Lattes<\/a><\/td>\n<\/tr>\n<tr>\n<td style=\"width: 16.8576%\" width=\"94\"><\/td>\n<td style=\"width: 81.8331%\" width=\"472\"><\/td>\n<\/tr>\n<tr>\n<td style=\"width: 16.8576%\" width=\"94\">\u00a0<img loading=\"lazy\" decoding=\"async\" class=\"aligncenter wp-image-116\" src=\"http:\/\/www2.unicentro.br\/desec\/files\/2016\/10\/SIMONE-APARECIDA-TOMAZETTO.jpg\" width=\"112\" height=\"148\" \/><\/td>\n<td style=\"width: 81.8331%\" width=\"472\"><span style=\"font-size: 12pt\">SIMONE TOMAZETTO<\/span><\/p>\n<p>Possui gradua\u00e7\u00e3o em LETRAS TRADUTOR E INT\u00c9RPRETE &#8211; ESPANHOL pela Faculdade de Ci\u00eancias Aplicadas de Cascavel (2002), mestrado em Letras &#8211; Linguagem e Sociedade pela Universidade Estadual do Oeste do Paran\u00e1 (2012). Professora substituta na UTFPR &#8211; Universidade Tecnol\u00f3gica Federal do Paran\u00e1 (2013-2014). Atualmente \u00e9 professora colaboradora da Unicentro &#8211; Universidade Estadual do Centro-Oeste (2015-2019), ministra as disciplinas de L\u00edngua Espanhola I, II e III Aplicada no curso de Secretariado Executivo e Reda\u00e7\u00e3o T\u00e9cnica e Interpreta\u00e7\u00e3o de Textos Econ\u00f4micos no curso de Ci\u00eancias Econ\u00f4micas.<\/p>\n<p><a href=\"http:\/\/buscatextual.cnpq.br\/buscatextual\/visualizacv.do?id=K4435074D6\" target=\"_blank\" rel=\"noopener noreferrer\">Curr\u00edculo Lattes<\/a><\/td>\n<\/tr>\n<tr>\n<td style=\"width: 16.8576%\" width=\"94\">\u00a0<img loading=\"lazy\" decoding=\"async\" class=\"aligncenter wp-image-117\" src=\"http:\/\/www2.unicentro.br\/desec\/files\/2016\/10\/SUELEN-PONTES-MACHADO.jpg\" width=\"112\" height=\"148\" \/><\/td>\n<td style=\"width: 81.8331%\" width=\"472\"><span style=\"font-size: 12pt\">SUELEN PONTES MACHADO<\/span><\/p>\n<p>Possui gradua\u00e7\u00e3o em Secretariado Executivo, pela Universidade Estadual do Centro-Oeste UNICENTRO (2014). Especialista em Gest\u00e3o da Informa\u00e7\u00e3o e do Conhecimento, pela Universidade Aberta do Brasil &#8211; UAB (2016). Conhecimento avan\u00e7ado em L\u00edngua Inglesa, com experi\u00eancia internacional, realizado em Interc\u00e2mbio Cultural Lions no Texas &#8211; EUA (2009) e Interc\u00e2mbio de trabalho em Utah &#8211; EUA (2013-2014). Docente no departamento de Secretariado Executivo na Unicentro e professora de l\u00edngua inglesa na rede privada de ensino fundamental I e II. Pesquisadora na \u00e1rea de estudos interdisciplinares do Secretariado Executivo, gest\u00e3o da informa\u00e7\u00e3o; e administra\u00e7\u00e3o.<\/p>\n<p><a href=\"http:\/\/buscatextual.cnpq.br\/buscatextual\/visualizacv.do?id=K4339068H1\" target=\"_blank\" rel=\"noopener noreferrer\">Curr\u00edculo Lattes<\/a><\/td>\n<\/tr>\n<tr>\n<td style=\"width: 16.8576%\" width=\"94\"><\/td>\n<td style=\"width: 81.8331%\" width=\"472\"><span style=\"font-size: 12pt\">VANIA SILVA DE SOUZA BILERT<\/span><\/p>\n<p>Possui gradua\u00e7\u00e3o em Secretariado Executivo. Mestrado em Desenvolvimento Regional pela Universidade Tecnol\u00f3gica Federal do Paran\u00e1\/UTFPR. Doutorado em Desenvolvimento Regional pela Universidade Regional de Blumenau &#8211; FURB. Professora do departamento de Secretariado Executivo da Universidade Estadual do Centro-Oeste &#8211; UNICENTRO.<\/p>\n<p>&nbsp;<\/p>\n<p><a href=\"http:\/\/buscatextual.cnpq.br\/buscatextual\/visualizacv.do?id=K4411269P2\" target=\"_blank\" rel=\"noopener noreferrer\">Curr\u00edculo Lattes<\/a><\/td>\n<\/tr>\n<\/tbody>\n<\/table>\n<p>&nbsp;<\/p>\n","protected":false},"excerpt":{"rendered":"<p>\u00a0 CARLA MARLANA ROCHA Graduada em Secretariado Executivo pela Universidade Estadual do Centro-Oeste &#8211; UNICENTRO-PR. Graduada em Direito pela Faculdade Guarapuava. Especialista em Direito Constitucional pela Universidade Anhanguera &#8211; UNIDERP. Mestre em Administra\u00e7\u00e3o, \u00e1rea de concentra\u00e7\u00e3o Estrat\u00e9gia, Inova\u00e7\u00e3o e Tecnologia, na Universidade Estadual do Centro-Oeste.Doutoranda em Educa\u00e7\u00e3o, linha Processos Psicol\u00f3gicos em Contextos Educacionais, na Universidade [&hellip;]<\/p>\n","protected":false},"author":3,"featured_media":0,"parent":0,"menu_order":0,"comment_status":"closed","ping_status":"closed","template":"","meta":{"_exactmetrics_skip_tracking":false,"_exactmetrics_sitenote_active":false,"_exactmetrics_sitenote_note":"","_exactmetrics_sitenote_category":0,"footnotes":"","_links_to":"","_links_to_target":""},"class_list":["post-25","page","type-page","status-publish","hentry"],"_links":{"self":[{"href":"https:\/\/www3.unicentro.br\/desec\/wp-json\/wp\/v2\/pages\/25","targetHints":{"allow":["GET"]}}],"collection":[{"href":"https:\/\/www3.unicentro.br\/desec\/wp-json\/wp\/v2\/pages"}],"about":[{"href":"https:\/\/www3.unicentro.br\/desec\/wp-json\/wp\/v2\/types\/page"}],"author":[{"embeddable":true,"href":"https:\/\/www3.unicentro.br\/desec\/wp-json\/wp\/v2\/users\/3"}],"replies":[{"embeddable":true,"href":"https:\/\/www3.unicentro.br\/desec\/wp-json\/wp\/v2\/comments?post=25"}],"version-history":[{"count":0,"href":"https:\/\/www3.unicentro.br\/desec\/wp-json\/wp\/v2\/pages\/25\/revisions"}],"wp:attachment":[{"href":"https:\/\/www3.unicentro.br\/desec\/wp-json\/wp\/v2\/media?parent=25"}],"curies":[{"name":"wp","href":"https:\/\/api.w.org\/{rel}","templated":true}]}}