{"id":24,"date":"2016-10-07T00:00:00","date_gmt":"2016-10-07T03:00:00","guid":{"rendered":"https:\/\/www3.unicentro.br\/desec\/inicial\/"},"modified":"2023-04-14T13:50:28","modified_gmt":"2023-04-14T16:50:28","slug":"inicial","status":"publish","type":"page","link":"https:\/\/www3.unicentro.br\/desec\/","title":{"rendered":"Inicial"},"content":{"rendered":"<p>A coordena\u00e7\u00e3o de Secretariado Executivo da UNICENTRO tem o prazer de divulgar que o curso atingiu 4 estrelas na avalia\u00e7\u00e3o realizada pelo Guia do Estudante (GE), no ano de 2021.<\/p>\n<p>O curso superior de Bacharelado em Secretariado Executivo da UNICENTRO foi criado em 2001, oferece 40 vagas anuais, no per\u00edodo noturno, atendendo acad\u00eamicos de Guarapuava e regi\u00e3o.<\/p>\n<p>A avalia\u00e7\u00e3o do Guia do Estudante considerou um total de 56 Universidades, sendo que 2 institui\u00e7\u00f5es atingiram nota 5, 9 institui\u00e7\u00f5es foram avaliadas com nota 4, 5 com nota 3 e 40 institui\u00e7\u00f5es n\u00e3o foram avaliadas\/estreladas.<\/p>\n<p>Sete Universidades p\u00fablicas que ofertam Secretariado Executivo no Brasil atingiram a nota 4, incluindo a UNICENTRO. Isso indica que, mais uma vez, estamos entre os melhores cursos do pa\u00eds.<\/p>\n<p>&nbsp;<\/p>\n<p><img loading=\"lazy\" decoding=\"async\" class=\" wp-image-112 aligncenter\" src=\"https:\/\/www3.unicentro.br\/desec\/wp-content\/uploads\/sites\/69\/2021\/12\/guia-do-estudante-nota-2021-247x300.png\" alt=\"\" width=\"370\" height=\"450\" srcset=\"https:\/\/www3.unicentro.br\/desec\/wp-content\/uploads\/sites\/69\/2021\/12\/guia-do-estudante-nota-2021-247x300.png 247w, https:\/\/www3.unicentro.br\/desec\/wp-content\/uploads\/sites\/69\/2021\/12\/guia-do-estudante-nota-2021-844x1024.png 844w, https:\/\/www3.unicentro.br\/desec\/wp-content\/uploads\/sites\/69\/2021\/12\/guia-do-estudante-nota-2021-768x932.png 768w, https:\/\/www3.unicentro.br\/desec\/wp-content\/uploads\/sites\/69\/2021\/12\/guia-do-estudante-nota-2021-277x337.png 277w, https:\/\/www3.unicentro.br\/desec\/wp-content\/uploads\/sites\/69\/2021\/12\/guia-do-estudante-nota-2021-554x674.png 554w, https:\/\/www3.unicentro.br\/desec\/wp-content\/uploads\/sites\/69\/2021\/12\/guia-do-estudante-nota-2021-255x309.png 255w, https:\/\/www3.unicentro.br\/desec\/wp-content\/uploads\/sites\/69\/2021\/12\/guia-do-estudante-nota-2021.png 1024w\" sizes=\"auto, (max-width: 370px) 100vw, 370px\" \/><\/p>\n<p>&nbsp;<\/p>\n<p>&nbsp;<\/p>\n<p><strong>SOBRE O CURSO:<\/strong><\/p>\n<p>Desde o ano de 2004 o Curso de Secretariado Executivo da Unicentro gradua profissionais aptos \u00e0 inser\u00e7\u00e3o no mercado de trabalho nacional e internacional, concentrando globalmente nessa forma\u00e7\u00e3o conhecimentos no \u00e2mbito da Gest\u00e3o, Comunica\u00e7\u00e3o e Pesquisa.<\/p>\n<p>Considerando seu aspecto multidisciplinar, em n\u00edvel espec\u00edfico congrega estudos nas \u00e1reas das Ci\u00eancias Sociais Aplicadas e Humanas como das T\u00e9cnicas Secretariais, das L\u00ednguas Estrangeiras (Espanhol e Ingl\u00eas), da Administra\u00e7\u00e3o, do Direito, da Economia, das Ci\u00eancias Cont\u00e1beis, entre outras. Atualmente o curso \u00e9 ofertado nos tr\u00eas Campi da Universidade (Guarapuava, Laranjeiras do Sul e Chopinzinho) e sua integraliza\u00e7\u00e3o m\u00ednima \u00e9 de quatro e m\u00e1xima de seis anos.<\/p>\n<p>Na Unicentro o Secretariado Executivo vem alcan\u00e7ando repetidamente excelentes m\u00e9dias de qualidade reconhecidas por diversos \u00f3rg\u00e3os educacionais como o MEC\/Enade, Exame Nacional de Cursos (conceito 4 em 2013), o Guia do Estudante (4 e 5 estrelas -2016, 2015, 2014, 2013, 2012) e o IGC \u2013 \u00cdndice Geral de Cursos (melhor nota do Brasil \u2013 2013).<\/p>\n<p>\u00c9 um dos cursos que mais aloca seus estudantes em vagas de est\u00e1gio remunerado nas organiza\u00e7\u00f5es da regi\u00e3o, al\u00e9m das oportunidades que s\u00e3o ofertadas em inicia\u00e7\u00e3o cient\u00edfica, monitorias e est\u00e1gio pedag\u00f3gico volunt\u00e1rio e remunerado.<\/p>\n<p>Seu corpo docente integra P\u00f3s-Doutores e Doutores, Mestres e Especialistas nas \u00e1reas de Educa\u00e7\u00e3o, Letras, Administra\u00e7\u00e3o e Gest\u00e3o da Informa\u00e7\u00e3o e do Conhecimento. O Bacharel em Secretariado Executivo est\u00e1 vinculado aos n\u00edveis de dom\u00ednio organizacional-estrat\u00e9gico, institucional e intelectual das Organiza\u00e7\u00f5es e \u00e9 um profissional com capacidade de an\u00e1lise, interpreta\u00e7\u00e3o e articula\u00e7\u00e3o de conceitos.<\/p>\n<p>Como profissional da informa\u00e7\u00e3o o Secret\u00e1rio Executivo est\u00e1 intimamente ligado aos paradigmas da Sociedade da Informa\u00e7\u00e3o e do Conhecimento e pode atuar em institui\u00e7\u00f5es p\u00fablicas e privadas, ind\u00fastrias, com\u00e9rcio, multinacionais, bancos, consultorias e educa\u00e7\u00e3o, al\u00e9m de terem aptid\u00e3o para o empreendedorismo<br \/>\nindividual.<\/p>\n<p style=\"text-align: center\">Por:\u00a0<b>Daniela do Amaral Oliveira Gardin,<\/b><\/p>\n<div style=\"text-align: center\">Professora do Departamento de Secretariado Executivo<\/div>\n","protected":false},"excerpt":{"rendered":"<p>A coordena\u00e7\u00e3o de Secretariado Executivo da UNICENTRO tem o prazer de divulgar que o curso atingiu 4 estrelas na avalia\u00e7\u00e3o realizada pelo Guia do Estudante (GE), no ano de 2021. O curso superior de Bacharelado em Secretariado Executivo da UNICENTRO foi criado em 2001, oferece 40 vagas anuais, no per\u00edodo noturno, atendendo acad\u00eamicos de Guarapuava [&hellip;]<\/p>\n","protected":false},"author":3,"featured_media":0,"parent":0,"menu_order":0,"comment_status":"closed","ping_status":"closed","template":"","meta":{"_exactmetrics_skip_tracking":false,"_exactmetrics_sitenote_active":false,"_exactmetrics_sitenote_note":"","_exactmetrics_sitenote_category":0,"footnotes":"","_links_to":"","_links_to_target":""},"class_list":["post-24","page","type-page","status-publish","hentry"],"_links":{"self":[{"href":"https:\/\/www3.unicentro.br\/desec\/wp-json\/wp\/v2\/pages\/24","targetHints":{"allow":["GET"]}}],"collection":[{"href":"https:\/\/www3.unicentro.br\/desec\/wp-json\/wp\/v2\/pages"}],"about":[{"href":"https:\/\/www3.unicentro.br\/desec\/wp-json\/wp\/v2\/types\/page"}],"author":[{"embeddable":true,"href":"https:\/\/www3.unicentro.br\/desec\/wp-json\/wp\/v2\/users\/3"}],"replies":[{"embeddable":true,"href":"https:\/\/www3.unicentro.br\/desec\/wp-json\/wp\/v2\/comments?post=24"}],"version-history":[{"count":0,"href":"https:\/\/www3.unicentro.br\/desec\/wp-json\/wp\/v2\/pages\/24\/revisions"}],"wp:attachment":[{"href":"https:\/\/www3.unicentro.br\/desec\/wp-json\/wp\/v2\/media?parent=24"}],"curies":[{"name":"wp","href":"https:\/\/api.w.org\/{rel}","templated":true}]}}