{"id":335,"date":"2020-06-16T10:27:36","date_gmt":"2020-06-16T13:27:36","guid":{"rendered":"https:\/\/www3.unicentro.br\/deq\/?page_id=335"},"modified":"2020-08-27T18:23:32","modified_gmt":"2020-08-27T21:23:32","slug":"eventos","status":"publish","type":"page","link":"https:\/\/www3.unicentro.br\/deq\/eventos\/","title":{"rendered":"Eventos"},"content":{"rendered":"<div class=\"wpb-content-wrapper\"><p>[vc_row][vc_column][vc_row_inner][vc_column_inner][vc_column_text]<\/p>\n<p style=\"text-align: center\"><span style=\"font-size: 24pt\">Sess\u00e3o 3: dia 27\/08\/2020<\/span><\/p>\n<p style=\"text-align: center\"><span style=\"font-size: 14pt\">A sala estar\u00e1 dispon\u00edvel a partir das 19h dos dias do evento.<\/span><\/p>\n<p style=\"text-align: center\">Clique no bot\u00e3o abaixo para ser redirecionado para a sala de confer\u00eancia do Google Meet do Evento.<\/p>\n<p>[\/vc_column_text][vc_btn title=&#8221;Sess\u00e3o 3 &#8211; 27\/08\/20&#8243; color=&#8221;success&#8221; size=&#8221;lg&#8221; align=&#8221;center&#8221; i_icon_fontawesome=&#8221;fas fa-tv&#8221; add_icon=&#8221;true&#8221; link=&#8221;url:http%3A%2F%2Fmeet.google.com%2Fqqw-cznw-kvd|title:Sess%C3%A3o%201%20do%20Tributo%20ao%20prof.%20Toshio|target:%20_blank|&#8221;][vc_column_text]<\/p>\n<p style=\"text-align: center\">Ou entre no google meet com o seguinte c\u00f3digo de sala: <a href=\"http:\/\/meet.google.com\/qqw-cznw-kvd\">qqw-cznw-kvd<\/a><\/p>\n<p style=\"text-align: center\">_____________________________________________________________________________________________________________________<\/p>\n<p>&nbsp;<\/p>\n<p>[\/vc_column_text][vc_column_text]<\/p>\n<p style=\"text-align: center\"><span style=\"font-size: 24pt\">Sess\u00e3o 2: dia 26\/08\/2020<\/span><\/p>\n<p style=\"text-align: center\"><span style=\"font-size: 14pt\">A sala estar\u00e1 dispon\u00edvel a partir das 19h dos dias do evento.<\/span><\/p>\n<p style=\"text-align: center\">Clique no bot\u00e3o abaixo para ser redirecionado para a sala de confer\u00eancia do Google Meet do Evento.<\/p>\n<p>[\/vc_column_text][vc_btn title=&#8221;Sess\u00e3o 2 &#8211; 26\/08\/20&#8243; color=&#8221;success&#8221; size=&#8221;lg&#8221; align=&#8221;center&#8221; i_icon_fontawesome=&#8221;fas fa-tv&#8221; add_icon=&#8221;true&#8221; link=&#8221;url:http%3A%2F%2Fmeet.google.com%2Fqqw-cznw-kvd|title:Sess%C3%A3o%201%20do%20Tributo%20ao%20prof.%20Toshio|target:%20_blank|&#8221;][vc_column_text]<\/p>\n<p style=\"text-align: center\">Ou entre no google meet com o seguinte c\u00f3digo de sala: <a href=\"http:\/\/meet.google.com\/qqw-cznw-kvd\">qqw-cznw-kvd<\/a><\/p>\n<p style=\"text-align: center\">_____________________________________________________________________________________________________________________<\/p>\n<p>&nbsp;<\/p>\n<p>[\/vc_column_text][vc_column_text]<\/p>\n<p style=\"text-align: center\"><span style=\"font-size: 24pt\">Sess\u00e3o 1: dia 25\/08\/2020<\/span><\/p>\n<p style=\"text-align: center\"><span style=\"font-size: 14pt\">A sala estar\u00e1 dispon\u00edvel a partir das 19h dos dias do evento.<\/span><\/p>\n<p style=\"text-align: center\">Clique no bot\u00e3o abaixo para ser redirecionado para a sala de confer\u00eancia do Google Meet do Evento.<\/p>\n<p>[\/vc_column_text][vc_btn title=&#8221;Sess\u00e3o 1 &#8211; 25\/08\/20&#8243; color=&#8221;success&#8221; size=&#8221;lg&#8221; align=&#8221;center&#8221; i_icon_fontawesome=&#8221;fas fa-tv&#8221; add_icon=&#8221;true&#8221; link=&#8221;url:http%3A%2F%2Fmeet.google.com%2Fqqw-cznw-kvd|title:Sess%C3%A3o%201%20do%20Tributo%20ao%20prof.%20Toshio|target:%20_blank|&#8221;][vc_column_text]<\/p>\n<p style=\"text-align: center\">Ou entre no google meet com o seguinte c\u00f3digo de sala: <a href=\"http:\/\/meet.google.com\/qqw-cznw-kvd\">qqw-cznw-kvd<\/a><\/p>\n<p>&nbsp;<\/p>\n<p>&nbsp;<\/p>\n<p style=\"text-align: center\">_____________________________________________________________________________________________________________________<\/p>\n<p>[\/vc_column_text][\/vc_column_inner][\/vc_row_inner][vc_column_text]<\/p>\n<p style=\"text-align: center\"><img loading=\"lazy\" decoding=\"async\" class=\"size-large wp-image-421 aligncenter\" src=\"https:\/\/www3.unicentro.br\/deq\/wp-content\/uploads\/sites\/82\/2020\/08\/Tributo-ao-Toshio-1024x576.jpg\" alt=\"\" width=\"900\" height=\"506\" srcset=\"https:\/\/www3.unicentro.br\/deq\/wp-content\/uploads\/sites\/82\/2020\/08\/Tributo-ao-Toshio-1024x576.jpg 1024w, https:\/\/www3.unicentro.br\/deq\/wp-content\/uploads\/sites\/82\/2020\/08\/Tributo-ao-Toshio-300x169.jpg 300w, https:\/\/www3.unicentro.br\/deq\/wp-content\/uploads\/sites\/82\/2020\/08\/Tributo-ao-Toshio-768x432.jpg 768w, https:\/\/www3.unicentro.br\/deq\/wp-content\/uploads\/sites\/82\/2020\/08\/Tributo-ao-Toshio-255x143.jpg 255w, https:\/\/www3.unicentro.br\/deq\/wp-content\/uploads\/sites\/82\/2020\/08\/Tributo-ao-Toshio.jpg 1280w\" sizes=\"auto, (max-width: 900px) 100vw, 900px\" \/><\/p>\n<p style=\"text-align: center\"><span style=\"font-size: 18pt\"><a href=\"https:\/\/www3.unicentro.br\/deq\/wp-content\/uploads\/sites\/82\/2020\/08\/Apresenta\u00e7ao-Tributo-ao-Prof-Toshio.pdf\">Conhe\u00e7a um pouco da trajet\u00f3ria do professor Toshio clicando aqui!<\/a><\/span><\/p>\n<p>&nbsp;<\/p>\n<p>[\/vc_column_text][\/vc_column][\/vc_row][vc_row][vc_column width=&#8221;1\/5&#8243;][\/vc_column][vc_column width=&#8221;3\/5&#8243;][vc_column_text]<\/p>\n<p style=\"text-align: center\"><span style=\"font-size: 18pt\">Programa\u00e7\u00e3o:<\/span><\/p>\n<p><img loading=\"lazy\" decoding=\"async\" class=\"alignnone size-large wp-image-462 aligncenter\" src=\"https:\/\/www3.unicentro.br\/deq\/wp-content\/uploads\/sites\/82\/2020\/08\/WhatsApp-Image-2020-08-19-at-16.14.12-709x1024.jpeg\" alt=\"\" width=\"709\" height=\"1024\" srcset=\"https:\/\/www3.unicentro.br\/deq\/wp-content\/uploads\/sites\/82\/2020\/08\/WhatsApp-Image-2020-08-19-at-16.14.12-709x1024.jpeg 709w, https:\/\/www3.unicentro.br\/deq\/wp-content\/uploads\/sites\/82\/2020\/08\/WhatsApp-Image-2020-08-19-at-16.14.12-208x300.jpeg 208w, https:\/\/www3.unicentro.br\/deq\/wp-content\/uploads\/sites\/82\/2020\/08\/WhatsApp-Image-2020-08-19-at-16.14.12-255x368.jpeg 255w, https:\/\/www3.unicentro.br\/deq\/wp-content\/uploads\/sites\/82\/2020\/08\/WhatsApp-Image-2020-08-19-at-16.14.12.jpeg 720w\" sizes=\"auto, (max-width: 709px) 100vw, 709px\" \/><\/p>\n<p>[\/vc_column_text][\/vc_column][vc_column width=&#8221;1\/5&#8243;][\/vc_column][\/vc_row][vc_row][vc_column][vc_row_inner][vc_column_inner][vc_column_text]<\/p>\n<p style=\"text-align: center\"><span style=\"font-size: 18pt\">Clique no bot\u00e3o abaixo e fa\u00e7a a sua inscri\u00e7\u00e3o!!<\/span><\/p>\n<p>[\/vc_column_text][\/vc_column_inner][\/vc_row_inner][vc_btn title=&#8221;Formul\u00e1rio de Inscri\u00e7\u00e3o&#8221; color=&#8221;success&#8221; size=&#8221;lg&#8221; align=&#8221;center&#8221; i_icon_fontawesome=&#8221;far fa-file-alt&#8221; add_icon=&#8221;true&#8221; link=&#8221;url:https%3A%2F%2Fdocs.google.com%2Fforms%2Fd%2Fe%2F1FAIpQLSexHLdC1MiTzTRx5A2XcWotHjHn6UMqKJQe8flApbyUWtuxCg%2Fviewform%3Fusp%3Dsf_link|title:Clique%20Aqui!|target:%20_blank|&#8221;][vc_column_text]<\/p>\n<p style=\"text-align: center\"><span style=\"font-size: 18pt\">Para mais informa\u00e7\u00f5es, nos envie um e-mail preenchendo o formul\u00e1rio abaixo!<\/span><\/p>\n<p>[\/vc_column_text][\/vc_column][\/vc_row][vc_row][vc_column width=&#8221;1\/3&#8243;][\/vc_column][vc_column width=&#8221;1\/3&#8243;]\n<div class=\"wpcf7 no-js\" id=\"wpcf7-f460-o1\" lang=\"pt-BR\" dir=\"ltr\" data-wpcf7-id=\"460\">\n<div class=\"screen-reader-response\"><p role=\"status\" aria-live=\"polite\" aria-atomic=\"true\"><\/p> <ul><\/ul><\/div>\n<form action=\"\/deq\/wp-json\/wp\/v2\/pages\/335#wpcf7-f460-o1\" method=\"post\" class=\"wpcf7-form init\" aria-label=\"Formul\u00e1rios de contato\" novalidate=\"novalidate\" data-status=\"init\">\n<fieldset class=\"hidden-fields-container\"><input type=\"hidden\" name=\"_wpcf7\" value=\"460\" \/><input type=\"hidden\" name=\"_wpcf7_version\" value=\"6.1.5\" \/><input type=\"hidden\" name=\"_wpcf7_locale\" value=\"pt_BR\" \/><input type=\"hidden\" name=\"_wpcf7_unit_tag\" value=\"wpcf7-f460-o1\" \/><input type=\"hidden\" name=\"_wpcf7_container_post\" value=\"0\" \/><input type=\"hidden\" name=\"_wpcf7_posted_data_hash\" value=\"\" \/><input type=\"hidden\" name=\"_wpcf7_recaptcha_response\" value=\"\" \/>\n<\/fieldset>\n<p><label> Seu nome (obrigat\u00f3rio)<br \/>\n<span class=\"wpcf7-form-control-wrap\" data-name=\"your-name\"><input size=\"40\" maxlength=\"400\" class=\"wpcf7-form-control wpcf7-text wpcf7-validates-as-required\" aria-required=\"true\" aria-invalid=\"false\" value=\"\" type=\"text\" name=\"your-name\" \/><\/span> <\/label>\n<\/p>\n<p><label> Seu e-mail (obrigat\u00f3rio)<br \/>\n<span class=\"wpcf7-form-control-wrap\" data-name=\"your-email\"><input size=\"40\" maxlength=\"400\" class=\"wpcf7-form-control wpcf7-email wpcf7-validates-as-required wpcf7-text wpcf7-validates-as-email\" aria-required=\"true\" aria-invalid=\"false\" value=\"\" type=\"email\" name=\"your-email\" \/><\/span> <\/label>\n<\/p>\n<p><label> Assunto<br \/>\n<span class=\"wpcf7-form-control-wrap\" data-name=\"your-subject\"><input size=\"40\" maxlength=\"400\" class=\"wpcf7-form-control wpcf7-text\" aria-invalid=\"false\" value=\"\" type=\"text\" name=\"your-subject\" \/><\/span> <\/label>\n<\/p>\n<p><label> Sua mensagem<br \/>\n<span class=\"wpcf7-form-control-wrap\" data-name=\"your-message\"><textarea cols=\"40\" rows=\"10\" maxlength=\"2000\" class=\"wpcf7-form-control wpcf7-textarea\" aria-invalid=\"false\" name=\"your-message\"><\/textarea><\/span> <\/label>\n<\/p>\n<p><input class=\"wpcf7-form-control wpcf7-submit has-spinner\" type=\"submit\" value=\"Enviar\" \/>\n<\/p><p style=\"display: none !important;\" class=\"akismet-fields-container\" data-prefix=\"_wpcf7_ak_\"><label>&#916;<textarea name=\"_wpcf7_ak_hp_textarea\" cols=\"45\" rows=\"8\" maxlength=\"100\"><\/textarea><\/label><input type=\"hidden\" id=\"ak_js_1\" name=\"_wpcf7_ak_js\" value=\"188\"\/><script>document.getElementById( \"ak_js_1\" ).setAttribute( \"value\", ( new Date() ).getTime() );<\/script><\/p><input type='hidden' class='wpcf7-pum' value='{\"closepopup\":false,\"closedelay\":0,\"openpopup\":false,\"openpopup_id\":0}' \/><div class=\"wpcf7-response-output\" aria-hidden=\"true\"><\/div>\n<\/form>\n<\/div>\n[\/vc_column][vc_column width=&#8221;1\/3&#8243;][\/vc_column][\/vc_row]<\/p>\n<\/div>","protected":false},"excerpt":{"rendered":"<p>[vc_row][vc_column][vc_row_inner][vc_column_inner][vc_column_text] Sess\u00e3o 3: dia 27\/08\/2020 A sala estar\u00e1 dispon\u00edvel a partir das 19h dos dias do evento. Clique no bot\u00e3o abaixo para ser redirecionado para a sala de confer\u00eancia do Google Meet do Evento. [\/vc_column_text][vc_btn title=&#8221;Sess\u00e3o 3 &#8211; 27\/08\/20&#8243; color=&#8221;success&#8221; size=&#8221;lg&#8221; align=&#8221;center&#8221; i_icon_fontawesome=&#8221;fas fa-tv&#8221; add_icon=&#8221;true&#8221; link=&#8221;url:http%3A%2F%2Fmeet.google.com%2Fqqw-cznw-kvd|title:Sess%C3%A3o%201%20do%20Tributo%20ao%20prof.%20Toshio|target:%20_blank|&#8221;][vc_column_text] Ou entre no google meet com o seguinte c\u00f3digo [&hellip;]<\/p>\n","protected":false},"author":260,"featured_media":0,"parent":0,"menu_order":0,"comment_status":"closed","ping_status":"closed","template":"","meta":{"_exactmetrics_skip_tracking":false,"_exactmetrics_sitenote_active":false,"_exactmetrics_sitenote_note":"","_exactmetrics_sitenote_category":0,"footnotes":"","_links_to":"","_links_to_target":""},"class_list":["post-335","page","type-page","status-publish","hentry"],"_links":{"self":[{"href":"https:\/\/www3.unicentro.br\/deq\/wp-json\/wp\/v2\/pages\/335","targetHints":{"allow":["GET"]}}],"collection":[{"href":"https:\/\/www3.unicentro.br\/deq\/wp-json\/wp\/v2\/pages"}],"about":[{"href":"https:\/\/www3.unicentro.br\/deq\/wp-json\/wp\/v2\/types\/page"}],"author":[{"embeddable":true,"href":"https:\/\/www3.unicentro.br\/deq\/wp-json\/wp\/v2\/users\/260"}],"replies":[{"embeddable":true,"href":"https:\/\/www3.unicentro.br\/deq\/wp-json\/wp\/v2\/comments?post=335"}],"version-history":[{"count":0,"href":"https:\/\/www3.unicentro.br\/deq\/wp-json\/wp\/v2\/pages\/335\/revisions"}],"wp:attachment":[{"href":"https:\/\/www3.unicentro.br\/deq\/wp-json\/wp\/v2\/media?parent=335"}],"curies":[{"name":"wp","href":"https:\/\/api.w.org\/{rel}","templated":true}]}}