{"id":225,"date":"2020-06-09T09:52:32","date_gmt":"2020-06-09T12:52:32","guid":{"rendered":"https:\/\/www3.unicentro.br\/deq\/?page_id=225"},"modified":"2020-06-09T13:48:17","modified_gmt":"2020-06-09T16:48:17","slug":"normas-e-formularios","status":"publish","type":"page","link":"https:\/\/www3.unicentro.br\/deq\/area-do-aluno\/normas-e-formularios\/","title":{"rendered":"Normas e Formul\u00e1rios"},"content":{"rendered":"<div class=\"wpb-content-wrapper\"><p>[vc_row][vc_column][vc_tta_tabs style=&#8221;modern&#8221; color=&#8221;blue&#8221; active_section=&#8221;0&#8243; title=&#8221;Bacharelado&#8221;][vc_tta_section i_icon_fontawesome=&#8221;fas fa-industry&#8221; add_icon=&#8221;true&#8221; title=&#8221;Est\u00e1gio na Ind\u00fastria\/Laborat\u00f3rio&#8221; tab_id=&#8221;1591359561459-7c369f13-51cb&#8221;][vc_text_separator title=&#8221;Normas&#8221; color=&#8221;blue&#8221;][vc_column_text]As atuais normas orientadoras para os Est\u00e1gios em ind\u00fastrias e laborat\u00f3rios se baseiam na norma 90-2014 que pode ser acessada abaixo.[\/vc_column_text][vc_btn title=&#8221;Normas Est\u00e1gio&#8221; align=&#8221;center&#8221; link=&#8221;url:http%3A%2F%2Fwww3.unicentro.br%2Fdeq%2Fwp-content%2Fuploads%2Fsites%2F82%2F2020%2F06%2FES-Regulamento-Estagio-Supervisionado.pdf|title:Resolu%C3%A7%C3%A3o%2090-2014%20-%20%20Normas%20Est%C3%A1gio%20Supervisionado||&#8221;][vc_text_separator title=&#8221;Formul\u00e1rios&#8221; color=&#8221;blue&#8221;][vc_column_text][\/vc_column_text][vc_row_inner][vc_column_inner width=&#8221;1\/2&#8243;][vc_text_separator title=&#8221;Ind\u00fastria&#8221; color=&#8221;blue&#8221;][vc_btn title=&#8221;Carta de Encaminhamento&#8221; align=&#8221;center&#8221; i_icon_fontawesome=&#8221;fas fa-file-signature&#8221; button_block=&#8221;true&#8221; add_icon=&#8221;true&#8221; link=&#8221;url:http%3A%2F%2Fwww3.unicentro.br%2Fdeq%2Fwp-content%2Fuploads%2Fsites%2F82%2F2020%2F06%2FCARTA_ENCAMINHAMENTO.docx|title:Carta%20de%20Encaminhamento||&#8221;][vc_btn title=&#8221;Contrato de Est\u00e1gio&#8221; align=&#8221;center&#8221; i_icon_fontawesome=&#8221;fas fa-file-signature&#8221; button_block=&#8221;true&#8221; add_icon=&#8221;true&#8221; link=&#8221;url:http%3A%2F%2Fwww3.unicentro.br%2Fdeq%2Fwp-content%2Fuploads%2Fsites%2F82%2F2020%2F06%2FCONTRATO-DE-ESTAGIO.docx|title:Contrato%20de%20Est%C3%A1gio||&#8221;][vc_btn title=&#8221;Carta de Aceite&#8221; align=&#8221;center&#8221; i_icon_fontawesome=&#8221;fas fa-file-signature&#8221; button_block=&#8221;true&#8221; add_icon=&#8221;true&#8221; link=&#8221;url:http%3A%2F%2Fwww3.unicentro.br%2Fdeq%2Fwp-content%2Fuploads%2Fsites%2F82%2F2020%2F06%2FCARTA_ACEITE_2019.docx|title:Carta%20de%20Aceite|target:%20_blank|&#8221;][vc_btn title=&#8221;Declara\u00e7\u00e3o de Est\u00e1gio&#8221; align=&#8221;center&#8221; i_icon_fontawesome=&#8221;fas fa-file-signature&#8221; button_block=&#8221;true&#8221; add_icon=&#8221;true&#8221; link=&#8221;url:http%3A%2F%2Fwww3.unicentro.br%2Fdeq%2Fwp-content%2Fuploads%2Fsites%2F82%2F2020%2F06%2FDECLARACAO_ESTAGIO.docx|title:Declara%C3%A7%C3%A3o%20de%20Est%C3%A1gio||&#8221;][\/vc_column_inner][vc_column_inner width=&#8221;1\/2&#8243;][vc_text_separator title=&#8221;Laborat\u00f3rio&#8221; color=&#8221;blue&#8221;][vc_btn title=&#8221;Carta de Encaminhamento &#8211; UNICENTRO&#8221; align=&#8221;center&#8221; i_icon_fontawesome=&#8221;fas fa-file-signature&#8221; button_block=&#8221;true&#8221; add_icon=&#8221;true&#8221; link=&#8221;url:http%3A%2F%2Fwww3.unicentro.br%2Fdeq%2Fwp-content%2Fuploads%2Fsites%2F82%2F2020%2F06%2FCARTA_ENCAMINHAMENTO.docx|title:Carta%20de%20Encaminhamento%20-%20UNICENTRO||&#8221;][vc_btn title=&#8221;Carta de Aceite &#8211; UNICENTRO&#8221; align=&#8221;center&#8221; i_icon_fontawesome=&#8221;fas fa-file-signature&#8221; button_block=&#8221;true&#8221; add_icon=&#8221;true&#8221; link=&#8221;url:http%3A%2F%2Fwww3.unicentro.br%2Fdeq%2Fwp-content%2Fuploads%2Fsites%2F82%2F2020%2F06%2FCARTA_ACEITO_LAB_UNICENTRO.docx|title:Carta%20de%20Aceite|target:%20_blank|&#8221;][vc_btn title=&#8221;Declara\u00e7\u00e3o de Est\u00e1gio &#8211; UNICENTRO&#8221; align=&#8221;center&#8221; i_icon_fontawesome=&#8221;fas fa-file-signature&#8221; button_block=&#8221;true&#8221; add_icon=&#8221;true&#8221; link=&#8221;url:http%3A%2F%2Fwww3.unicentro.br%2Fdeq%2Fwp-content%2Fuploads%2Fsites%2F82%2F2020%2F06%2FDECLARACAO_ESTAGIO_UNICENTRO_2019.docx|title:Carta%20de%20Est%C3%A1gio%20-%20UNICENTRO||&#8221;][\/vc_column_inner][\/vc_row_inner][\/vc_tta_section][vc_tta_section i_icon_fontawesome=&#8221;fas fa-book-dead&#8221; add_icon=&#8221;true&#8221; title=&#8221;Trabalho de Conclus\u00e3o de Curso &#8211; TCC&#8221; tab_id=&#8221;1591707430347-0f0b82c5-4a1f&#8221;][vc_text_separator title=&#8221;Normas&#8221; color=&#8221;blue&#8221;][vc_column_text]As atuais normas orientadoras para o Trabalho de Conclus\u00e3o de Curso do Departamento de Qu\u00edmica da UNICENTRO se baseiam na norma 42-2013 que pode ser acessada abaixo.[\/vc_column_text][vc_btn title=&#8221;Normas TCC&#8221; align=&#8221;center&#8221; link=&#8221;url:http%3A%2F%2Fwww3.unicentro.br%2Fdeq%2Fwp-content%2Fuploads%2Fsites%2F82%2F2020%2F06%2FTCC-Resolu%C3%A7%C3%A3o-42-2013-Regulamento-de-TCC-DEQ.pdf|title:Resolu%C3%A7%C3%A3o%2042-2013%20-%20Regulamento%20de%20TCC||&#8221;][vc_text_separator title=&#8221;Formul\u00e1rios&#8221; color=&#8221;blue&#8221;][vc_row_inner][vc_column_inner width=&#8221;1\/2&#8243;][vc_btn title=&#8221;Anexo I&#8221; align=&#8221;center&#8221; i_icon_fontawesome=&#8221;fas fa-file-signature&#8221; button_block=&#8221;true&#8221; add_icon=&#8221;true&#8221; link=&#8221;url:http%3A%2F%2Fwww3.unicentro.br%2Fdeq%2Fwp-content%2Fuploads%2Fsites%2F82%2F2020%2F06%2FTCC-Anexo-I.doc|title:REGRAS%20PARA%20A%20ESTRUTURA%C3%87%C3%83O%20DA%20MONOGRAFIA%20DO%20TCC||&#8221;][vc_btn title=&#8221;Anexo II&#8221; align=&#8221;center&#8221; i_icon_fontawesome=&#8221;fas fa-file-signature&#8221; button_block=&#8221;true&#8221; add_icon=&#8221;true&#8221; link=&#8221;url:http%3A%2F%2Fwww3.unicentro.br%2Fdeq%2Fwp-content%2Fuploads%2Fsites%2F82%2F2020%2F06%2FTCC-Anexo-II.doc|title:PARECER%20AVALIATIVO%20DO%20PROJETO%20DE%20CONCLUS%C3%83O%20DE%20CURSO||&#8221;][vc_btn title=&#8221;Anexo III&#8221; align=&#8221;center&#8221; i_icon_fontawesome=&#8221;fas fa-file-signature&#8221; button_block=&#8221;true&#8221; add_icon=&#8221;true&#8221; link=&#8221;url:http%3A%2F%2Fwww3.unicentro.br%2Fdeq%2Fwp-content%2Fuploads%2Fsites%2F82%2F2020%2F06%2FTCC-Anexo-III.doc|title:CARTA%20DE%20ACEITE%20DO%20ORIENTADOR||&#8221;][vc_btn title=&#8221;Anexo IV&#8221; align=&#8221;center&#8221; i_icon_fontawesome=&#8221;fas fa-file-signature&#8221; button_block=&#8221;true&#8221; add_icon=&#8221;true&#8221; link=&#8221;url:http%3A%2F%2Fwww3.unicentro.br%2Fdeq%2Fwp-content%2Fuploads%2Fsites%2F82%2F2020%2F06%2FTCC-Anexo-IV.doc|title:PARECER%20DO%20PROJETO%20DE%20TCC%20PELO%20ORIENTADOR||&#8221;][vc_btn title=&#8221;Anexo V&#8221; align=&#8221;center&#8221; i_icon_fontawesome=&#8221;fas fa-file-signature&#8221; button_block=&#8221;true&#8221; add_icon=&#8221;true&#8221; link=&#8221;url:http%3A%2F%2Fwww3.unicentro.br%2Fdeq%2Fwp-content%2Fuploads%2Fsites%2F82%2F2020%2F06%2FTCC-Anexo-V.doc|title:FICHA%20DE%20ACOMPANHAMENTO||&#8221;][vc_btn title=&#8221;Anexo VI&#8221; align=&#8221;center&#8221; i_icon_fontawesome=&#8221;fas fa-file-signature&#8221; button_block=&#8221;true&#8221; add_icon=&#8221;true&#8221; link=&#8221;url:http%3A%2F%2Fwww3.unicentro.br%2Fdeq%2Fwp-content%2Fuploads%2Fsites%2F82%2F2020%2F06%2FTCC-Anexo-VI.doc|title:CARTA%20DE%20INDICA%C3%87%C3%83O%20DE%20BANCA%20DE%20AVALIA%C3%87%C3%83O||&#8221;][\/vc_column_inner][vc_column_inner width=&#8221;1\/2&#8243;][vc_btn title=&#8221;Anexo VII&#8221; align=&#8221;center&#8221; i_icon_fontawesome=&#8221;fas fa-file-signature&#8221; button_block=&#8221;true&#8221; add_icon=&#8221;true&#8221; link=&#8221;url:http%3A%2F%2Fwww3.unicentro.br%2Fdeq%2Fwp-content%2Fuploads%2Fsites%2F82%2F2020%2F06%2FTCC-Anexo-VII.doc|title:MODELO%20DE%20PROJETO%20DO%20TRABALHO%20DE%20CONCLUS%C3%83O%20DE%20CURSO%20-%20TCC||&#8221;][vc_btn title=&#8221;Anexo VIII&#8221; align=&#8221;center&#8221; i_icon_fontawesome=&#8221;fas fa-file-signature&#8221; button_block=&#8221;true&#8221; add_icon=&#8221;true&#8221; link=&#8221;url:http%3A%2F%2Fwww3.unicentro.br%2Fdeq%2Fwp-content%2Fuploads%2Fsites%2F82%2F2020%2F06%2FTCC-Anexo-VIII.doc|title:MODELO%20DE%20FICHA%20DE%20AVALIA%C3%87%C3%83O%20PARA%20OS%20MEMBROS%20DA%20BANCA%20(exceto%20orientador)||&#8221;][vc_btn title=&#8221;Anexo IX&#8221; align=&#8221;center&#8221; i_icon_fontawesome=&#8221;fas fa-file-signature&#8221; button_block=&#8221;true&#8221; add_icon=&#8221;true&#8221; link=&#8221;url:http%3A%2F%2Fwww3.unicentro.br%2Fdeq%2Fwp-content%2Fuploads%2Fsites%2F82%2F2020%2F06%2FTCC-Anexo-IX.doc|title:MODELO%20DE%20FICHA%20DE%20AVALIA%C3%87%C3%83O%20DO%20PROFESSOR%20ORIENTADOR%20||&#8221;][vc_btn title=&#8221;Anexo X&#8221; align=&#8221;center&#8221; i_icon_fontawesome=&#8221;fas fa-file-signature&#8221; button_block=&#8221;true&#8221; add_icon=&#8221;true&#8221; link=&#8221;url:http%3A%2F%2Fwww3.unicentro.br%2Fdeq%2Fwp-content%2Fuploads%2Fsites%2F82%2F2020%2F06%2FTCC-Anexo-X.doc|title:DECLARA%C3%87%C3%83O%20DE%20RESPONSABILIDADE||&#8221;][vc_btn title=&#8221;Anexo XI&#8221; align=&#8221;center&#8221; i_icon_fontawesome=&#8221;fas fa-file-signature&#8221; button_block=&#8221;true&#8221; add_icon=&#8221;true&#8221; link=&#8221;url:http%3A%2F%2Fwww3.unicentro.br%2Fdeq%2Fwp-content%2Fuploads%2Fsites%2F82%2F2020%2F06%2FTCC-Anexo-XI.doc|title:NOTIFICA%C3%87%C3%83O%20DE%20ENTREGA%20DE%20DOCUMENTO||&#8221;][vc_btn title=&#8221;Anexo XII&#8221; align=&#8221;center&#8221; i_icon_fontawesome=&#8221;fas fa-file-signature&#8221; button_block=&#8221;true&#8221; add_icon=&#8221;true&#8221; link=&#8221;url:http%3A%2F%2Fwww3.unicentro.br%2Fdeq%2Fwp-content%2Fuploads%2Fsites%2F82%2F2020%2F06%2FTCC-Anexo-XII.doc|title:PARECER%20DA%20BANCA%20EXAMINADORA||&#8221;][\/vc_column_inner][\/vc_row_inner][\/vc_tta_section][\/vc_tta_tabs][\/vc_column][\/vc_row]<\/p>\n<\/div>","protected":false},"excerpt":{"rendered":"<p>[vc_row][vc_column][vc_tta_tabs style=&#8221;modern&#8221; color=&#8221;blue&#8221; active_section=&#8221;0&#8243; title=&#8221;Bacharelado&#8221;][vc_tta_section i_icon_fontawesome=&#8221;fas fa-industry&#8221; add_icon=&#8221;true&#8221; title=&#8221;Est\u00e1gio na Ind\u00fastria\/Laborat\u00f3rio&#8221; tab_id=&#8221;1591359561459-7c369f13-51cb&#8221;][vc_text_separator title=&#8221;Normas&#8221; color=&#8221;blue&#8221;][vc_column_text]As atuais normas orientadoras para os Est\u00e1gios em ind\u00fastrias e laborat\u00f3rios se baseiam na norma 90-2014 que pode ser acessada abaixo.[\/vc_column_text][vc_btn title=&#8221;Normas Est\u00e1gio&#8221; align=&#8221;center&#8221; link=&#8221;url:http%3A%2F%2Fwww3.unicentro.br%2Fdeq%2Fwp-content%2Fuploads%2Fsites%2F82%2F2020%2F06%2FES-Regulamento-Estagio-Supervisionado.pdf|title:Resolu%C3%A7%C3%A3o%2090-2014%20-%20%20Normas%20Est%C3%A1gio%20Supervisionado||&#8221;][vc_text_separator title=&#8221;Formul\u00e1rios&#8221; color=&#8221;blue&#8221;][vc_column_text][\/vc_column_text][vc_row_inner][vc_column_inner width=&#8221;1\/2&#8243;][vc_text_separator title=&#8221;Ind\u00fastria&#8221; color=&#8221;blue&#8221;][vc_btn title=&#8221;Carta de Encaminhamento&#8221; align=&#8221;center&#8221; i_icon_fontawesome=&#8221;fas fa-file-signature&#8221; button_block=&#8221;true&#8221; add_icon=&#8221;true&#8221; link=&#8221;url:http%3A%2F%2Fwww3.unicentro.br%2Fdeq%2Fwp-content%2Fuploads%2Fsites%2F82%2F2020%2F06%2FCARTA_ENCAMINHAMENTO.docx|title:Carta%20de%20Encaminhamento||&#8221;][vc_btn title=&#8221;Contrato de Est\u00e1gio&#8221; [&hellip;]<\/p>\n","protected":false},"author":260,"featured_media":0,"parent":93,"menu_order":0,"comment_status":"closed","ping_status":"closed","template":"","meta":{"_exactmetrics_skip_tracking":false,"_exactmetrics_sitenote_active":false,"_exactmetrics_sitenote_note":"","_exactmetrics_sitenote_category":0,"footnotes":"","_links_to":"","_links_to_target":""},"class_list":["post-225","page","type-page","status-publish","hentry"],"_links":{"self":[{"href":"https:\/\/www3.unicentro.br\/deq\/wp-json\/wp\/v2\/pages\/225","targetHints":{"allow":["GET"]}}],"collection":[{"href":"https:\/\/www3.unicentro.br\/deq\/wp-json\/wp\/v2\/pages"}],"about":[{"href":"https:\/\/www3.unicentro.br\/deq\/wp-json\/wp\/v2\/types\/page"}],"author":[{"embeddable":true,"href":"https:\/\/www3.unicentro.br\/deq\/wp-json\/wp\/v2\/users\/260"}],"replies":[{"embeddable":true,"href":"https:\/\/www3.unicentro.br\/deq\/wp-json\/wp\/v2\/comments?post=225"}],"version-history":[{"count":0,"href":"https:\/\/www3.unicentro.br\/deq\/wp-json\/wp\/v2\/pages\/225\/revisions"}],"up":[{"embeddable":true,"href":"https:\/\/www3.unicentro.br\/deq\/wp-json\/wp\/v2\/pages\/93"}],"wp:attachment":[{"href":"https:\/\/www3.unicentro.br\/deq\/wp-json\/wp\/v2\/media?parent=225"}],"curies":[{"name":"wp","href":"https:\/\/api.w.org\/{rel}","templated":true}]}}