{"id":877,"date":"2026-01-12T11:46:48","date_gmt":"2026-01-12T14:46:48","guid":{"rendered":"https:\/\/www3.unicentro.br\/depsi\/?page_id=877"},"modified":"2026-01-12T11:46:48","modified_gmt":"2026-01-12T14:46:48","slug":"coordenacao-servico-escola-de-psicologia","status":"publish","type":"page","link":"https:\/\/www3.unicentro.br\/depsi\/coordenacao-servico-escola-de-psicologia\/","title":{"rendered":"Coordena\u00e7\u00e3o Servi\u00e7o Escola de Psicologia"},"content":{"rendered":"<div class=\"wpb-content-wrapper\"><p>[vc_row][vc_column width=&#8221;1\/6&#8243;][vc_single_image image=&#8221;867&#8243; css=&#8221;&#8221;][\/vc_column][vc_column width=&#8221;5\/6&#8243;][vc_column_text css=&#8221;&#8221;]<strong>COORDENADORA ADMINISTRATIVA<\/strong><\/p>\n<p><em><b>Prof. Dra.\u00a0Michele da Rocha Cervo<\/b><\/em><\/p>\n<p><em><b>Ramal:<\/b><\/em><span style=\"font-weight: 400\"> \u00a0(42) 3421-3145 ou (42) 3421-3227, (42) 3421-3226 &#8211; secretaria<\/span><\/p>\n<p><em><b>E-mail: <a href=\"mailto:sepsico_secretaria@unicentro.br\"><span style=\"font-weight: 400\">sepsico_secretaria@unicentro.br<\/span><\/a><\/b><\/em>[\/vc_column_text][\/vc_column][\/vc_row]<\/p>\n<\/div>","protected":false},"excerpt":{"rendered":"<p>[vc_row][vc_column width=&#8221;1\/6&#8243;][vc_single_image image=&#8221;867&#8243; css=&#8221;&#8221;][\/vc_column][vc_column width=&#8221;5\/6&#8243;][vc_column_text css=&#8221;&#8221;]COORDENADORA ADMINISTRATIVA Prof. Dra.\u00a0Michele da Rocha Cervo Ramal: \u00a0(42) 3421-3145 ou (42) 3421-3227, (42) 3421-3226 &#8211; secretaria E-mail: sepsico_secretaria@unicentro.br[\/vc_column_text][\/vc_column][\/vc_row]<\/p>\n","protected":false},"author":248,"featured_media":0,"parent":0,"menu_order":0,"comment_status":"closed","ping_status":"closed","template":"","meta":{"_exactmetrics_skip_tracking":false,"_exactmetrics_sitenote_active":false,"_exactmetrics_sitenote_note":"","_exactmetrics_sitenote_category":0,"footnotes":"","_links_to":"","_links_to_target":""},"class_list":["post-877","page","type-page","status-publish","hentry"],"_links":{"self":[{"href":"https:\/\/www3.unicentro.br\/depsi\/wp-json\/wp\/v2\/pages\/877","targetHints":{"allow":["GET"]}}],"collection":[{"href":"https:\/\/www3.unicentro.br\/depsi\/wp-json\/wp\/v2\/pages"}],"about":[{"href":"https:\/\/www3.unicentro.br\/depsi\/wp-json\/wp\/v2\/types\/page"}],"author":[{"embeddable":true,"href":"https:\/\/www3.unicentro.br\/depsi\/wp-json\/wp\/v2\/users\/248"}],"replies":[{"embeddable":true,"href":"https:\/\/www3.unicentro.br\/depsi\/wp-json\/wp\/v2\/comments?post=877"}],"version-history":[{"count":1,"href":"https:\/\/www3.unicentro.br\/depsi\/wp-json\/wp\/v2\/pages\/877\/revisions"}],"predecessor-version":[{"id":878,"href":"https:\/\/www3.unicentro.br\/depsi\/wp-json\/wp\/v2\/pages\/877\/revisions\/878"}],"wp:attachment":[{"href":"https:\/\/www3.unicentro.br\/depsi\/wp-json\/wp\/v2\/media?parent=877"}],"curies":[{"name":"wp","href":"https:\/\/api.w.org\/{rel}","templated":true}]}}