{"id":38,"date":"2014-03-17T00:00:00","date_gmt":"2014-03-17T03:00:00","guid":{"rendered":"https:\/\/www3.unicentro.br\/depsi\/clinica-escola\/"},"modified":"2026-05-08T15:28:50","modified_gmt":"2026-05-08T18:28:50","slug":"clinica-escola","status":"publish","type":"page","link":"https:\/\/www3.unicentro.br\/depsi\/clinica-escola\/","title":{"rendered":"Servi\u00e7o Escola"},"content":{"rendered":"<div class=\"wpb-content-wrapper\"><p>[vc_row][vc_column][vc_column_text css=&#8221;&#8221;]<span style=\"font-weight: 400\">O Servi\u00e7o-Escola de Psicologia (SEPSICO) \u00e9 um espa\u00e7o de aprendizagem e atendimento \u00e0 comunidade, onde os estudantes do curso de Psicologia colocam em pr\u00e1tica os conhecimentos adquiridos ao longo da gradua\u00e7\u00e3o. Os atendimentos s\u00e3o realizados sob a supervis\u00e3o de professoras psic\u00f3logas, garantindo qualidade, \u00e9tica e responsabilidade. Al\u00e9m de contribuir para a forma\u00e7\u00e3o dos alunos, o SEPSICO oferece servi\u00e7os psicol\u00f3gicos \u00e0 popula\u00e7\u00e3o, fortalecendo o v\u00ednculo entre a universidade e a comunidade.<\/span><\/p>\n<p><span style=\"font-weight: 400\">No C\u00e2mpus de Irati da Unicentro, o SEPSICO conta, desde abril de 2025, com um novo espa\u00e7o amplo e estruturado, ampliando as possibilidades de atendimento e de forma\u00e7\u00e3o pr\u00e1tica dos estudantes.<\/span><\/p>\n<p><span style=\"font-weight: 400\">O\u00a0 SEPSICO oferece atendimento psicol\u00f3gico \u00e0 comunidade por meio dos est\u00e1gios do curso de Psicologia, bem como de projetos de pesquisa e extens\u00e3o, contemplando diferentes modalidades de atendimento:<\/span><\/p>\n<ul>\n<li><span style=\"font-weight: 400\">Psicoterapia para crian\u00e7as, adolescentes e adultos;<\/span><\/li>\n<li><span style=\"font-weight: 400\">Atendimentos grupais para crian\u00e7as e adolescentes com dificuldades no processo de escolariza\u00e7\u00e3o (GADEPE);<\/span><\/li>\n<li><span style=\"font-weight: 400\">Grupos de orienta\u00e7\u00e3o profissional;<\/span><\/li>\n<li><span style=\"font-weight: 400\">Grupos de apoio para fam\u00edlias;<\/span><\/li>\n<li><span style=\"font-weight: 400\">Pronto atendimento aos trabalhadores;<\/span><\/li>\n<li><span style=\"font-weight: 400\">Outros servi\u00e7os na \u00e1rea da Psicologia, que podem ser ofertados conforme a demanda e organiza\u00e7\u00e3o do servi\u00e7o, como grupos de aten\u00e7\u00e3o plena, grupos de apoio \u00e0 ado\u00e7\u00e3o e grupos para educadores.<\/span><\/li>\n<\/ul>\n<p><span style=\"font-weight: 400\">\u00a0\u00a0\u00a0\u00a0\u00a0\u00a0\u00a0\u00a0\u00a0\u00a0\u00a0\u00a0O Servi\u00e7o-Escola de Psicologia \u00e9 formado por uma equipe diversa, que atua de forma integrada para garantir o bom funcionamento das atividades e a qualidade dos atendimentos. Fazem parte dessa equipe: o Conselho Diretor, a Coordena\u00e7\u00e3o,\u00a0 professores supervisores, os estudantes em est\u00e1gio e envolvidos em projetos de extens\u00e3o e pesquisa, a psic\u00f3loga t\u00e9cnica, al\u00e9m da equipe administrativa e de servi\u00e7os gerais. Cada integrante tem um papel importante na organiza\u00e7\u00e3o do servi\u00e7o, no acompanhamento dos estudantes e no atendimento \u00e0 comunidade.<\/span><\/p>\n<p><span style=\"font-weight: 400\">Para melhor atender \u00e0 comunidade e \u00e0s atividades de est\u00e1gio, o SEPSICO funciona <\/span><b>das 7h30 \u00e0s 21h30<\/b><span style=\"font-weight: 400\">.<\/span><\/p>\n<p><b>Telefones:<\/b><b><br \/>\n<\/b><span style=\"font-weight: 400\"> (42) 3421-3226 \/ (42) 3421-3227<\/span><span style=\"font-weight: 400\"><br \/>\n<\/span><span style=\"font-weight: 400\"> (42) 98822-5141<\/span><\/p>\n<p><b>E-mail:<\/b><b><br \/>\n<\/b><span style=\"font-weight: 400\"> sepsico_secretaria@unicentro.br<\/span>[\/vc_column_text][\/vc_column][\/vc_row]<\/p>\n<\/div>","protected":false},"excerpt":{"rendered":"<p>[vc_row][vc_column][vc_column_text css=&#8221;&#8221;]O Servi\u00e7o-Escola de Psicologia (SEPSICO) \u00e9 um espa\u00e7o de aprendizagem e atendimento \u00e0 comunidade, onde os estudantes do curso de Psicologia colocam em pr\u00e1tica os conhecimentos adquiridos ao longo da gradua\u00e7\u00e3o. Os atendimentos s\u00e3o realizados sob a supervis\u00e3o de professoras psic\u00f3logas, garantindo qualidade, \u00e9tica e responsabilidade. Al\u00e9m de contribuir para a forma\u00e7\u00e3o dos alunos, [&hellip;]<\/p>\n","protected":false},"author":3,"featured_media":0,"parent":0,"menu_order":0,"comment_status":"closed","ping_status":"closed","template":"","meta":{"_exactmetrics_skip_tracking":false,"_exactmetrics_sitenote_active":false,"_exactmetrics_sitenote_note":"","_exactmetrics_sitenote_category":0,"footnotes":"","_links_to":"","_links_to_target":""},"class_list":["post-38","page","type-page","status-publish","hentry"],"_links":{"self":[{"href":"https:\/\/www3.unicentro.br\/depsi\/wp-json\/wp\/v2\/pages\/38","targetHints":{"allow":["GET"]}}],"collection":[{"href":"https:\/\/www3.unicentro.br\/depsi\/wp-json\/wp\/v2\/pages"}],"about":[{"href":"https:\/\/www3.unicentro.br\/depsi\/wp-json\/wp\/v2\/types\/page"}],"author":[{"embeddable":true,"href":"https:\/\/www3.unicentro.br\/depsi\/wp-json\/wp\/v2\/users\/3"}],"replies":[{"embeddable":true,"href":"https:\/\/www3.unicentro.br\/depsi\/wp-json\/wp\/v2\/comments?post=38"}],"version-history":[{"count":4,"href":"https:\/\/www3.unicentro.br\/depsi\/wp-json\/wp\/v2\/pages\/38\/revisions"}],"predecessor-version":[{"id":920,"href":"https:\/\/www3.unicentro.br\/depsi\/wp-json\/wp\/v2\/pages\/38\/revisions\/920"}],"wp:attachment":[{"href":"https:\/\/www3.unicentro.br\/depsi\/wp-json\/wp\/v2\/media?parent=38"}],"curies":[{"name":"wp","href":"https:\/\/api.w.org\/{rel}","templated":true}]}}