{"id":34,"date":"2014-02-26T00:00:00","date_gmt":"2014-02-26T03:00:00","guid":{"rendered":"https:\/\/www3.unicentro.br\/depsi\/legislacao-e-formularios\/"},"modified":"2025-02-11T14:45:15","modified_gmt":"2025-02-11T17:45:15","slug":"legislacao-e-formularios","status":"publish","type":"page","link":"https:\/\/www3.unicentro.br\/depsi\/o-curso\/legislacao-e-formularios\/","title":{"rendered":"Legisla\u00e7\u00e3o e Formul\u00e1rios"},"content":{"rendered":"<p>Formul\u00e1rios de est\u00e1gio:<\/p>\n<ul>\n<li><a href=\"https:\/\/www3.unicentro.br\/depsi\/wp-content\/uploads\/sites\/57\/2018\/11\/Ficha-de-horas-Est\u00e1gio-B\u00e1sico.doc\">Ficha de horas &#8211; Est\u00e1gio B\u00e1sico;<\/a><\/li>\n<li><a href=\"https:\/\/www3.unicentro.br\/depsi\/wp-content\/uploads\/sites\/57\/2018\/11\/Ficha-de-horas-Est\u00e1gio-Profissional.doc\">Ficha de horas &#8211; Est\u00e1gio Profissional;<\/a><\/li>\n<li><a href=\"http:\/\/www2.unicentro.br\/depsi\/files\/2014\/02\/Modelo-_-Ficha-de-avalia\u00e7\u00e3o-est\u00e1gio-profissional.doc\">Modelo &#8211; Ficha de avalia\u00e7\u00e3o do aluno<\/a>; <span style=\"color: #0066cc\"><br \/>\n<\/span><\/li>\n<li><a href=\"http:\/\/www2.unicentro.br\/depsi\/files\/2014\/02\/Modelo-_-Relato-semanal.doc\">Modelo &#8211; Relato Semanal<\/a>;<\/li>\n<li><a href=\"https:\/\/www3.unicentro.br\/depsi\/wp-content\/uploads\/sites\/57\/2018\/11\/Instrucoes-sobre-a-entrega-do-relatorio-final-dos-Estagios.docx\">Instru\u00e7\u00f5es sobre a entrega do relat\u00f3rio final dos Est\u00e1gios do curso de Psicologia;<\/a><\/li>\n<li><a href=\"https:\/\/www3.unicentro.br\/depsi\/wp-content\/uploads\/sites\/57\/2025\/02\/REGULAMENTOS-PSICOLOGIA-2023.pdf\">Regulamentos<\/a><\/li>\n<\/ul>\n","protected":false},"excerpt":{"rendered":"<p>Formul\u00e1rios de est\u00e1gio: Ficha de horas &#8211; Est\u00e1gio B\u00e1sico; Ficha de horas &#8211; Est\u00e1gio Profissional; Modelo &#8211; Ficha de avalia\u00e7\u00e3o do aluno; Modelo &#8211; Relato Semanal; Instru\u00e7\u00f5es sobre a entrega do relat\u00f3rio final dos Est\u00e1gios do curso de Psicologia; Regulamentos<\/p>\n","protected":false},"author":3,"featured_media":0,"parent":328,"menu_order":0,"comment_status":"closed","ping_status":"closed","template":"","meta":{"_exactmetrics_skip_tracking":false,"_exactmetrics_sitenote_active":false,"_exactmetrics_sitenote_note":"","_exactmetrics_sitenote_category":0,"footnotes":"","_links_to":"","_links_to_target":""},"class_list":["post-34","page","type-page","status-publish","hentry"],"_links":{"self":[{"href":"https:\/\/www3.unicentro.br\/depsi\/wp-json\/wp\/v2\/pages\/34","targetHints":{"allow":["GET"]}}],"collection":[{"href":"https:\/\/www3.unicentro.br\/depsi\/wp-json\/wp\/v2\/pages"}],"about":[{"href":"https:\/\/www3.unicentro.br\/depsi\/wp-json\/wp\/v2\/types\/page"}],"author":[{"embeddable":true,"href":"https:\/\/www3.unicentro.br\/depsi\/wp-json\/wp\/v2\/users\/3"}],"replies":[{"embeddable":true,"href":"https:\/\/www3.unicentro.br\/depsi\/wp-json\/wp\/v2\/comments?post=34"}],"version-history":[{"count":2,"href":"https:\/\/www3.unicentro.br\/depsi\/wp-json\/wp\/v2\/pages\/34\/revisions"}],"predecessor-version":[{"id":788,"href":"https:\/\/www3.unicentro.br\/depsi\/wp-json\/wp\/v2\/pages\/34\/revisions\/788"}],"up":[{"embeddable":true,"href":"https:\/\/www3.unicentro.br\/depsi\/wp-json\/wp\/v2\/pages\/328"}],"wp:attachment":[{"href":"https:\/\/www3.unicentro.br\/depsi\/wp-json\/wp\/v2\/media?parent=34"}],"curies":[{"name":"wp","href":"https:\/\/api.w.org\/{rel}","templated":true}]}}