{"id":33,"date":"2014-02-26T00:00:00","date_gmt":"2014-02-26T03:00:00","guid":{"rendered":"https:\/\/www3.unicentro.br\/depsi\/laboratorios\/"},"modified":"2026-01-13T08:34:54","modified_gmt":"2026-01-13T11:34:54","slug":"laboratorios","status":"publish","type":"page","link":"https:\/\/www3.unicentro.br\/depsi\/o-curso\/laboratorios\/","title":{"rendered":"Laborat\u00f3rios"},"content":{"rendered":"<div class=\"wpb-content-wrapper\"><p>[vc_row][vc_column][vc_column_text css=&#8221;&#8221;]<\/p>\n<table class=\" alignleft\" style=\"height: 574px;width: 100%\" cellspacing=\"0\" cellpadding=\"3\">\n<tbody>\n<tr style=\"height: 104px\" valign=\"TOP\">\n<td style=\"width: 23.8579%;height: 104px;background-color: #4bb0cc;border-color: #7d7c7c\" width=\"166\">\n<p align=\"CENTER\"><span style=\"color: #000000\"><b>Nome do Laborat\u00f3rio<\/b><\/span><\/p>\n<\/td>\n<td style=\"width: 13.9956%;height: 104px;background-color: #4bb0cc;border-color: #7d7c7c\" width=\"78\">\n<p align=\"CENTER\"><span style=\"color: #000000\"><b>Sigla<\/b><\/span><\/p>\n<\/td>\n<td style=\"width: 34.4452%;height: 104px;background-color: #4bb0cc;border-color: #7d7c7c\" width=\"144\">\n<p align=\"CENTER\"><span style=\"color: #000000\"><b>Coordenador (a)<\/b><\/span><\/p>\n<\/td>\n<td style=\"width: 8.48441%;height: 104px;background-color: #4bb0cc;border-color: #7d7c7c\" width=\"51\">\n<p align=\"CENTER\"><span style=\"color: #000000\"><b>Ramal<\/b><\/span><\/p>\n<\/td>\n<td style=\"width: 19.0718%;height: 104px;background-color: #4bb0cc;border-color: #7d7c7c\" width=\"131\">\n<p align=\"CENTER\"><span style=\"color: #000000\"><b>Descri\u00e7\u00e3o sucinta de sua localiza\u00e7\u00e3o (bloco, andar, sala e n\u00ba) <\/b><\/span><\/p>\n<\/td>\n<\/tr>\n<tr>\n<td style=\"width: 23.8579%;border-color: #7d7c7c\"><span style=\"color: #000000\"><span style=\"font-weight: 400\">N\u00facleo de Estudos e Pr\u00e1ticas sobre a dimens\u00e3o humana do trabalho<\/span><\/span><\/td>\n<td style=\"width: 13.9956%;border-color: #7d7c7c\">\n<p align=\"CENTER\"><span style=\"color: #000000\">NUHTRA<\/span><\/p>\n<\/td>\n<td style=\"width: 34.4452%;border-color: #7d7c7c\"><span style=\"font-weight: 400\">Claudia Regina Magnabosco Martins<br \/>\n<\/span><a href=\"mailto:nuhtraprojetos@unicentro.br\"><span style=\"font-weight: 400\">nuhtraprojetos@unicentro.br<\/span><\/a><\/td>\n<td style=\"width: 8.48441%;border-color: #7d7c7c\">\n<p align=\"CENTER\"><span style=\"color: #000000\">3146<\/span><\/p>\n<\/td>\n<td style=\"width: 19.0718%;border-color: #7d7c7c\"><span style=\"color: #000000\"><span style=\"font-weight: 400\">Pr\u00e9dio multidisciplinar \u2013 Psicologia \u2013 Sala A<\/span><\/span><\/td>\n<\/tr>\n<tr style=\"height: 56px\" valign=\"TOP\">\n<td style=\"width: 23.8579%;height: 56px;border-color: #7d7c7c\" width=\"166\"><span style=\"font-weight: 400\">Laborat\u00f3rio de Estudos sobre Inf\u00e2ncia e Adolesc\u00eancia<\/span><\/td>\n<td style=\"width: 13.9956%;height: 56px;border-color: #7d7c7c\" width=\"78\">\n<p align=\"CENTER\"><span style=\"color: #000000\">LEIA<\/span><\/p>\n<\/td>\n<td style=\"width: 34.4452%;height: 56px;border-color: #7d7c7c\" width=\"144\"><span style=\"color: #000000\">Ana Priscila Batista<\/span><br \/>\n<a href=\"mailto:anapriscila@unicentro.br\"><span style=\"color: #000000\">anapriscila@unicentro.br<\/span><\/a><\/td>\n<td style=\"width: 8.48441%;height: 56px;border-color: #7d7c7c\" width=\"51\">\n<p align=\"CENTER\"><span style=\"color: #000000\">&#8211;<\/span><\/p>\n<\/td>\n<td style=\"width: 19.0718%;height: 56px;border-color: #7d7c7c\" width=\"131\"><span style=\"color: #000000\">Pr\u00e9dio Multidisciplinar Psicologia Sala B<\/span><\/td>\n<\/tr>\n<tr>\n<td style=\"width: 23.8579%;border-color: #7d7c7c\"><span style=\"font-weight: 400\"><span style=\"color: #000000\">Laborat\u00f3rio de Psican\u00e1lise<\/span><\/span><\/td>\n<td style=\"width: 13.9956%;border-color: #7d7c7c\">\n<p align=\"CENTER\"><span style=\"color: #000000\">LAPSI<\/span><\/p>\n<\/td>\n<td style=\"width: 34.4452%;border-color: #7d7c7c\"><span style=\"font-weight: 400\">Veronica Suzuki Kemmelmeier<br \/>\n<\/span><a href=\"mailto:veronicask@unicentro.br\"><span style=\"font-weight: 400\">veronicask@unicentro.br<\/span><\/a><\/td>\n<td style=\"width: 8.48441%;border-color: #7d7c7c\">\n<p align=\"CENTER\"><span style=\"color: #000000\">3144<\/span><\/p>\n<\/td>\n<td style=\"width: 19.0718%;border-color: #7d7c7c\"><span style=\"color: #000000\"><span style=\"font-weight: 400\">Pr\u00e9dio Multidisciplinar Psicologia Sala C<\/span><\/span><\/td>\n<\/tr>\n<tr>\n<td style=\"width: 23.8579%;border-color: #7d7c7c\"><span style=\"font-weight: 400\">Laborat\u00f3rio de Psicologia Social e Comunit\u00e1ria<\/span><span style=\"font-weight: 400\"><span style=\"color: #000000\"><br \/>\n<\/span><\/span><\/td>\n<td style=\"width: 13.9956%;border-color: #7d7c7c\">\n<p align=\"CENTER\"><span style=\"color: #000000\"><span style=\"font-weight: 400\">LASOC<\/span><\/span><\/p>\n<\/td>\n<td style=\"width: 34.4452%;border-color: #7d7c7c\"><span style=\"font-weight: 400\">Michele Da Rocha Cervo<br \/>\n<\/span><a href=\"mailto:mcervo@unicentro.br\"><span style=\"font-weight: 400\">mcervo@unicentro.br<\/span><\/a><\/td>\n<td style=\"width: 8.48441%;border-color: #7d7c7c\">\n<p align=\"CENTER\"><span style=\"color: #000000\">&#8211;<\/span><\/p>\n<\/td>\n<td style=\"width: 19.0718%;border-color: #7d7c7c\"><span style=\"color: #000000\"><span style=\"font-weight: 400\">Bloco Laborat\u00f3rio Psicologia Sala A, Atr\u00e1s da Cl\u00ednica-Escola de Fonoaudiologia<\/span><\/span><\/td>\n<\/tr>\n<tr>\n<td style=\"width: 23.8579%;border-color: #7d7c7c\"><span style=\"font-weight: 400\">Laborat\u00f3rio de Psicologia Social e Processos Institucionais<\/span><\/td>\n<td style=\"width: 13.9956%;border-color: #7d7c7c\">\n<p align=\"CENTER\"><span style=\"color: #000000\"><span style=\"font-weight: 400\">LAPPI<\/span><\/span><\/p>\n<\/td>\n<td style=\"width: 34.4452%;border-color: #7d7c7c\"><span style=\"font-weight: 400\">Gustavo Zambenedetti<br \/>\n<a href=\"mailto:gugazam@yahoo.com.br\">gustavo@unicentro.br<\/a><\/span><\/td>\n<td style=\"width: 8.48441%;border-color: #7d7c7c\">\n<p align=\"CENTER\"><span style=\"color: #000000\">3149<\/span><\/p>\n<\/td>\n<td style=\"width: 19.0718%;border-color: #7d7c7c\"><span style=\"color: #000000\"><span style=\"font-weight: 400\">Bloco Laborat\u00f3rio Psicologia Sala B, Atr\u00e1s da Cl\u00ednica-Escola de Fonoaudiologia<\/span><\/span><\/td>\n<\/tr>\n<tr>\n<td style=\"width: 23.8579%;border-color: #7d7c7c\"><span style=\"font-weight: 400\">Laborat\u00f3rio Interinstitucional de Psicologia Escolar e Pol\u00edticas P\u00fablicas<\/span><\/td>\n<td style=\"width: 13.9956%;border-color: #7d7c7c\">\n<p align=\"CENTER\"><span style=\"color: #000000\"><span style=\"font-weight: 400\">LIPEPP<\/span><\/span><\/p>\n<\/td>\n<td style=\"width: 34.4452%;border-color: #7d7c7c\"><span style=\"font-weight: 400\">Marcela Pereira Rosa<br \/>\n<\/span><a href=\"mailto:mprosa@unicentro.br\"><span style=\"font-weight: 400\">mprosa@unicentro.br<\/span><\/a><span style=\"font-weight: 400\">Marlon Jos\u00e9 Gavlik Mendes<br \/>\n<\/span><a href=\"mailto:mjmendes@unicentro.br\"><span style=\"font-weight: 400\">mjmendes@unicentro.br<\/span><\/a><span style=\"font-weight: 400\">Alayde Maria Pinto Digiovanni<br \/>\n<a href=\"mailto:alayde@unicentro.br\">alayde@unicentro.br<\/a><br \/>\n<\/span><\/td>\n<td style=\"width: 8.48441%;border-color: #7d7c7c\">\n<p align=\"CENTER\"><span style=\"color: #000000\">&#8211;<\/span><\/p>\n<\/td>\n<td style=\"width: 19.0718%;border-color: #7d7c7c\"><span style=\"color: #000000\"><span style=\"font-weight: 400\">Bloco Laborat\u00f3rio Psicologia Sala C, Atr\u00e1s da Cl\u00ednica-Escola de Fonoaudiologia<\/span><\/span><\/td>\n<\/tr>\n<tr>\n<td style=\"width: 23.8579%;border-color: #7d7c7c\"><span style=\"font-weight: 400\">Laborat\u00f3rio de Estudos do<br \/>\nDesenvolvimento Humano<\/span><\/td>\n<td style=\"width: 13.9956%;border-color: #7d7c7c\">\n<p align=\"CENTER\"><span style=\"color: #000000\"><span style=\"font-weight: 400\">LEDHU<\/span><\/span><\/p>\n<\/td>\n<td style=\"width: 34.4452%;border-color: #7d7c7c\"><span style=\"font-weight: 400\">Caroline Guisantes De Salvo Toni<br \/>\n<\/span><a href=\"mailto:carolinegs@unicentro.br\"><span style=\"font-weight: 400\">carolinegs@unicentro.br<\/span><\/a><\/td>\n<td style=\"width: 8.48441%;border-color: #7d7c7c\">\n<p align=\"CENTER\"><span style=\"color: #000000\">&#8211;<\/span><\/p>\n<\/td>\n<td style=\"width: 19.0718%;border-color: #7d7c7c\"><span style=\"font-weight: 400\">Pr\u00e9dio Principal<br \/>\n<\/span><span style=\"font-weight: 400\">T\u00e9rreo<\/span><span style=\"color: #000000\"><span style=\"font-weight: 400\">\u00a0<\/span><\/span><\/td>\n<\/tr>\n<tr>\n<td style=\"width: 23.8579%;border-color: #7d7c7c\"><span style=\"font-weight: 400\">Laborat\u00f3rio Mulheres, Discursividades e Resist\u00eancia<\/span><\/td>\n<td style=\"width: 13.9956%;border-color: #7d7c7c\">\n<p align=\"CENTER\"><span style=\"color: #000000\"><span style=\"font-weight: 400\">LABMUR<\/span><\/span><\/p>\n<\/td>\n<td style=\"width: 34.4452%;border-color: #7d7c7c\"><span style=\"font-weight: 400\">K\u00e1tia Alexsandra dos Santos<br \/>\n<\/span><a href=\"mailto:kalexsandra@unicentro.br\"><span style=\"font-weight: 400\">kalexsandra@unicentro.br<\/span><\/a><span style=\"font-weight: 400\">\u00a0<\/span><\/td>\n<td style=\"width: 8.48441%;border-color: #7d7c7c\">\n<p align=\"CENTER\"><span style=\"color: #000000\">&#8211;<\/span><\/p>\n<\/td>\n<td style=\"width: 19.0718%;border-color: #7d7c7c\"><span style=\"color: #000000\"><span style=\"font-weight: 400\">Pr\u00e9dio Principal<br \/>\nT\u00e9rreo<\/span><\/span><\/td>\n<\/tr>\n<tr>\n<td style=\"width: 23.8579%;border-color: #7d7c7c\"><span style=\"font-weight: 400\">Laborat\u00f3rio de Neuroci\u00eancias<\/span><\/td>\n<td style=\"width: 13.9956%;border-color: #7d7c7c\">\n<p align=\"CENTER\"><span style=\"color: #000000\"><span style=\"font-weight: 400\">LABNEURO<\/span><\/span><\/p>\n<\/td>\n<td style=\"width: 34.4452%;border-color: #7d7c7c\"><span style=\"font-weight: 400\">Pl\u00ednio Marco de Toni<br \/>\n<a href=\"mailto:pliniomarco@yahoo.com.br\">pmtoni@unicentro.br<\/a><\/span><\/td>\n<td style=\"width: 8.48441%;border-color: #7d7c7c\">\n<p align=\"CENTER\"><span style=\"color: #000000\">&#8211;<\/span><\/p>\n<\/td>\n<td style=\"width: 19.0718%;border-color: #7d7c7c\"><span style=\"color: #000000\"><span style=\"font-weight: 400\">Pr\u00e9dio Principal<br \/>\nSubsolo<\/span><\/span><\/td>\n<\/tr>\n<\/tbody>\n<\/table>\n<p>[\/vc_column_text][\/vc_column][\/vc_row]<\/p>\n<\/div>","protected":false},"excerpt":{"rendered":"<p>[vc_row][vc_column][vc_column_text css=&#8221;&#8221;] Nome do Laborat\u00f3rio Sigla Coordenador (a) Ramal Descri\u00e7\u00e3o sucinta de sua localiza\u00e7\u00e3o (bloco, andar, sala e n\u00ba) N\u00facleo de Estudos e Pr\u00e1ticas sobre a dimens\u00e3o humana do trabalho NUHTRA Claudia Regina Magnabosco Martins nuhtraprojetos@unicentro.br 3146 Pr\u00e9dio multidisciplinar \u2013 Psicologia \u2013 Sala A Laborat\u00f3rio de Estudos sobre Inf\u00e2ncia e Adolesc\u00eancia LEIA Ana Priscila Batista [&hellip;]<\/p>\n","protected":false},"author":3,"featured_media":0,"parent":328,"menu_order":0,"comment_status":"closed","ping_status":"closed","template":"","meta":{"_exactmetrics_skip_tracking":false,"_exactmetrics_sitenote_active":false,"_exactmetrics_sitenote_note":"","_exactmetrics_sitenote_category":0,"footnotes":"","_links_to":"","_links_to_target":""},"class_list":["post-33","page","type-page","status-publish","hentry"],"_links":{"self":[{"href":"https:\/\/www3.unicentro.br\/depsi\/wp-json\/wp\/v2\/pages\/33","targetHints":{"allow":["GET"]}}],"collection":[{"href":"https:\/\/www3.unicentro.br\/depsi\/wp-json\/wp\/v2\/pages"}],"about":[{"href":"https:\/\/www3.unicentro.br\/depsi\/wp-json\/wp\/v2\/types\/page"}],"author":[{"embeddable":true,"href":"https:\/\/www3.unicentro.br\/depsi\/wp-json\/wp\/v2\/users\/3"}],"replies":[{"embeddable":true,"href":"https:\/\/www3.unicentro.br\/depsi\/wp-json\/wp\/v2\/comments?post=33"}],"version-history":[{"count":3,"href":"https:\/\/www3.unicentro.br\/depsi\/wp-json\/wp\/v2\/pages\/33\/revisions"}],"predecessor-version":[{"id":884,"href":"https:\/\/www3.unicentro.br\/depsi\/wp-json\/wp\/v2\/pages\/33\/revisions\/884"}],"up":[{"embeddable":true,"href":"https:\/\/www3.unicentro.br\/depsi\/wp-json\/wp\/v2\/pages\/328"}],"wp:attachment":[{"href":"https:\/\/www3.unicentro.br\/depsi\/wp-json\/wp\/v2\/media?parent=33"}],"curies":[{"name":"wp","href":"https:\/\/api.w.org\/{rel}","templated":true}]}}