{"id":322,"date":"2019-03-19T17:02:15","date_gmt":"2019-03-19T20:02:15","guid":{"rendered":"https:\/\/www3.unicentro.br\/depsi\/?page_id=322"},"modified":"2025-02-18T08:38:00","modified_gmt":"2025-02-18T11:38:00","slug":"extensao","status":"publish","type":"page","link":"https:\/\/www3.unicentro.br\/depsi\/projetos\/extensao\/","title":{"rendered":"Extens\u00e3o"},"content":{"rendered":"<p style=\"text-align: center\"><span style=\"font-size: 14pt;color: #000000\"><em><b>NUMAPE &#8211; N\u00facleo Maria da Penha<\/b><\/em><\/span><\/p>\n<p>&nbsp;<\/p>\n<p><span style=\"font-size: 12pt;color: #000000\"><b>T\u00edtulo:<\/b> NUMAPE &#8211; N\u00facleo Maria da Penha\/ Irati &#8211; PR.<\/span><\/p>\n<p><span style=\"font-size: 12pt;color: #000000\"><b>O que \u00e9: <\/b>trabalha no fortalecimento da Rede de Enfrentamento \u00e0 Viol\u00eancia Contra as Mulheres, realizando atendimentos psicol\u00f3gico e jur\u00eddico para mulheres maiores de 18 anos em situa\u00e7\u00f5es de viol\u00eancia dom\u00e9stica. Para isso, oferece, gratuitamente, ao munic\u00edpio de Irati e regi\u00e3o, psicoterapia breve, orienta\u00e7\u00e3o jur\u00eddica, promo\u00e7\u00e3o e acompanhamento de a\u00e7\u00f5es de alimentos, div\u00f3rcio, guarda, al\u00e9m de representa\u00e7\u00e3o no que tange \u00e0s a\u00e7\u00f5es criminais administrativas e judiciais (com acompanhamento at\u00e9 a delegacia para registro de boletins de ocorr\u00eancia e solicita\u00e7\u00e3o de medidas protetivas), al\u00e9m da participa\u00e7\u00e3o em audi\u00eancias, constituindo assist\u00eancia jur\u00eddica no processo. Al\u00e9m disso, atende a demandas referentes ao tema em escolas, universidade, m\u00eddias locais e a\u00e7\u00f5es comunit\u00e1rias.<b><br \/>\n<\/b><\/span><\/p>\n<p><span style=\"font-size: 12pt;color: #000000\"><b>Objetivos:<\/b><\/span><\/p>\n<ul>\n<li><span style=\"font-size: 12pt;color: #000000\">Fortalecimento da Rede de Enfrentamento \u00e0 Viol\u00eancia Contra as Mulheres;<\/span><\/li>\n<li><span style=\"font-size: 12pt;color: #000000\">Atendimentos psicol\u00f3gico e jur\u00eddico para mulheres maiores de 18 anos em situa\u00e7\u00f5es de viol\u00eancia dom\u00e9stica.<\/span><\/li>\n<\/ul>\n<p><span style=\"font-size: 12pt;color: #000000\"><strong>Equipe Respons\u00e1vel:<\/strong> Ana Paula Muller &#8211; professora DEPSI (Coordena\u00e7\u00e3o Geral); Fernanda de Ara\u00fajo Bugai &#8211; Orientadora da \u00e1rea de Direito; Bianca Carolline Oconoski Zarpellon &#8211; Psic\u00f3loga; Izabel Cristina Soares &#8211; Psic\u00f3loga; Jonathan Sassi &#8211; Advogado; Monica Karpinski, estudante da \u00e1rea da Psicologia; Fernanda Sabei de Souza Santos &#8211; estudante da \u00e1rea da Psicologia; Rodrielly Camila Bukoski &#8211; estudante da \u00e1rea do Direito.<\/span><\/p>\n<p><span style=\"font-size: 12pt;color: #000000\"><strong>Contato:\u00a0<\/strong><\/span><\/p>\n<ul>\n<li><span style=\"font-size: 12pt;color: #000000\"><strong>Telefones:<\/strong> (42)3421-3086 e (42)99904-1423 (Whatsapp).<\/span><\/li>\n<li><span style=\"font-size: 12pt;color: #000000\"><strong>E-mail:<\/strong> numapeirati@gmail.com.<\/span><\/li>\n<li><span style=\"font-size: 12pt;color: #000000\"><strong>Site: <\/strong>https:\/\/numape-irati.webnode.com\/\u00a0<\/span><\/li>\n<\/ul>\n<p><span style=\"font-size: 12pt;color: #000000\"><strong>Financiamento: <\/strong>Programa universidade Sem Fronteiras &#8211; SETI &#8211; PR.<\/span><\/p>\n<p><span style=\"font-size: 12pt;color: #000000\"><img loading=\"lazy\" decoding=\"async\" class=\"size-medium wp-image-464 alignnone\" src=\"https:\/\/www3.unicentro.br\/depsi\/wp-content\/uploads\/sites\/57\/2020\/07\/WhatsApp-Image-2019-04-03-at-15.50.13-8-300x161.jpeg\" alt=\"\" width=\"300\" height=\"161\" srcset=\"https:\/\/www3.unicentro.br\/depsi\/wp-content\/uploads\/sites\/57\/2020\/07\/WhatsApp-Image-2019-04-03-at-15.50.13-8-300x161.jpeg 300w, https:\/\/www3.unicentro.br\/depsi\/wp-content\/uploads\/sites\/57\/2020\/07\/WhatsApp-Image-2019-04-03-at-15.50.13-8-255x137.jpeg 255w, https:\/\/www3.unicentro.br\/depsi\/wp-content\/uploads\/sites\/57\/2020\/07\/WhatsApp-Image-2019-04-03-at-15.50.13-8.jpeg 450w\" sizes=\"auto, (max-width: 300px) 100vw, 300px\" \/>\u00a0 \u00a0 \u00a0 \u00a0 \u00a0 \u00a0<img loading=\"lazy\" decoding=\"async\" class=\"wp-image-466 alignnone\" src=\"https:\/\/www3.unicentro.br\/depsi\/wp-content\/uploads\/sites\/57\/2020\/07\/WhatsApp-Image-2020-07-09-at-17.15.37-300x225.jpeg\" alt=\"\" width=\"257\" height=\"193\" srcset=\"https:\/\/www3.unicentro.br\/depsi\/wp-content\/uploads\/sites\/57\/2020\/07\/WhatsApp-Image-2020-07-09-at-17.15.37-300x225.jpeg 300w, https:\/\/www3.unicentro.br\/depsi\/wp-content\/uploads\/sites\/57\/2020\/07\/WhatsApp-Image-2020-07-09-at-17.15.37-400x300.jpeg 400w, https:\/\/www3.unicentro.br\/depsi\/wp-content\/uploads\/sites\/57\/2020\/07\/WhatsApp-Image-2020-07-09-at-17.15.37-255x192.jpeg 255w, https:\/\/www3.unicentro.br\/depsi\/wp-content\/uploads\/sites\/57\/2020\/07\/WhatsApp-Image-2020-07-09-at-17.15.37.jpeg 450w\" sizes=\"auto, (max-width: 257px) 100vw, 257px\" \/><\/span><\/p>\n<p>&nbsp;<\/p>\n<p><span style=\"font-size: 12pt;color: #000000\">\u00a0 \u00a0 \u00a0 \u00a0 \u00a0 \u00a0 \u00a0<\/span><\/p>\n<p style=\"text-align: center\"><span style=\"font-size: 14pt;color: #000000\"><strong><em>Clinica Psicanal\u00edtica: Fundamentos para a pr\u00e1tica: sujeito, cultura e mal estar na contemporaneidade<\/em><\/strong><\/span><\/p>\n<p>&nbsp;<\/p>\n<p><span style=\"font-size: 12pt;color: #000000\"><strong>T\u00edtulo:<\/strong> <span style=\"font-weight: 400\">Clinica Psicanal\u00edtica: Fundamentos para a pr\u00e1tica: sujeito, cultura e mal estar na contemporaneidade<\/span><\/span><\/p>\n<p><span style=\"font-size: 12pt;color: #000000\"><strong>Objetivos:<\/strong> <span style=\"font-weight: 400\">O presente projeto de extens\u00e3o tem como objetivo proporcionar discuss\u00f5es te\u00f3rico-pr\u00e1ticas frente ao panorama contempor\u00e2neo desafiador das rela\u00e7\u00f5es entre sujeito, cultura e mal estar na contemporaneidade. Nesse contexto, os encontros giram em torno da cl\u00ednica com beb\u00eas, crian\u00e7as, adolescentes, velhos, e tamb\u00e9m temas como autismo, ang\u00fastia, depress\u00e3o, suic\u00eddio, psicose, corpo, entre outros. Os\/as participantes do grupo se reunem quinzenalmente, por 1h 30m, presencialmente, e a coordena\u00e7\u00e3o do encontro ficar\u00e1 com uma das professoras envolvidas no projeto ou um\/a dos\/as acad\u00eamicos\/as de 3, 4 ou 5 ano de Psicologia ou Fonoaudiologia, que far\u00e1 a indica\u00e7\u00e3o do texto e condu\u00e7\u00e3o do encontro. Alguns dos encontros poder\u00e3o ser realizados no formato remoto, para discuss\u00e3o de casos cl\u00ednicos de participantes que n\u00e3o residem na cidade de Irati.<\/span><\/span><\/p>\n<p><span style=\"font-size: 12pt;color: #000000\"><strong>Coordenadores\/as:<\/strong> Prof\u00aa. Veronica Suzuki Kemmelmeier e Prof\u00aa. Cl\u00e9a Maria Ball\u00e3o<\/span><\/p>\n<p><span style=\"font-size: 12pt;color: #000000\"><strong>Contatos: <a class=\"VL8GHd\" style=\"color: #000000\" href=\"mailto:veronicask@unicentro.br\" target=\"_blank\" rel=\"noopener\"><span dir=\"ltr\" data-tooltip=\"Enviar e-mail\">veronicask@unicentro.br<\/span><\/a>; <a class=\"VL8GHd\" style=\"color: #000000\" href=\"mailto:cleamariaballao@gmail.com\" target=\"_blank\" rel=\"noopener\"><span dir=\"ltr\" data-tooltip=\"Enviar e-mail\">cleamariaballao@gmail.com<\/span><\/a>.<\/strong><\/span><\/p>\n<p>&nbsp;<\/p>\n<p style=\"text-align: center\"><span style=\"font-size: 14pt;color: #000000\"><strong>Grupo de Apoio a Pretendentes \u00e0 Ado\u00e7\u00e3o: Extens\u00e3o, Pesquisa e Ensino (PIEPEX)<\/strong><\/span><\/p>\n<p><span style=\"font-size: 12pt;color: #000000\"><strong>T\u00edtulo:<\/strong> <span style=\"font-weight: 400\">Grupo de Apoio a Pretendentes \u00e0 Ado\u00e7\u00e3o: Extens\u00e3o, Pesquisa e Ensino (PIEPEX)<\/span><\/span><\/p>\n<p><span style=\"font-size: 12pt;color: #000000\"><strong>Objetivos: <\/strong>A <span style=\"font-weight: 400\">presente proposta tem como objetivo articular ensino, pesquisa e extens\u00e3o em torno de atividades envolvendo o grupo de apoio a pretendentes a ado\u00e7\u00e3o, projeto de extens\u00e3o que acontece desde abril de 2010, em parceria com o F\u00f3rum da Comarca de Irati.\u00a0 O grupo de apoio pretende abrir um espa\u00e7o de debate sobre as diversas formas de constitui\u00e7\u00e3o de v\u00ednculos familiares e discuss\u00f5es sobre as principais d\u00favidas e expectativas dos adotantes, como o conv\u00edvio familiar e o medo em rela\u00e7\u00e3o aos la\u00e7os afetivos estabelecidos. Esses grupos buscam tamb\u00e9m explicar todo o processo da ado\u00e7\u00e3o em seus detalhes, o que contribui para a diminui\u00e7\u00e3o da ang\u00fastia da espera, esclarecendo mitos e fazendo com que esses adotantes dirijam seus olhares tamb\u00e9m para as crian\u00e7as, muitas vezes esquecidas em institui\u00e7\u00f5es. \u00c9 intuito do grupo tamb\u00e9m discutir ado\u00e7\u00f5es tardias e inter-raciais, de crian\u00e7as com necessidades especiais, de grupos de irm\u00e3os, ado\u00e7\u00f5es que podem ser realizadas com \u00eaxito desde que acompanhadas por uma equipe adequada. Assim, este Grupo de Apoio visa possibilitar que in\u00fameras crian\u00e7as e adolescentes tenham uma nova chance de crescer em um ambiente familiar capaz de lhes proporcionar um novo projeto de vida e onde n\u00e3o se sintam apenas crian\u00e7as, mas tamb\u00e9m filhos, com todos seus direitos e deveres. A partir desse projeto, pensando os demais eixos do trip\u00e9 de uma universidade, a saber o ensino e pesquisa, soma-se a proposta de um grupo de estudos, para acad\u00eamicos do campus de Irati, sobre Ado\u00e7\u00e3o, Psicologia e Acolhimento Institucional e Familiar e demais temas de interesse, com o objetivo de se encontrar com os discentes uma vez por m\u00eas para discutir e aprofundar assuntos referentes \u00e0 tem\u00e1tica, de forma aut\u00f4noma e cooperativa. No que diz respeito a pesquisas, pesquisas de IC ser\u00e3o desenvolvidas tocando a tem\u00e1tica de ado\u00e7\u00e3o e acolhimento institucional.<\/span><\/span><\/p>\n<p><span style=\"font-size: 12pt;color: #000000\"><strong>Professor\/a respons\u00e1vel:<\/strong> Ver\u00f4nica Suzuki Kemmelmeier<\/span><\/p>\n<p><span style=\"font-size: 12pt;color: #000000\"><strong>Contato: <a class=\"VL8GHd\" style=\"color: #000000\" href=\"mailto:veronicask@unicentro.br\" target=\"_blank\" rel=\"noopener\"><span dir=\"ltr\" data-tooltip=\"Enviar e-mail\">veronicask@unicentro.br<\/span><\/a><\/strong><\/span><\/p>\n","protected":false},"excerpt":{"rendered":"<p>NUMAPE &#8211; N\u00facleo Maria da Penha &nbsp; T\u00edtulo: NUMAPE &#8211; N\u00facleo Maria da Penha\/ Irati &#8211; PR. O que \u00e9: trabalha no fortalecimento da Rede de Enfrentamento \u00e0 Viol\u00eancia Contra as Mulheres, realizando atendimentos psicol\u00f3gico e jur\u00eddico para mulheres maiores de 18 anos em situa\u00e7\u00f5es de viol\u00eancia dom\u00e9stica. Para isso, oferece, gratuitamente, ao munic\u00edpio de [&hellip;]<\/p>\n","protected":false},"author":3,"featured_media":0,"parent":320,"menu_order":0,"comment_status":"closed","ping_status":"closed","template":"","meta":{"_exactmetrics_skip_tracking":false,"_exactmetrics_sitenote_active":false,"_exactmetrics_sitenote_note":"","_exactmetrics_sitenote_category":0,"footnotes":"","_links_to":"","_links_to_target":""},"class_list":["post-322","page","type-page","status-publish","hentry"],"_links":{"self":[{"href":"https:\/\/www3.unicentro.br\/depsi\/wp-json\/wp\/v2\/pages\/322","targetHints":{"allow":["GET"]}}],"collection":[{"href":"https:\/\/www3.unicentro.br\/depsi\/wp-json\/wp\/v2\/pages"}],"about":[{"href":"https:\/\/www3.unicentro.br\/depsi\/wp-json\/wp\/v2\/types\/page"}],"author":[{"embeddable":true,"href":"https:\/\/www3.unicentro.br\/depsi\/wp-json\/wp\/v2\/users\/3"}],"replies":[{"embeddable":true,"href":"https:\/\/www3.unicentro.br\/depsi\/wp-json\/wp\/v2\/comments?post=322"}],"version-history":[{"count":2,"href":"https:\/\/www3.unicentro.br\/depsi\/wp-json\/wp\/v2\/pages\/322\/revisions"}],"predecessor-version":[{"id":798,"href":"https:\/\/www3.unicentro.br\/depsi\/wp-json\/wp\/v2\/pages\/322\/revisions\/798"}],"up":[{"embeddable":true,"href":"https:\/\/www3.unicentro.br\/depsi\/wp-json\/wp\/v2\/pages\/320"}],"wp:attachment":[{"href":"https:\/\/www3.unicentro.br\/depsi\/wp-json\/wp\/v2\/media?parent=322"}],"curies":[{"name":"wp","href":"https:\/\/api.w.org\/{rel}","templated":true}]}}