{"id":318,"date":"2019-03-19T17:01:24","date_gmt":"2019-03-19T20:01:24","guid":{"rendered":"https:\/\/www3.unicentro.br\/depsi\/?page_id=318"},"modified":"2026-01-12T11:44:27","modified_gmt":"2026-01-12T14:44:27","slug":"apresentacao","status":"publish","type":"page","link":"https:\/\/www3.unicentro.br\/depsi\/o-curso\/apresentacao\/","title":{"rendered":"Apresenta\u00e7\u00e3o"},"content":{"rendered":"<div class=\"wpb-content-wrapper\"><p>[vc_row][vc_column][vc_column_text css=&#8221;&#8221;]<strong><span style=\"text-decoration: underline\"><span style=\"font-size: 18pt\">HIST\u00d3RICO<\/span><\/span><br \/>\n<\/strong><span style=\"font-weight: 400;font-size: 14pt\">O curso de Psicologia da Universidade Estadual do Centro-Oeste- Unicentro existe desde 2003 no campus de Irati, PR. \u00c9 formado por corpo docente de doutoras\/es e mestras\/es e promove forma\u00e7\u00e3o generalista, articulando a\u00e7\u00f5es de ensino, pesquisa e extens\u00e3o.<\/span><\/p>\n<p><span style=\"text-decoration: underline\"><span style=\"font-size: 18pt\"><b>FORMA\u00c7\u00c3O<br \/>\n<\/b><\/span><\/span><span style=\"font-size: 14pt\">A(o) psic\u00f3loga(o) atua buscando compreender, avaliar e intervir sobre os processos psicol\u00f3gicos, relacionais e sociais. Sua pr\u00e1tica, fundamentada em conhecimentos cient\u00edficos e \u00e9ticos, visa \u00e0 promo\u00e7\u00e3o da sa\u00fade mental e \u00e0 qualidade de vida das pessoas e coletividades, podendo se dar em contextos diversos como cl\u00ednica, servi\u00e7os de sa\u00fade, de assist\u00eancia social, escolas, empresas, institui\u00e7\u00f5es jur\u00eddicas e comunidades. A(o) psic\u00f3loga(o) trabalha a partir de m\u00e9todos e t\u00e9cnicas pr\u00f3prias para compreender e intervir no comportamento, na subjetividade e nas rela\u00e7\u00f5es humanas, sempre respeitando a dignidade, a liberdade, a diversidade e os direitos humanos.<\/span><\/p>\n<p><span style=\"text-decoration: underline;font-size: 18pt\"><strong>\u00caNFASES<br \/>\n<\/strong><\/span><span style=\"font-size: 14pt\"><strong><span style=\"font-weight: 400\">Ao longo do curso a\/o estudante dever\u00e1 fazer a escolha por uma ou duas \u00eanfases, organizadas em disciplinas e est\u00e1gios espec\u00edficos. S\u00e3o elas:<\/span><\/strong><span style=\"text-decoration: underline\"><strong><br \/>\n<\/strong><\/span><\/span><\/p>\n<p><span style=\"font-size: 14pt\"><b><i>PSICOLOGIA E PROCESSOS CL\u00cdNICOS<br \/>\n<\/i><\/b><span style=\"font-weight: 400\">As pr\u00e1ticas cl\u00ednicas psicol\u00f3gicas abrangem os processos de preven\u00e7\u00e3o, interven\u00e7\u00e3o e produ\u00e7\u00e3o de conhecimentos relativos ao sofrimento mental individual e coletivo. A partir de distintas abordagens te\u00f3rico- metodol\u00f3gicas, tais pr\u00e1ticas s\u00e3o fundamentadas ainda em observa\u00e7\u00f5es e avalia\u00e7\u00f5es do contexto em que ocorrem, nos \u00e2mbitos individual, grupal, comunit\u00e1rio, organizacional, institucional, dentre outros.<\/span><\/span><\/p>\n<p><b><i><span style=\"font-size: 14pt\">PSICOLOGIA, PROCESSOS PSICOSSOCIAIS E POL\u00cdTICAS P\u00daBLICAS<\/span><br \/>\n<\/i><\/b><span style=\"font-size: 14pt\"><span style=\"font-weight: 400\">Aborda as pr\u00e1ticas de an\u00e1lise, compreens\u00e3o, <\/span><span style=\"font-weight: 400\">desenvolvimento e interven\u00e7\u00e3o da Psicologia nos processos psicossociais e nas pol\u00edticas p\u00fablicas, ressaltando as dimens\u00f5es e interfaces entre os \u00e2mbitos individual, grupal, comunit\u00e1rio, organizacional e institucional. Prepara a\/o estudante para atua\u00e7\u00e3o interdisciplinar com comprometimento \u00e9tico, t\u00e9cnico e pol\u00edtico nos diversos \u00e2mbitos da pr\u00e1tica psicol\u00f3gica (sa\u00fade, assist\u00eancia social, educa\u00e7\u00e3o, justi\u00e7a, trabalho, meio ambiente, dentre outras), em espa\u00e7os p\u00fablicos e privados, com vistas \u00e0 garantia de direitos e promo\u00e7\u00e3o de processos de subjetiva\u00e7\u00e3o emancipat\u00f3rios, atuando na promo\u00e7\u00e3o de sa\u00fade, na produ\u00e7\u00e3o de cuidado em sa\u00fade mental, no diagn\u00f3stico, planejamento de a\u00e7\u00f5es e solu\u00e7\u00e3o de problemas.<\/span><\/span><\/p>\n<p><span style=\"text-decoration: underline;font-size: 18pt\"><b>ATUA\u00c7\u00c3O PROFISSIONAL<br \/>\n<\/b><\/span><span style=\"font-size: 14pt\"><b><span style=\"font-weight: 400\">A\/o Psic\u00f3loga\/o pode atuar em diversos contextos de trabalho, em \u00e1reas como: Psicologia Escolar\/Educacional; Psicologia Organizacional e do Trabalho; Sa\u00fade do\/a Trabalhador\/a; Psicologia de Tr\u00e2nsito; Psicologia Jur\u00eddica; Psicologia do Esporte; Psicologia Cl\u00ednica; Psicologia Hospi talar; Psicopedagogia; Psicomotricidade; Psicologia Social; Neuropsicologia; Psicologia em Sa\u00fade; Avalia\u00e7\u00e3o Psicol\u00f3gica; Psicologia Ambiental, dentre outros.<\/span><\/b><\/span><\/p>\n<p><span style=\"text-decoration: underline\"><strong><span style=\"font-size: 18pt\">DURA\u00c7\u00c3O<\/span><br \/>\n<\/strong><\/span><span style=\"font-weight: 400;font-size: 14pt\">5 anos , per\u00edodo integral, de forma presencial.<\/span><\/p>\n<p>&nbsp;<\/p>\n<p><span style=\"font-weight: 400\">\u00a0<\/span><\/p>\n<p><b><i>\u00a0<\/i><\/b>[\/vc_column_text][\/vc_column][\/vc_row]<\/p>\n<\/div>","protected":false},"excerpt":{"rendered":"<p>[vc_row][vc_column][vc_column_text css=&#8221;&#8221;]HIST\u00d3RICO O curso de Psicologia da Universidade Estadual do Centro-Oeste- Unicentro existe desde 2003 no campus de Irati, PR. \u00c9 formado por corpo docente de doutoras\/es e mestras\/es e promove forma\u00e7\u00e3o generalista, articulando a\u00e7\u00f5es de ensino, pesquisa e extens\u00e3o. FORMA\u00c7\u00c3O A(o) psic\u00f3loga(o) atua buscando compreender, avaliar e intervir sobre os processos psicol\u00f3gicos, relacionais e [&hellip;]<\/p>\n","protected":false},"author":3,"featured_media":0,"parent":328,"menu_order":0,"comment_status":"closed","ping_status":"closed","template":"","meta":{"_exactmetrics_skip_tracking":false,"_exactmetrics_sitenote_active":false,"_exactmetrics_sitenote_note":"","_exactmetrics_sitenote_category":0,"footnotes":"","_links_to":"","_links_to_target":""},"class_list":["post-318","page","type-page","status-publish","hentry"],"_links":{"self":[{"href":"https:\/\/www3.unicentro.br\/depsi\/wp-json\/wp\/v2\/pages\/318","targetHints":{"allow":["GET"]}}],"collection":[{"href":"https:\/\/www3.unicentro.br\/depsi\/wp-json\/wp\/v2\/pages"}],"about":[{"href":"https:\/\/www3.unicentro.br\/depsi\/wp-json\/wp\/v2\/types\/page"}],"author":[{"embeddable":true,"href":"https:\/\/www3.unicentro.br\/depsi\/wp-json\/wp\/v2\/users\/3"}],"replies":[{"embeddable":true,"href":"https:\/\/www3.unicentro.br\/depsi\/wp-json\/wp\/v2\/comments?post=318"}],"version-history":[{"count":2,"href":"https:\/\/www3.unicentro.br\/depsi\/wp-json\/wp\/v2\/pages\/318\/revisions"}],"predecessor-version":[{"id":876,"href":"https:\/\/www3.unicentro.br\/depsi\/wp-json\/wp\/v2\/pages\/318\/revisions\/876"}],"up":[{"embeddable":true,"href":"https:\/\/www3.unicentro.br\/depsi\/wp-json\/wp\/v2\/pages\/328"}],"wp:attachment":[{"href":"https:\/\/www3.unicentro.br\/depsi\/wp-json\/wp\/v2\/media?parent=318"}],"curies":[{"name":"wp","href":"https:\/\/api.w.org\/{rel}","templated":true}]}}