{"id":91,"date":"2017-05-04T11:40:11","date_gmt":"2017-05-04T14:40:11","guid":{"rendered":"https:\/\/www3.unicentro.br\/denut\/?page_id=91"},"modified":"2017-05-04T15:31:50","modified_gmt":"2017-05-04T18:31:50","slug":"inicial","status":"publish","type":"page","link":"https:\/\/www3.unicentro.br\/denut\/","title":{"rendered":"Inicial"},"content":{"rendered":"<div class=\"wpb-content-wrapper\"><p>[vc_row][vc_column el_class=&#8221;noticias&#8221;][vc_custom_heading text=&#8221;\u00daltimas not\u00edcias&#8221; font_container=&#8221;tag:h2|font_size:20px|text_align:left|color:%232f7722&#8243; use_theme_fonts=&#8221;yes&#8221;]<aside class=\"ul-custom-css-inline\">\t\t\t\t\t\t\t\t\t\t\r\n\t\t\t\t\t\t\t\t\t\t<link rel=\"stylesheet\" id=\"ul-google-fonts-css\" href=\"https:\/\/fonts.googleapis.com\/css?family=Open+Sans%3A400%2C500%2C600\" type=\"text\/css\" media=\"all\" \/><style type=\"text\/css\">#ul83333.ultimate-layouts-container h3.ultimate-layouts-title, \r\n\t\t\t\t\t\t\t\t\t#ul83333.ultimate-layouts-container h3.ultimate-layouts-title a{font-family:\"Open Sans\" !important;font-size:14px !important;text-transform:none !important;}.ul_quickview_p_ul83333.ul-quick-view-style h3.ultimate-layouts-title,\r\n\t\t\t\t\t\t\t\t\t\t.ul_quickview_p_ul83333.ul-quick-view-style h3.ultimate-layouts-title a{font-family:\"Open Sans\" !important;}.ul_quickview_p_ul83333.ul-quick-view-style h3.ultimate-layouts-title,\r\n\t\t\t\t\t\t\t\t\t\t\t.ul_quickview_p_ul83333.ul-quick-view-style h3.ultimate-layouts-title a{font-size:12px !important;font-weight:bold !important;font-style:normal !important;}#ul83333.ultimate-layouts-container .ul-cb-style-listing h3.ultimate-layouts-title, \r\n\t\t\t\t\t\t\t\t\t\t#ul83333.ultimate-layouts-container .ul-cb-style-listing h3.ultimate-layouts-title a{\r\n\t\t\t\t\t\t\t\t\t\t\tfont-size:calc(14px * 0.78) !important;\r\n\t\t\t\t\t\t\t\t\t\t\tfont-size:-webkit-calc(14px * 0.78) !important;\r\n\t\t\t\t\t\t\t\t\t\t\tfont-size:-moz-calc(14px * 0.78) !important;\r\n\t\t\t\t\t\t\t\t\t\t\tfont-size:-ms-calc(14px * 0.78) !important;\r\n\t\t\t\t\t\t\t\t\t\t\tfont-size:-o-calc(14px * 0.78) !important;\r\n\t\t\t\t\t\t\t\t\t\t}<\/style>\r\n\t\t\t\t\t\t\t\t\t\t<h6>h6<\/h6>\r\n\t\t\t\t\t\t\t\t\t<\/aside><script>if(typeof(ultimate_layouts_ajax_url)==\"undefined\"){var ultimate_layouts_ajax_url=[]};ultimate_layouts_ajax_url[\"ul83333\"]=\"https:\/\/www3.unicentro.br\/denut\/wp-admin\/admin-ajax.php\";if(typeof(ultimate_layouts_query_params)==\"undefined\"){var ultimate_layouts_query_params=[]};ultimate_layouts_query_params[\"ul83333\"]={\"post_types\":\"post\",\"i_attachment\":\"\",\"taxonomies\":\"category\",\"multi_post_types\":\"\",\"multi_taxonomies\":\"\",\"query_types\":\"0\",\"i_taxonomies\":\"4\",\"e_taxonomies\":\"\",\"i_ids\":\"\",\"cq_operator\":\"0\",\"e_ids\":\"\",\"query_author\":\"\",\"query_offset\":\"\",\"query_include_children\":\"1\",\"today_post\":\"0\",\"datetime_meta\":\"\",\"woo_query\":\"0\",\"post_count\":50,\"posts_per_page\":\"3\",\"d_i_filter\":\"\"};if(typeof(ultimate_layouts_filter)==\"undefined\"){var ultimate_layouts_filter=[]};ultimate_layouts_filter[\"ul83333\"]=\"\";if(typeof(ultimate_layouts_order)==\"undefined\"){var ultimate_layouts_order=[]};ultimate_layouts_order[\"ul83333\"]=\"DESC\";if(typeof(ultimate_layouts_orderby)==\"undefined\"){var ultimate_layouts_orderby=[]};ultimate_layouts_orderby[\"ul83333\"]=\"date\";if(typeof(ultimate_layouts_sub_opt_query)==\"undefined\"){var ultimate_layouts_sub_opt_query=[]};ultimate_layouts_sub_opt_query[\"ul83333\"]={\"meta_key_query\":\"\",\"paged\":1,\"first_query\":\"on\",\"total_pages\":8,\"items_last_page\":1};if(typeof(ultimate_layouts_options)==\"undefined\"){var ultimate_layouts_options=[]};ultimate_layouts_options[\"ul83333\"]={\"layout_style\":\"4\",\"button_gallery_name\":\"Gallery\",\"grid_style\":\"0\",\"list_style\":\"3\",\"carousel_t_style\":\"0\",\"carousel_f_style\":\"0\",\"creative_style\":\"0\",\"timeline_style\":\"0\",\"block_content_style\":\"0\",\"sync_slider_style\":\"0\",\"grid_masonry\":\"0\",\"show_arrows\":\"1\",\"arrows_outside\":\"0\",\"show_dots\":\"1\",\"infinite\":\"1\",\"autoplay\":\"1\",\"autoplayspeed\":5000,\"scrollperpage\":\"1\",\"speed\":500,\"centermode\":\"0\",\"sync_slider_height_d\":\"\",\"sync_slider_height_t\":\"\",\"sync_slider_height_m\":\"\",\"sync_slider_width_d\":\"\",\"sync_slider_width_t\":\"\",\"sync_slider_width_m\":\"\",\"show_elements\":\"0\",\"av_content\":\"0\",\"cc_mobile\":\"0\",\"cc_portrait_tablet\":\"0\",\"cc_landscape_tablet\":\"0\",\"cc_small_desktop\":\"0\",\"cc_medium_desktop\":\"0\",\"cc_large_desktop\":\"0\",\"cc_extra_large_desktop\":\"0\",\"image_size\":\"thumbnail\",\"image_size_s\":\"thumbnail\",\"s_image\":\"0\",\"s_image_link\":\"1\",\"s_image_link_target\":\"0\",\"s_icon_lightbox_video\":\"0\",\"video_url_meta\":\"0\",\"video_url_meta_key\":\"\",\"s_icon_lightbox_image\":\"1\",\"s_icon_link\":\"1\",\"s_icon_link_target\":\"0\",\"s_image_hover_effect\":\"0\",\"s_overlay_hover_effect\":\"\",\"s_overlay_settings\":\"0\",\"s_overlay_color\":\"\",\"s_image_post_format\":\"0\",\"s_image_post_format_pos\":\"ul-bottom-right\",\"s_image_avatar\":\"0\",\"s_title\":\"1\",\"s_title_limit\":\"0\",\"s_title_link\":\"1\",\"s_title_link_target\":\"0\",\"s_excerpt\":\"0\",\"s_excerpt_rbtn\":\"0\",\"s_excerpt_f\":\"get_the_excerpt\",\"s_excerpt_sc\":\"1\",\"s_excerpt_sh\":\"1\",\"s_excerpt_length\":0,\"s_categories\":\"0\",\"s_s_categories\":\"0\",\"s_s_categories_parent\":\"0\",\"ex_items_taxonomies\":\"\",\"s_c_categories\":\"0\",\"s_ct_categories\":\"\",\"s_cb_categories\":\"\",\"s_categories_target\":\"0\",\"s_metas_o\":\"0\",\"s_metas_o_author\":\"1\",\"s_metas_o_author_avatar\":\"0\",\"s_metas_o_time\":\"1\",\"time_format\":\"F j, Y\",\"s_metas_o_comment\":\"1\",\"s_metas_o_like\":\"0\",\"s_metas_o_share\":\"0\",\"custom_meta_o\":\"\",\"s_metas_t\":\"0\",\"s_metas_t_author\":\"0\",\"s_metas_t_author_avatar\":\"0\",\"s_metas_t_time\":\"0\",\"time_format_t\":\"F j, Y\",\"s_metas_t_comment\":\"0\",\"s_metas_t_like\":\"1\",\"s_metas_t_share\":\"1\",\"custom_meta_t\":\"\",\"s_metas_t_readmore\":\"1\",\"s_metas_t_readmore_link_target\":\"0\",\"share_text\":\"\",\"read_more_text\":\"\",\"before_author_text\":\"\",\"pagination\":\"0\",\"loadmore_text\":\"\",\"prev_text\":\"\",\"next_text\":\"\",\"animate\":\"default\",\"lazyload\":\"0\",\"lazyload_p\":\"\",\"geodirectory_rating\":\"0\",\"quick_view\":\"1\",\"quick_view_mode\":\"0\",\"extra_class\":\"noticias\",\"rnd_id\":\"ul83333\",\"s_title_small\":\"1\",\"s_title_limit_small\":\"0\",\"s_title_link_small\":\"1\",\"s_title_link_target_small\":\"0\",\"s_categories_small\":\"1\",\"s_s_categories_small\":\"0\",\"s_s_categories_parent_small\":\"0\",\"ex_items_taxonomies_small\":\"\",\"s_c_categories_small\":\"0\",\"s_ct_categories_small\":\"\",\"s_cb_categories_small\":\"\",\"s_categories_target_small\":\"0\",\"s_metas_o_small\":\"1\",\"s_metas_o_author_small\":\"1\",\"s_metas_o_author_avatar_small\":\"0\",\"s_metas_o_time_small\":\"1\",\"time_format_small\":\"F j, Y\",\"s_metas_o_comment_small\":\"1\",\"s_metas_o_like_small\":\"0\",\"s_metas_o_share_small\":\"0\",\"custom_meta_o_small\":\"\",\"woo_show_price\":\"0\",\"woo_show_rating\":\"0\",\"woo_show_cart\":\"0\",\"qv_s_title\":\"1\",\"qv_s_categories\":\"0\",\"qv_s_s_categories\":\"0\",\"qv_s_s_categories_parent\":\"0\",\"qv_ex_items_taxonomies\":\"\",\"qv_s_c_categories\":\"0\",\"qv_s_ct_categories\":\"\",\"qv_s_cb_categories\":\"\",\"qv_s_categories_target\":\"0\",\"qv_s_metas_o\":\"0\",\"qv_s_metas_o_author\":\"1\",\"qv_s_metas_o_author_avatar\":\"0\",\"qv_s_metas_o_time\":\"1\",\"qv_time_format\":\"F j, Y\",\"qv_s_metas_o_comment\":\"1\",\"qv_s_metas_o_like\":\"1\",\"qv_custom_meta_o\":\"\",\"qv_show_content\":\"0\",\"qv_content_stripsc\":\"0\",\"qv_show_share\":\"0\",\"qv_woo_show_rating\":\"0\",\"qv_s_featured_image\":\"0\",\"goo_ads_client\":\"\",\"goo_ads_id\":\"\",\"goo_ads_offset\":\"1\",\"css_class\":\"\"};<\/script><div id=\"ul83333\" class=\"ultimate-layouts-container ul-filter-gridlist-normal ultimate-layouts-wrapper-control noticias \"><div class=\"\r\n\t\t\t\t\t\t\t\t\t\t\t\tultimate-layouts-listing-wrap \r\n\t\t\t\t\t\t\t\t\t\t\t\tultimate-layouts-listing-list-4\r\n\t\t\t\t\t\t\t\t\t\t\t\t\r\n\t\t\t\t\t\t\t\t\t\t\t\tultimate-layouts-effect-icon\r\n\t\t\t\t\t\t\t\t\t\t\t\"><!--post item--> \r\n<article class=\"ultimate-layouts-item hentry\">\r\n    <!--entry content-->\r\n    <div class=\"ultimate-layouts-entry-wrapper entry-content\">    \r\n        <!--picture-->\r\n                <!--picture-->        \r\n        <!--content-->\r\n        <div class=\"ultimate-layouts-content entry\">            \r\n                        \r\n            <h3 class=\"ultimate-layouts-title font-size-24 entry-title  \"><a  data-post-id=\"392\" href=\"https:\/\/www3.unicentro.br\/denut\/2021\/11\/04\/colacao-de-grau-nutricao\/\" title=\"Cola\u00e7\u00e3o de Grau Nutri\u00e7\u00e3o &#8211; Turma 2017-2020\"   class=\"ultimate-layouts-title-link\">Cola\u00e7\u00e3o de Grau Nutri\u00e7\u00e3o &#8211; Turma 2017-2020<\/a><\/h3>            \r\n                                     \r\n                                                                \r\n                        \r\n        <\/div><!--content-->               \r\n    <\/div><!--entry content-->            \r\n<\/article><!--post item--><!--post item--> \r\n<article class=\"ultimate-layouts-item hentry\">\r\n    <!--entry content-->\r\n    <div class=\"ultimate-layouts-entry-wrapper entry-content\">    \r\n        <!--picture-->\r\n                <!--picture-->        \r\n        <!--content-->\r\n        <div class=\"ultimate-layouts-content entry\">            \r\n                        \r\n            <h3 class=\"ultimate-layouts-title font-size-24 entry-title  \"><a  data-post-id=\"381\" href=\"https:\/\/www3.unicentro.br\/denut\/2019\/11\/29\/alunos-da-segunda-serie-em-atividade-na-unati-na-disciplina-de-educacao-nutricional-da-profa-karol-kruger-e-do-projeto-de-extensao-do-prof-dalton-luiz-schiessel\/\" title=\"Alunos da segunda s\u00e9rie em atividade na Unati na disciplina de Educa\u00e7\u00e3o Nutricional da Profa. Karol Kruger e do projeto de Extens\u00e3o do Prof\u00b0 Dalton Luiz Schiessel\"   class=\"ultimate-layouts-title-link\">Alunos da segunda s\u00e9rie em atividade na Unati na disciplina de Educa\u00e7\u00e3o Nutricional da Profa. Karol Kruger e do projeto de Extens\u00e3o do Prof\u00b0 Dalton Luiz Schiessel<\/a><\/h3>            \r\n                                     \r\n                                                                \r\n                        \r\n        <\/div><!--content-->               \r\n    <\/div><!--entry content-->            \r\n<\/article><!--post item--><!--post item--> \r\n<article class=\"ultimate-layouts-item hentry\">\r\n    <!--entry content-->\r\n    <div class=\"ultimate-layouts-entry-wrapper entry-content\">    \r\n        <!--picture-->\r\n                <!--picture-->        \r\n        <!--content-->\r\n        <div class=\"ultimate-layouts-content entry\">            \r\n                        \r\n            <h3 class=\"ultimate-layouts-title font-size-24 entry-title  \"><a  data-post-id=\"360\" href=\"https:\/\/www3.unicentro.br\/denut\/2019\/06\/04\/academicos-do-curso-de-nutricao-da-unicentro-participaram-da-audiencia-publica-a-respeito-do-hospital-regional-e-centro-de-especialidades-do-parana-cep-realizada-na-camara-municipal-de-guarapuava-n\/\" title=\"Acad\u00eamicos do Curso de  Nutri\u00e7\u00e3o da UNICENTRO participaram da Audi\u00eancia P\u00fablica a respeito do Hospital Regional e Centro de Especialidades do Paran\u00e1 (CEP) realizada na C\u00e2mara Municipal de Guarapuava no dia 30 de maio de 2019.\"   class=\"ultimate-layouts-title-link\">Acad\u00eamicos do Curso de  Nutri\u00e7\u00e3o da UNICENTRO participaram da Audi\u00eancia P\u00fablica a respeito do Hospital Regional e Centro de Especialidades do Paran\u00e1 (CEP) realizada na C\u00e2mara Municipal de Guarapuava no dia 30 de maio de 2019.<\/a><\/h3>            \r\n                                     \r\n                                                                \r\n                        \r\n        <\/div><!--content-->               \r\n    <\/div><!--entry content-->            \r\n<\/article><!--post item--><\/div><div class=\"ul-pagination-wrap\">\r\n\t\t\t\t\t\t\t\t\t\t\t\t<div class=\"ultimate-layouts-readmore-btn ul-loadmore-style ul-loadmore-action\">\r\n\t\t\t\t\t\t\t\t\t\t\t\t\t<span class=\"ul-loadmore-text\">Load More<\/span>\t\t\t\t\t\t\t\t\t\t\t\t\t\r\n\t\t\t\t\t\t\t\t\t\t\t\t\t<div class=\"ul-loadmore-loading la-ball-scale-multiple la-2x\">\r\n\t\t\t\t\t\t\t\t\t\t\t\t\t\t<div><\/div>\r\n\t\t\t\t\t\t\t\t\t\t\t\t\t\t<div><\/div>\r\n\t\t\t\t\t\t\t\t\t\t\t\t\t\t<div><\/div>\r\n\t\t\t\t\t\t\t\t\t\t\t\t\t<\/div>\r\n\t\t\t\t\t\t\t\t\t\t\t\t<\/div>\r\n\t\t\t\t\t\t\t\t\t\t\t<\/div><\/div>[\/vc_column][\/vc_row][vc_row][vc_column]    \t<a class=\"btn button-82883 btn-primary \" href=\"https:\/\/www3.unicentro.br\/denut\/category\/noticias\/\" data-delay=0 >\n        Arquivo de not\u00edcias&nbsp;&nbsp;<i class=\"fa fa-angle-right\"><\/i>        <\/a>\n        \t\t\t<style scoped=\"scoped\">\n\t\t\t\t.button-82883{\n\t\t\t\t\t\t\t\t\t\tbackground-color: #1d6813;\n\t\t\t\t\t\t\t\t\t\tborder-color: #1d6813\t\t\t\t}\n\t\t\t<\/style>\n\t\t[\/vc_column][\/vc_row]<\/p>\n<\/div>","protected":false},"excerpt":{"rendered":"<p>[vc_row][vc_column el_class=&#8221;noticias&#8221;][vc_custom_heading text=&#8221;\u00daltimas not\u00edcias&#8221; font_container=&#8221;tag:h2|font_size:20px|text_align:left|color:%232f7722&#8243; use_theme_fonts=&#8221;yes&#8221;][\/vc_column][\/vc_row][vc_row][vc_column][\/vc_column][\/vc_row]<\/p>\n","protected":false},"author":3,"featured_media":0,"parent":0,"menu_order":0,"comment_status":"closed","ping_status":"closed","template":"page-templates\/front-page.php","meta":{"_exactmetrics_skip_tracking":false,"_exactmetrics_sitenote_active":false,"_exactmetrics_sitenote_note":"","_exactmetrics_sitenote_category":0,"footnotes":"","_links_to":"","_links_to_target":""},"class_list":["post-91","page","type-page","status-publish","hentry"],"_links":{"self":[{"href":"https:\/\/www3.unicentro.br\/denut\/wp-json\/wp\/v2\/pages\/91","targetHints":{"allow":["GET"]}}],"collection":[{"href":"https:\/\/www3.unicentro.br\/denut\/wp-json\/wp\/v2\/pages"}],"about":[{"href":"https:\/\/www3.unicentro.br\/denut\/wp-json\/wp\/v2\/types\/page"}],"author":[{"embeddable":true,"href":"https:\/\/www3.unicentro.br\/denut\/wp-json\/wp\/v2\/users\/3"}],"replies":[{"embeddable":true,"href":"https:\/\/www3.unicentro.br\/denut\/wp-json\/wp\/v2\/comments?post=91"}],"version-history":[{"count":0,"href":"https:\/\/www3.unicentro.br\/denut\/wp-json\/wp\/v2\/pages\/91\/revisions"}],"wp:attachment":[{"href":"https:\/\/www3.unicentro.br\/denut\/wp-json\/wp\/v2\/media?parent=91"}],"curies":[{"name":"wp","href":"https:\/\/api.w.org\/{rel}","templated":true}]}}