{"id":9,"date":"2017-05-02T11:20:37","date_gmt":"2017-05-02T14:20:37","guid":{"rendered":"https:\/\/www3.unicentro.br\/denut\/?page_id=9"},"modified":"2025-07-22T09:18:16","modified_gmt":"2025-07-22T12:18:16","slug":"o-nutricionista","status":"publish","type":"page","link":"https:\/\/www3.unicentro.br\/denut\/o-nutricionista\/","title":{"rendered":"O Nutricionista"},"content":{"rendered":"<div class=\"wpb-content-wrapper\"><p>[vc_row][vc_column][vc_column_text css=&#8221;&#8221;]<span style=\"font-size: 14pt\">O Nutricionista possui forma\u00e7\u00e3o generalista, humanista e cr\u00edtica. \u00c9 capacitado a atuar visando \u00e0 seguran\u00e7a alimentar e a aten\u00e7\u00e3o diet\u00e9tica, fundamentais para a promo\u00e7\u00e3o, manuten\u00e7\u00e3o e recupera\u00e7\u00e3o da sa\u00fade e para a preven\u00e7\u00e3o de doen\u00e7as de indiv\u00edduos ou grupos populacionais. Contribui para a melhoria da qualidade de vida, pautado em princ\u00edpios \u00e9ticos, com reflex\u00e3o sobre a realidade econ\u00f4mica, pol\u00edtica, social e cultural.<\/span>[\/vc_column_text][\/vc_column][\/vc_row]<\/p>\n<\/div>","protected":false},"excerpt":{"rendered":"<p>[vc_row][vc_column][vc_column_text css=&#8221;&#8221;]O Nutricionista possui forma\u00e7\u00e3o generalista, humanista e cr\u00edtica. \u00c9 capacitado a atuar visando \u00e0 seguran\u00e7a alimentar e a aten\u00e7\u00e3o diet\u00e9tica, fundamentais para a promo\u00e7\u00e3o, manuten\u00e7\u00e3o e recupera\u00e7\u00e3o da sa\u00fade e para a preven\u00e7\u00e3o de doen\u00e7as de indiv\u00edduos ou grupos populacionais. Contribui para a melhoria da qualidade de vida, pautado em princ\u00edpios \u00e9ticos, com reflex\u00e3o [&hellip;]<\/p>\n","protected":false},"author":3,"featured_media":0,"parent":0,"menu_order":0,"comment_status":"closed","ping_status":"closed","template":"","meta":{"_exactmetrics_skip_tracking":false,"_exactmetrics_sitenote_active":false,"_exactmetrics_sitenote_note":"","_exactmetrics_sitenote_category":0,"footnotes":"","_links_to":"","_links_to_target":""},"class_list":["post-9","page","type-page","status-publish","hentry"],"_links":{"self":[{"href":"https:\/\/www3.unicentro.br\/denut\/wp-json\/wp\/v2\/pages\/9","targetHints":{"allow":["GET"]}}],"collection":[{"href":"https:\/\/www3.unicentro.br\/denut\/wp-json\/wp\/v2\/pages"}],"about":[{"href":"https:\/\/www3.unicentro.br\/denut\/wp-json\/wp\/v2\/types\/page"}],"author":[{"embeddable":true,"href":"https:\/\/www3.unicentro.br\/denut\/wp-json\/wp\/v2\/users\/3"}],"replies":[{"embeddable":true,"href":"https:\/\/www3.unicentro.br\/denut\/wp-json\/wp\/v2\/comments?post=9"}],"version-history":[{"count":1,"href":"https:\/\/www3.unicentro.br\/denut\/wp-json\/wp\/v2\/pages\/9\/revisions"}],"predecessor-version":[{"id":587,"href":"https:\/\/www3.unicentro.br\/denut\/wp-json\/wp\/v2\/pages\/9\/revisions\/587"}],"wp:attachment":[{"href":"https:\/\/www3.unicentro.br\/denut\/wp-json\/wp\/v2\/media?parent=9"}],"curies":[{"name":"wp","href":"https:\/\/api.w.org\/{rel}","templated":true}]}}