{"id":70,"date":"2017-05-04T11:28:44","date_gmt":"2017-05-04T14:28:44","guid":{"rendered":"https:\/\/www3.unicentro.br\/denut\/?page_id=70"},"modified":"2025-07-21T09:39:43","modified_gmt":"2025-07-21T12:39:43","slug":"contato","status":"publish","type":"page","link":"https:\/\/www3.unicentro.br\/denut\/contato\/","title":{"rendered":"Contato"},"content":{"rendered":"<div class=\"wpb-content-wrapper\"><p>[vc_row][vc_column width=&#8221;1\/2&#8243;]\n<div class=\"wpcf7 no-js\" id=\"wpcf7-f7-o1\" lang=\"pt-BR\" dir=\"ltr\" data-wpcf7-id=\"7\">\n<div class=\"screen-reader-response\"><p role=\"status\" aria-live=\"polite\" aria-atomic=\"true\"><\/p> <ul><\/ul><\/div>\n<form action=\"\/denut\/wp-json\/wp\/v2\/pages\/70#wpcf7-f7-o1\" method=\"post\" class=\"wpcf7-form init\" aria-label=\"Formul\u00e1rios de contato\" novalidate=\"novalidate\" data-status=\"init\">\n<fieldset class=\"hidden-fields-container\"><input type=\"hidden\" name=\"_wpcf7\" value=\"7\" \/><input type=\"hidden\" name=\"_wpcf7_version\" value=\"6.1.5\" \/><input type=\"hidden\" name=\"_wpcf7_locale\" value=\"pt_BR\" \/><input type=\"hidden\" name=\"_wpcf7_unit_tag\" value=\"wpcf7-f7-o1\" \/><input type=\"hidden\" name=\"_wpcf7_container_post\" value=\"0\" \/><input type=\"hidden\" name=\"_wpcf7_posted_data_hash\" value=\"\" \/>\n<\/fieldset>\n<p><label> Seu nome (obrigat\u00f3rio)<br \/>\n<span class=\"wpcf7-form-control-wrap\" data-name=\"your-name\"><input size=\"40\" maxlength=\"400\" class=\"wpcf7-form-control wpcf7-text wpcf7-validates-as-required\" aria-required=\"true\" aria-invalid=\"false\" value=\"\" type=\"text\" name=\"your-name\" \/><\/span> <\/label>\n<\/p>\n<p><label> Seu e-mail (obrigat\u00f3rio)<br \/>\n<span class=\"wpcf7-form-control-wrap\" data-name=\"your-email\"><input size=\"40\" maxlength=\"400\" class=\"wpcf7-form-control wpcf7-email wpcf7-validates-as-required wpcf7-text wpcf7-validates-as-email\" aria-required=\"true\" aria-invalid=\"false\" value=\"\" type=\"email\" name=\"your-email\" \/><\/span> <\/label>\n<\/p>\n<p><label> Assunto (obrigat\u00f3rio)<br \/>\n<span class=\"wpcf7-form-control-wrap\" data-name=\"your-subject\"><input size=\"40\" maxlength=\"400\" class=\"wpcf7-form-control wpcf7-text wpcf7-validates-as-required\" aria-required=\"true\" aria-invalid=\"false\" value=\"\" type=\"text\" name=\"your-subject\" \/><\/span> <\/label>\n<\/p>\n<p><label> Sua mensagem<br \/>\n<span class=\"wpcf7-form-control-wrap\" data-name=\"your-message\"><textarea cols=\"40\" rows=\"10\" maxlength=\"2000\" class=\"wpcf7-form-control wpcf7-textarea\" aria-invalid=\"false\" name=\"your-message\"><\/textarea><\/span> <\/label><br \/>\n[recaptcha]<br \/>\n<input class=\"wpcf7-form-control wpcf7-submit has-spinner\" type=\"submit\" value=\"Enviar\" \/>\n<\/p><p style=\"display: none !important;\" class=\"akismet-fields-container\" data-prefix=\"_wpcf7_ak_\"><label>&#916;<textarea name=\"_wpcf7_ak_hp_textarea\" cols=\"45\" rows=\"8\" maxlength=\"100\"><\/textarea><\/label><input type=\"hidden\" id=\"ak_js_1\" name=\"_wpcf7_ak_js\" value=\"243\"\/><script>document.getElementById( \"ak_js_1\" ).setAttribute( \"value\", ( new Date() ).getTime() );<\/script><\/p><div class=\"wpcf7-response-output\" aria-hidden=\"true\"><\/div>\n<\/form>\n<\/div>\n[\/vc_column][vc_column width=&#8221;1\/2&#8243;]    <div class=\"un-heading un-heading-heading_3556 \" data-delay=0>\n    \t<div class=\"un-heading-wrap\">\n            <span class=\"un-heading-line un-heading-before\"><span><\/span><\/span>\n                            <span class='btn btn-default btn-lg btn-lighter un-heading-content'>\n                            Entre em contato                            <\/span>\n                        <span class=\"un-heading-line un-heading-after\"><span><\/span><\/span>\n        <\/div>\n        <div class=\"clearfix\"><\/div>\n    <\/div>\n    [vc_column_text css=&#8221;&#8221;]<\/p>\n<p class=\"s1\"><strong>DENUT &#8211; Departamento de Nutri\u00e7\u00e3o<\/strong><br \/>\n<strong>E-mail:<\/strong> <a class=\"s8\" href=\"denut@unicentro.br\" target=\"_blank\" rel=\"noopener noreferrer\">denut@unicentro.br<\/a><br \/>\n<strong>Telefone:<\/strong> (42) 3629-8182 \/ (42) 3629-8166<br \/>\n<strong>Secret\u00e1ria:<\/strong> Marieli Augustin Machado<\/p>\n<p class=\"s1\"><strong>Campus Cedeteg<\/strong><br \/>\n<strong>Endere\u00e7o:<\/strong> Rua Camargo Varela de S\u00e1, 03<br \/>\nVila Carli &#8211; CEP 85040-080<br \/>\nGuarapuava &#8211; PR<br \/>\n<strong>Fone:<\/strong> (42) 3629-8100<\/p>\n<p class=\"s1\"><strong>Chefe:<\/strong> <a href=\"https:\/\/www3.unicentro.br\/docentes\/adriana-masiero-kuhl\/\">Prof\u00aa.Dr\u00aa Adriana Masiero Kuhl<\/a><br \/>\n<strong>Vice-Chefe: <\/strong><a href=\"https:\/\/www3.unicentro.br\/docentes\/adriana-masiero-kuhl\/\">Prof\u00aa.Dr\u00aa<\/a><strong>.<\/strong><a href=\"https:\/\/www3.unicentro.br\/docentes\/angelica-rocha-de-freitas-melhem\/\">Angelica Rocha de Freitas Melhem<\/a><\/p>\n<p>[\/vc_column_text][\/vc_column][\/vc_row]<\/p>\n<\/div>","protected":false},"excerpt":{"rendered":"<p>[vc_row][vc_column width=&#8221;1\/2&#8243;][\/vc_column][vc_column width=&#8221;1\/2&#8243;][vc_column_text css=&#8221;&#8221;] DENUT &#8211; Departamento de Nutri\u00e7\u00e3o E-mail: denut@unicentro.br Telefone: (42) 3629-8182 \/ (42) 3629-8166 Secret\u00e1ria: Marieli Augustin Machado Campus Cedeteg Endere\u00e7o: Rua Camargo Varela de S\u00e1, 03 Vila Carli &#8211; CEP 85040-080 Guarapuava &#8211; PR Fone: (42) 3629-8100 Chefe: Prof\u00aa.Dr\u00aa Adriana Masiero Kuhl Vice-Chefe: Prof\u00aa.Dr\u00aa.Angelica Rocha de Freitas Melhem [\/vc_column_text][\/vc_column][\/vc_row]<\/p>\n","protected":false},"author":3,"featured_media":0,"parent":0,"menu_order":0,"comment_status":"closed","ping_status":"closed","template":"","meta":{"_exactmetrics_skip_tracking":false,"_exactmetrics_sitenote_active":false,"_exactmetrics_sitenote_note":"","_exactmetrics_sitenote_category":0,"footnotes":"","_links_to":"","_links_to_target":""},"class_list":["post-70","page","type-page","status-publish","hentry"],"_links":{"self":[{"href":"https:\/\/www3.unicentro.br\/denut\/wp-json\/wp\/v2\/pages\/70","targetHints":{"allow":["GET"]}}],"collection":[{"href":"https:\/\/www3.unicentro.br\/denut\/wp-json\/wp\/v2\/pages"}],"about":[{"href":"https:\/\/www3.unicentro.br\/denut\/wp-json\/wp\/v2\/types\/page"}],"author":[{"embeddable":true,"href":"https:\/\/www3.unicentro.br\/denut\/wp-json\/wp\/v2\/users\/3"}],"replies":[{"embeddable":true,"href":"https:\/\/www3.unicentro.br\/denut\/wp-json\/wp\/v2\/comments?post=70"}],"version-history":[{"count":2,"href":"https:\/\/www3.unicentro.br\/denut\/wp-json\/wp\/v2\/pages\/70\/revisions"}],"predecessor-version":[{"id":522,"href":"https:\/\/www3.unicentro.br\/denut\/wp-json\/wp\/v2\/pages\/70\/revisions\/522"}],"wp:attachment":[{"href":"https:\/\/www3.unicentro.br\/denut\/wp-json\/wp\/v2\/media?parent=70"}],"curies":[{"name":"wp","href":"https:\/\/api.w.org\/{rel}","templated":true}]}}