{"id":68,"date":"2017-05-04T11:26:34","date_gmt":"2017-05-04T14:26:34","guid":{"rendered":"https:\/\/www3.unicentro.br\/denut\/?page_id=68"},"modified":"2025-07-22T16:04:27","modified_gmt":"2025-07-22T19:04:27","slug":"clinica-escola-de-nutricao-cenut","status":"publish","type":"page","link":"https:\/\/www3.unicentro.br\/denut\/clinica-escola-de-nutricao-cenut\/","title":{"rendered":"Cl\u00ednica Escola de Nutri\u00e7\u00e3o &#8211; Cenut"},"content":{"rendered":"<div class=\"wpb-content-wrapper\"><p>[vc_row][vc_column][vc_column_text css=&#8221;&#8221;]<\/p>\n<p class=\"s1\"><span style=\"font-size: 14pt\">O Curso de Nutri\u00e7\u00e3o da Unicentro\/Guarapuava-PR possui um amplo espa\u00e7o, localizado no Campus Cedeteg, para o atendimento nutricional da comunidade. O atendimento \u00e9 realizado por acad\u00eamicos da Nutri\u00e7\u00e3o que est\u00e3o no \u00faltimo ano do curso, sob orienta\u00e7\u00e3o direta de docentes altamente qualificados.<\/span><\/p>\n<p class=\"s1\"><span style=\"font-size: 14pt\">Para agendamento de consultas ligue: (42) 3629-8133.<\/span><\/p>\n<p class=\"s1\"><span style=\"font-size: 14pt\">Mais informa\u00e7\u00f5es da Cl\u00ednica Escola de Nutri\u00e7\u00e3o pelo site:: <a href=\"https:\/\/www3.unicentro.br\/cenut\">https:\/\/www3.unicentro.br\/cenut<\/a><\/span><\/p>\n<p>[\/vc_column_text][\/vc_column][\/vc_row]<\/p>\n<\/div>","protected":false},"excerpt":{"rendered":"<p>[vc_row][vc_column][vc_column_text css=&#8221;&#8221;] O Curso de Nutri\u00e7\u00e3o da Unicentro\/Guarapuava-PR possui um amplo espa\u00e7o, localizado no Campus Cedeteg, para o atendimento nutricional da comunidade. O atendimento \u00e9 realizado por acad\u00eamicos da Nutri\u00e7\u00e3o que est\u00e3o no \u00faltimo ano do curso, sob orienta\u00e7\u00e3o direta de docentes altamente qualificados. Para agendamento de consultas ligue: (42) 3629-8133. Mais informa\u00e7\u00f5es da Cl\u00ednica [&hellip;]<\/p>\n","protected":false},"author":3,"featured_media":0,"parent":0,"menu_order":0,"comment_status":"closed","ping_status":"closed","template":"","meta":{"_exactmetrics_skip_tracking":false,"_exactmetrics_sitenote_active":false,"_exactmetrics_sitenote_note":"","_exactmetrics_sitenote_category":0,"footnotes":"","_links_to":"","_links_to_target":""},"class_list":["post-68","page","type-page","status-publish","hentry"],"_links":{"self":[{"href":"https:\/\/www3.unicentro.br\/denut\/wp-json\/wp\/v2\/pages\/68","targetHints":{"allow":["GET"]}}],"collection":[{"href":"https:\/\/www3.unicentro.br\/denut\/wp-json\/wp\/v2\/pages"}],"about":[{"href":"https:\/\/www3.unicentro.br\/denut\/wp-json\/wp\/v2\/types\/page"}],"author":[{"embeddable":true,"href":"https:\/\/www3.unicentro.br\/denut\/wp-json\/wp\/v2\/users\/3"}],"replies":[{"embeddable":true,"href":"https:\/\/www3.unicentro.br\/denut\/wp-json\/wp\/v2\/comments?post=68"}],"version-history":[{"count":1,"href":"https:\/\/www3.unicentro.br\/denut\/wp-json\/wp\/v2\/pages\/68\/revisions"}],"predecessor-version":[{"id":600,"href":"https:\/\/www3.unicentro.br\/denut\/wp-json\/wp\/v2\/pages\/68\/revisions\/600"}],"wp:attachment":[{"href":"https:\/\/www3.unicentro.br\/denut\/wp-json\/wp\/v2\/media?parent=68"}],"curies":[{"name":"wp","href":"https:\/\/api.w.org\/{rel}","templated":true}]}}