{"id":65,"date":"2017-05-04T11:25:24","date_gmt":"2017-05-04T14:25:24","guid":{"rendered":"https:\/\/www3.unicentro.br\/denut\/?page_id=65"},"modified":"2017-05-09T17:45:44","modified_gmt":"2017-05-09T20:45:44","slug":"alimentacao-e-nutricao-para-a-universidade-aberta-a-terceira-idade","status":"publish","type":"page","link":"https:\/\/www3.unicentro.br\/denut\/extensao\/alimentacao-e-nutricao-para-a-universidade-aberta-a-terceira-idade\/","title":{"rendered":"Alimenta\u00e7\u00e3o e Nutri\u00e7\u00e3o para a Universidade Aberta \u00e0 Terceira Idade"},"content":{"rendered":"<p class=\"s1\"><strong>Alimenta\u00e7\u00e3o e Nutri\u00e7\u00e3o para a Universidade Aberta \u00e0 Terceira Idade<\/strong><\/p>\n<p class=\"s1\">Atualmente o Curso de Nutri\u00e7\u00e3o desenvolve um projeto de extens\u00e3o com o objetivo de proporcionar atividades relacionadas \u00e0 alimenta\u00e7\u00e3o e \u00e0 nutri\u00e7\u00e3o com os participantes da Universidade Aberta \u00e0 Terceira Idade da Universidade Estadual do Centro-Oeste \u2013 Unicentro. Com o projeto pretende-se disseminar a import\u00e2ncia da ado\u00e7\u00e3o de h\u00e1bitos saud\u00e1veis para preven\u00e7\u00e3o e tratamento de doen\u00e7as e manuten\u00e7\u00e3o da sa\u00fade e, por conseguinte, para melhoria na qualidade de vida. O projeto busca, tamb\u00e9m, promover a integra\u00e7\u00e3o entre ensino, pesquisa e extens\u00e3o, proporcionando aos acad\u00eamicos do Curso de Nutri\u00e7\u00e3o viv\u00eancia da realidade que encontrar\u00e3o como profissionais da sa\u00fade.<\/p>\n<p class=\"s1\"><strong>Professora Coordenadora do Projeto: <\/strong>Profa. Ma. Renata L\u00e9ia Dem\u00e1rio Vieira.<\/p>\n<p class=\"s1\"><strong>Equipe executora: <\/strong><br \/>\nProfa. Ma. Daniele Gon\u00e7alves Vieira (vice-coordenadora).<br \/>\nAcad\u00eamicos do 2\u00ba, 3\u00ba e 4\u00ba ano de Nutri\u00e7\u00e3o.<\/p>\n","protected":false},"excerpt":{"rendered":"<p>Alimenta\u00e7\u00e3o e Nutri\u00e7\u00e3o para a Universidade Aberta \u00e0 Terceira Idade Atualmente o Curso de Nutri\u00e7\u00e3o desenvolve um projeto de extens\u00e3o com o objetivo de proporcionar atividades relacionadas \u00e0 alimenta\u00e7\u00e3o e \u00e0 nutri\u00e7\u00e3o com os participantes da Universidade Aberta \u00e0 Terceira Idade da Universidade Estadual do Centro-Oeste \u2013 Unicentro. Com o projeto pretende-se disseminar a import\u00e2ncia [&hellip;]<\/p>\n","protected":false},"author":3,"featured_media":0,"parent":61,"menu_order":0,"comment_status":"closed","ping_status":"closed","template":"","meta":{"_exactmetrics_skip_tracking":false,"_exactmetrics_sitenote_active":false,"_exactmetrics_sitenote_note":"","_exactmetrics_sitenote_category":0,"footnotes":"","_links_to":"","_links_to_target":""},"class_list":["post-65","page","type-page","status-publish","hentry"],"_links":{"self":[{"href":"https:\/\/www3.unicentro.br\/denut\/wp-json\/wp\/v2\/pages\/65","targetHints":{"allow":["GET"]}}],"collection":[{"href":"https:\/\/www3.unicentro.br\/denut\/wp-json\/wp\/v2\/pages"}],"about":[{"href":"https:\/\/www3.unicentro.br\/denut\/wp-json\/wp\/v2\/types\/page"}],"author":[{"embeddable":true,"href":"https:\/\/www3.unicentro.br\/denut\/wp-json\/wp\/v2\/users\/3"}],"replies":[{"embeddable":true,"href":"https:\/\/www3.unicentro.br\/denut\/wp-json\/wp\/v2\/comments?post=65"}],"version-history":[{"count":0,"href":"https:\/\/www3.unicentro.br\/denut\/wp-json\/wp\/v2\/pages\/65\/revisions"}],"up":[{"embeddable":true,"href":"https:\/\/www3.unicentro.br\/denut\/wp-json\/wp\/v2\/pages\/61"}],"wp:attachment":[{"href":"https:\/\/www3.unicentro.br\/denut\/wp-json\/wp\/v2\/media?parent=65"}],"curies":[{"name":"wp","href":"https:\/\/api.w.org\/{rel}","templated":true}]}}