{"id":63,"date":"2017-05-04T11:24:38","date_gmt":"2017-05-04T14:24:38","guid":{"rendered":"https:\/\/www3.unicentro.br\/denut\/?page_id=63"},"modified":"2017-05-09T17:52:43","modified_gmt":"2017-05-09T20:52:43","slug":"centro-de-nutricao-renascer","status":"publish","type":"page","link":"https:\/\/www3.unicentro.br\/denut\/extensao\/centro-de-nutricao-renascer\/","title":{"rendered":"Centro de Nutri\u00e7\u00e3o Renascer"},"content":{"rendered":"<p class=\"s1\"><strong>Centro de Nutri\u00e7\u00e3o Renascer<\/strong><\/p>\n<p class=\"s1\">Atualmente o curso de Nutri\u00e7\u00e3o da Unicentro\u00a0desenvolve um projeto de extens\u00e3o no Centro de Nutri\u00e7\u00e3o Renascer com o objetivo de prestar atendimento \u00e0s crian\u00e7as sob risco nutricional, ou desnutri\u00e7\u00e3o. Melhorar o estado nutricional e corrigir dist\u00farbios relacionados \u00e0 m\u00e1 nutri\u00e7\u00e3o e problemas socioecon\u00f4micos. Promove a integra\u00e7\u00e3o entre ensino, pesquisa e extens\u00e3o, proporcionando que acad\u00eamicas do \u00faltimo ano de Nutri\u00e7\u00e3o pratiquem o atendimento nutricional juntamente com as professoras respons\u00e1veis pelo projeto.<\/p>\n<p class=\"s1\" style=\"padding-left: 30px\"><a class=\"s8\" href=\"http:\/\/www.unicentro.br\/graduacao\/denut\/imagens\/renascer\/index.html\" target=\"_blank\" rel=\"noopener noreferrer\">Veja as fotos<\/a><\/p>\n<p class=\"s1\"><strong>Professora Coordenadora do Projeto: <\/strong>Prof\u00aa Ma. Paula Chuproski Saldan<\/p>\n<p class=\"s1\"><strong>Equipe executora:<\/strong><br \/>\nProf\u00aa Ma. Marcela Brecailo, Prof\u00aa Ma. Gabriela Bennemann<br \/>\nAcad\u00eamicas do 3\u00ba e 4\u00ba\u00a0ano de Nutri\u00e7\u00e3o<\/p>\n","protected":false},"excerpt":{"rendered":"<p>Centro de Nutri\u00e7\u00e3o Renascer Atualmente o curso de Nutri\u00e7\u00e3o da Unicentro\u00a0desenvolve um projeto de extens\u00e3o no Centro de Nutri\u00e7\u00e3o Renascer com o objetivo de prestar atendimento \u00e0s crian\u00e7as sob risco nutricional, ou desnutri\u00e7\u00e3o. Melhorar o estado nutricional e corrigir dist\u00farbios relacionados \u00e0 m\u00e1 nutri\u00e7\u00e3o e problemas socioecon\u00f4micos. Promove a integra\u00e7\u00e3o entre ensino, pesquisa e extens\u00e3o, [&hellip;]<\/p>\n","protected":false},"author":3,"featured_media":0,"parent":61,"menu_order":0,"comment_status":"closed","ping_status":"closed","template":"","meta":{"_exactmetrics_skip_tracking":false,"_exactmetrics_sitenote_active":false,"_exactmetrics_sitenote_note":"","_exactmetrics_sitenote_category":0,"footnotes":"","_links_to":"","_links_to_target":""},"class_list":["post-63","page","type-page","status-publish","hentry"],"_links":{"self":[{"href":"https:\/\/www3.unicentro.br\/denut\/wp-json\/wp\/v2\/pages\/63","targetHints":{"allow":["GET"]}}],"collection":[{"href":"https:\/\/www3.unicentro.br\/denut\/wp-json\/wp\/v2\/pages"}],"about":[{"href":"https:\/\/www3.unicentro.br\/denut\/wp-json\/wp\/v2\/types\/page"}],"author":[{"embeddable":true,"href":"https:\/\/www3.unicentro.br\/denut\/wp-json\/wp\/v2\/users\/3"}],"replies":[{"embeddable":true,"href":"https:\/\/www3.unicentro.br\/denut\/wp-json\/wp\/v2\/comments?post=63"}],"version-history":[{"count":0,"href":"https:\/\/www3.unicentro.br\/denut\/wp-json\/wp\/v2\/pages\/63\/revisions"}],"up":[{"embeddable":true,"href":"https:\/\/www3.unicentro.br\/denut\/wp-json\/wp\/v2\/pages\/61"}],"wp:attachment":[{"href":"https:\/\/www3.unicentro.br\/denut\/wp-json\/wp\/v2\/media?parent=63"}],"curies":[{"name":"wp","href":"https:\/\/api.w.org\/{rel}","templated":true}]}}