{"id":61,"date":"2017-05-04T11:23:51","date_gmt":"2017-05-04T14:23:51","guid":{"rendered":"https:\/\/www3.unicentro.br\/denut\/?page_id=61"},"modified":"2017-05-09T18:19:57","modified_gmt":"2017-05-09T21:19:57","slug":"extensao","status":"publish","type":"page","link":"https:\/\/www3.unicentro.br\/denut\/extensao\/","title":{"rendered":"Extens\u00e3o Universit\u00e1ria"},"content":{"rendered":"<p class=\"s1\">&#8211; Projetos atuais:<\/p>\n<blockquote>\n<ul>\n<li class=\"s1\"><a href=\"https:\/\/www3.unicentro.br\/denut\/extensao-universitaria\/centro-de-nutricao-renascer\/\"><strong>Centro de Nutri\u00e7\u00e3o Renascer<\/strong><\/a><\/li>\n<li class=\"s1\"><a href=\"https:\/\/www3.unicentro.br\/denut\/extensao-universitaria\/alimentacao-e-nutricao-para-a-universidade-aberta-a-terceira-idade\/\"><strong>Alimenta\u00e7\u00e3o e Nutri\u00e7\u00e3o para a Universidade Aberta \u00e0 Terceira Idade<\/strong><\/a><\/li>\n<li class=\"s1\"><a href=\"http:\/\/Atendimento Nutricional para alunos da APAE \u2013 Associa\u00e7\u00e3o de Pais e Amigos dos Excepcionais de Guarapuava-PR\">Atendimento Nutricional para alunos da APAE \u2013 Associa\u00e7\u00e3o de Pais e Amigos dos Excepcionais de Guarapuava-PR<\/a><\/li>\n<li class=\"s1\"><strong>A\u00e7\u00f5es de Educa\u00e7\u00e3o, Aten\u00e7\u00e3o e Avalia\u00e7\u00e3o Nutricional: para pacientes <\/strong><strong>e funcion\u00e1rio de hospitais de Guarapuava\/PR<\/strong><\/li>\n<\/ul>\n<\/blockquote>\n","protected":false},"excerpt":{"rendered":"<p>&#8211; Projetos atuais: Centro de Nutri\u00e7\u00e3o Renascer Alimenta\u00e7\u00e3o e Nutri\u00e7\u00e3o para a Universidade Aberta \u00e0 Terceira Idade Atendimento Nutricional para alunos da APAE \u2013 Associa\u00e7\u00e3o de Pais e Amigos dos Excepcionais de Guarapuava-PR A\u00e7\u00f5es de Educa\u00e7\u00e3o, Aten\u00e7\u00e3o e Avalia\u00e7\u00e3o Nutricional: para pacientes e funcion\u00e1rio de hospitais de Guarapuava\/PR<\/p>\n","protected":false},"author":3,"featured_media":0,"parent":0,"menu_order":0,"comment_status":"closed","ping_status":"closed","template":"","meta":{"_exactmetrics_skip_tracking":false,"_exactmetrics_sitenote_active":false,"_exactmetrics_sitenote_note":"","_exactmetrics_sitenote_category":0,"footnotes":"","_links_to":"","_links_to_target":""},"class_list":["post-61","page","type-page","status-publish","hentry"],"_links":{"self":[{"href":"https:\/\/www3.unicentro.br\/denut\/wp-json\/wp\/v2\/pages\/61","targetHints":{"allow":["GET"]}}],"collection":[{"href":"https:\/\/www3.unicentro.br\/denut\/wp-json\/wp\/v2\/pages"}],"about":[{"href":"https:\/\/www3.unicentro.br\/denut\/wp-json\/wp\/v2\/types\/page"}],"author":[{"embeddable":true,"href":"https:\/\/www3.unicentro.br\/denut\/wp-json\/wp\/v2\/users\/3"}],"replies":[{"embeddable":true,"href":"https:\/\/www3.unicentro.br\/denut\/wp-json\/wp\/v2\/comments?post=61"}],"version-history":[{"count":0,"href":"https:\/\/www3.unicentro.br\/denut\/wp-json\/wp\/v2\/pages\/61\/revisions"}],"wp:attachment":[{"href":"https:\/\/www3.unicentro.br\/denut\/wp-json\/wp\/v2\/media?parent=61"}],"curies":[{"name":"wp","href":"https:\/\/api.w.org\/{rel}","templated":true}]}}