{"id":53,"date":"2017-05-02T17:20:41","date_gmt":"2017-05-02T20:20:41","guid":{"rendered":"https:\/\/www3.unicentro.br\/denut\/?page_id=53"},"modified":"2017-05-02T17:20:41","modified_gmt":"2017-05-02T20:20:41","slug":"pesquisa-cientifica","status":"publish","type":"page","link":"https:\/\/www3.unicentro.br\/denut\/pesquisa-cientifica\/","title":{"rendered":"Pesquisa Cient\u00edfica"},"content":{"rendered":"<p>Os professores do Denut\/Unicentro desenvolvem anualmente tr\u00eas modalidades de Projetos de Pesquisas internos a Unicentro, sendo eles: Projeto de Pesquisa Especial (PqE), Projetos de Pesquisa Isolada (PqI) e Projetos de Pesquisa Continuada (PqC) o que torna o departamento altamente qualificado e competitivo no \u00e2mbito atual da Educa\u00e7\u00e3o de Ensino Superior.<\/p>\n<p style=\"padding-left: 30px\"><a class=\"s8\" href=\"http:\/\/www.unicentro.br\/graduacao\/denut\/documentos\/planilha_todos-120924.pdf\" target=\"_blank\" rel=\"noopener noreferrer\">Projetos realizados pelos docentes<\/a><\/p>\n","protected":false},"excerpt":{"rendered":"<p>Os professores do Denut\/Unicentro desenvolvem anualmente tr\u00eas modalidades de Projetos de Pesquisas internos a Unicentro, sendo eles: Projeto de Pesquisa Especial (PqE), Projetos de Pesquisa Isolada (PqI) e Projetos de Pesquisa Continuada (PqC) o que torna o departamento altamente qualificado e competitivo no \u00e2mbito atual da Educa\u00e7\u00e3o de Ensino Superior. Projetos realizados pelos docentes<\/p>\n","protected":false},"author":3,"featured_media":0,"parent":0,"menu_order":0,"comment_status":"closed","ping_status":"closed","template":"","meta":{"_exactmetrics_skip_tracking":false,"_exactmetrics_sitenote_active":false,"_exactmetrics_sitenote_note":"","_exactmetrics_sitenote_category":0,"footnotes":"","_links_to":"","_links_to_target":""},"class_list":["post-53","page","type-page","status-publish","hentry"],"_links":{"self":[{"href":"https:\/\/www3.unicentro.br\/denut\/wp-json\/wp\/v2\/pages\/53","targetHints":{"allow":["GET"]}}],"collection":[{"href":"https:\/\/www3.unicentro.br\/denut\/wp-json\/wp\/v2\/pages"}],"about":[{"href":"https:\/\/www3.unicentro.br\/denut\/wp-json\/wp\/v2\/types\/page"}],"author":[{"embeddable":true,"href":"https:\/\/www3.unicentro.br\/denut\/wp-json\/wp\/v2\/users\/3"}],"replies":[{"embeddable":true,"href":"https:\/\/www3.unicentro.br\/denut\/wp-json\/wp\/v2\/comments?post=53"}],"version-history":[{"count":0,"href":"https:\/\/www3.unicentro.br\/denut\/wp-json\/wp\/v2\/pages\/53\/revisions"}],"wp:attachment":[{"href":"https:\/\/www3.unicentro.br\/denut\/wp-json\/wp\/v2\/media?parent=53"}],"curies":[{"name":"wp","href":"https:\/\/api.w.org\/{rel}","templated":true}]}}