{"id":51,"date":"2017-05-02T17:19:41","date_gmt":"2017-05-02T20:19:41","guid":{"rendered":"https:\/\/www3.unicentro.br\/denut\/?page_id=51"},"modified":"2017-11-29T21:26:04","modified_gmt":"2017-11-29T23:26:04","slug":"eventos","status":"publish","type":"page","link":"https:\/\/www3.unicentro.br\/denut\/eventos\/","title":{"rendered":"Eventos"},"content":{"rendered":"<p>A busca pela expans\u00e3o do conhecimento e atualiza\u00e7\u00e3o \u00e9 de extrema import\u00e2ncia para acad\u00eamicos e profissionais da \u00e1rea da sa\u00fade.<br \/>\nA compreens\u00e3o das \u00e1reas de atua\u00e7\u00e3o do nutricionista, bem como a discuss\u00e3o de condutas e de recentes descobertas na \u00e1rea da alimenta\u00e7\u00e3o\/nutri\u00e7\u00e3o se fazem necess\u00e1rios na forma\u00e7\u00e3o profissional. Dessa forma a Comiss\u00e3o de Eventos, formada por discentes e docentes do Curso de Nutri\u00e7\u00e3o buscam a cada ano promover cursos, palestras e semanas acad\u00eamicas para atualiza\u00e7\u00e3o e abordagem de temas pertinentes ao mercado de trabalho atual.<\/p>\n<blockquote><p><strong>Confira informa\u00e7\u00f5es do evento realizado no ano de 2016:<\/strong><br \/>\n<em><a href=\"http:\/\/eventos.unicentro.br\/senut2016\/index.php\">http:\/\/eventos.unicentro.br\/senut2016\/index.php<\/a><\/em><\/p>\n<p><span style=\"font-size: 12pt\"><strong>Anais SENUT 2016<\/strong><\/span><\/p>\n<p><a href=\"http:\/\/anais.unicentro.br\/pesquisa\/\"><em>http:\/\/anais.unicentro.br\/pesquisa\/<\/em><\/a><\/p>\n<p><span style=\"font-size: 12pt;color: #ff0000\"><strong>IX Semana Acad\u00eamica de Nutri\u00e7\u00e3o <\/strong><\/span>foi realizada nos dias 07,08,09 de novembro 2017, detalhes no site:<\/p>\n<p><a href=\"https:\/\/evento.unicentro.br\/site\/senutri\/2017\/1\">https:\/\/evento.unicentro.br\/site\/senutri\/2017\/1<\/a><\/p>\n<p>&nbsp;<\/p><\/blockquote>\n","protected":false},"excerpt":{"rendered":"<p>A busca pela expans\u00e3o do conhecimento e atualiza\u00e7\u00e3o \u00e9 de extrema import\u00e2ncia para acad\u00eamicos e profissionais da \u00e1rea da sa\u00fade. A compreens\u00e3o das \u00e1reas de atua\u00e7\u00e3o do nutricionista, bem como a discuss\u00e3o de condutas e de recentes descobertas na \u00e1rea da alimenta\u00e7\u00e3o\/nutri\u00e7\u00e3o se fazem necess\u00e1rios na forma\u00e7\u00e3o profissional. Dessa forma a Comiss\u00e3o de Eventos, formada [&hellip;]<\/p>\n","protected":false},"author":3,"featured_media":0,"parent":0,"menu_order":0,"comment_status":"closed","ping_status":"closed","template":"","meta":{"_exactmetrics_skip_tracking":false,"_exactmetrics_sitenote_active":false,"_exactmetrics_sitenote_note":"","_exactmetrics_sitenote_category":0,"footnotes":"","_links_to":"","_links_to_target":""},"class_list":["post-51","page","type-page","status-publish","hentry"],"_links":{"self":[{"href":"https:\/\/www3.unicentro.br\/denut\/wp-json\/wp\/v2\/pages\/51","targetHints":{"allow":["GET"]}}],"collection":[{"href":"https:\/\/www3.unicentro.br\/denut\/wp-json\/wp\/v2\/pages"}],"about":[{"href":"https:\/\/www3.unicentro.br\/denut\/wp-json\/wp\/v2\/types\/page"}],"author":[{"embeddable":true,"href":"https:\/\/www3.unicentro.br\/denut\/wp-json\/wp\/v2\/users\/3"}],"replies":[{"embeddable":true,"href":"https:\/\/www3.unicentro.br\/denut\/wp-json\/wp\/v2\/comments?post=51"}],"version-history":[{"count":0,"href":"https:\/\/www3.unicentro.br\/denut\/wp-json\/wp\/v2\/pages\/51\/revisions"}],"wp:attachment":[{"href":"https:\/\/www3.unicentro.br\/denut\/wp-json\/wp\/v2\/media?parent=51"}],"curies":[{"name":"wp","href":"https:\/\/api.w.org\/{rel}","templated":true}]}}