{"id":49,"date":"2017-05-02T17:17:58","date_gmt":"2017-05-02T20:17:58","guid":{"rendered":"https:\/\/www3.unicentro.br\/denut\/?page_id=49"},"modified":"2025-07-22T09:01:50","modified_gmt":"2025-07-22T12:01:50","slug":"regulamentosdownloads","status":"publish","type":"page","link":"https:\/\/www3.unicentro.br\/denut\/regulamentosdownloads\/","title":{"rendered":"Regulamentos\/Downloads"},"content":{"rendered":"<div class=\"wpb-content-wrapper\"><p>[vc_row][vc_column][vc_column_text css=&#8221;&#8221;]<\/p>\n<p class=\"s1\"><span style=\"font-size: 14pt\"><strong>Resolu\u00e7\u00f5es e normas Acad\u00eamicas:<\/strong><\/span><\/p>\n<ul>\n<li class=\"s1\"><span style=\"font-size: 14pt\"><a href=\"https:\/\/www3.unicentro.br\/proen\/legislacao\/normas\/#1653571103425-1690c1e6-1e3a\">Normas Acad\u00eamica UNICENTRO<\/a><\/span><\/li>\n<\/ul>\n<p>&nbsp;<\/p>\n<p class=\"s1\"><span style=\"font-size: 14pt\"><strong><a class=\"s8\" href=\"http:\/\/www2.unicentro.br\/comep\/\" target=\"_blank\" rel=\"noopener noreferrer\">Comit\u00ea de \u00c9tica em Pesquisa \u2013 COMEP<\/a><\/strong><\/span><\/p>\n<p>&nbsp;<\/p>\n<p style=\"text-align: center\"><span style=\"font-size: 14pt\"><strong>REGULAMENTOS DENUT<\/strong><\/span><\/p>\n<blockquote>\n<ul style=\"list-style-type: circle\">\n<li class=\"s1\"><span style=\"font-size: 14pt\"><a href=\"https:\/\/www3.unicentro.br\/denut\/wp-content\/uploads\/sites\/9\/2025\/07\/ATIVIDADES-COMPLEMENTARES-DENUT.pdf\">Atividades Complementares\u00a0<\/a><\/span><\/li>\n<li><span style=\"font-size: 14pt\"><a href=\"https:\/\/www3.unicentro.br\/denut\/wp-content\/uploads\/sites\/9\/2025\/07\/ESTAGIO-OBRIGATORIO-DENUT.pdf\">Est\u00e1gios Obrigat\u00f3rios<\/a><\/span><\/li>\n<li><span style=\"font-size: 14pt\"><a href=\"https:\/\/www3.unicentro.br\/denut\/wp-content\/uploads\/sites\/9\/2025\/07\/TCC-DENUT.pdf\">Trabalho de Conclus\u00e3o de Curso-TCC<\/a><\/span><\/li>\n<li><span style=\"font-size: 14pt\"><a href=\"https:\/\/www3.unicentro.br\/denut\/wp-content\/uploads\/sites\/9\/2025\/07\/CURRICULARIZACAO-DA-EXTENSAO-DENUT.pdf\">Curriculariza\u00e7\u00e3o da Extens\u00e3o\u00a0<\/a><\/span><\/li>\n<\/ul>\n<p>&nbsp;<\/p>\n<p class=\"s1\">\n<\/blockquote>\n<p>[\/vc_column_text][\/vc_column][\/vc_row]<\/p>\n<\/div>","protected":false},"excerpt":{"rendered":"<p>[vc_row][vc_column][vc_column_text css=&#8221;&#8221;] Resolu\u00e7\u00f5es e normas Acad\u00eamicas: Normas Acad\u00eamica UNICENTRO &nbsp; Comit\u00ea de \u00c9tica em Pesquisa \u2013 COMEP &nbsp; REGULAMENTOS DENUT Atividades Complementares\u00a0 Est\u00e1gios Obrigat\u00f3rios Trabalho de Conclus\u00e3o de Curso-TCC Curriculariza\u00e7\u00e3o da Extens\u00e3o\u00a0 &nbsp; [\/vc_column_text][\/vc_column][\/vc_row]<\/p>\n","protected":false},"author":3,"featured_media":0,"parent":0,"menu_order":0,"comment_status":"closed","ping_status":"closed","template":"","meta":{"_exactmetrics_skip_tracking":false,"_exactmetrics_sitenote_active":false,"_exactmetrics_sitenote_note":"","_exactmetrics_sitenote_category":0,"footnotes":"","_links_to":"","_links_to_target":""},"class_list":["post-49","page","type-page","status-publish","hentry"],"_links":{"self":[{"href":"https:\/\/www3.unicentro.br\/denut\/wp-json\/wp\/v2\/pages\/49","targetHints":{"allow":["GET"]}}],"collection":[{"href":"https:\/\/www3.unicentro.br\/denut\/wp-json\/wp\/v2\/pages"}],"about":[{"href":"https:\/\/www3.unicentro.br\/denut\/wp-json\/wp\/v2\/types\/page"}],"author":[{"embeddable":true,"href":"https:\/\/www3.unicentro.br\/denut\/wp-json\/wp\/v2\/users\/3"}],"replies":[{"embeddable":true,"href":"https:\/\/www3.unicentro.br\/denut\/wp-json\/wp\/v2\/comments?post=49"}],"version-history":[{"count":2,"href":"https:\/\/www3.unicentro.br\/denut\/wp-json\/wp\/v2\/pages\/49\/revisions"}],"predecessor-version":[{"id":576,"href":"https:\/\/www3.unicentro.br\/denut\/wp-json\/wp\/v2\/pages\/49\/revisions\/576"}],"wp:attachment":[{"href":"https:\/\/www3.unicentro.br\/denut\/wp-json\/wp\/v2\/media?parent=49"}],"curies":[{"name":"wp","href":"https:\/\/api.w.org\/{rel}","templated":true}]}}