{"id":44,"date":"2017-05-02T17:15:05","date_gmt":"2017-05-02T20:15:05","guid":{"rendered":"https:\/\/www3.unicentro.br\/denut\/?page_id=44"},"modified":"2025-07-21T15:17:21","modified_gmt":"2025-07-21T18:17:21","slug":"estagios-curriculares","status":"publish","type":"page","link":"https:\/\/www3.unicentro.br\/denut\/estagios-curriculares\/","title":{"rendered":"Est\u00e1gios Curriculares"},"content":{"rendered":"<div class=\"wpb-content-wrapper\"><p>[vc_row][vc_column][vc_column_text css=&#8221;&#8221;]<\/p>\n<p id=\"yui_3_16_0_1_1496692648745_4273\" class=\"yiv6373228671s1\"><span style=\"color: #000000;font-size: 12pt\"><strong>Atualmente, o Curso de Nutri\u00e7\u00e3o da Unicentro realiza est\u00e1gios curriculares em 4 \u00e1reas distintas:<\/strong><\/span><\/p>\n<p id=\"yui_3_16_0_1_1496692648745_4280\"><span style=\"font-size: 12pt\"><strong><span style=\"color: #000000\">Est\u00e1gio Nutri\u00e7\u00e3o Social<\/span><\/strong><\/span><\/p>\n<p><span style=\"font-weight: 400;color: #000000;font-size: 12pt\">O est\u00e1gio \u00e9 desenvolvido em UBSs, CMEIs e Escolas do Munic\u00edpio de Guarapuava.<\/span><\/p>\n<p><span style=\"color: #000000;font-size: 12pt\"><strong>Coordena\u00e7\u00e3o:<\/strong> <span style=\"font-weight: 400\">\u00a0Profa. Dra. Paula Chuproski Saldan<\/span><\/span><\/p>\n<p>&nbsp;<\/p>\n<p><span style=\"color: #000000;font-size: 12pt\"><strong>Est\u00e1gio Unidades de Alimenta\u00e7\u00e3o e Nutri\u00e7\u00e3o (UAN)\u00a0<\/strong><\/span><\/p>\n<p><span style=\"color: #000000;font-size: 12pt\">O est\u00e1gio \u00e9 realizado no 26\u00ba GAC \u2013 Ex\u00e9rcito, Dalba, Repinho, UAN S\u00e3o Vicente e UAN Hospital Regional.<\/span><\/p>\n<p><span style=\"color: #000000;font-size: 12pt\"><strong>Coordena\u00e7\u00e3o:<\/strong>Profa. Dra. Priscilla Negr\u00e3o de Moura<\/span><\/p>\n<p>&nbsp;<\/p>\n<p><span style=\"color: #000000;font-size: 12pt\"><strong>Est\u00e1gio Nutri\u00e7\u00e3o Cl\u00ednica:<\/strong><\/span><\/p>\n<p><span style=\"color: #000000;font-size: 12pt\">Realizado no Hospital de Caridade S\u00e3o Vicente de Paulo, Hospital Regional do Centro-Oeste e C\u00e2ncer Center.<\/span><\/p>\n<p><span style=\"color: #000000;font-size: 12pt\"><strong>Coordena\u00e7\u00e3o: <\/strong>Profa. Dra. Angelica Rocha de Freitas Melhem<\/span><\/p>\n<p>&nbsp;<\/p>\n<p><span style=\"color: #000000;font-size: 12pt\"><strong>Est\u00e1gio Atendimento Ambulatorial:<\/strong><\/span><\/p>\n<p><span style=\"color: #000000;font-size: 12pt\">Atendimento \u00e0 pacientes na Cl\u00ednica Escola de Nutri\u00e7\u00e3o.<\/span><\/p>\n<p><span style=\"color: #000000;font-size: 12pt\"><strong>Coordena\u00e7\u00e3o: <\/strong>Profa. Dra.\u00a0Adriana Masiero K\u00fchl<\/span><\/p>\n<p>&nbsp;<\/p>\n<p><span style=\"color: #000000;font-size: 12pt\"><strong>Coordena\u00e7\u00e3o geral de est\u00e1gios curriculares: <\/strong>Angelica Rocha de Freitas Melhem<\/span>[\/vc_column_text][\/vc_column][\/vc_row]<\/p>\n<\/div>","protected":false},"excerpt":{"rendered":"<p>[vc_row][vc_column][vc_column_text css=&#8221;&#8221;] Atualmente, o Curso de Nutri\u00e7\u00e3o da Unicentro realiza est\u00e1gios curriculares em 4 \u00e1reas distintas: Est\u00e1gio Nutri\u00e7\u00e3o Social O est\u00e1gio \u00e9 desenvolvido em UBSs, CMEIs e Escolas do Munic\u00edpio de Guarapuava. Coordena\u00e7\u00e3o: \u00a0Profa. Dra. Paula Chuproski Saldan &nbsp; Est\u00e1gio Unidades de Alimenta\u00e7\u00e3o e Nutri\u00e7\u00e3o (UAN)\u00a0 O est\u00e1gio \u00e9 realizado no 26\u00ba GAC \u2013 Ex\u00e9rcito, [&hellip;]<\/p>\n","protected":false},"author":3,"featured_media":0,"parent":0,"menu_order":0,"comment_status":"closed","ping_status":"closed","template":"","meta":{"_exactmetrics_skip_tracking":false,"_exactmetrics_sitenote_active":false,"_exactmetrics_sitenote_note":"","_exactmetrics_sitenote_category":0,"footnotes":"","_links_to":"","_links_to_target":""},"class_list":["post-44","page","type-page","status-publish","hentry"],"_links":{"self":[{"href":"https:\/\/www3.unicentro.br\/denut\/wp-json\/wp\/v2\/pages\/44","targetHints":{"allow":["GET"]}}],"collection":[{"href":"https:\/\/www3.unicentro.br\/denut\/wp-json\/wp\/v2\/pages"}],"about":[{"href":"https:\/\/www3.unicentro.br\/denut\/wp-json\/wp\/v2\/types\/page"}],"author":[{"embeddable":true,"href":"https:\/\/www3.unicentro.br\/denut\/wp-json\/wp\/v2\/users\/3"}],"replies":[{"embeddable":true,"href":"https:\/\/www3.unicentro.br\/denut\/wp-json\/wp\/v2\/comments?post=44"}],"version-history":[{"count":2,"href":"https:\/\/www3.unicentro.br\/denut\/wp-json\/wp\/v2\/pages\/44\/revisions"}],"predecessor-version":[{"id":566,"href":"https:\/\/www3.unicentro.br\/denut\/wp-json\/wp\/v2\/pages\/44\/revisions\/566"}],"wp:attachment":[{"href":"https:\/\/www3.unicentro.br\/denut\/wp-json\/wp\/v2\/media?parent=44"}],"curies":[{"name":"wp","href":"https:\/\/api.w.org\/{rel}","templated":true}]}}