{"id":30,"date":"2017-05-02T16:54:30","date_gmt":"2017-05-02T19:54:30","guid":{"rendered":"https:\/\/www3.unicentro.br\/denut\/?page_id=30"},"modified":"2017-05-02T17:14:31","modified_gmt":"2017-05-02T20:14:31","slug":"tcc","status":"publish","type":"page","link":"https:\/\/www3.unicentro.br\/denut\/tcc\/","title":{"rendered":"TCC"},"content":{"rendered":"<p class=\"s1\">Para obter o grau de bacharel em Nutri\u00e7\u00e3o, o acad\u00eamico dever\u00e1 apresentar um Trabalho de Conclus\u00e3o de Curso (TCC). O mesmo \u00e9 caracterizado como um trabalho individual de conclus\u00e3o de curso, devendo ser realizado na forma de um artigo oriundo de uma pesquisa qualitativa ou quantitativa, sob orienta\u00e7\u00e3o, preferencialmente, de docente lotado no DENUT.<\/p>\n<p class=\"style3\">Regulamenta\u00e7\u00e3o de TCC<\/p>\n<ul>\n<li class=\"s1\"><a class=\"s8\" href=\"http:\/\/www.unicentro.br\/graduacao\/denut\/documentos\/regulamento_tcc.pdf\" target=\"_blank\" rel=\"noopener noreferrer\">Regulamento de TCC<\/a><\/li>\n<li class=\"s1\"><a class=\"s8\" href=\"http:\/\/www.unicentro.br\/graduacao\/denut\/documentos\/manual_tcc.pdf\" target=\"_blank\" rel=\"noopener noreferrer\">Manual de procedimentos do TCC<\/a><\/li>\n<\/ul>\n<p class=\"style3\">TCCs j\u00e1 apresentados<\/p>\n<ul>\n<li class=\"s1\"><a href=\"https:\/\/www3.unicentro.br\/denut\/tcc\/2011-2\/\">2011<\/a><\/li>\n<li class=\"s1\"><a href=\"https:\/\/www3.unicentro.br\/denut\/tcc\/2010-2\/\">2010<\/a><\/li>\n<li class=\"s1\"><a href=\"https:\/\/www3.unicentro.br\/denut\/tcc\/2009-2\/\">2009<\/a><\/li>\n<\/ul>\n","protected":false},"excerpt":{"rendered":"<p>Para obter o grau de bacharel em Nutri\u00e7\u00e3o, o acad\u00eamico dever\u00e1 apresentar um Trabalho de Conclus\u00e3o de Curso (TCC). O mesmo \u00e9 caracterizado como um trabalho individual de conclus\u00e3o de curso, devendo ser realizado na forma de um artigo oriundo de uma pesquisa qualitativa ou quantitativa, sob orienta\u00e7\u00e3o, preferencialmente, de docente lotado no DENUT. Regulamenta\u00e7\u00e3o [&hellip;]<\/p>\n","protected":false},"author":3,"featured_media":0,"parent":0,"menu_order":0,"comment_status":"closed","ping_status":"closed","template":"","meta":{"_exactmetrics_skip_tracking":false,"_exactmetrics_sitenote_active":false,"_exactmetrics_sitenote_note":"","_exactmetrics_sitenote_category":0,"footnotes":"","_links_to":"","_links_to_target":""},"class_list":["post-30","page","type-page","status-publish","hentry"],"_links":{"self":[{"href":"https:\/\/www3.unicentro.br\/denut\/wp-json\/wp\/v2\/pages\/30","targetHints":{"allow":["GET"]}}],"collection":[{"href":"https:\/\/www3.unicentro.br\/denut\/wp-json\/wp\/v2\/pages"}],"about":[{"href":"https:\/\/www3.unicentro.br\/denut\/wp-json\/wp\/v2\/types\/page"}],"author":[{"embeddable":true,"href":"https:\/\/www3.unicentro.br\/denut\/wp-json\/wp\/v2\/users\/3"}],"replies":[{"embeddable":true,"href":"https:\/\/www3.unicentro.br\/denut\/wp-json\/wp\/v2\/comments?post=30"}],"version-history":[{"count":0,"href":"https:\/\/www3.unicentro.br\/denut\/wp-json\/wp\/v2\/pages\/30\/revisions"}],"wp:attachment":[{"href":"https:\/\/www3.unicentro.br\/denut\/wp-json\/wp\/v2\/media?parent=30"}],"curies":[{"name":"wp","href":"https:\/\/api.w.org\/{rel}","templated":true}]}}