{"id":28,"date":"2017-05-02T16:53:31","date_gmt":"2017-05-02T19:53:31","guid":{"rendered":"https:\/\/www3.unicentro.br\/denut\/?page_id=28"},"modified":"2025-07-22T09:17:48","modified_gmt":"2025-07-22T12:17:48","slug":"laboratorios","status":"publish","type":"page","link":"https:\/\/www3.unicentro.br\/denut\/laboratorios\/","title":{"rendered":"Laborat\u00f3rios"},"content":{"rendered":"<div class=\"wpb-content-wrapper\"><p>[vc_row][vc_column][vc_column_text css=&#8221;&#8221;]<\/p>\n<p class=\"s1\"><span style=\"font-size: 14pt\"><strong>Os Laborat\u00f3rios utilizados pelo Curso de Nutri\u00e7\u00e3o da Unicentro s\u00e3o:<\/strong><\/span><\/p>\n<ul>\n<li style=\"list-style-type: none\">\n<ul>\n<li style=\"list-style-type: none\">\n<ul>\n<li class=\"s1\"><span style=\"font-size: 14pt\"><a href=\"http:\/\/www.unicentro.br\/ambulatorio\/default.asp\">Cl\u00ednica Escola\u00a0de Nutri\u00e7\u00e3o\u00a0(CENUT)<\/a><\/span><\/li>\n<li><span style=\"font-size: 14pt\">Laborat\u00f3rio de T\u00e9cnica Diet\u00e9tica<\/span><\/li>\n<li><span style=\"font-size: 14pt\">Laborat\u00f3rio de Anatomia<\/span><\/li>\n<li><span style=\"font-size: 14pt\">Laborat\u00f3rio de Microbiologia<\/span><\/li>\n<li><span style=\"font-size: 14pt\">Laborat\u00f3rio de An\u00e1lise de Alimentos<\/span><\/li>\n<li><span style=\"font-size: 14pt\">Laborat\u00f3rio de An\u00e1lise Sensorial<\/span><\/li>\n<\/ul>\n<\/li>\n<\/ul>\n<\/li>\n<\/ul>\n<p>[\/vc_column_text][\/vc_column][\/vc_row]<\/p>\n<\/div>","protected":false},"excerpt":{"rendered":"<p>[vc_row][vc_column][vc_column_text css=&#8221;&#8221;] Os Laborat\u00f3rios utilizados pelo Curso de Nutri\u00e7\u00e3o da Unicentro s\u00e3o: Cl\u00ednica Escola\u00a0de Nutri\u00e7\u00e3o\u00a0(CENUT) Laborat\u00f3rio de T\u00e9cnica Diet\u00e9tica Laborat\u00f3rio de Anatomia Laborat\u00f3rio de Microbiologia Laborat\u00f3rio de An\u00e1lise de Alimentos Laborat\u00f3rio de An\u00e1lise Sensorial [\/vc_column_text][\/vc_column][\/vc_row]<\/p>\n","protected":false},"author":3,"featured_media":0,"parent":0,"menu_order":0,"comment_status":"closed","ping_status":"closed","template":"","meta":{"_exactmetrics_skip_tracking":false,"_exactmetrics_sitenote_active":false,"_exactmetrics_sitenote_note":"","_exactmetrics_sitenote_category":0,"footnotes":"","_links_to":"","_links_to_target":""},"class_list":["post-28","page","type-page","status-publish","hentry"],"_links":{"self":[{"href":"https:\/\/www3.unicentro.br\/denut\/wp-json\/wp\/v2\/pages\/28","targetHints":{"allow":["GET"]}}],"collection":[{"href":"https:\/\/www3.unicentro.br\/denut\/wp-json\/wp\/v2\/pages"}],"about":[{"href":"https:\/\/www3.unicentro.br\/denut\/wp-json\/wp\/v2\/types\/page"}],"author":[{"embeddable":true,"href":"https:\/\/www3.unicentro.br\/denut\/wp-json\/wp\/v2\/users\/3"}],"replies":[{"embeddable":true,"href":"https:\/\/www3.unicentro.br\/denut\/wp-json\/wp\/v2\/comments?post=28"}],"version-history":[{"count":2,"href":"https:\/\/www3.unicentro.br\/denut\/wp-json\/wp\/v2\/pages\/28\/revisions"}],"predecessor-version":[{"id":586,"href":"https:\/\/www3.unicentro.br\/denut\/wp-json\/wp\/v2\/pages\/28\/revisions\/586"}],"wp:attachment":[{"href":"https:\/\/www3.unicentro.br\/denut\/wp-json\/wp\/v2\/media?parent=28"}],"curies":[{"name":"wp","href":"https:\/\/api.w.org\/{rel}","templated":true}]}}