{"id":11,"date":"2017-05-02T11:26:03","date_gmt":"2017-05-02T14:26:03","guid":{"rendered":"https:\/\/www3.unicentro.br\/denut\/?page_id=11"},"modified":"2025-07-22T09:14:51","modified_gmt":"2025-07-22T12:14:51","slug":"apresentacao","status":"publish","type":"page","link":"https:\/\/www3.unicentro.br\/denut\/apresentacao\/","title":{"rendered":"Apresenta\u00e7\u00e3o"},"content":{"rendered":"<div class=\"wpb-content-wrapper\"><p>[vc_row][vc_column][vc_column_text css=&#8221;&#8221;]<\/p>\n<p class=\"s1\"><span style=\"color: #000000;font-size: 14pt\"><strong>Hist\u00f3rico<\/strong><\/span><br \/>\n<span style=\"color: #000000;font-size: 14pt\">O Curso de Bacharel em Nutri\u00e7\u00e3o da Unicentro teve seu primeiro vestibular no ano de 1998, com ingresso de 40 alunos no ano seguinte, sendo que a primeira turma de formandos foi no ano de 2002 com o curso j\u00e1 reconhecido.<\/span><\/p>\n<p class=\"s1\"><span style=\"color: #000000;font-size: 14pt\"><strong>Dura\u00e7\u00e3o<\/strong><\/span><br \/>\n<span style=\"color: #000000;font-size: 14pt\">A dura\u00e7\u00e3o do curso \u00e9 de 4 anos, em tempo integral.<\/span><\/p>\n<p class=\"s1\"><span style=\"color: #000000;font-size: 14pt\"><strong>Objetivos<\/strong><\/span><br \/>\n<span style=\"color: #000000;font-size: 14pt\">O curso de Nutri\u00e7\u00e3o objetiva uma carreira de n\u00edvel superior ao profissional Nutricionista, com forma\u00e7\u00e3o generalista, permitindo ao mesmo:<\/span><\/p>\n<p class=\"s1\"><span style=\"color: #000000;font-size: 14pt\">&#8211; Aplicar conhecimentos sobre a composi\u00e7\u00e3o, propriedades e transforma\u00e7\u00f5es dos alimentos e seu aproveitamento pelo organismo humano, na aten\u00e7\u00e3o diet\u00e9tica.<\/span><br \/>\n<span style=\"color: #000000;font-size: 14pt\">&#8211; Contribuir para promover, manter e\/ou recuperar o estado nutricional de indiv\u00edduos e grupos populacionais.<\/span><br \/>\n<span style=\"color: #000000;font-size: 14pt\">&#8211; Desenvolver e aplicar m\u00e9todos de ensino e comunica\u00e7\u00e3o em sua \u00e1rea de atua\u00e7\u00e3o.<\/span><br \/>\n<span style=\"color: #000000;font-size: 14pt\">&#8211; Atuar em pol\u00edticas e programas de educa\u00e7\u00e3o, seguran\u00e7a e vigil\u00e2ncia nutricional, alimentar e sanit\u00e1ria visando a promo\u00e7\u00e3o da sa\u00fade em \u00e2mbito local, regional e nacional.<\/span><br \/>\n<span style=\"color: #000000;font-size: 14pt\">&#8211; Atuar na formula\u00e7\u00e3o e execu\u00e7\u00e3o de programas de educa\u00e7\u00e3o nutricional; de vigil\u00e2ncia nutricional, alimentar e sanit\u00e1ria.<\/span><br \/>\n<span style=\"color: #000000;font-size: 14pt\">&#8211; Atuar em equipes multiprofissionais de sa\u00fade e de terapia nutricional.<\/span><br \/>\n<span style=\"color: #000000;font-size: 14pt\"><a class=\"s8\" style=\"color: #000000\" href=\"http:\/\/www.unicentro.br\/graduacao\/denut\/imagens\/avaliacao_nutricional\/index.html\" target=\"_blank\" rel=\"noopener noreferrer\">&#8211; Avalia\u00e7\u00e3o nutricional<\/a>; planejar, prescrever, analisar, supervisionar e avaliar dietas e suplementos diet\u00e9ticos para indiv\u00edduos sadios e enfermos.<\/span><\/p>\n<p class=\"s1\"><span style=\"color: #000000;font-size: 14pt\"><strong>Modalidade<\/strong><\/span><br \/>\n<span style=\"color: #000000;font-size: 14pt\">Presencial, Integral.<\/span><\/p>\n<p class=\"s1\"><span style=\"color: #000000;font-size: 14pt\"><strong>Mercado de Trabalho<\/strong><\/span><br \/>\n<span style=\"color: #000000;font-size: 14pt\">Restaurantes industriais, hospitais, produ\u00e7\u00e3o de congelados e refei\u00e7\u00f5es transportadas, catering, creches, escolas, restaurantes comerciais, hot\u00e9is, cl\u00ednicas, ambulat\u00f3rios, consult\u00f3rios, bancos de leite humano, lact\u00e1rios, programas institucionais, aten\u00e7\u00e3o prim\u00e1ria em sa\u00fade, vigil\u00e2ncia sanit\u00e1ria, doc\u00eancia, esportes, marketing e ind\u00fastria de alimentos.<\/span><\/p>\n<p class=\"s1\"><span style=\"color: #000000;font-size: 14pt\"><strong>Local do Curso:<\/strong> Campus Cedeteg &#8211; Guarapuava<\/span><\/p>\n<p>[\/vc_column_text][\/vc_column][\/vc_row]<\/p>\n<\/div>","protected":false},"excerpt":{"rendered":"<p>[vc_row][vc_column][vc_column_text css=&#8221;&#8221;] Hist\u00f3rico O Curso de Bacharel em Nutri\u00e7\u00e3o da Unicentro teve seu primeiro vestibular no ano de 1998, com ingresso de 40 alunos no ano seguinte, sendo que a primeira turma de formandos foi no ano de 2002 com o curso j\u00e1 reconhecido. Dura\u00e7\u00e3o A dura\u00e7\u00e3o do curso \u00e9 de 4 anos, em tempo [&hellip;]<\/p>\n","protected":false},"author":3,"featured_media":0,"parent":0,"menu_order":0,"comment_status":"closed","ping_status":"closed","template":"","meta":{"_exactmetrics_skip_tracking":false,"_exactmetrics_sitenote_active":false,"_exactmetrics_sitenote_note":"","_exactmetrics_sitenote_category":0,"footnotes":"","_links_to":"","_links_to_target":""},"class_list":["post-11","page","type-page","status-publish","hentry"],"_links":{"self":[{"href":"https:\/\/www3.unicentro.br\/denut\/wp-json\/wp\/v2\/pages\/11","targetHints":{"allow":["GET"]}}],"collection":[{"href":"https:\/\/www3.unicentro.br\/denut\/wp-json\/wp\/v2\/pages"}],"about":[{"href":"https:\/\/www3.unicentro.br\/denut\/wp-json\/wp\/v2\/types\/page"}],"author":[{"embeddable":true,"href":"https:\/\/www3.unicentro.br\/denut\/wp-json\/wp\/v2\/users\/3"}],"replies":[{"embeddable":true,"href":"https:\/\/www3.unicentro.br\/denut\/wp-json\/wp\/v2\/comments?post=11"}],"version-history":[{"count":1,"href":"https:\/\/www3.unicentro.br\/denut\/wp-json\/wp\/v2\/pages\/11\/revisions"}],"predecessor-version":[{"id":583,"href":"https:\/\/www3.unicentro.br\/denut\/wp-json\/wp\/v2\/pages\/11\/revisions\/583"}],"wp:attachment":[{"href":"https:\/\/www3.unicentro.br\/denut\/wp-json\/wp\/v2\/media?parent=11"}],"curies":[{"name":"wp","href":"https:\/\/api.w.org\/{rel}","templated":true}]}}