{"id":90,"date":"2018-03-20T14:41:27","date_gmt":"2018-03-20T17:41:27","guid":{"rendered":"https:\/\/www3.unicentro.br\/dematc\/?page_id=90"},"modified":"2025-06-18T09:48:59","modified_gmt":"2025-06-18T12:48:59","slug":"licenciatura-em-matematica","status":"publish","type":"page","link":"https:\/\/www3.unicentro.br\/dematc\/ensino\/licenciatura-em-matematica\/","title":{"rendered":"Licenciatura em Matem\u00e1tica"},"content":{"rendered":"<p><span lang=\"pt-BR\" style=\"font-family: helvetica, arial, sans-serif\"><em><strong>Dura\u00e7\u00e3o m\u00ednima<\/strong><\/em>: 4 anos.<\/span><\/p>\n<p>&nbsp;<\/p>\n<p><span lang=\"pt-BR\" style=\"font-family: helvetica, arial, sans-serif\"><em><strong>Per\u00edodo e local de funcionamento<\/strong><\/em>: noite, no campus CEDETEG.<\/span><\/p>\n<p>&nbsp;<\/p>\n<p><span lang=\"pt-BR\" style=\"font-family: helvetica, arial, sans-serif\"><em><strong>Vagas<\/strong><\/em>: 40 (distribu\u00eddas no vestibular de inverno, ver\u00e3o, PAC e SISU).<\/span><\/p>\n<p>&nbsp;<\/p>\n<p><span lang=\"pt-BR\" style=\"font-family: helvetica, arial, sans-serif\"><em><strong>Foco do curso<\/strong><\/em>: forma\u00e7\u00e3o de professores para a educa\u00e7\u00e3o b\u00e1sica.<\/span><\/p>\n<p>&nbsp;<\/p>\n<p><span style=\"font-family: helvetica, arial, sans-serif\">A Matem\u00e1tica \u00e9 a ci\u00eancia que trata de n\u00fameros, f\u00f3rmulas, estruturas de pensamento e racioc\u00ednio, aplicando modelos para medir \u00edndices diversos. O matem\u00e1tico faz planejamentos financeiros e dados estat\u00edsticos. Sem a Matem\u00e1tica \u00e9 imposs\u00edvel promover o desenvolvimento da F\u00edsica, da Qu\u00edmica, das Engenharias, da Inform\u00e1tica, entre outras ci\u00eancias exatas.<\/span><br \/>\n<span style=\"font-family: helvetica, arial, sans-serif\">Os Matem\u00e1ticos atuam em escolas do ensino fundamental e m\u00e9dio, em faculdades, universidades, institutos, empresas de consultoria, estat\u00edstica e planejamento, em empresas de engenharia, pesquisa operacional, inform\u00e1tica e processamento de dados.<\/span><\/p>\n<p><span style=\"font-family: helvetica, arial, sans-serif\"><a href=\"https:\/\/www3.unicentro.br\/proen\/wp-content\/uploads\/sites\/41\/2025\/03\/Matematica-G.pdf\">Grade<\/a><\/span><\/p>\n<p><span style=\"font-family: helvetica, arial, sans-serif\"><a href=\"https:\/\/www3.unicentro.br\/proen\/wp-content\/uploads\/sites\/41\/2025\/03\/MATEMATICA-APLIC.-E-COMPUT.-2022.pdf\">Ementa<\/a><\/span><\/p>\n","protected":false},"excerpt":{"rendered":"<p>Dura\u00e7\u00e3o m\u00ednima: 4 anos. &nbsp; Per\u00edodo e local de funcionamento: noite, no campus CEDETEG. &nbsp; Vagas: 40 (distribu\u00eddas no vestibular de inverno, ver\u00e3o, PAC e SISU). &nbsp; Foco do curso: forma\u00e7\u00e3o de professores para a educa\u00e7\u00e3o b\u00e1sica. &nbsp; A Matem\u00e1tica \u00e9 a ci\u00eancia que trata de n\u00fameros, f\u00f3rmulas, estruturas de pensamento e racioc\u00ednio, aplicando modelos [&hellip;]<\/p>\n","protected":false},"author":46,"featured_media":0,"parent":23,"menu_order":1,"comment_status":"closed","ping_status":"closed","template":"","meta":{"_exactmetrics_skip_tracking":false,"_exactmetrics_sitenote_active":false,"_exactmetrics_sitenote_note":"","_exactmetrics_sitenote_category":0,"footnotes":"","_links_to":"","_links_to_target":""},"class_list":["post-90","page","type-page","status-publish","hentry"],"_links":{"self":[{"href":"https:\/\/www3.unicentro.br\/dematc\/wp-json\/wp\/v2\/pages\/90","targetHints":{"allow":["GET"]}}],"collection":[{"href":"https:\/\/www3.unicentro.br\/dematc\/wp-json\/wp\/v2\/pages"}],"about":[{"href":"https:\/\/www3.unicentro.br\/dematc\/wp-json\/wp\/v2\/types\/page"}],"author":[{"embeddable":true,"href":"https:\/\/www3.unicentro.br\/dematc\/wp-json\/wp\/v2\/users\/46"}],"replies":[{"embeddable":true,"href":"https:\/\/www3.unicentro.br\/dematc\/wp-json\/wp\/v2\/comments?post=90"}],"version-history":[{"count":1,"href":"https:\/\/www3.unicentro.br\/dematc\/wp-json\/wp\/v2\/pages\/90\/revisions"}],"predecessor-version":[{"id":265,"href":"https:\/\/www3.unicentro.br\/dematc\/wp-json\/wp\/v2\/pages\/90\/revisions\/265"}],"up":[{"embeddable":true,"href":"https:\/\/www3.unicentro.br\/dematc\/wp-json\/wp\/v2\/pages\/23"}],"wp:attachment":[{"href":"https:\/\/www3.unicentro.br\/dematc\/wp-json\/wp\/v2\/media?parent=90"}],"curies":[{"name":"wp","href":"https:\/\/api.w.org\/{rel}","templated":true}]}}