{"id":31,"date":"2017-11-14T10:36:27","date_gmt":"2017-11-14T12:36:27","guid":{"rendered":"https:\/\/www3.unicentro.br\/dematc\/?page_id=31"},"modified":"2025-06-18T09:28:41","modified_gmt":"2025-06-18T12:28:41","slug":"docentes","status":"publish","type":"page","link":"https:\/\/www3.unicentro.br\/dematc\/inicio\/docentes\/","title":{"rendered":"Docentes"},"content":{"rendered":"<p><span style=\"font-size: 12pt\"><strong><a href=\"https:\/\/www3.unicentro.br\/docentes\/alexsandro-schneider\/\">Alexsandro Schneider<\/a><\/strong><\/span><\/p>\n<p><span style=\"font-size: 12pt\"><strong><a href=\"https:\/\/www3.unicentro.br\/docentes\/angelo-miguel-malaquias\/\">Angelo Miguel Malaquias<\/a><\/strong><\/span><\/p>\n<p><span style=\"font-size: 12pt\"><strong><a href=\"https:\/\/www3.unicentro.br\/docentes\/carlos-roberto-ferreira\/\">Carlos Roberto Ferreira<\/a><\/strong><\/span><\/p>\n<p><span style=\"font-size: 12pt\"><strong><a href=\"https:\/\/www3.unicentro.br\/docentes\/dirceu-pereira-da-silva\/\">Dirceu Pereira da Silva<\/a><\/strong><\/span><\/p>\n<p><span style=\"font-size: 12pt\"><a href=\"https:\/\/www3.unicentro.br\/docentes\/elhane-de-fatima-fritsch-cararo\/\"><strong>Elhane de Fatima Fritsch Cararo<\/strong><\/a><\/span><\/p>\n<p><span style=\"font-size: 12pt\"><strong><a href=\"https:\/\/www3.unicentro.br\/docentes\/eliane-prezepiorski\/\">Eliane Prezepiorski<\/a><\/strong><\/span><\/p>\n<p><span style=\"font-size: 12pt\"><a href=\"https:\/\/www3.unicentro.br\/docentes\/emanueli-pereira\/\"><strong>Emanueli Pereira<\/strong><\/a><\/span><\/p>\n<p><span style=\"font-size: 12pt\"><a href=\"https:\/\/www3.unicentro.br\/docentes\/francini-damiani-e-silva\/\"><b>Francini Damiani e Silva<\/b><\/a><\/span><\/p>\n<p><span style=\"font-size: 12pt\"><a href=\"https:\/\/www3.unicentro.br\/docentes\/giovanno-radel-de-vargas-2\/\"><b>Giovanno Radel de Vargas<\/b><\/a><\/span><\/p>\n<p><span style=\"font-size: 12pt\"><strong><a href=\"https:\/\/www3.unicentro.br\/docentes\/guilherme-de-loreno\/\">Guilherme de Loreno<\/a><\/strong><\/span><\/p>\n<p><span style=\"font-size: 12pt\"><strong><a href=\"https:\/\/www3.unicentro.br\/docentes\/jailson-domingos-de-oliveira\/\">Jailson Doming0s de Oliveira<\/a><\/strong><\/span><\/p>\n<p><span style=\"font-size: 12pt\"><strong><a href=\"https:\/\/www3.unicentro.br\/docentes\/jose-roberto-costa\/\">Jos\u00e9 Roberto Costa<\/a><\/strong><\/span><\/p>\n<p><span style=\"font-size: 12pt\"><strong><a href=\"https:\/\/www3.unicentro.br\/docentes\/karina-worm-beckmann\/\">Karina Worm Beckmann<\/a><\/strong><\/span><\/p>\n<p><span style=\"font-size: 12pt\"><strong><a href=\"https:\/\/www3.unicentro.br\/docentes\/lindemberg-sousa-massa\/\">Lindemberg Sousa Massa<\/a><\/strong><\/span><\/p>\n<p><span style=\"font-size: 12pt\"><strong><a href=\"https:\/\/www3.unicentro.br\/docentes\/luciene-regina-leineker\/\">Luciene Regina Leineker<\/a><\/strong><\/span><\/p>\n<p><span style=\"font-size: 12pt\"><strong><a href=\"https:\/\/www3.unicentro.br\/docentes\/marcelo-henrique-sabatini\/\">Marcelo Henrique Sabatini<\/a><\/strong><\/span><\/p>\n<p><span style=\"font-size: 12pt\"><strong><a href=\"https:\/\/www3.unicentro.br\/docentes\/marcio-andre-martins\/\">M\u00e1rcio Andr\u00e9 Martins<\/a><\/strong><\/span><\/p>\n<p><span style=\"font-size: 12pt\"><strong><a href=\"https:\/\/www3.unicentro.br\/docentes\/maria-regina-carvalho-macieira-lopes\/\">Maria Regina Carvalho Macieira Lopes<\/a><\/strong><\/span><\/p>\n<p><span style=\"font-size: 12pt\"><strong><a href=\"https:\/\/www3.unicentro.br\/docentes\/marlon-soares\/\">Marlon Soares<\/a><\/strong><\/span><\/p>\n<p><span style=\"font-size: 12pt\"><strong><a href=\"https:\/\/www3.unicentro.br\/docentes\/reinaldo-francisco\/\">Reinaldo Francisco<\/a><\/strong><\/span><\/p>\n<p><span style=\"font-size: 12pt\"><a href=\"https:\/\/www3.unicentro.br\/docentes\/rodrigo-labiak\/\"><strong>Rodrigo Labiak<\/strong><\/a><\/span><\/p>\n<p><span style=\"font-size: 12pt\"><a href=\"https:\/\/www3.unicentro.br\/docentes\/rudinei-luiz-bogo\/\"><strong>Rudinei Luiz Bogo<\/strong><\/a><\/span><\/p>\n<p><span style=\"font-size: 12pt\"><a href=\"https:\/\/www3.unicentro.br\/docentes\/samuel-francisco-huf\/\"><strong>Samuel Francisco Huf<\/strong><\/a><\/span><\/p>\n<p><span style=\"font-size: 12pt\"><a href=\"https:\/\/www3.unicentro.br\/docentes\/sandro-rodrigues\/\"><strong>Sandro Rodrigues<\/strong><\/a><\/span><\/p>\n<p><a href=\"http:\/\/lattes.cnpq.br\/4320286022843385\"><span style=\"font-size: 12pt\"><strong>Thiago Grando<\/strong><\/span><\/a><\/p>\n<p><span style=\"font-size: 12pt\"><strong>Tiago Alves Pacifico<\/strong><\/span><\/p>\n<p><span style=\"font-size: 12pt\"><a href=\"https:\/\/www3.unicentro.br\/docentes\/vania-gryczak-gevert\/\"><strong>Vania Gryczak<\/strong><\/a><\/span><\/p>\n<p><span style=\"font-size: 12pt\"><strong><a href=\"https:\/\/www3.unicentro.br\/docentes\/vitor-hugo-zanette\/\">Vitor Hugo Zanette<\/a><\/strong><\/span><\/p>\n","protected":false},"excerpt":{"rendered":"<p>Alexsandro Schneider Angelo Miguel Malaquias Carlos Roberto Ferreira Dirceu Pereira da Silva Elhane de Fatima Fritsch Cararo Eliane Prezepiorski Emanueli Pereira Francini Damiani e Silva Giovanno Radel de Vargas Guilherme de Loreno Jailson Doming0s de Oliveira Jos\u00e9 Roberto Costa Karina Worm Beckmann Lindemberg Sousa Massa Luciene Regina Leineker Marcelo Henrique Sabatini M\u00e1rcio Andr\u00e9 Martins Maria [&hellip;]<\/p>\n","protected":false},"author":3,"featured_media":0,"parent":21,"menu_order":0,"comment_status":"closed","ping_status":"closed","template":"","meta":{"_exactmetrics_skip_tracking":false,"_exactmetrics_sitenote_active":false,"_exactmetrics_sitenote_note":"","_exactmetrics_sitenote_category":0,"footnotes":"","_links_to":"","_links_to_target":""},"class_list":["post-31","page","type-page","status-publish","hentry"],"_links":{"self":[{"href":"https:\/\/www3.unicentro.br\/dematc\/wp-json\/wp\/v2\/pages\/31","targetHints":{"allow":["GET"]}}],"collection":[{"href":"https:\/\/www3.unicentro.br\/dematc\/wp-json\/wp\/v2\/pages"}],"about":[{"href":"https:\/\/www3.unicentro.br\/dematc\/wp-json\/wp\/v2\/types\/page"}],"author":[{"embeddable":true,"href":"https:\/\/www3.unicentro.br\/dematc\/wp-json\/wp\/v2\/users\/3"}],"replies":[{"embeddable":true,"href":"https:\/\/www3.unicentro.br\/dematc\/wp-json\/wp\/v2\/comments?post=31"}],"version-history":[{"count":2,"href":"https:\/\/www3.unicentro.br\/dematc\/wp-json\/wp\/v2\/pages\/31\/revisions"}],"predecessor-version":[{"id":262,"href":"https:\/\/www3.unicentro.br\/dematc\/wp-json\/wp\/v2\/pages\/31\/revisions\/262"}],"up":[{"embeddable":true,"href":"https:\/\/www3.unicentro.br\/dematc\/wp-json\/wp\/v2\/pages\/21"}],"wp:attachment":[{"href":"https:\/\/www3.unicentro.br\/dematc\/wp-json\/wp\/v2\/media?parent=31"}],"curies":[{"name":"wp","href":"https:\/\/api.w.org\/{rel}","templated":true}]}}