{"id":23,"date":"2017-11-14T10:35:51","date_gmt":"2017-11-14T12:35:51","guid":{"rendered":"https:\/\/www3.unicentro.br\/dematc\/?page_id=23"},"modified":"2025-06-18T08:20:39","modified_gmt":"2025-06-18T11:20:39","slug":"ensino","status":"publish","type":"page","link":"https:\/\/www3.unicentro.br\/dematc\/ensino\/","title":{"rendered":"Ensino"},"content":{"rendered":"<p><strong>Gradua\u00e7\u00e3o<\/strong><\/p>\n<ul>\n<li><a href=\"https:\/\/www3.unicentro.br\/dematc\/ensino\/licenciatura-em-matematica\/\">Matem\u00e1tica Licenciatura<\/a><\/li>\n<li><a href=\"https:\/\/www3.unicentro.br\/dematc\/ensino\/matematica-aplicada-e-computacional\/\">Matem\u00e1tica Aplicada e Computacional<\/a><\/li>\n<\/ul>\n<p><strong>P\u00f3s-Gradua\u00e7\u00e3o<\/strong><\/p>\n<ul>\n<li><a href=\"http:\/\/www3.unicentro.br\/ppgen\">Mestrado em Ci\u00eancias Naturais e Matem\u00e1tica<\/a><\/li>\n<li><a href=\"https:\/\/www3.unicentro.br\/ppgen\/apresentacao\/\">Doutorado em Ci\u00eancias Naturais e Matem\u00e1tica<\/a><\/li>\n<\/ul>\n","protected":false},"excerpt":{"rendered":"<p>Gradua\u00e7\u00e3o Matem\u00e1tica Licenciatura Matem\u00e1tica Aplicada e Computacional P\u00f3s-Gradua\u00e7\u00e3o Mestrado em Ci\u00eancias Naturais e Matem\u00e1tica Doutorado em Ci\u00eancias Naturais e Matem\u00e1tica<\/p>\n","protected":false},"author":3,"featured_media":0,"parent":0,"menu_order":0,"comment_status":"closed","ping_status":"closed","template":"","meta":{"_exactmetrics_skip_tracking":false,"_exactmetrics_sitenote_active":false,"_exactmetrics_sitenote_note":"","_exactmetrics_sitenote_category":0,"footnotes":"","_links_to":"","_links_to_target":""},"class_list":["post-23","page","type-page","status-publish","hentry"],"_links":{"self":[{"href":"https:\/\/www3.unicentro.br\/dematc\/wp-json\/wp\/v2\/pages\/23","targetHints":{"allow":["GET"]}}],"collection":[{"href":"https:\/\/www3.unicentro.br\/dematc\/wp-json\/wp\/v2\/pages"}],"about":[{"href":"https:\/\/www3.unicentro.br\/dematc\/wp-json\/wp\/v2\/types\/page"}],"author":[{"embeddable":true,"href":"https:\/\/www3.unicentro.br\/dematc\/wp-json\/wp\/v2\/users\/3"}],"replies":[{"embeddable":true,"href":"https:\/\/www3.unicentro.br\/dematc\/wp-json\/wp\/v2\/comments?post=23"}],"version-history":[{"count":2,"href":"https:\/\/www3.unicentro.br\/dematc\/wp-json\/wp\/v2\/pages\/23\/revisions"}],"predecessor-version":[{"id":249,"href":"https:\/\/www3.unicentro.br\/dematc\/wp-json\/wp\/v2\/pages\/23\/revisions\/249"}],"wp:attachment":[{"href":"https:\/\/www3.unicentro.br\/dematc\/wp-json\/wp\/v2\/media?parent=23"}],"curies":[{"name":"wp","href":"https:\/\/api.w.org\/{rel}","templated":true}]}}