{"id":21,"date":"2017-11-14T10:35:43","date_gmt":"2017-11-14T12:35:43","guid":{"rendered":"https:\/\/www3.unicentro.br\/dematc\/?page_id=21"},"modified":"2025-06-24T10:37:03","modified_gmt":"2025-06-24T13:37:03","slug":"inicio","status":"publish","type":"page","link":"https:\/\/www3.unicentro.br\/dematc\/","title":{"rendered":"In\u00edcio"},"content":{"rendered":"<div><\/div>\n<div class=\"wp-block-image\">\n<div class=\"wp-block-image\"><img loading=\"lazy\" decoding=\"async\" class=\"wpa-warning wpa-image-missing-alt aligncenter wp-image-271 size-full\" src=\"https:\/\/www3.unicentro.br\/dematc\/wp-content\/uploads\/sites\/26\/2025\/06\/White-Minimalist-Corporate-Personal-Profile-LinkedIn-Banner_20250623_102228_0000.png\" alt=\"\" width=\"1584\" height=\"396\" data-warning=\"Missing alt text\" srcset=\"https:\/\/www3.unicentro.br\/dematc\/wp-content\/uploads\/sites\/26\/2025\/06\/White-Minimalist-Corporate-Personal-Profile-LinkedIn-Banner_20250623_102228_0000.png 1584w, https:\/\/www3.unicentro.br\/dematc\/wp-content\/uploads\/sites\/26\/2025\/06\/White-Minimalist-Corporate-Personal-Profile-LinkedIn-Banner_20250623_102228_0000-300x75.png 300w, https:\/\/www3.unicentro.br\/dematc\/wp-content\/uploads\/sites\/26\/2025\/06\/White-Minimalist-Corporate-Personal-Profile-LinkedIn-Banner_20250623_102228_0000-1024x256.png 1024w, https:\/\/www3.unicentro.br\/dematc\/wp-content\/uploads\/sites\/26\/2025\/06\/White-Minimalist-Corporate-Personal-Profile-LinkedIn-Banner_20250623_102228_0000-768x192.png 768w, https:\/\/www3.unicentro.br\/dematc\/wp-content\/uploads\/sites\/26\/2025\/06\/White-Minimalist-Corporate-Personal-Profile-LinkedIn-Banner_20250623_102228_0000-1536x384.png 1536w, https:\/\/www3.unicentro.br\/dematc\/wp-content\/uploads\/sites\/26\/2025\/06\/White-Minimalist-Corporate-Personal-Profile-LinkedIn-Banner_20250623_102228_0000-255x64.png 255w\" sizes=\"auto, (max-width: 1584px) 100vw, 1584px\" \/><\/div>\n<\/div>\n<h3>DEMAT\/C<\/h3>\n<p>O curso de Matem\u00e1tica da UNICENTRO foi implantado na ent\u00e3o Faculdade Estadual de Filosofia, Ci\u00eancias e Letras de Guarapuava \u2013 FAFIG &#8211; e teve sua autoriza\u00e7\u00e3o de funcionamento por meio do Decreto n\u00ba 66.083 de 16\/01\/1970, do Conselho Estadual de Educa\u00e7\u00e3o, e foi reconhecido\u00a0pelo Decreto n\u00ba 73.494 de 17\/01\/1974.<\/p>\n<p>H\u00e1 dois cursos vinculados ao Departamento de Matem\u00e1tica: licenciatura em Matem\u00e1tica e bacharelado em Matem\u00e1tica Aplicada e Computacional (in\u00edcio em 2015). Ambos t\u00eam dura\u00e7\u00e3o m\u00ednima de 4 anos e em suas grades curriculares est\u00e3o elencadas v\u00e1rias disciplinas com focos diferentes, dependendo da modalidade escolhida. Para a licenciatura o objetivo \u00e9 a forma\u00e7\u00e3o de professores para a educa\u00e7\u00e3o b\u00e1sica. J\u00e1 para o bacharelado, forma\u00e7\u00e3o de profissionais para atuarem no ensino superior ou em empresas, ind\u00fastrias, mercado financeiro e institui\u00e7\u00f5es de pesquisa.<\/p>\n<p>Os cursos se efetivam no campus CEDETEG, em Guarapuava, sendo o bacharelado no per\u00edodo matutino e a licenciatura no noturno. Cada curso conta com 40 vagas, distribu\u00eddas nos vestibulares de ver\u00e3o, inverno, PAC e SISU.<\/p>\n<p>Atuais chefes de departamento: <a href=\"https:\/\/www3.unicentro.br\/docentes\/lindemberg-sousa-massa\/\">Lindemberg Sousa Massa <\/a>e <a href=\"https:\/\/www3.unicentro.br\/docentes\/sandro-rodrigues\/\">Sandro Rodrigues<\/a><\/p>\n<p>Para mais informa\u00e7\u00f5es, clique aqui: <a href=\"https:\/\/www3.unicentro.br\/dematc\/matematica-aplicada-e-computacional\/\">bacharelado<\/a> e\u00a0<a href=\"https:\/\/www3.unicentro.br\/dematc\/ensino\/licenciatura-em-matematica\/\">licenciatura<\/a>.<\/p>\n","protected":false},"excerpt":{"rendered":"<p>DEMAT\/C O curso de Matem\u00e1tica da UNICENTRO foi implantado na ent\u00e3o Faculdade Estadual de Filosofia, Ci\u00eancias e Letras de Guarapuava \u2013 FAFIG &#8211; e teve sua autoriza\u00e7\u00e3o de funcionamento por meio do Decreto n\u00ba 66.083 de 16\/01\/1970, do Conselho Estadual de Educa\u00e7\u00e3o, e foi reconhecido\u00a0pelo Decreto n\u00ba 73.494 de 17\/01\/1974. H\u00e1 dois cursos vinculados ao [&hellip;]<\/p>\n","protected":false},"author":3,"featured_media":0,"parent":0,"menu_order":0,"comment_status":"closed","ping_status":"closed","template":"","meta":{"_exactmetrics_skip_tracking":false,"_exactmetrics_sitenote_active":false,"_exactmetrics_sitenote_note":"","_exactmetrics_sitenote_category":0,"footnotes":"","_links_to":"","_links_to_target":""},"class_list":["post-21","page","type-page","status-publish","hentry"],"_links":{"self":[{"href":"https:\/\/www3.unicentro.br\/dematc\/wp-json\/wp\/v2\/pages\/21","targetHints":{"allow":["GET"]}}],"collection":[{"href":"https:\/\/www3.unicentro.br\/dematc\/wp-json\/wp\/v2\/pages"}],"about":[{"href":"https:\/\/www3.unicentro.br\/dematc\/wp-json\/wp\/v2\/types\/page"}],"author":[{"embeddable":true,"href":"https:\/\/www3.unicentro.br\/dematc\/wp-json\/wp\/v2\/users\/3"}],"replies":[{"embeddable":true,"href":"https:\/\/www3.unicentro.br\/dematc\/wp-json\/wp\/v2\/comments?post=21"}],"version-history":[{"count":3,"href":"https:\/\/www3.unicentro.br\/dematc\/wp-json\/wp\/v2\/pages\/21\/revisions"}],"predecessor-version":[{"id":287,"href":"https:\/\/www3.unicentro.br\/dematc\/wp-json\/wp\/v2\/pages\/21\/revisions\/287"}],"wp:attachment":[{"href":"https:\/\/www3.unicentro.br\/dematc\/wp-json\/wp\/v2\/media?parent=21"}],"curies":[{"name":"wp","href":"https:\/\/api.w.org\/{rel}","templated":true}]}}