{"id":53,"date":"2021-03-10T15:34:22","date_gmt":"2021-03-10T18:34:22","guid":{"rendered":"https:\/\/www3.unicentro.br\/dehisi\/?page_id=53"},"modified":"2021-05-31T17:45:44","modified_gmt":"2021-05-31T20:45:44","slug":"iniciacao-cientifica","status":"publish","type":"page","link":"https:\/\/www3.unicentro.br\/dehisi\/programas\/iniciacao-cientifica\/","title":{"rendered":"Inicia\u00e7\u00e3o Cient\u00edfica"},"content":{"rendered":"<p><span style=\"font-size: 18pt\"><strong>Inicia\u00e7\u00e3o Cient\u00edfica 2021 (Editais fechados)<\/strong><\/span><\/p>\n<p>PIBIC<\/p>\n<p>PIBIS<\/p>\n<p>Vagas ofertados por docentes<\/p>\n","protected":false},"excerpt":{"rendered":"<p>Inicia\u00e7\u00e3o Cient\u00edfica 2021 (Editais fechados) PIBIC PIBIS Vagas ofertados por docentes<\/p>\n","protected":false},"author":3,"featured_media":0,"parent":49,"menu_order":0,"comment_status":"closed","ping_status":"closed","template":"","meta":{"_exactmetrics_skip_tracking":false,"_exactmetrics_sitenote_active":false,"_exactmetrics_sitenote_note":"","_exactmetrics_sitenote_category":0,"footnotes":"","_links_to":"","_links_to_target":""},"class_list":["post-53","page","type-page","status-publish","hentry"],"_links":{"self":[{"href":"https:\/\/www3.unicentro.br\/dehisi\/wp-json\/wp\/v2\/pages\/53","targetHints":{"allow":["GET"]}}],"collection":[{"href":"https:\/\/www3.unicentro.br\/dehisi\/wp-json\/wp\/v2\/pages"}],"about":[{"href":"https:\/\/www3.unicentro.br\/dehisi\/wp-json\/wp\/v2\/types\/page"}],"author":[{"embeddable":true,"href":"https:\/\/www3.unicentro.br\/dehisi\/wp-json\/wp\/v2\/users\/3"}],"replies":[{"embeddable":true,"href":"https:\/\/www3.unicentro.br\/dehisi\/wp-json\/wp\/v2\/comments?post=53"}],"version-history":[{"count":0,"href":"https:\/\/www3.unicentro.br\/dehisi\/wp-json\/wp\/v2\/pages\/53\/revisions"}],"up":[{"embeddable":true,"href":"https:\/\/www3.unicentro.br\/dehisi\/wp-json\/wp\/v2\/pages\/49"}],"wp:attachment":[{"href":"https:\/\/www3.unicentro.br\/dehisi\/wp-json\/wp\/v2\/media?parent=53"}],"curies":[{"name":"wp","href":"https:\/\/api.w.org\/{rel}","templated":true}]}}