{"id":47,"date":"2021-03-10T15:32:58","date_gmt":"2021-03-10T18:32:58","guid":{"rendered":"https:\/\/www3.unicentro.br\/dehisi\/?page_id=47"},"modified":"2021-08-23T12:14:52","modified_gmt":"2021-08-23T15:14:52","slug":"legislacao","status":"publish","type":"page","link":"https:\/\/www3.unicentro.br\/dehisi\/documentos\/legislacao\/","title":{"rendered":"Legisla\u00e7\u00e3o e Regulamentos"},"content":{"rendered":"<p><strong><span style=\"font-size: 18pt\">Regulamentos internos do Departamento de Hist\u00f3ria\/I:<\/span><\/strong><\/p>\n<p>&nbsp;<\/p>\n<p><strong>Est\u00e1gio Supervisionado:<\/strong><\/p>\n<p><a href=\"https:\/\/www3.unicentro.br\/dehisi\/wp-content\/uploads\/sites\/118\/2021\/05\/Regulamento-Interno-de-Estagio-Supervisionado-de-Historia.-2019.pdf\">Regulamento Interno de Est\u00e1gio Supervisionado de Hist\u00f3ria. (2019)<\/a><\/p>\n<p>&nbsp;<\/p>\n<p><strong>Atividades Te\u00f3rico Pr\u00e1ticas:<\/strong><\/p>\n<p><a href=\"https:\/\/www3.unicentro.br\/dehisi\/wp-content\/uploads\/sites\/118\/2021\/05\/Regulamento-Atividades-Teorico-Praticas.pdf\">Regulamento Atividades Te\u00f3rico Pr\u00e1ticas<\/a><\/p>\n<p>&nbsp;<\/p>\n<p><strong>Trabalho de Conclus\u00e3o de Curso:<\/strong><\/p>\n<p><a href=\"https:\/\/www3.unicentro.br\/dehisi\/wp-content\/uploads\/sites\/118\/2021\/05\/Regulamento-de-Trabalho-de-Conclusao-de-Curso.pdf\">Regulamento de Trabalho de Conclus\u00e3o de Curso<\/a><\/p>\n<p>Entenda o TCC;<\/p>\n<p>Professores e \u00e1reas de orienta\u00e7\u00e3o;<\/p>\n<p><a href=\"https:\/\/www3.unicentro.br\/dehisi\/wp-content\/uploads\/sites\/118\/2021\/08\/Carta-de-aceite.doc\">Carta de Aceite &#8211; Projeto de TCC<\/a><\/p>\n<p>Modelo de Projeto<\/p>\n<p>&nbsp;<\/p>\n<p><strong>Curriculariza\u00e7\u00e3o da Extens\u00e3o:<\/strong><\/p>\n<p><a href=\"https:\/\/www3.unicentro.br\/dehisi\/wp-content\/uploads\/sites\/118\/2021\/05\/Regulamento-da-Curricularizacao-da-Extensao.pdf\">Regulamento da Curriculariza\u00e7\u00e3o da Extens\u00e3o<\/a><\/p>\n<p><strong><span style=\"font-size: 12pt\"><a href=\"https:\/\/www3.unicentro.br\/dehisi\/wp-content\/uploads\/sites\/118\/2021\/05\/Entenda-a-Curricularizacao-da-Extensao.pdf\">Entenda a Curriculariza\u00e7\u00e3o da Extens\u00e3o<\/a><\/span><\/strong><\/p>\n<p>&nbsp;<\/p>\n<p><strong><span style=\"font-size: 18pt\">Formul\u00e1rios e documentos para professores do DEHIS\/I:<\/span><\/strong><\/p>\n<p><strong>Licen\u00e7as:<\/strong><\/p>\n<p>Licen\u00e7a Sab\u00e1tica<\/p>\n<p>Licen\u00e7a p\u00f3s-doutorado<\/p>\n<p>Licen\u00e7a Especial<\/p>\n<p>&nbsp;<\/p>\n<p><strong>Pedido e renova\u00e7\u00e3o de PqC e PqI:<\/strong><\/p>\n<p>Regulamento Pesquisa<\/p>\n<p>Formul\u00e1rio<\/p>\n<p>&nbsp;<\/p>\n<p><strong>Pedido de Ascens\u00e3o de N\u00edvel:<\/strong><\/p>\n<p><a href=\"https:\/\/www3.unicentro.br\/dehisi\/wp-content\/uploads\/sites\/118\/2021\/05\/Regulamento-Promocao-de-Classe-e-Ascensao-de-Nivel.pdf\">Regulamento Promo\u00e7\u00e3o de Classe e Ascens\u00e3o de N\u00edvel <\/a><\/p>\n<p><a href=\"https:\/\/www3.unicentro.br\/dehisi\/wp-content\/uploads\/sites\/118\/2021\/05\/Solicitacao-Ascensao-de-Nivel.pdf\">Formul\u00e1rio &#8211; Solicita\u00e7\u00e3o Ascens\u00e3o de N\u00edvel (.pdf)<\/a>\u00a0 <a href=\"https:\/\/www3.unicentro.br\/dehisi\/wp-content\/uploads\/sites\/118\/2021\/05\/Solicitacao-Ascensao-de-Nivel-doc.doc\">(.doc)<\/a><\/p>\n<p><a href=\"https:\/\/www3.unicentro.br\/dehisi\/wp-content\/uploads\/sites\/118\/2021\/05\/Formulario-Solicitacao-de-Promocao-Associado.pdf\">Formul\u00e1rio &#8211; Solicita\u00e7\u00e3o de Promo\u00e7\u00e3o-Associado (.pdf)<\/a> <a href=\"https:\/\/www3.unicentro.br\/dehisi\/wp-content\/uploads\/sites\/118\/2021\/05\/ANEXO-1-Solicitacao-de-Promocao-Associado.doc\">(.doc)<\/a><\/p>\n<p><a href=\"https:\/\/www3.unicentro.br\/dehisi\/wp-content\/uploads\/sites\/118\/2021\/05\/Tabela-de-Atividades.pdf\">Tabela de Atividades<\/a><\/p>\n<p>&nbsp;<\/p>\n","protected":false},"excerpt":{"rendered":"<p>Regulamentos internos do Departamento de Hist\u00f3ria\/I: &nbsp; Est\u00e1gio Supervisionado: Regulamento Interno de Est\u00e1gio Supervisionado de Hist\u00f3ria. (2019) &nbsp; Atividades Te\u00f3rico Pr\u00e1ticas: Regulamento Atividades Te\u00f3rico Pr\u00e1ticas &nbsp; Trabalho de Conclus\u00e3o de Curso: Regulamento de Trabalho de Conclus\u00e3o de Curso Entenda o TCC; Professores e \u00e1reas de orienta\u00e7\u00e3o; Carta de Aceite &#8211; Projeto de TCC Modelo de [&hellip;]<\/p>\n","protected":false},"author":3,"featured_media":0,"parent":41,"menu_order":0,"comment_status":"closed","ping_status":"closed","template":"","meta":{"_exactmetrics_skip_tracking":false,"_exactmetrics_sitenote_active":false,"_exactmetrics_sitenote_note":"","_exactmetrics_sitenote_category":0,"footnotes":"","_links_to":"","_links_to_target":""},"class_list":["post-47","page","type-page","status-publish","hentry"],"_links":{"self":[{"href":"https:\/\/www3.unicentro.br\/dehisi\/wp-json\/wp\/v2\/pages\/47","targetHints":{"allow":["GET"]}}],"collection":[{"href":"https:\/\/www3.unicentro.br\/dehisi\/wp-json\/wp\/v2\/pages"}],"about":[{"href":"https:\/\/www3.unicentro.br\/dehisi\/wp-json\/wp\/v2\/types\/page"}],"author":[{"embeddable":true,"href":"https:\/\/www3.unicentro.br\/dehisi\/wp-json\/wp\/v2\/users\/3"}],"replies":[{"embeddable":true,"href":"https:\/\/www3.unicentro.br\/dehisi\/wp-json\/wp\/v2\/comments?post=47"}],"version-history":[{"count":0,"href":"https:\/\/www3.unicentro.br\/dehisi\/wp-json\/wp\/v2\/pages\/47\/revisions"}],"up":[{"embeddable":true,"href":"https:\/\/www3.unicentro.br\/dehisi\/wp-json\/wp\/v2\/pages\/41"}],"wp:attachment":[{"href":"https:\/\/www3.unicentro.br\/dehisi\/wp-json\/wp\/v2\/media?parent=47"}],"curies":[{"name":"wp","href":"https:\/\/api.w.org\/{rel}","templated":true}]}}