{"id":37,"date":"2021-03-10T15:28:48","date_gmt":"2021-03-10T18:28:48","guid":{"rendered":"https:\/\/www3.unicentro.br\/dehisi\/?page_id=37"},"modified":"2021-06-01T10:37:31","modified_gmt":"2021-06-01T13:37:31","slug":"laboratorios","status":"publish","type":"page","link":"https:\/\/www3.unicentro.br\/dehisi\/laboratorios\/","title":{"rendered":"Laborat\u00f3rios"},"content":{"rendered":"<p><span style=\"font-size: 18pt\"><strong>LABORAT\u00d3RIOS<\/strong><\/span><\/p>\n<p>O curso de Hist\u00f3ria conta com a seguinte estrutura de laborat\u00f3rios para a pesquisa e forma\u00e7\u00e3o acad\u00eamica dos alunos:<\/p>\n<p><strong>&#8211; Laborat\u00f3rio de Ensino &#8211; LEHIS<\/strong><\/p>\n<p>Coordena\u00e7\u00e3o: Professor Jair Antunes<\/p>\n<p>O objetivo do LEHIS \u00e9 promover a\u00e7\u00f5es adequadas \u00e0 integra\u00e7\u00e3o teoria e pr\u00e1tica durante o processo de forma\u00e7\u00e3o dos acad\u00eamicos do curso de Hist\u00f3ria \u2013 DEHIS\/I, visando \u00e0 capacita\u00e7\u00e3o e qualifica\u00e7\u00e3o dos licenciandos para uma atua\u00e7\u00e3o din\u00e2mica e reflexiva frente ao ato educativo e frente \u00e0s m\u00faltiplas realidades de trabalho docente encontradas.<br \/>\nOs participantes s\u00e3o acad\u00eamicos do curso de Hist\u00f3ria e professores da educa\u00e7\u00e3o b\u00e1sica das redes p\u00fablica e privada.<\/p>\n<p>Link site &#8211; <a href=\"https:\/\/www3.unicentro.br\/lehis\/\">www3.unicentro.br\/lehis\/<\/a><\/p>\n<p><strong>&#8211; N\u00facleo de Estudos \u00c9tnico-Raciais \u2013 NEER <\/strong><\/p>\n<p>Coordena\u00e7\u00e3o: Professor Rhuan Targino Zaleski Trindade<\/p>\n<p>O objetivo do N\u00facleo \u00e9 realizar a\u00e7\u00f5es pedag\u00f3gicas de ensino, pesquisa, extens\u00e3o e cultura sobre as dimens\u00f5es das rela\u00e7\u00f5es \u00e9tnico-raciais e de g\u00eanero, bem como do fen\u00f4meno educativo, paralelamente \u00e0 dissemina\u00e7\u00e3o de estudos sobre a tem\u00e1tica \u00e9tnico-racial e povos tradicionais, as rela\u00e7\u00f5es \u00e9tnico-raciais e educa\u00e7\u00e3o e demais temas convenientemente relacionados. Os participantes s\u00e3o acad\u00eamicos do curso de Hist\u00f3ria, professores do ensino b\u00e1sico das redes p\u00fablica e privadas e comunidade universit\u00e1ria em geral.<\/p>\n<p><strong>&#8211; Povos Eslavos e Faxinalenses &#8211; LAPEF <\/strong><\/p>\n<p>Coordena\u00e7\u00e3o: Professor Jo\u00e3o Carlos Corso<\/p>\n<p>O objetivo do laborat\u00f3rio \u00e9 realizar a\u00e7\u00f5es de ensino, pesquisa, extens\u00e3o sobre a tem\u00e1tica dos povos eslavos e faxinalenses e demais temas convenientemente relacionados. Os participantes s\u00e3o professores e acad\u00eamicos dos cursos da \u00e1rea das ci\u00eancias humanas, especificamente, de Hist\u00f3ria, Pedagogia e Letras.<\/p>\n<p>Link site &#8211; <a href=\"https:\/\/www2.unicentro.br\/lapefi\/\">https:\/\/www2.unicentro.br\/lapefi\/<\/a><\/p>\n<p><strong>&#8211; Laborat\u00f3rio do N\u00facleo de Pesquisas em Hist\u00f3ria da Viol\u00eancia (NUHVI) &#8211; O LANUHVI<\/strong><\/p>\n<p>Coordenadora: Professora V\u00e2nia Vaz e Professora Alexandra Louren\u00e7o<\/p>\n<p>Tem por objetivo desenvolver atividades de ensino, pesquisa e extens\u00e3o em Hist\u00f3ria da Viol\u00eancia. \u00c9 um espa\u00e7o aberto a pesquisadores, discentes e a todos que nele queiram se credenciar para desenvolver atividades de ensino, pesquisa e extens\u00e3o na \u00e1rea que o caracteriza. O LANUHVI tem como objetivos espec\u00edficos: I. organizar e promover eventos na \u00e1rea de pesquisa, extens\u00e3o e ensino; II. constituir e resguardar acervos documentais, audiovisuais,<br \/>\niconogr\u00e1ficos e bibliogr\u00e1ficos de forma a dispor de uma gama variada de fontes para o desenvolvimento de pesquisas em seu pr\u00f3prio espa\u00e7o ou em parceria com Centros de Documenta\u00e7\u00e3o; III. relatar e divulgar as atividades e resultados alcan\u00e7ados pelo Laborat\u00f3rio.<\/p>\n","protected":false},"excerpt":{"rendered":"<p>LABORAT\u00d3RIOS O curso de Hist\u00f3ria conta com a seguinte estrutura de laborat\u00f3rios para a pesquisa e forma\u00e7\u00e3o acad\u00eamica dos alunos: &#8211; Laborat\u00f3rio de Ensino &#8211; LEHIS Coordena\u00e7\u00e3o: Professor Jair Antunes O objetivo do LEHIS \u00e9 promover a\u00e7\u00f5es adequadas \u00e0 integra\u00e7\u00e3o teoria e pr\u00e1tica durante o processo de forma\u00e7\u00e3o dos acad\u00eamicos do curso de Hist\u00f3ria \u2013 [&hellip;]<\/p>\n","protected":false},"author":3,"featured_media":0,"parent":0,"menu_order":0,"comment_status":"closed","ping_status":"closed","template":"","meta":{"_exactmetrics_skip_tracking":false,"_exactmetrics_sitenote_active":false,"_exactmetrics_sitenote_note":"","_exactmetrics_sitenote_category":0,"footnotes":"","_links_to":"","_links_to_target":""},"class_list":["post-37","page","type-page","status-publish","hentry"],"_links":{"self":[{"href":"https:\/\/www3.unicentro.br\/dehisi\/wp-json\/wp\/v2\/pages\/37","targetHints":{"allow":["GET"]}}],"collection":[{"href":"https:\/\/www3.unicentro.br\/dehisi\/wp-json\/wp\/v2\/pages"}],"about":[{"href":"https:\/\/www3.unicentro.br\/dehisi\/wp-json\/wp\/v2\/types\/page"}],"author":[{"embeddable":true,"href":"https:\/\/www3.unicentro.br\/dehisi\/wp-json\/wp\/v2\/users\/3"}],"replies":[{"embeddable":true,"href":"https:\/\/www3.unicentro.br\/dehisi\/wp-json\/wp\/v2\/comments?post=37"}],"version-history":[{"count":0,"href":"https:\/\/www3.unicentro.br\/dehisi\/wp-json\/wp\/v2\/pages\/37\/revisions"}],"wp:attachment":[{"href":"https:\/\/www3.unicentro.br\/dehisi\/wp-json\/wp\/v2\/media?parent=37"}],"curies":[{"name":"wp","href":"https:\/\/api.w.org\/{rel}","templated":true}]}}