{"id":35,"date":"2021-03-10T15:28:34","date_gmt":"2021-03-10T18:28:34","guid":{"rendered":"https:\/\/www3.unicentro.br\/dehisi\/?page_id=35"},"modified":"2021-05-24T14:15:33","modified_gmt":"2021-05-24T17:15:33","slug":"horarios","status":"publish","type":"page","link":"https:\/\/www3.unicentro.br\/dehisi\/horarios\/","title":{"rendered":"Hor\u00e1rios"},"content":{"rendered":"<p><strong><span style=\"font-size: 14pt\">HOR\u00c1RIO DISCIPLINAS &#8211; PPC 2020 (para acad\u00eamicos ingressos a partir de 2020)<\/span><\/strong><\/p>\n<p>1\u00ba Semestre<\/p>\n<table style=\"width: 100%;border-collapse: collapse;border-color: #000000;border-style: solid;height: 120px\">\n<tbody>\n<tr style=\"height: 24px\">\n<td style=\"width: 8.18185%;border-style: solid;border-color: #000000;height: 24px\"><\/td>\n<td style=\"width: 16.909%;border-style: solid;border-color: #000000;height: 24px\"><strong>Segunda-Feira<\/strong><\/td>\n<td style=\"width: 18.3637%;border-style: solid;border-color: #000000;height: 24px\"><strong>Ter\u00e7a-feira<\/strong><\/td>\n<td style=\"width: 18.8486%;border-style: solid;border-color: #000000;height: 24px\"><strong>Quarta-feira<\/strong><\/td>\n<td style=\"width: 20.4243%;border-style: solid;border-color: #000000;height: 24px\"><strong>Quinta-feira<\/strong><\/td>\n<td style=\"width: 17.2727%;border-style: solid;border-color: #000000;height: 24px\"><strong>Sexta-feira<\/strong><\/td>\n<\/tr>\n<tr style=\"height: 24px\">\n<td style=\"width: 8.18185%;border-style: solid;border-color: #000000;height: 24px\"><strong>1\u00ba ano<\/strong><\/td>\n<td style=\"width: 16.909%;border-style: solid;border-color: #000000;height: 24px\">Hist\u00f3ria Antiga<\/td>\n<td style=\"width: 18.3637%;border-style: solid;border-color: #000000;height: 24px\">Filosofia da Hist\u00f3ria<\/td>\n<td style=\"width: 18.8486%;border-style: solid;border-color: #000000;height: 24px\">Oficinas da Hist\u00f3ria<\/td>\n<td style=\"width: 20.4243%;border-style: solid;border-color: #000000;height: 24px\">Hist\u00f3ria da Am\u00e9rica<\/td>\n<td style=\"width: 17.2727%;border-style: solid;border-color: #000000;height: 24px\">Sociologia Geral<\/td>\n<\/tr>\n<tr style=\"height: 24px\">\n<td style=\"width: 8.18185%;border-style: solid;border-color: #000000;height: 24px\"><strong>2\u00ba ano<\/strong><\/td>\n<td style=\"width: 16.909%;border-style: solid;border-color: #000000;height: 24px\">Hist\u00f3ria do Brasil Colonial<\/td>\n<td style=\"width: 18.3637%;border-style: solid;border-color: #000000;height: 24px\">Hist\u00f3ria Moderna<\/td>\n<td style=\"width: 18.8486%;border-style: solid;border-color: #000000;height: 24px\">Cultura e Diversidade<\/td>\n<td style=\"width: 20.4243%;border-style: solid;border-color: #000000;height: 24px\">Extens\u00e3o Universit\u00e1ria em humanidades<\/td>\n<td style=\"width: 17.2727%;border-style: solid;border-color: #000000;height: 24px\">Pol\u00edtica e Gest\u00e3o da Educa\u00e7\u00e3o<\/td>\n<\/tr>\n<tr style=\"height: 24px\">\n<td style=\"width: 8.18185%;border-style: solid;border-color: #000000;height: 24px\"><strong>3\u00ba ano<\/strong><\/td>\n<td style=\"width: 16.909%;border-style: solid;border-color: #000000;height: 24px\">Metodologia de Pesquisa<\/td>\n<td style=\"width: 18.3637%;border-style: solid;border-color: #000000;height: 24px\">Hist\u00f3ria do Brasil Independente<\/td>\n<td style=\"width: 18.8486%;border-style: solid;border-color: #000000;height: 24px\">Est\u00e1gio Supervisionado I<\/td>\n<td style=\"width: 20.4243%;border-style: solid;border-color: #000000;height: 24px\">Optativa<\/td>\n<td style=\"width: 17.2727%;border-style: solid;border-color: #000000;height: 24px\">Teoria da Hist\u00f3ria II<\/td>\n<\/tr>\n<tr style=\"height: 24px\">\n<td style=\"width: 8.18185%;border-style: solid;border-color: #000000;height: 24px\"><strong>4\u00ba ano<\/strong><\/td>\n<td style=\"width: 16.909%;border-style: solid;border-color: #000000;height: 24px\">Est\u00e1gio Curricular<\/td>\n<td style=\"width: 18.3637%;border-style: solid;border-color: #000000;height: 24px\">Hist\u00f3ria e Regi\u00f5es<\/td>\n<td style=\"width: 18.8486%;border-style: solid;border-color: #000000;height: 24px\">Est\u00e1gio Supervisionado II<\/td>\n<td style=\"width: 20.4243%;border-style: solid;border-color: #000000;height: 24px\">Hist\u00f3ria Contempor\u00e2nea<\/td>\n<td style=\"width: 17.2727%;border-style: solid;border-color: #000000;height: 24px\">Hist\u00f3ria do Brasil Contempor\u00e2nea<\/td>\n<\/tr>\n<\/tbody>\n<\/table>\n<p>2\u00ba Semestre<\/p>\n<table style=\"width: 100%;border-collapse: collapse;border-color: #000000;border-style: solid;height: 120px\">\n<tbody>\n<tr style=\"height: 24px\">\n<td style=\"width: 8.18185%;border-style: solid;border-color: #000000;height: 24px;text-align: center\"><\/td>\n<td style=\"width: 17.2727%;border-style: solid;border-color: #000000;height: 24px;text-align: center\"><strong>Segunda-Feira<\/strong><\/td>\n<td style=\"width: 17.7576%;border-style: solid;border-color: #000000;height: 24px;text-align: center\"><strong>Ter\u00e7a-feira<\/strong><\/td>\n<td style=\"width: 19.3334%;border-style: solid;border-color: #000000;height: 24px;text-align: center\"><strong>Quarta-feira<\/strong><\/td>\n<td style=\"width: 18.9697%;border-style: solid;border-color: #000000;height: 24px;text-align: center\"><strong>Quinta-feira<\/strong><\/td>\n<td style=\"width: 18.4849%;border-style: solid;border-color: #000000;height: 24px;text-align: center\"><strong>Sexta-feira<\/strong><\/td>\n<\/tr>\n<tr style=\"height: 24px\">\n<td style=\"width: 8.18185%;border-style: solid;border-color: #000000;height: 24px;text-align: center\"><strong>1\u00ba ano<\/strong><\/td>\n<td style=\"width: 17.2727%;border-style: solid;border-color: #000000;height: 24px;text-align: center\">Hist\u00f3ria Medieval<\/td>\n<td style=\"width: 17.7576%;border-style: solid;border-color: #000000;height: 24px;text-align: center\">Fundamentos da Educa\u00e7\u00e3o inclusiva<\/td>\n<td style=\"width: 19.3334%;border-style: solid;border-color: #000000;height: 24px;text-align: center\">Linguagem de Ensino<\/td>\n<td style=\"width: 18.9697%;border-style: solid;border-color: #000000;height: 24px;text-align: center\">Hist\u00f3ria da Am\u00e9rica<\/td>\n<td style=\"width: 18.4849%;border-style: solid;border-color: #000000;height: 24px;text-align: center\">Antropologia<\/td>\n<\/tr>\n<tr style=\"height: 24px\">\n<td style=\"width: 8.18185%;border-style: solid;border-color: #000000;height: 24px;text-align: center\"><strong>2\u00ba ano<\/strong><\/td>\n<td style=\"width: 17.2727%;border-style: solid;border-color: #000000;height: 24px;text-align: center\">\u00a0Hist\u00f3ria do Brasil Colonial<\/td>\n<td style=\"width: 17.7576%;border-style: solid;border-color: #000000;height: 24px;text-align: center\">Filosofia da hist\u00f3ria<\/td>\n<td style=\"width: 19.3334%;border-style: solid;border-color: #000000;height: 24px;text-align: center\">Hist\u00f3ria da \u00c1frica<\/td>\n<td style=\"width: 18.9697%;border-style: solid;border-color: #000000;height: 24px;text-align: center\">Metodologia do Ensino de Hist\u00f3ria<\/td>\n<td style=\"width: 18.4849%;border-style: solid;border-color: #000000;height: 24px;text-align: center\">Teoria da Hist\u00f3ria I<\/td>\n<\/tr>\n<tr style=\"height: 24px\">\n<td style=\"width: 8.18185%;border-style: solid;border-color: #000000;height: 24px;text-align: center\" rowspan=\"2\"><strong>3\u00ba ano<\/strong><\/td>\n<td style=\"width: 17.2727%;border-style: solid;border-color: #000000;height: 24px;text-align: center\">Did\u00e1tica e ensino de hist\u00f3ria<\/td>\n<td style=\"width: 17.7576%;border-style: solid;border-color: #000000;height: 24px;text-align: center\" rowspan=\"2\">Hist\u00f3ria do Brasil independente<\/td>\n<td style=\"width: 19.3334%;border-style: solid;border-color: #000000;height: 24px;text-align: center\" rowspan=\"2\">Est\u00e1gio supervisionado I<\/td>\n<td style=\"width: 18.9697%;border-style: solid;border-color: #000000;height: 24px;text-align: center\" rowspan=\"2\">Teoria da Hist\u00f3ria III<\/td>\n<td style=\"width: 18.4849%;border-style: solid;border-color: #000000;height: 24px;text-align: center\" rowspan=\"2\">Optativa<\/td>\n<\/tr>\n<tr>\n<td style=\"width: 17.2727%;border-style: solid;border-color: #000000;text-align: center\">Psicologia da Educa\u00e7\u00e3o<\/td>\n<\/tr>\n<tr style=\"height: 24px\">\n<td style=\"width: 8.18185%;border-style: solid;border-color: #000000;height: 24px;text-align: center\"><strong>4\u00ba ano<\/strong><\/td>\n<td style=\"width: 17.2727%;border-style: solid;border-color: #000000;height: 24px;text-align: center\">Optativa<\/td>\n<td style=\"width: 17.7576%;border-style: solid;border-color: #000000;height: 24px;text-align: center\">Optativa<\/td>\n<td style=\"width: 19.3334%;border-style: solid;border-color: #000000;height: 24px;text-align: center\">Est\u00e1gio Supervisionado II<\/td>\n<td style=\"width: 18.9697%;border-style: solid;border-color: #000000;height: 24px;text-align: center\">Hist\u00f3ria Contempor\u00e2nea<\/td>\n<td style=\"width: 18.4849%;border-style: solid;border-color: #000000;height: 24px;text-align: center\">Libras<\/td>\n<\/tr>\n<\/tbody>\n<\/table>\n<p><strong><span style=\"font-size: 14pt\">HOR\u00c1RIO DISCIPLINAS &#8211; PPC 2020 (para acad\u00eamicos ingressos antes de 2020)<\/span><\/strong><\/p>\n<p>1\u00ba Semestre<\/p>\n<table style=\"width: 100%;border-collapse: collapse;border-color: #000000;border-style: solid;height: 120px\">\n<tbody>\n<tr style=\"height: 24px\">\n<td style=\"width: 8.18185%;border-style: solid;border-color: #000000;height: 24px;text-align: center\"><\/td>\n<td style=\"width: 17.394%;border-style: solid;border-color: #000000;height: 24px;text-align: center\"><strong>Segunda-Feira<\/strong><\/td>\n<td style=\"width: 17.8787%;border-style: solid;border-color: #000000;height: 24px;text-align: center\"><strong>Ter\u00e7a-feira<\/strong><\/td>\n<td style=\"width: 19.8183%;border-style: solid;border-color: #000000;height: 24px;text-align: center\"><strong>Quarta-feira<\/strong><\/td>\n<td style=\"width: 18.7273%;border-style: solid;border-color: #000000;height: 24px;text-align: center\"><strong>Quinta-feira<\/strong><\/td>\n<td style=\"width: 18%;border-style: solid;border-color: #000000;height: 24px;text-align: center\"><strong>Sexta-feira<\/strong><\/td>\n<\/tr>\n<tr style=\"height: 24px\">\n<td style=\"width: 8.18185%;border-style: solid;border-color: #000000;height: 24px;text-align: center\"><strong>1\u00ba ano<\/strong><\/td>\n<td style=\"width: 17.394%;border-style: solid;border-color: #000000;height: 24px;text-align: center\">Oficinas da Hist\u00f3ria<\/td>\n<td style=\"width: 17.8787%;border-style: solid;border-color: #000000;height: 24px;text-align: center\">\u00a0Hist\u00f3ria Antiga e Medieval<\/td>\n<td style=\"width: 19.8183%;border-style: solid;border-color: #000000;height: 24px;text-align: center\">Hist\u00f3ria do Brasil Col\u00f4nia<\/td>\n<td style=\"width: 18.7273%;border-style: solid;border-color: #000000;height: 24px;text-align: center\">Antropologia Cultural<\/td>\n<td style=\"width: 18%;border-style: solid;border-color: #000000;height: 24px;text-align: center\">\u00a0Filosofia da Hist\u00f3ria<\/td>\n<\/tr>\n<tr style=\"height: 24px\">\n<td style=\"width: 8.18185%;border-style: solid;border-color: #000000;height: 24px;text-align: center\"><strong>2\u00ba ano<\/strong><\/td>\n<td style=\"width: 17.394%;border-style: solid;border-color: #000000;height: 24px;text-align: center\">Optativa<\/td>\n<td style=\"width: 17.8787%;border-style: solid;border-color: #000000;height: 24px;text-align: center\">Optativa<\/td>\n<td style=\"width: 19.8183%;border-style: solid;border-color: #000000;height: 24px;text-align: center\">Did\u00e1tica e Ensino de Hist\u00f3ria<\/td>\n<td style=\"width: 18.7273%;border-style: solid;border-color: #000000;height: 24px;text-align: center\">Hist\u00f3ria do Brasil independente<\/td>\n<td style=\"width: 18%;border-style: solid;border-color: #000000;height: 24px;text-align: center\">Teoria da Hist\u00f3ria<\/td>\n<\/tr>\n<tr style=\"height: 24px\">\n<td style=\"width: 8.18185%;border-style: solid;border-color: #000000;height: 24px;text-align: center\"><strong>3\u00ba ano<\/strong><\/td>\n<td style=\"width: 17.394%;border-style: solid;border-color: #000000;height: 24px;text-align: center\">Hist\u00f3ria da Am\u00e9rica<\/td>\n<td style=\"width: 17.8787%;border-style: solid;border-color: #000000;height: 24px;text-align: center\">Hist\u00f3ria do Paran\u00e1<\/td>\n<td style=\"width: 19.8183%;border-style: solid;border-color: #000000;height: 24px;text-align: center\">Est\u00e1gio Supervisionado I<\/td>\n<td style=\"width: 18.7273%;border-style: solid;border-color: #000000;height: 24px;text-align: center\">Optativa<\/td>\n<td style=\"width: 18%;border-style: solid;border-color: #000000;height: 24px;text-align: center\">Optativa<\/td>\n<\/tr>\n<tr style=\"height: 24px\">\n<td style=\"width: 8.18185%;border-style: solid;border-color: #000000;height: 24px;text-align: center\"><strong>4\u00ba ano<\/strong><\/td>\n<td style=\"width: 17.394%;border-style: solid;border-color: #000000;height: 24px;text-align: center\">Optativa<\/td>\n<td style=\"width: 17.8787%;border-style: solid;border-color: #000000;height: 24px;text-align: center\">Optativa<\/td>\n<td style=\"width: 19.8183%;border-style: solid;border-color: #000000;height: 24px;text-align: center\">Est\u00e1gio Supervisionado II<\/td>\n<td style=\"width: 18.7273%;border-style: solid;border-color: #000000;height: 24px;text-align: center\">Hist\u00f3ria Contempor\u00e2nea<\/td>\n<td style=\"width: 18%;border-style: solid;border-color: #000000;height: 24px;text-align: center\">Libras<\/td>\n<\/tr>\n<\/tbody>\n<\/table>\n<p>2\u00ba Semestre<\/p>\n<table style=\"width: 100%;border-collapse: collapse;border-color: #000000;border-style: solid;height: 120px\">\n<tbody>\n<tr style=\"height: 24px\">\n<td style=\"width: 8.18185%;border-style: solid;border-color: #000000;height: 24px;text-align: center\"><\/td>\n<td style=\"width: 17.5151%;border-style: solid;border-color: #000000;height: 24px;text-align: center\"><strong>Segunda-Feira<\/strong><\/td>\n<td style=\"width: 18.1213%;border-style: solid;border-color: #000000;height: 24px;text-align: center\"><strong>Ter\u00e7a-feira<\/strong><\/td>\n<td style=\"width: 20.1818%;border-style: solid;border-color: #000000;height: 24px;text-align: center\"><strong>Quarta-feira<\/strong><\/td>\n<td style=\"width: 18.4849%;border-style: solid;border-color: #000000;height: 24px;text-align: center\"><strong>Quinta-feira<\/strong><\/td>\n<td style=\"width: 17.5152%;border-style: solid;border-color: #000000;height: 24px;text-align: center\"><strong>Sexta-feira<\/strong><\/td>\n<\/tr>\n<tr style=\"height: 24px\">\n<td style=\"width: 8.18185%;border-style: solid;border-color: #000000;height: 24px;text-align: center\"><strong>1\u00ba ano<\/strong><\/td>\n<td style=\"width: 17.5151%;border-style: solid;border-color: #000000;height: 24px;text-align: center\">Oficinas da Hist\u00f3ria<\/td>\n<td style=\"width: 18.1213%;border-style: solid;border-color: #000000;height: 24px;text-align: center\">Hist\u00f3ria Moderna<\/td>\n<td style=\"width: 20.1818%;border-style: solid;border-color: #000000;height: 24px;text-align: center\">Hist\u00f3ria do Brasil Col\u00f4nia<\/td>\n<td style=\"width: 18.4849%;border-style: solid;border-color: #000000;height: 24px;text-align: center\">Hist\u00f3ria da \u00c1frica<\/td>\n<td style=\"width: 17.5152%;border-style: solid;border-color: #000000;height: 24px;text-align: center\">Sociologia<\/td>\n<\/tr>\n<tr style=\"height: 24px\">\n<td style=\"width: 8.18185%;border-style: solid;border-color: #000000;height: 24px;text-align: center\"><strong>2\u00ba ano<\/strong><\/td>\n<td style=\"width: 17.5151%;border-style: solid;border-color: #000000;height: 24px;text-align: center\">Optativa<\/td>\n<td style=\"width: 18.1213%;border-style: solid;border-color: #000000;height: 24px;text-align: center\">Optativa<\/td>\n<td style=\"width: 20.1818%;border-style: solid;border-color: #000000;height: 24px;text-align: center\">Psicologia da Educa\u00e7\u00e3o<\/td>\n<td style=\"width: 18.4849%;border-style: solid;border-color: #000000;height: 24px;text-align: center\">Hist\u00f3ria do Brasil independente<\/td>\n<td style=\"width: 17.5152%;border-style: solid;border-color: #000000;height: 24px;text-align: center\">Teoria da Hist\u00f3ria<\/td>\n<\/tr>\n<tr style=\"height: 24px\">\n<td style=\"width: 8.18185%;border-style: solid;border-color: #000000;height: 24px;text-align: center\"><strong>3\u00ba ano<\/strong><\/td>\n<td style=\"width: 17.5151%;border-style: solid;border-color: #000000;height: 24px;text-align: center\">Hist\u00f3ria da Am\u00e9rica<\/td>\n<td style=\"width: 18.1213%;border-style: solid;border-color: #000000;height: 24px;text-align: center\">Hist\u00f3ria do Paran\u00e1<\/td>\n<td style=\"width: 20.1818%;border-style: solid;border-color: #000000;height: 24px;text-align: center\">Est\u00e1gio Supervisionado I<\/td>\n<td style=\"width: 18.4849%;border-style: solid;border-color: #000000;height: 24px;text-align: center\">Optativa<\/td>\n<td style=\"width: 17.5152%;border-style: solid;border-color: #000000;height: 24px;text-align: center\">Optativa<\/td>\n<\/tr>\n<tr style=\"height: 24px\">\n<td style=\"width: 8.18185%;border-style: solid;border-color: #000000;height: 24px;text-align: center\"><strong>4\u00ba ano<\/strong><\/td>\n<td style=\"width: 17.5151%;border-style: solid;border-color: #000000;height: 24px;text-align: center\">Optativa<\/td>\n<td style=\"width: 18.1213%;border-style: solid;border-color: #000000;height: 24px;text-align: center\">Optativa<\/td>\n<td style=\"width: 20.1818%;border-style: solid;border-color: #000000;height: 24px;text-align: center\">Est\u00e1gio Supervisionado II<\/td>\n<td style=\"width: 18.4849%;border-style: solid;border-color: #000000;height: 24px;text-align: center\">Hist\u00f3ria Contempor\u00e2nea<\/td>\n<td style=\"width: 17.5152%;border-style: solid;border-color: #000000;height: 24px;text-align: center\">Cultura Ind\u00edgena<\/td>\n<\/tr>\n<\/tbody>\n<\/table>\n","protected":false},"excerpt":{"rendered":"<p>HOR\u00c1RIO DISCIPLINAS &#8211; PPC 2020 (para acad\u00eamicos ingressos a partir de 2020) 1\u00ba Semestre Segunda-Feira Ter\u00e7a-feira Quarta-feira Quinta-feira Sexta-feira 1\u00ba ano Hist\u00f3ria Antiga Filosofia da Hist\u00f3ria Oficinas da Hist\u00f3ria Hist\u00f3ria da Am\u00e9rica Sociologia Geral 2\u00ba ano Hist\u00f3ria do Brasil Colonial Hist\u00f3ria Moderna Cultura e Diversidade Extens\u00e3o Universit\u00e1ria em humanidades Pol\u00edtica e Gest\u00e3o da Educa\u00e7\u00e3o 3\u00ba [&hellip;]<\/p>\n","protected":false},"author":3,"featured_media":0,"parent":0,"menu_order":0,"comment_status":"closed","ping_status":"closed","template":"","meta":{"_exactmetrics_skip_tracking":false,"_exactmetrics_sitenote_active":false,"_exactmetrics_sitenote_note":"","_exactmetrics_sitenote_category":0,"footnotes":"","_links_to":"","_links_to_target":""},"class_list":["post-35","page","type-page","status-publish","hentry"],"_links":{"self":[{"href":"https:\/\/www3.unicentro.br\/dehisi\/wp-json\/wp\/v2\/pages\/35","targetHints":{"allow":["GET"]}}],"collection":[{"href":"https:\/\/www3.unicentro.br\/dehisi\/wp-json\/wp\/v2\/pages"}],"about":[{"href":"https:\/\/www3.unicentro.br\/dehisi\/wp-json\/wp\/v2\/types\/page"}],"author":[{"embeddable":true,"href":"https:\/\/www3.unicentro.br\/dehisi\/wp-json\/wp\/v2\/users\/3"}],"replies":[{"embeddable":true,"href":"https:\/\/www3.unicentro.br\/dehisi\/wp-json\/wp\/v2\/comments?post=35"}],"version-history":[{"count":0,"href":"https:\/\/www3.unicentro.br\/dehisi\/wp-json\/wp\/v2\/pages\/35\/revisions"}],"wp:attachment":[{"href":"https:\/\/www3.unicentro.br\/dehisi\/wp-json\/wp\/v2\/media?parent=35"}],"curies":[{"name":"wp","href":"https:\/\/api.w.org\/{rel}","templated":true}]}}