{"id":33,"date":"2021-03-10T15:28:16","date_gmt":"2021-03-10T18:28:16","guid":{"rendered":"https:\/\/www3.unicentro.br\/dehisi\/?page_id=33"},"modified":"2021-05-26T13:53:14","modified_gmt":"2021-05-26T16:53:14","slug":"disciplinas","status":"publish","type":"page","link":"https:\/\/www3.unicentro.br\/dehisi\/disciplinas\/","title":{"rendered":"Disciplinas"},"content":{"rendered":"<p><strong><span style=\"font-size: 14pt\">EMENT\u00c1RIOS:<\/span><\/strong><\/p>\n<p><strong><a href=\"https:\/\/www3.unicentro.br\/dehisi\/wp-content\/uploads\/sites\/118\/2021\/05\/Ementario-HISTORIA-I-PPC-2010.pdf\">Ement\u00e1rio HIST\u00d3RIA-I-PPC 2010<\/a><\/strong><\/p>\n<p><strong><a href=\"https:\/\/www3.unicentro.br\/dehisi\/wp-content\/uploads\/sites\/118\/2021\/05\/Ementario-HISTORIA-I-PPC-2020.pdf\">Ement\u00e1rio HIST\u00d3RIA-I-PPC 2020<\/a><\/strong><\/p>\n<p>&nbsp;<\/p>\n<p><strong><span style=\"font-size: 14pt\">Disciplina &#8211; PPC 2020:<\/span><\/strong><\/p>\n<table style=\"border-collapse: collapse;width: 100%;height: 172px\">\n<tbody>\n<tr style=\"height: 28px\">\n<td style=\"width: 99.9999%;text-align: center;height: 28px;border-style: solid;border-color: #3c3c3b\" colspan=\"3\"><span style=\"font-size: 14pt\"><strong>1\u00ba Ano<\/strong><\/span><\/td>\n<\/tr>\n<tr style=\"height: 24px\">\n<td style=\"width: 22.6666%;height: 144px;border-style: solid;border-color: #3c3c3b\" rowspan=\"6\"><img loading=\"lazy\" decoding=\"async\" class=\"alignnone wp-image-132\" src=\"https:\/\/www3.unicentro.br\/dehisi\/wp-content\/uploads\/sites\/118\/2021\/05\/Antiga-America.png\" alt=\"\" width=\"187\" height=\"166\" srcset=\"https:\/\/www3.unicentro.br\/dehisi\/wp-content\/uploads\/sites\/118\/2021\/05\/Antiga-America.png 669w, https:\/\/www3.unicentro.br\/dehisi\/wp-content\/uploads\/sites\/118\/2021\/05\/Antiga-America-255x226.png 255w\" sizes=\"auto, (max-width: 187px) 100vw, 187px\" \/><\/td>\n<td style=\"width: 38.9091%;height: 24px;border-style: solid;border-color: #3c3c3b\"><strong>1\u00ba Semestre<\/strong><\/td>\n<td style=\"width: 38.4242%;height: 24px;border-style: solid;border-color: #3c3c3b\"><strong>2\u00ba Semestre<\/strong><\/td>\n<\/tr>\n<tr style=\"height: 24px\">\n<td style=\"width: 38.9091%;height: 24px;border-style: solid;border-color: #3c3c3b\"><span style=\"font-size: 10pt\"><span style=\"font-size: 12pt\">Hist\u00f3ria Antiga<\/span> (Segunda-feira)<\/span><\/td>\n<td style=\"width: 38.4242%;height: 24px;border-style: solid;border-color: #3c3c3b\"><span style=\"font-size: 10pt\"><span style=\"font-size: 12pt\">Hist\u00f3ria Medieval<\/span> (Segunda-feira)<\/span><\/td>\n<\/tr>\n<tr style=\"height: 24px\">\n<td style=\"width: 38.9091%;height: 24px;border-style: solid;border-color: #3c3c3b\"><span style=\"font-size: 10pt\"><span style=\"font-size: 12pt\">Hist\u00f3ria da Filosofia<\/span> (Ter\u00e7a-feira)<\/span><\/td>\n<td style=\"width: 38.4242%;height: 24px;border-style: solid;border-color: #3c3c3b\"><span style=\"font-size: 10pt\">Fundamentos da Educa\u00e7\u00e3o Inclusiva (Ter\u00e7a-feira)<\/span><\/td>\n<\/tr>\n<tr style=\"height: 24px\">\n<td style=\"width: 38.9091%;height: 24px;border-style: solid;border-color: #3c3c3b\"><span style=\"font-size: 10pt\"><span style=\"font-size: 12pt\">Oficina da Hist\u00f3ria<\/span> (Quarta-feira)<\/span><\/td>\n<td style=\"width: 38.4242%;height: 24px;border-style: solid;border-color: #3c3c3b\"><span style=\"font-size: 10pt\"><span style=\"font-size: 12pt\">Linguagem e Ensino<\/span> (Quarta-feira)<\/span><\/td>\n<\/tr>\n<tr style=\"height: 24px\">\n<td style=\"width: 38.9091%;height: 24px;border-style: solid;border-color: #3c3c3b\">H<span style=\"font-size: 12pt\">ist\u00f3ria da Am\u00e9rica<\/span> <span style=\"font-size: 10pt\">(Quinta-feira)<\/span><\/td>\n<td style=\"width: 38.4242%;height: 24px;border-style: solid;border-color: #3c3c3b\">Hist\u00f3ria da Am\u00e9rica <span style=\"font-size: 10pt\">(Quinta-feira)<\/span><\/td>\n<\/tr>\n<tr style=\"height: 24px\">\n<td style=\"width: 38.9091%;height: 24px;border-style: solid;border-color: #3c3c3b\"><span style=\"font-size: 10pt\"><span style=\"font-size: 12pt\">Sociologia<\/span> (Sexta-feira)<\/span><\/td>\n<td style=\"width: 38.4242%;height: 24px;border-style: solid;border-color: #3c3c3b\"><span style=\"font-size: 10pt\"><span style=\"font-size: 12pt\">Antropologia<\/span> (Sexta-feira)<\/span><\/td>\n<\/tr>\n<\/tbody>\n<\/table>\n<p>&nbsp;<\/p>\n<table style=\"border-collapse: collapse;width: 100%;height: 196px\">\n<tbody>\n<tr style=\"height: 28px\">\n<td style=\"width: 99.9999%;text-align: center;height: 28px;border-style: solid;border-color: #3c3c3c\" colspan=\"3\"><span style=\"font-size: 14pt\"><strong>2\u00ba Ano<\/strong><\/span><\/td>\n<\/tr>\n<tr style=\"height: 24px\">\n<td style=\"width: 23.0302%;height: 24px;border-style: solid;border-color: #3c3c3c\"><\/td>\n<td style=\"width: 38.7879%;height: 24px;border-style: solid;border-color: #3c3c3c\"><strong>1\u00ba Semestre<\/strong><\/td>\n<td style=\"width: 38.1818%;height: 24px;border-style: solid;border-color: #3c3c3c\"><strong>2\u00ba Semestre<\/strong><\/td>\n<\/tr>\n<tr style=\"height: 24px\">\n<td style=\"width: 23.0302%;height: 144px;border-style: solid;border-color: #3c3c3c\" rowspan=\"5\"><img loading=\"lazy\" decoding=\"async\" class=\"alignnone wp-image-131\" src=\"https:\/\/www3.unicentro.br\/dehisi\/wp-content\/uploads\/sites\/118\/2021\/05\/Moderna-Africa.png\" alt=\"\" width=\"170\" height=\"174\" srcset=\"https:\/\/www3.unicentro.br\/dehisi\/wp-content\/uploads\/sites\/118\/2021\/05\/Moderna-Africa.png 714w, https:\/\/www3.unicentro.br\/dehisi\/wp-content\/uploads\/sites\/118\/2021\/05\/Moderna-Africa-50x50.png 50w, https:\/\/www3.unicentro.br\/dehisi\/wp-content\/uploads\/sites\/118\/2021\/05\/Moderna-Africa-255x261.png 255w\" sizes=\"auto, (max-width: 170px) 100vw, 170px\" \/><\/td>\n<td style=\"width: 38.7879%;height: 24px;border-style: solid;border-color: #3c3c3c\"><span style=\"font-size: 10pt\"><span style=\"font-size: 12pt\">Hist\u00f3ria do Brasil Colonial <\/span>(Segunda-feira)<\/span><\/td>\n<td style=\"width: 38.1818%;height: 24px;border-style: solid;border-color: #3c3c3c\"><span style=\"font-size: 10pt\"><span style=\"font-size: 12pt\">Hist\u00f3ria do Brasil Colonial <\/span>(Segunda-feira)<\/span><\/td>\n<\/tr>\n<tr style=\"height: 24px\">\n<td style=\"width: 38.7879%;height: 24px;border-style: solid;border-color: #3c3c3c\"><span style=\"font-size: 10pt\"><span style=\"font-size: 12pt\">Hist\u00f3ria Moderna <\/span>(Ter\u00e7a-feira)<\/span><\/td>\n<td style=\"width: 38.1818%;height: 24px;border-style: solid;border-color: #3c3c3c\"><span style=\"font-size: 10pt\"><span style=\"font-size: 12pt\">Filosofia da Hist\u00f3ria <\/span>(Ter\u00e7a-feira)<\/span><\/td>\n<\/tr>\n<tr style=\"height: 24px\">\n<td style=\"width: 38.7879%;height: 24px;border-style: solid;border-color: #3c3c3c\"><span style=\"font-size: 10pt\"><span style=\"font-size: 12pt\">Cultura e Diversidade<\/span> (Quarta-feira)<\/span><\/td>\n<td style=\"width: 38.1818%;height: 24px;border-style: solid;border-color: #3c3c3c\"><span style=\"font-size: 10pt\"><span style=\"font-size: 12pt\">Hist\u00f3ria da \u00c1frica <\/span>(Quarta-feira)<\/span><\/td>\n<\/tr>\n<tr style=\"height: 48px\">\n<td style=\"width: 38.7879%;height: 48px;border-style: solid;border-color: #3c3c3c\"><span style=\"font-size: 10pt\">Extens\u00e3o Universit\u00e1ria em Humanidades<\/span><span style=\"font-size: 10pt\">(Quinta-feira)<\/span><\/td>\n<td style=\"width: 38.1818%;height: 48px;border-style: solid;border-color: #3c3c3c\"><span style=\"font-size: 10pt\"><span style=\"font-size: 12pt\">Metodologia do Ensino de Hist\u00f3ria<\/span> (Quinta-feira)<\/span><\/td>\n<\/tr>\n<tr style=\"height: 24px\">\n<td style=\"width: 38.7879%;height: 24px;border-style: solid;border-color: #3c3c3c\"><span style=\"font-size: 10pt\"><span style=\"font-size: 12pt\">Pol\u00edtica e Gest\u00e3o da Educa\u00e7\u00e3o<\/span> (Sexta-feira)<\/span><\/td>\n<td style=\"width: 38.1818%;height: 24px;border-style: solid;border-color: #3c3c3c\"><span style=\"font-size: 10pt\"><span style=\"font-size: 12pt\">Teoria da Hist\u00f3ria<\/span> (Sexta-feira)<\/span><\/td>\n<\/tr>\n<\/tbody>\n<\/table>\n<p>&nbsp;<\/p>\n<table style=\"height: 187px;width: 100%;border-collapse: collapse;border-style: solid;border-color: #000000\">\n<tbody>\n<tr style=\"height: 28px\">\n<td style=\"width: 99.9999%;height: 28px;text-align: center;border-style: solid;border-color: #3c3c00\" colspan=\"3\"><span style=\"font-size: 14pt\"><strong>3\u00ba Ano<\/strong><\/span><\/td>\n<\/tr>\n<tr style=\"height: 24px\">\n<td style=\"width: 23.3939%;height: 24px;border-style: solid;border-color: #3c3c00\"><\/td>\n<td style=\"width: 38.6666%;height: 24px;border-style: solid;border-color: #3c3c00\"><strong>1\u00ba Semestre<\/strong><\/td>\n<td style=\"width: 37.9394%;height: 24px;border-style: solid;border-color: #3c3c00\"><strong>2\u00ba Semestre<\/strong><\/td>\n<\/tr>\n<tr style=\"height: 48px\">\n<td style=\"width: 23.3939%;height: 135px;border-style: solid;border-color: #3c3c00\" rowspan=\"5\"><img loading=\"lazy\" decoding=\"async\" class=\"alignnone wp-image-134\" src=\"https:\/\/www3.unicentro.br\/dehisi\/wp-content\/uploads\/sites\/118\/2021\/05\/Brasil-Teoria.png\" alt=\"\" width=\"183\" height=\"207\" srcset=\"https:\/\/www3.unicentro.br\/dehisi\/wp-content\/uploads\/sites\/118\/2021\/05\/Brasil-Teoria.png 553w, https:\/\/www3.unicentro.br\/dehisi\/wp-content\/uploads\/sites\/118\/2021\/05\/Brasil-Teoria-255x289.png 255w\" sizes=\"auto, (max-width: 183px) 100vw, 183px\" \/><\/td>\n<td style=\"width: 38.6666%;height: 48px;border-style: solid;border-color: #3c3c00\"><span style=\"font-size: 10pt\"><span style=\"font-size: 12pt\">Metodologia de Pesquisa<\/span> (Segunda-feira)<\/span><\/td>\n<td style=\"width: 37.9394%;height: 48px;border-style: solid;border-color: #3c3c00\"><span style=\"font-size: 10pt\"><span style=\"font-size: 12pt\">Did\u00e1tica e ensino de Hist\u00f3ria\/ Psicologia da Educa\u00e7\u00e3o<\/span> (Segunda-feira)\u00a0<\/span><\/td>\n<\/tr>\n<tr style=\"height: 29px\">\n<td style=\"width: 38.6666%;height: 29px;border-style: solid;border-color: #3c3c00\"><span style=\"font-size: 10pt\">H<span style=\"font-size: 12pt\">ist\u00f3ria do Brasil Independente<\/span> (Ter\u00e7a-feira)<\/span><\/td>\n<td style=\"width: 37.9394%;height: 29px;border-style: solid;border-color: #3c3c00\"><span style=\"font-size: 10pt\"><span style=\"font-size: 12pt\">Hist\u00f3ria do Brasil Independente<\/span> (Ter\u00e7a-feira)<\/span><\/td>\n<\/tr>\n<tr style=\"height: 24px\">\n<td style=\"width: 38.6666%;height: 24px;border-style: solid;border-color: #3c3c00\"><span style=\"font-size: 10pt\"><span style=\"font-size: 12pt\">Est\u00e1gio Supervisionado I<\/span> (Quarta-feira)<\/span><\/td>\n<td style=\"width: 37.9394%;height: 24px;border-style: solid;border-color: #3c3c00\"><span style=\"font-size: 10pt\"><span style=\"font-size: 12pt\">Est\u00e1gio Supervisionado I<\/span> (Quarta-feira)<\/span><\/td>\n<\/tr>\n<tr style=\"height: 24px\">\n<td style=\"width: 38.6666%;height: 24px;border-style: solid;border-color: #3c3c00\"><span style=\"font-size: 10pt\"><span style=\"font-size: 12pt\">Optativa<\/span> (Quinta-feira)<\/span><\/td>\n<td style=\"width: 37.9394%;height: 24px;border-style: solid;border-color: #3c3c00\">Teoria da Hist\u00f3ria III <span style=\"font-size: 10pt\">(Quinta-feira)<\/span><\/td>\n<\/tr>\n<tr style=\"height: 10px\">\n<td style=\"width: 38.6666%;height: 10px;border-style: solid;border-color: #3c3c00\"><span style=\"font-size: 10pt\"><span style=\"font-size: 12pt\">Teoria da Hist\u00f3ria II<\/span> (Sexta-feira)<\/span><\/td>\n<td style=\"width: 37.9394%;height: 10px;border-style: solid;border-color: #3c3c00\"><span style=\"font-size: 10pt\"><span style=\"font-size: 12pt\">Optativa<\/span> (Sexta-feira)<\/span><\/td>\n<\/tr>\n<\/tbody>\n<\/table>\n<p>&nbsp;<\/p>\n<table style=\"border-collapse: collapse;width: 100.069%;height: 172px\">\n<tbody>\n<tr style=\"height: 28px\">\n<td style=\"width: 110.738%;height: 28px;text-align: center;border-style: solid;border-color: #3c3c3c\" colspan=\"3\"><span style=\"font-size: 14pt\"><strong>4\u00ba Ano<\/strong><\/span><\/td>\n<\/tr>\n<tr style=\"height: 24px\">\n<td style=\"width: 23.3899%;height: 24px;border-style: solid;border-color: #3c3c3c\"><\/td>\n<td style=\"width: 38.7975%;height: 24px;border-style: solid;border-color: #3c3c3c\"><strong>1\u00ba Semestre<\/strong><\/td>\n<td style=\"width: 48.5508%;height: 24px;border-style: solid;border-color: #3c3c3c\"><strong>2\u00ba Semestre<\/strong><\/td>\n<\/tr>\n<tr style=\"height: 24px\">\n<td style=\"width: 23.3899%;height: 24px;border-style: solid;border-color: #3c3c3c\" rowspan=\"5\"><img loading=\"lazy\" decoding=\"async\" class=\"alignnone size-full wp-image-133\" src=\"https:\/\/www3.unicentro.br\/dehisi\/wp-content\/uploads\/sites\/118\/2021\/05\/Contemporanea-Brasil.png\" alt=\"\" width=\"724\" height=\"680\" srcset=\"https:\/\/www3.unicentro.br\/dehisi\/wp-content\/uploads\/sites\/118\/2021\/05\/Contemporanea-Brasil.png 724w, https:\/\/www3.unicentro.br\/dehisi\/wp-content\/uploads\/sites\/118\/2021\/05\/Contemporanea-Brasil-255x240.png 255w\" sizes=\"auto, (max-width: 724px) 100vw, 724px\" \/><\/td>\n<td style=\"width: 38.7975%;height: 24px;border-style: solid;border-color: #3c3c3c\"><span style=\"font-size: 10pt\"><span style=\"font-size: 12pt\">Est\u00e1gio Curricular<\/span> (Segunda-feira)\u00a0<\/span><\/td>\n<td style=\"width: 48.5508%;height: 24px;border-style: solid;border-color: #3c3c3c\"><span style=\"font-size: 10pt\"><span style=\"font-size: 12pt\">Optativa<\/span> (Segunda-feira)\u00a0<\/span><\/td>\n<\/tr>\n<tr style=\"height: 24px\">\n<td style=\"width: 38.7975%;height: 24px;border-style: solid;border-color: #3c3c3c\"><span style=\"font-size: 10pt\"><span style=\"font-size: 12pt\">Hist\u00f3ria e Regi\u00f5es<\/span> (Ter\u00e7a-feira)<\/span><\/td>\n<td style=\"width: 48.5508%;height: 24px;border-style: solid;border-color: #3c3c3c\"><span style=\"font-size: 10pt\"><span style=\"font-size: 12pt\">Optativa<\/span> (Ter\u00e7a-feira)<\/span><\/td>\n<\/tr>\n<tr style=\"height: 24px\">\n<td style=\"width: 38.7975%;height: 24px;border-style: solid;border-color: #3c3c3c\"><span style=\"font-size: 10pt\"><span style=\"font-size: 12pt\">Est\u00e1gio Supervisionado II <\/span>(Quarta-feira)<\/span><\/td>\n<td style=\"width: 48.5508%;height: 24px;border-style: solid;border-color: #3c3c3c\"><span style=\"font-size: 10pt\"><span style=\"font-size: 12pt\">Est\u00e1gio Supervisionado II <\/span>(Quarta-feira)<\/span><\/td>\n<\/tr>\n<tr style=\"height: 24px\">\n<td style=\"width: 38.7975%;height: 24px;border-style: solid;border-color: #3c3c3c\">Hist\u00f3ria Contempor\u00e2nea <span style=\"font-size: 10pt\">(Quinta-feira)<\/span><\/td>\n<td style=\"width: 48.5508%;height: 24px;border-style: solid;border-color: #3c3c3c\">Hist\u00f3ria Contempor\u00e2nea <span style=\"font-size: 10pt\">(Quinta-feira)<\/span><\/td>\n<\/tr>\n<tr style=\"height: 24px\">\n<td style=\"width: 38.7975%;height: 24px;border-style: solid;border-color: #3c3c3c\"><span style=\"font-size: 10pt\"><span style=\"font-size: 12pt\">Hist\u00f3ria do Brasil Contempor\u00e2neo<\/span> (Sexta-feira)<\/span><\/td>\n<td style=\"width: 48.5508%;height: 24px;border-style: solid;border-color: #3c3c3c\"><span style=\"font-size: 10pt\"><span style=\"font-size: 12pt\">Libra<\/span>s (Sexta-feira)<\/span><\/td>\n<\/tr>\n<\/tbody>\n<\/table>\n<p>&nbsp;<\/p>\n","protected":false},"excerpt":{"rendered":"<p>EMENT\u00c1RIOS: Ement\u00e1rio HIST\u00d3RIA-I-PPC 2010 Ement\u00e1rio HIST\u00d3RIA-I-PPC 2020 &nbsp; Disciplina &#8211; PPC 2020: 1\u00ba Ano 1\u00ba Semestre 2\u00ba Semestre Hist\u00f3ria Antiga (Segunda-feira) Hist\u00f3ria Medieval (Segunda-feira) Hist\u00f3ria da Filosofia (Ter\u00e7a-feira) Fundamentos da Educa\u00e7\u00e3o Inclusiva (Ter\u00e7a-feira) Oficina da Hist\u00f3ria (Quarta-feira) Linguagem e Ensino (Quarta-feira) Hist\u00f3ria da Am\u00e9rica (Quinta-feira) Hist\u00f3ria da Am\u00e9rica (Quinta-feira) Sociologia (Sexta-feira) Antropologia (Sexta-feira) &nbsp; 2\u00ba [&hellip;]<\/p>\n","protected":false},"author":3,"featured_media":0,"parent":0,"menu_order":0,"comment_status":"closed","ping_status":"closed","template":"","meta":{"_exactmetrics_skip_tracking":false,"_exactmetrics_sitenote_active":false,"_exactmetrics_sitenote_note":"","_exactmetrics_sitenote_category":0,"footnotes":"","_links_to":"","_links_to_target":""},"class_list":["post-33","page","type-page","status-publish","hentry"],"_links":{"self":[{"href":"https:\/\/www3.unicentro.br\/dehisi\/wp-json\/wp\/v2\/pages\/33","targetHints":{"allow":["GET"]}}],"collection":[{"href":"https:\/\/www3.unicentro.br\/dehisi\/wp-json\/wp\/v2\/pages"}],"about":[{"href":"https:\/\/www3.unicentro.br\/dehisi\/wp-json\/wp\/v2\/types\/page"}],"author":[{"embeddable":true,"href":"https:\/\/www3.unicentro.br\/dehisi\/wp-json\/wp\/v2\/users\/3"}],"replies":[{"embeddable":true,"href":"https:\/\/www3.unicentro.br\/dehisi\/wp-json\/wp\/v2\/comments?post=33"}],"version-history":[{"count":0,"href":"https:\/\/www3.unicentro.br\/dehisi\/wp-json\/wp\/v2\/pages\/33\/revisions"}],"wp:attachment":[{"href":"https:\/\/www3.unicentro.br\/dehisi\/wp-json\/wp\/v2\/media?parent=33"}],"curies":[{"name":"wp","href":"https:\/\/api.w.org\/{rel}","templated":true}]}}