{"id":29,"date":"2021-03-10T15:26:36","date_gmt":"2021-03-10T18:26:36","guid":{"rendered":"https:\/\/www3.unicentro.br\/dehisi\/?page_id=29"},"modified":"2021-05-31T13:56:32","modified_gmt":"2021-05-31T16:56:32","slug":"projeto-pedagogico","status":"publish","type":"page","link":"https:\/\/www3.unicentro.br\/dehisi\/dehis-i\/projeto-pedagogico\/","title":{"rendered":"Projeto Pedag\u00f3gico"},"content":{"rendered":"<p><a href=\"https:\/\/www3.unicentro.br\/dehisi\/wp-content\/uploads\/sites\/118\/2021\/05\/Projeto-Pedagogico-do-Curso-de-Historia-I-2020.pdf\">Projeto Pedag\u00f3gico do Curso de Hist\u00f3ria-I &#8211; 2020<\/a><\/p>\n<p><a href=\"https:\/\/www3.unicentro.br\/dehisi\/wp-content\/uploads\/sites\/118\/2021\/05\/Projeto-Pedagogico-do-Curso-de-Historia-I-2010.pdf\">Projeto Pedag\u00f3gico do Curso de Hist\u00f3ria-I &#8211; 2010<\/a><\/p>\n","protected":false},"excerpt":{"rendered":"<p>Projeto Pedag\u00f3gico do Curso de Hist\u00f3ria-I &#8211; 2020 Projeto Pedag\u00f3gico do Curso de Hist\u00f3ria-I &#8211; 2010<\/p>\n","protected":false},"author":3,"featured_media":0,"parent":20,"menu_order":0,"comment_status":"closed","ping_status":"closed","template":"","meta":{"_exactmetrics_skip_tracking":false,"_exactmetrics_sitenote_active":false,"_exactmetrics_sitenote_note":"","_exactmetrics_sitenote_category":0,"footnotes":"","_links_to":"","_links_to_target":""},"class_list":["post-29","page","type-page","status-publish","hentry"],"_links":{"self":[{"href":"https:\/\/www3.unicentro.br\/dehisi\/wp-json\/wp\/v2\/pages\/29","targetHints":{"allow":["GET"]}}],"collection":[{"href":"https:\/\/www3.unicentro.br\/dehisi\/wp-json\/wp\/v2\/pages"}],"about":[{"href":"https:\/\/www3.unicentro.br\/dehisi\/wp-json\/wp\/v2\/types\/page"}],"author":[{"embeddable":true,"href":"https:\/\/www3.unicentro.br\/dehisi\/wp-json\/wp\/v2\/users\/3"}],"replies":[{"embeddable":true,"href":"https:\/\/www3.unicentro.br\/dehisi\/wp-json\/wp\/v2\/comments?post=29"}],"version-history":[{"count":0,"href":"https:\/\/www3.unicentro.br\/dehisi\/wp-json\/wp\/v2\/pages\/29\/revisions"}],"up":[{"embeddable":true,"href":"https:\/\/www3.unicentro.br\/dehisi\/wp-json\/wp\/v2\/pages\/20"}],"wp:attachment":[{"href":"https:\/\/www3.unicentro.br\/dehisi\/wp-json\/wp\/v2\/media?parent=29"}],"curies":[{"name":"wp","href":"https:\/\/api.w.org\/{rel}","templated":true}]}}