{"id":65,"date":"2021-04-28T14:25:12","date_gmt":"2021-04-28T17:25:12","guid":{"rendered":"https:\/\/www3.unicentro.br\/degeog\/?page_id=65"},"modified":"2025-03-13T08:43:36","modified_gmt":"2025-03-13T11:43:36","slug":"editais","status":"publish","type":"page","link":"https:\/\/www3.unicentro.br\/degeog\/editais\/","title":{"rendered":"Editais"},"content":{"rendered":"<p><span style=\"color: #800000\"><strong>Editais 2025<\/strong><\/span><\/p>\n<ul>\n<li><a href=\"https:\/\/www3.unicentro.br\/degeog\/wp-content\/uploads\/sites\/122\/2025\/03\/Comissao_estagio_Geografia_Bacharelado_Edital_02_2025__2025_67d206245d2a5.pdf\"><strong>Edital 002-2025 &#8211; Comiss\u00e3o de Est\u00e1gio Supervisionado do Curso de Geografia\u2013Bacharelado<\/strong> &#8211; Matr\u00edcula do aluno que s\u00f3 tem o Est\u00e1gio obrigat\u00f3rio do curso de Geografia, Bacharelado, para ser efetuado no ano letivo de 2025<\/a><\/li>\n<li><a href=\"https:\/\/www3.unicentro.br\/degeog\/wp-content\/uploads\/sites\/122\/2025\/03\/Comissao_estagio_Geografia_Bacharelado_Edital_03_2025__2025_03_67d20628e1013.pdf\"><strong>Edital 003-2025 &#8211; Comiss\u00e3o de Est\u00e1gio Supervisionado do Curso de Geografia Bacharelado<\/strong> &#8211; Procedimento dos alunos que s\u00f3 tem o Est\u00e1gio obrigat\u00f3rio do curso de Geografia, Bacharelado, para ser efetuado no ano letivo de 2025<\/a><\/li>\n<li><a href=\"https:\/\/www3.unicentro.br\/degeog\/wp-content\/uploads\/sites\/122\/2025\/03\/Comissao_estagio_Geografia_Bacharelado_Edital_04_2025__2025_67d2062d6e7c5.pdf\"><strong>Edital 004-2025 &#8211; Comiss\u00e3o de Est\u00e1gio Supervisionado do Curso de Geografia\u2013Bacharelado<\/strong> &#8211; Procedimento dos alunos que far\u00e3o o Est\u00e1gio obrigat\u00f3rio do curso de Geografia, Bacharelado, no ano letivo de 2025<\/a><\/li>\n<\/ul>\n<hr \/>\n<p><span style=\"color: #800000\"><strong>Editais 2024<\/strong><\/span><\/p>\n<ul>\n<li><strong><span style=\"text-decoration: underline;font-family: georgia, palatino, serif;font-size: 12pt\"><span style=\"color: #ff0000;text-decoration: underline\"><a href=\"https:\/\/www3.unicentro.br\/degeog\/wp-content\/uploads\/sites\/122\/2024\/10\/Edital-01-TCC.pdf\" target=\"_blank\" rel=\"noopener\"><span style=\"color: #0000ff;text-decoration: underline\"><span style=\"color: #000000;text-decoration: underline\">Edital 01 TCC 2024\u00a0<\/span><\/span><\/a><\/span><\/span><\/strong><\/li>\n<li><strong><span style=\"text-decoration: underline;font-family: georgia, palatino, serif;font-size: 12pt\"><span style=\"color: #000000;text-decoration: underline\"><a style=\"color: #000000;text-decoration: underline\" href=\"https:\/\/www3.unicentro.br\/degeog\/wp-content\/uploads\/sites\/122\/2024\/10\/EDITAL-Atividades-complementares-2024-.pdf\" target=\"_blank\" rel=\"noopener\">EDITAL Atividades complementares 2024<\/a><\/span><\/span><\/strong><\/li>\n<li><strong><span style=\"text-decoration: underline;font-family: georgia, palatino, serif;font-size: 12pt\"><span style=\"color: #000000;text-decoration: underline\"><a style=\"color: #000000;text-decoration: underline\" href=\"https:\/\/www3.unicentro.br\/degeog\/wp-content\/uploads\/sites\/122\/2024\/10\/Formulario-indicador-das-atividades-complementares-2024.pdf\" target=\"_blank\" rel=\"noopener\">Formul\u00e1rio indicador das atividades complementares 2024<\/a><\/span><\/span><\/strong><\/li>\n<\/ul>\n","protected":false},"excerpt":{"rendered":"<p>Editais 2025 Edital 002-2025 &#8211; Comiss\u00e3o de Est\u00e1gio Supervisionado do Curso de Geografia\u2013Bacharelado &#8211; Matr\u00edcula do aluno que s\u00f3 tem o Est\u00e1gio obrigat\u00f3rio do curso de Geografia, Bacharelado, para ser efetuado no ano letivo de 2025 Edital 003-2025 &#8211; Comiss\u00e3o de Est\u00e1gio Supervisionado do Curso de Geografia Bacharelado &#8211; Procedimento dos alunos que s\u00f3 tem [&hellip;]<\/p>\n","protected":false},"author":3,"featured_media":0,"parent":0,"menu_order":0,"comment_status":"closed","ping_status":"closed","template":"","meta":{"_exactmetrics_skip_tracking":false,"_exactmetrics_sitenote_active":false,"_exactmetrics_sitenote_note":"","_exactmetrics_sitenote_category":0,"footnotes":"","_links_to":"","_links_to_target":""},"class_list":["post-65","page","type-page","status-publish","hentry"],"_links":{"self":[{"href":"https:\/\/www3.unicentro.br\/degeog\/wp-json\/wp\/v2\/pages\/65","targetHints":{"allow":["GET"]}}],"collection":[{"href":"https:\/\/www3.unicentro.br\/degeog\/wp-json\/wp\/v2\/pages"}],"about":[{"href":"https:\/\/www3.unicentro.br\/degeog\/wp-json\/wp\/v2\/types\/page"}],"author":[{"embeddable":true,"href":"https:\/\/www3.unicentro.br\/degeog\/wp-json\/wp\/v2\/users\/3"}],"replies":[{"embeddable":true,"href":"https:\/\/www3.unicentro.br\/degeog\/wp-json\/wp\/v2\/comments?post=65"}],"version-history":[{"count":3,"href":"https:\/\/www3.unicentro.br\/degeog\/wp-json\/wp\/v2\/pages\/65\/revisions"}],"predecessor-version":[{"id":350,"href":"https:\/\/www3.unicentro.br\/degeog\/wp-json\/wp\/v2\/pages\/65\/revisions\/350"}],"wp:attachment":[{"href":"https:\/\/www3.unicentro.br\/degeog\/wp-json\/wp\/v2\/media?parent=65"}],"curies":[{"name":"wp","href":"https:\/\/api.w.org\/{rel}","templated":true}]}}