{"id":58,"date":"2021-04-28T14:25:12","date_gmt":"2021-04-28T17:25:12","guid":{"rendered":"https:\/\/www3.unicentro.br\/degeog\/historico\/"},"modified":"2023-03-21T19:09:06","modified_gmt":"2023-03-21T22:09:06","slug":"historico","status":"publish","type":"page","link":"https:\/\/www3.unicentro.br\/degeog\/degeo-g\/historico\/","title":{"rendered":"Hist\u00f3rico"},"content":{"rendered":"<p>O curso de Geografia em Guarapuava-PR foi criado ainda na antiga FAFIG. Na modalidade Licenciatura teve in\u00edcio\u00a0em 1\u00ba de mar\u00e7o de 1970, como um dos quatro cursos que deram origem \u00e0 precursora da Unicentro, a Faculdade de Filosofia, Ci\u00eancias e Letras de Guarapuava, FAFIG, ao lado de outros 3, \u00a0Letras, Hist\u00f3ria e Matem\u00e1tica.<\/p>\n<p>Em 2001 teve in\u00edcio uma extens\u00e3o do curso de Licenciatura em Geografia no Campus da Unicentro no munic\u00edpio de Irati. A partir de 2003 as vagas de extens\u00e3o tornam-se permanentes e, a partir de 2005 \u00e9 criado um Departamento de Geografia em Irati, que desde 2006 \u00e9 totalmente aut\u00f4nomo e independente do DEGEO de Guarapuava que, at\u00e9 ent\u00e3o, disponibilizava docentes de Guarapuava para ministrarem aulas em Irati.<\/p>\n<p>Em 1992 \u00e9 criado o Grupo PET Geografia.<\/p>\n<p>No ano de 2002 foi criado o curso de Bacharelado em Geografia.<\/p>\n<p>Em 2003 teve in\u00edcio uma nova grade da Licenciatura (reformulada parcialmente em 2009) passando a ter somente disciplinas semestrais.<\/p>\n<p>A partir de 2006 o curso de Bacharelado em Geografia da Unicentro passa a ter um novo Projeto Pedag\u00f3gico, com 25 vagas e entrada separada da Licenciatura e grade com disciplinas anuais.<\/p>\n<p>Ap\u00f3s anos seguidos com cursos <em>Lato Sensu\u00a0<\/em>(Especializa\u00e7\u00f5es), em 2007 tiveram in\u00edcio das discuss\u00f5es no Departamento de Geografia em torno da cria\u00e7\u00e3o de um curso <em>Stricto Sensu\u00a0<\/em>(Mestrado). Desse debate nasce a constru\u00e7\u00e3o do projeto do curso que tem sua aprova\u00e7\u00e3o e in\u00edcio em 2009. Ap\u00f3s seis anos de mestrado inicia-se a constru\u00e7\u00e3o de um projeto de Doutorado em Geografia em 2015. O mesmo \u00e9 submetido e tem sua aprova\u00e7\u00e3o em 2016 para in\u00edcio da primeira turma em 2017.<\/p>\n<p>Em 2014 a Licenciatura em Geografia inicia novo Projeto Pedag\u00f3gico e grade, passando a ter predominantemente disciplinas anuais, com algumas semestrais.<\/p>\n<p>No ano de 2015 s\u00e3o instalados e regulamentados os N\u00facleos Docentes Estruturantes dos cursos de Licenciatura e Bacharelado em Geografia da Unicentro, atendendo \u00e0s normatiza\u00e7\u00f5es do\u00a0Comiss\u00e3o Nacional de Avalia\u00e7\u00e3o da Educa\u00e7\u00e3o Superior (CONAES).<\/p>\n<p>V\u00e1rias altera\u00e7\u00f5es e atualiza\u00e7\u00f5es nas grades e nos Projetos Pedag\u00f3gicos dos Cursos (PPCs) foram realizados nesses mais de 45 anos da Geografia (primeiro FAFIG depois Unicentro). Muitos professores passaram pelo departamento que se qualificou passando a contar com um quadro formado predominantemente por doutores.<\/p>\n<p>Nessa trajet\u00f3ria de d\u00e9cadas o Departamento de Geografia organizou uma s\u00e9rie de eventos como congressos, simp\u00f3sios, col\u00f3quios, encontros, etc, com destaques \u00e0s Semanas de Geografia.<\/p>\n<p>V\u00e1rios\u00a0professores dedicaram-se \u00e0 Chefia do Departamento, sendo as \u00faltimas chefias as que seguem abaixo:<\/p>\n<p>2003 a 2004 &#8211; Chefe: Paulo Nobukuni; Vice-Chefe: Adalto Gon\u00e7alves de Lima;<\/p>\n<p>2005 a 2006 &#8211; Chefe: Maur\u00edcio Camargo Filho; Vice-Chefe: Luiz Gilberto Bertotti;<\/p>\n<p>2007 a 2008 &#8211; Chefe: Edivaldo Lopes Thomaz; Vice-Chefe: M\u00e1rcia da Silva;<\/p>\n<p>2009 a 2010 &#8211; Chefe: Leandro Redin Vestena; Vice-Chefe: Sergio Fajardo;<\/p>\n<p>2011 a 2012 &#8211; Chefe: Sergio Fajardo; Vice-Chefe: Paulo Nobukuni;<\/p>\n<p>2013 a 2014 &#8211; Chefe: Paulo Nobukuni; Vice-Chefe: Lisandro Pezzi Schmidt;<\/p>\n<p>2015 a 2016 &#8211; Chefe: Sergio Fajardo; Vice-Chefe: Sandra L\u00facia Videira G\u00f3is;<\/p>\n<p>2017 a 2018 &#8211; Chefe: Lisandro Pezzi Schmidt; Vice-Chefe: Aparecido Ribeiro de Andrade.<\/p>\n<p>2019 a 2020 &#8211; Chefe: Aparecido Ribeiro de Andrade; Vice-Chefe: Glauco Nonose Negr\u00e3o<\/p>\n<p>2021 a 2022 &#8211; Chefe: Glauco Nonose Negr\u00e3o; Vice-Chefe: Clayton Luiz da Silva<\/p>\n<p>2023 a 2024 &#8211; Chefe: Maur\u00edcio Camargo Filho; Vice-Chefe: Clayton Luiz da Silva<\/p>\n<p>&nbsp;<\/p>\n","protected":false},"excerpt":{"rendered":"<p>O curso de Geografia em Guarapuava-PR foi criado ainda na antiga FAFIG. Na modalidade Licenciatura teve in\u00edcio\u00a0em 1\u00ba de mar\u00e7o de 1970, como um dos quatro cursos que deram origem \u00e0 precursora da Unicentro, a Faculdade de Filosofia, Ci\u00eancias e Letras de Guarapuava, FAFIG, ao lado de outros 3, \u00a0Letras, Hist\u00f3ria e Matem\u00e1tica. Em 2001 [&hellip;]<\/p>\n","protected":false},"author":3,"featured_media":59,"parent":66,"menu_order":0,"comment_status":"closed","ping_status":"closed","template":"","meta":{"_exactmetrics_skip_tracking":false,"_exactmetrics_sitenote_active":false,"_exactmetrics_sitenote_note":"","_exactmetrics_sitenote_category":0,"footnotes":"","_links_to":"","_links_to_target":""},"class_list":["post-58","page","type-page","status-publish","has-post-thumbnail","hentry"],"_links":{"self":[{"href":"https:\/\/www3.unicentro.br\/degeog\/wp-json\/wp\/v2\/pages\/58","targetHints":{"allow":["GET"]}}],"collection":[{"href":"https:\/\/www3.unicentro.br\/degeog\/wp-json\/wp\/v2\/pages"}],"about":[{"href":"https:\/\/www3.unicentro.br\/degeog\/wp-json\/wp\/v2\/types\/page"}],"author":[{"embeddable":true,"href":"https:\/\/www3.unicentro.br\/degeog\/wp-json\/wp\/v2\/users\/3"}],"replies":[{"embeddable":true,"href":"https:\/\/www3.unicentro.br\/degeog\/wp-json\/wp\/v2\/comments?post=58"}],"version-history":[{"count":0,"href":"https:\/\/www3.unicentro.br\/degeog\/wp-json\/wp\/v2\/pages\/58\/revisions"}],"up":[{"embeddable":true,"href":"https:\/\/www3.unicentro.br\/degeog\/wp-json\/wp\/v2\/pages\/66"}],"wp:featuredmedia":[{"embeddable":true,"href":"https:\/\/www3.unicentro.br\/degeog\/wp-json\/wp\/v2\/media\/59"}],"wp:attachment":[{"href":"https:\/\/www3.unicentro.br\/degeog\/wp-json\/wp\/v2\/media?parent=58"}],"curies":[{"name":"wp","href":"https:\/\/api.w.org\/{rel}","templated":true}]}}