{"id":57,"date":"2021-04-28T14:25:12","date_gmt":"2021-04-28T17:25:12","guid":{"rendered":"https:\/\/www3.unicentro.br\/degeog\/links\/"},"modified":"2021-04-28T14:25:12","modified_gmt":"2021-04-28T17:25:12","slug":"links","status":"publish","type":"page","link":"https:\/\/www3.unicentro.br\/degeog\/links\/","title":{"rendered":"Links"},"content":{"rendered":"<p><strong>AGB<\/strong>:\u00a0<a href=\"http:\/\/www.agb.org.br\/\" target=\"_blank\" rel=\"noopener\">http:\/\/www.agb.org.br\/<\/a><\/p>\n<p><strong>APROGEO-PR<\/strong>:\u00a0<a href=\"http:\/\/aprogeopr.blogspot.com.br\/\" target=\"_blank\" rel=\"noopener\">http:\/\/aprogeopr.blogspot.com.br\/<\/a><\/p>\n<p><strong>CREA-PR:<\/strong>\u00a0<a href=\"http:\/\/www.crea-pr.org.br\/\" target=\"_blank\" rel=\"noopener\">http:\/\/www.crea-pr.org.br\/<\/a><\/p>\n<p><strong>Funda\u00e7\u00e3o Arauc\u00e1ria<\/strong>:\u00a0<a href=\"http:\/\/www.fundacaoaraucaria.org.br\/\" target=\"_blank\" rel=\"noopener\">http:\/\/www.fundacaoaraucaria.org.br\/<\/a><\/p>\n<p><strong>FUNABI<\/strong>:\u00a0<a href=\"http:\/\/funabi.com.br\/\" target=\"_blank\" rel=\"noopener\">http:\/\/funabi.com.br\/<\/a><\/p>\n<p><strong>Geografia Para Todos<\/strong>:\u00a0<a href=\"http:\/\/www.geografiaparatodos.com.br\/\" target=\"_blank\" rel=\"noopener\">http:\/\/www.geografiaparatodos.com.br<\/a><\/p>\n<p><strong>Guia Geoogr\u00e1fico<\/strong>:\u00a0<a href=\"http:\/\/www.guiageo.com\/\" target=\"_blank\" rel=\"noopener\">http:\/\/www.guiageo.com\/<\/a><\/p>\n<p><strong>IBGE:\u00a0<\/strong><a href=\"http:\/\/www.ibge.gov.br\/home\/\" target=\"_blank\" rel=\"noopener\">http:\/\/www.ibge.gov.br\/home\/<\/a><\/p>\n<p><strong>INCRA:<\/strong><a href=\"http:\/\/www.incra.gov.br\/\" target=\"_blank\" rel=\"noopener\">\u00a0http:\/\/www.incra.gov.br\/<\/a><\/p>\n<p><strong>INMET<\/strong>:\u00a0<a href=\"http:\/\/www.inmet.gov.br\/\" target=\"_blank\" rel=\"noopener\">http:\/\/www.inmet.gov.br\/<\/a><\/p>\n<p><strong>IPARDES:<\/strong>\u00a0<a href=\"http:\/\/www.ipardes.gov.br\/\" target=\"_blank\" rel=\"noopener\">http:\/\/www.ipardes.gov.br\/<\/a><\/p>\n<p><strong>ITCG (PR)<\/strong>:\u00a0<a href=\"http:\/\/www.itcg.pr.gov.br\/\" target=\"_blank\" rel=\"noopener\">http:\/\/www.itcg.pr.gov.br\/<\/a><\/p>\n<p><strong>MundoGeo:<\/strong>\u00a0<a href=\"http:\/\/mundogeo.com\/\">http:\/\/mundogeo.com\/<\/a><\/p>\n<p><strong>NEAD:<\/strong>\u00a0<a href=\"http:\/\/www.nead.gov.br\/portal\/nead\/\" target=\"_blank\" rel=\"noopener\">http:\/\/www.nead.gov.br\/portal\/nead\/<\/a><\/p>\n<p><strong>S\u00f3 Geografia:<\/strong>\u00a0<a href=\"http:\/\/www.sogeografia.com.br\/\">http:\/\/www.sogeografia.com.br\/<\/a><\/p>\n<p><strong>Revistas de Geografia no SEER:<\/strong>\u00a0<a href=\"http:\/\/seer.ibict.br\/index.php?option=com_mtree&amp;task=listcats&amp;cat_id=2286&amp;Itemid=109\">http:\/\/seer.ibict.br\/index.php?option=com_mtree&amp;task=listcats&amp;cat_id=2286&amp;Itemid=109<\/a><\/p>\n<p><strong>Revista Geocritica<\/strong> (Barcelona, Espanha):\u00a0<a href=\"http:\/\/www.ub.edu\/geocrit\/menupor.htm\">http:\/\/www.ub.edu\/geocrit\/menupor.htm<\/a><\/p>\n<p><strong>Site do Prof. Dr. Adalto G. lima<\/strong>:\u00a0<a href=\"http:\/\/geolima.webnode.com\/\" target=\"_blank\" rel=\"noopener\">http:\/\/geolima.webnode.com\/<\/a><\/p>\n<p><strong>Site do Prof. Dr. Marcos Aurelio Pelegrina<\/strong>:\u00a0<a href=\"http:\/\/mundogeo.com\/geografando\" target=\"_blank\" rel=\"noopener\">http:\/\/mundogeo.com\/geografando<\/a><\/p>\n<p><strong>Site do Prof. Dr. Sergio Fajardo<\/strong>:\u00a0<a href=\"http:\/\/sergiofajardo.wordpress.com\/\" target=\"_blank\" rel=\"noopener\">http:\/\/sergiofajardo.wordpress.com\/<\/a><\/p>\n","protected":false},"excerpt":{"rendered":"<p>AGB:\u00a0http:\/\/www.agb.org.br\/ APROGEO-PR:\u00a0http:\/\/aprogeopr.blogspot.com.br\/ CREA-PR:\u00a0http:\/\/www.crea-pr.org.br\/ Funda\u00e7\u00e3o Arauc\u00e1ria:\u00a0http:\/\/www.fundacaoaraucaria.org.br\/ FUNABI:\u00a0http:\/\/funabi.com.br\/ Geografia Para Todos:\u00a0http:\/\/www.geografiaparatodos.com.br Guia Geoogr\u00e1fico:\u00a0http:\/\/www.guiageo.com\/ IBGE:\u00a0http:\/\/www.ibge.gov.br\/home\/ INCRA:\u00a0http:\/\/www.incra.gov.br\/ INMET:\u00a0http:\/\/www.inmet.gov.br\/ IPARDES:\u00a0http:\/\/www.ipardes.gov.br\/ ITCG (PR):\u00a0http:\/\/www.itcg.pr.gov.br\/ MundoGeo:\u00a0http:\/\/mundogeo.com\/ NEAD:\u00a0http:\/\/www.nead.gov.br\/portal\/nead\/ S\u00f3 Geografia:\u00a0http:\/\/www.sogeografia.com.br\/ Revistas de Geografia no SEER:\u00a0http:\/\/seer.ibict.br\/index.php?option=com_mtree&amp;task=listcats&amp;cat_id=2286&amp;Itemid=109 Revista Geocritica (Barcelona, Espanha):\u00a0http:\/\/www.ub.edu\/geocrit\/menupor.htm Site do Prof. Dr. Adalto G. lima:\u00a0http:\/\/geolima.webnode.com\/ Site do Prof. Dr. Marcos Aurelio Pelegrina:\u00a0http:\/\/mundogeo.com\/geografando Site do Prof. Dr. Sergio Fajardo:\u00a0http:\/\/sergiofajardo.wordpress.com\/<\/p>\n","protected":false},"author":3,"featured_media":0,"parent":0,"menu_order":0,"comment_status":"closed","ping_status":"closed","template":"","meta":{"_exactmetrics_skip_tracking":false,"_exactmetrics_sitenote_active":false,"_exactmetrics_sitenote_note":"","_exactmetrics_sitenote_category":0,"footnotes":"","_links_to":"","_links_to_target":""},"class_list":["post-57","page","type-page","status-publish","hentry"],"_links":{"self":[{"href":"https:\/\/www3.unicentro.br\/degeog\/wp-json\/wp\/v2\/pages\/57","targetHints":{"allow":["GET"]}}],"collection":[{"href":"https:\/\/www3.unicentro.br\/degeog\/wp-json\/wp\/v2\/pages"}],"about":[{"href":"https:\/\/www3.unicentro.br\/degeog\/wp-json\/wp\/v2\/types\/page"}],"author":[{"embeddable":true,"href":"https:\/\/www3.unicentro.br\/degeog\/wp-json\/wp\/v2\/users\/3"}],"replies":[{"embeddable":true,"href":"https:\/\/www3.unicentro.br\/degeog\/wp-json\/wp\/v2\/comments?post=57"}],"version-history":[{"count":0,"href":"https:\/\/www3.unicentro.br\/degeog\/wp-json\/wp\/v2\/pages\/57\/revisions"}],"wp:attachment":[{"href":"https:\/\/www3.unicentro.br\/degeog\/wp-json\/wp\/v2\/media?parent=57"}],"curies":[{"name":"wp","href":"https:\/\/api.w.org\/{rel}","templated":true}]}}