{"id":42,"date":"2021-04-28T14:25:12","date_gmt":"2021-04-28T17:25:12","guid":{"rendered":"https:\/\/www3.unicentro.br\/degeog\/pagina-exemplo-2\/"},"modified":"2023-08-14T14:45:03","modified_gmt":"2023-08-14T17:45:03","slug":"teste","status":"publish","type":"page","link":"https:\/\/www3.unicentro.br\/degeog\/teste\/","title":{"rendered":"Not\u00edcias"},"content":{"rendered":"<div>\n<h1 class=\"h2 push-20\" style=\"text-align: center\"><span style=\"font-size: 18pt\"><strong>XXVII Semana de Geografia &#8211; Atua\u00e7\u00e3o dos profissionais em Geografia: dos pesquisadores e professores aos ge\u00f3grafos com solu\u00e7\u00f5es socioambientais<\/strong><\/span><\/h1>\n<\/div>\n<div>\n<div class=\"wp-block-image\"><img loading=\"lazy\" decoding=\"async\" class=\"size-full wp-image-247 aligncenter\" src=\"https:\/\/www3.unicentro.br\/degeog\/wp-content\/uploads\/sites\/122\/2023\/08\/Banner-para-o-site.jpeg\" alt=\"\" width=\"1280\" height=\"180\" srcset=\"https:\/\/www3.unicentro.br\/degeog\/wp-content\/uploads\/sites\/122\/2023\/08\/Banner-para-o-site.jpeg 1280w, https:\/\/www3.unicentro.br\/degeog\/wp-content\/uploads\/sites\/122\/2023\/08\/Banner-para-o-site-768x108.jpeg 768w, https:\/\/www3.unicentro.br\/degeog\/wp-content\/uploads\/sites\/122\/2023\/08\/Banner-para-o-site-255x36.jpeg 255w\" sizes=\"auto, (max-width: 1280px) 100vw, 1280px\" \/><\/div>\n<\/div>\n<div><\/div>\n<div style=\"text-align: center\"><span style=\"text-decoration: underline\"><span style=\"color: #ff0000;text-decoration: underline\"><a style=\"color: #ff0000;text-decoration: underline\" href=\"https:\/\/evento.unicentro.br\/site\/semageo\/2023\/1\" target=\"_blank\" rel=\"noopener\">Saiba Mais<\/a><\/span><\/span><\/div>\n<div><\/div>\n<div><\/div>\n<div><\/div>\n<div><\/div>\n<div><\/div>\n<div style=\"text-align: center\"><span style=\"color: #000000\"><strong><span style=\"font-size: 18pt\">XV Simp\u00f3sio Brasileiro de Climatologia Geogr\u00e1fica \u2013 Guarapuava 2023<\/span><\/strong><\/span><\/div>\n<div style=\"text-align: center\">\n<div class=\"wp-block-image\"><img loading=\"lazy\" decoding=\"async\" class=\"alignnone size-full wp-image-180 aligncenter\" src=\"https:\/\/www3.unicentro.br\/degeog\/wp-content\/uploads\/sites\/122\/2023\/03\/XVSBCG_Logo_Horizontal.jpg\" alt=\"\" width=\"1121\" height=\"233\" srcset=\"https:\/\/www3.unicentro.br\/degeog\/wp-content\/uploads\/sites\/122\/2023\/03\/XVSBCG_Logo_Horizontal.jpg 1121w, https:\/\/www3.unicentro.br\/degeog\/wp-content\/uploads\/sites\/122\/2023\/03\/XVSBCG_Logo_Horizontal-768x160.jpg 768w, https:\/\/www3.unicentro.br\/degeog\/wp-content\/uploads\/sites\/122\/2023\/03\/XVSBCG_Logo_Horizontal-255x53.jpg 255w\" sizes=\"auto, (max-width: 1121px) 100vw, 1121px\" \/><\/div>\n<\/div>\n<div style=\"text-align: center\"><\/div>\n<div class=\"wp-block-image\" style=\"text-align: center\"><span style=\"color: #ff0000\">\u00a0<a style=\"color: #ff0000\" href=\"https:\/\/www3.unicentro.br\/sbcg\/\" target=\"_blank\" rel=\"noopener\">Saiba Mais<\/a><\/span><\/div>\n","protected":false},"excerpt":{"rendered":"<p>XXVII Semana de Geografia &#8211; Atua\u00e7\u00e3o dos profissionais em Geografia: dos pesquisadores e professores aos ge\u00f3grafos com solu\u00e7\u00f5es socioambientais Saiba Mais XV Simp\u00f3sio Brasileiro de Climatologia Geogr\u00e1fica \u2013 Guarapuava 2023 \u00a0Saiba Mais<\/p>\n","protected":false},"author":3,"featured_media":43,"parent":0,"menu_order":0,"comment_status":"closed","ping_status":"closed","template":"","meta":{"_exactmetrics_skip_tracking":false,"_exactmetrics_sitenote_active":false,"_exactmetrics_sitenote_note":"","_exactmetrics_sitenote_category":0,"footnotes":"","_links_to":"","_links_to_target":""},"class_list":["post-42","page","type-page","status-publish","has-post-thumbnail","hentry"],"_links":{"self":[{"href":"https:\/\/www3.unicentro.br\/degeog\/wp-json\/wp\/v2\/pages\/42","targetHints":{"allow":["GET"]}}],"collection":[{"href":"https:\/\/www3.unicentro.br\/degeog\/wp-json\/wp\/v2\/pages"}],"about":[{"href":"https:\/\/www3.unicentro.br\/degeog\/wp-json\/wp\/v2\/types\/page"}],"author":[{"embeddable":true,"href":"https:\/\/www3.unicentro.br\/degeog\/wp-json\/wp\/v2\/users\/3"}],"replies":[{"embeddable":true,"href":"https:\/\/www3.unicentro.br\/degeog\/wp-json\/wp\/v2\/comments?post=42"}],"version-history":[{"count":0,"href":"https:\/\/www3.unicentro.br\/degeog\/wp-json\/wp\/v2\/pages\/42\/revisions"}],"wp:featuredmedia":[{"embeddable":true,"href":"https:\/\/www3.unicentro.br\/degeog\/wp-json\/wp\/v2\/media\/43"}],"wp:attachment":[{"href":"https:\/\/www3.unicentro.br\/degeog\/wp-json\/wp\/v2\/media?parent=42"}],"curies":[{"name":"wp","href":"https:\/\/api.w.org\/{rel}","templated":true}]}}